{"id":104,"date":"2017-03-16T12:02:00","date_gmt":"2017-03-16T11:02:00","guid":{"rendered":"http:\/\/esvlokschoeneweide.de\/dbknacht2017\/?page_id=104"},"modified":"2017-03-16T16:39:29","modified_gmt":"2017-03-16T15:39:29","slug":"technische-hinweise-dbk-nacht","status":"publish","type":"page","link":"https:\/\/esvlokschoeneweide.de\/dbknacht2017\/technische-hinweise-dbk-nacht\/","title":{"rendered":"Technische Hinweise DBK Nacht"},"content":{"rendered":"<p><a href=\"https:\/\/esvlokschoeneweide.de\/dbknacht2017\/files\/2017\/03\/Technische-Hinweise-DBK-Nacht-1.pdf\">Technische Hinweise DBK Nacht<\/a><\/p>\n<p><strong>Erster Start:<\/strong> \u00a0 \u00a0 \u00a0 \u00a0 \u00a0 \u00a0 \u00a0 \u00a0 19:15 Uhr \u00a0 \u00a0 \u00a0 \u00a0 \u00a0 \u00a0 \u00a0 \u00a0 \u00a0 \u00a0 \u00a0 \u00a0 Zielschluss: \u00a0 \u00a0 \u00a0 \u00a023:15 Uhr<\/p>\n<p><strong>Entfernung<\/strong> \u00a0 \u00a0 \u00a0 \u00a0 \u00a0 \u00a0 \u00a0 \u00a0 \u00a0 \u00a0vom Wettkampfzentrum <strong>zum Start: \u00a0 \u00a0 \u00a01,7 km<\/strong>, \u00a0 \u00a0 Anstieg 0 m, Markierung rot\/wei\u00df, bei Eintritt in den Wald eine erste L\u00f6schstation<\/p>\n<p><strong>Startablauf:\u00a0<\/strong> \u00a0 \u00a0 \u00a0 \u00a0 \u00a0 \u00a0 \u00a0 \u00a0 \u00a03 min. Vorstartzeit, kein Aufruf, Einchecken gem\u00e4\u00df Startanzeige (geht 3 min. vor), beim Eintritt in den letzten Garten werden alle Starter mit einer Station erfasst, vor dem Zutritt zu den Kartenboxen (nach Kategorie geordnet) kurzer Zwischenhalt, Kartenentnahme mit dem automatischen Startsignal, zwecks Anpassung an die Dunkelheit stiller und dunkler Start<\/p>\n<p><strong>Pflichtstrecke<\/strong> \u00a0 \u00a0 \u00a0 \u00a0 \u00a0 \u00a0 \u00a0 ca. 50 m. bis zum Orientierungsbeginn<\/p>\n<p>im Startbereich Kleiderablage und <strong>Toilette, Kleidertransport<\/strong> vom Start zum WKZ ca. alle 30 Minuten in S\u00e4cken, sind mit lfd. Nummern markiert<\/p>\n<p><strong>Karten:<\/strong> \u00a0 \u00a0 \u00a0 \u00a0 \u00a0 \u00a0 \u00a0 \u00a0 \u00a0 \u00a0 \u00a0 \u00a0 \u00a0 \u00a0 \u00a0 1:10000, \u00c4 5 m bis D\/H -16 und ab D\/H 45-, alle Dir-Bahnen<br \/>\n<span style=\"color: #ffffff\">.<\/span>\u00a0\u00a0\u00a0\u00a0\u00a0\u00a0\u00a0\u00a0\u00a0\u00a0\u00a0\u00a0\u00a0\u00a0\u00a0\u00a0\u00a0\u00a0\u00a0\u00a0\u00a0\u00a0\u00a0\u00a0\u00a0\u00a0\u00a0\u00a0\u00a0\u00a0\u00a0\u00a0\u00a0\u00a0\u00a0\u00a0\u00a0 \u00a0 \u00a0\u00a0\u00a0 1:15000, \u00c4 5 m von D\/H18- bis D\/H 40,<br \/>\n<span style=\"color: #ffffff\">.<\/span>\u00a0\u00a0\u00a0\u00a0\u00a0\u00a0\u00a0\u00a0\u00a0\u00a0\u00a0\u00a0\u00a0\u00a0\u00a0\u00a0\u00a0\u00a0\u00a0\u00a0\u00a0\u00a0\u00a0\u00a0\u00a0\u00a0\u00a0\u00a0\u00a0\u00a0\u00a0\u00a0\u00a0\u00a0\u00a0\u00a0\u00a0 <strong>HE doppelseitig<\/strong>, am P 16 lochen und Karte drehen, \u00a0zweite Runde beginnt am P 16 mit Startdreieck dann zu P 17<br \/>\n<strong>Druck:<\/strong> \u00a0 \u00a0 \u00a0 \u00a0 \u00a0 \u00a0 \u00a0 \u00a0 \u00a0 \u00a0 \u00a0 \u00a0 \u00a0 \u00a0 \u00a0 \u00a0Pretex, Laserdruck, DIN A4,<\/p>\n<p><strong>Postenbeschreibungen:<\/strong> \u00a0 nur lose im WKZ<\/p>\n<p><strong>Postenausstattung:<\/strong> \u00a0 \u00a0 \u00a0 \u00a0 \u00a0 \u00a0 Alu-St\u00e4nder mit SI-Station, Schirm, kleiner Reflektor (wie Anmarschmarkierung)<br \/>\n<strong>bei Postenausfall:<\/strong> \u00a0 \u00a0 \u00a0 \u00a0 \u00a0 \u00a0 \u00a0 weiterlaufen, im Ziel melden<br \/>\n<strong>bei Aufgabe:<\/strong>\u00a0\u00a0\u00a0\u00a0\u00a0\u00a0\u00a0\u00a0\u00a0\u00a0\u00a0\u00a0\u00a0\u00a0\u00a0\u00a0\u00a0\u00a0\u00a0\u00a0\u00a0\u00a0\u00a0\u00a0\u00a0 unbedingt im Orgb\u00fcro auschecken<\/p>\n<p><strong>Zeitnahme \u00a0 \u00a0<\/strong> \u00a0 \u00a0 \u00a0 \u00a0 \u00a0 \u00a0 \u00a0 \u00a0 \u00a0 \u00a0im Ziel mit SI-Zielstation,<\/p>\n<p>Beim R\u00fcckweg vom Ziel wird die Bahnstrecke an der Stra\u00dfenschranke gequert. Unbedingt den Gehweg benutzen und bei geschlossener Schranke warten!<\/p>\n<p><strong>Wettkampfgel\u00e4nde:<\/strong> \u00a0 \u00a0 \u00a0 \u00a0 \u00a0Harvesterschneisen sind nur in Dickichten gezeichnet. Dort sind sie wegen Bruchholz z.T. schwer belaufbar.<br \/>\n<strong>Wir weisen darauf hin, dass die unpassierbaren Z\u00e4une im Wettkampfgel\u00e4nde nicht \u00fcberstiegen werden d\u00fcrfen. (entsprechend WKB)<\/strong><br \/>\nEinige Klassen laufen im Westteil der Karte in der N\u00e4he eines mit Signatur 709 gekennzeichneten Sperrgebietes vorbei. Vorsicht bei der Ann\u00e4herung, unregelm\u00e4\u00dfiger, alter Stacheldraht, Verletzungsgefahr!<br \/>\nEs gibt einen <strong>Getr\u00e4nkeposten<\/strong>. Es wird Wasser und warmer Tee angeboten<\/p>\n<p><strong>Medizinische Notf\u00e4lle:<\/strong> \u00a0 \u00a0 \u00a0 \u00a0 Im Orgb\u00fcro melden (0177 234 3934, 0152 08633130), 24h Notfallzentrum im Werner For\u00dfmann Krankenhaus, 16225 Eberswalde, Rudolf-Breitscheid-Stra\u00dfe 100<\/p>\n<p><strong>Wettkampfleiter:<\/strong> \u00a0 \u00a0 \u00a0 \u00a0 \u00a0 \u00a0 \u00a0 \u00a0 \u00a0 Johannes Kremlacek<br \/>\n<strong>Schiedsgericht:<\/strong> \u00a0 \u00a0 \u00a0 \u00a0 \u00a0 \u00a0 \u00a0 \u00a0 \u00a0 \u00a0 \u00a0Konrad Tonn, Ludwig Genderjahn, Mario Gorecki<br \/>\n(\u00fcber Org.-B\u00fcro erreichbar)<\/p>\n<p><strong>Organisationsb\u00fcro: \u00a0<\/strong> \u00a0 \u00a0 \u00a0 \u00a0 \u00a0 \u00a0 im WKZ: 17:00-23:30 Uhr<br \/>\nDas <strong>WKZ<\/strong> befindet sich auf dem Gel\u00e4nde des Touristisches Begegnungszentrum \u201eLindengarten\u201c. Die sanit\u00e4ren Einrichtungen sind f\u00fcr kleine Veranstaltungen ausgelegt. Darum haben wir zus\u00e4tzliche Toilettenkabinen auf dem Hof vorgesehen. Das Orgb\u00fcro und die Si-Auswertung befindet sich im stra\u00dfenseitigen Raum des Geb\u00e4udes. Zwei Duschen und Umkleide im Saal und Nebenraum des Begegnungszentrums.<br \/>\nDas Geb\u00e4ude bitte nicht mit OL-Schuhen betreten. \u00a0 Teeausgabe nach dem Wettkampf auf dem Hof. \u00a0Kleiderr\u00fcckgabe vom Start im WKZ.<br \/>\n<strong>Versorgung:<\/strong> \u00a0 \u00a0 \u00a0 \u00a0 \u00a0 \u00a0 \u00a0 \u00a0 \u00a0 \u00a0 \u00a0 \u00a0 \u00a0 Der F\u00f6rderverein FFW bietet Speisen und Getr\u00e4nke an einem Imbissstand im Saal an.<br \/>\n<strong>Einkaufen:<\/strong> \u00a0 \u00a0 \u00a0 \u00a0 \u00a0 \u00a0 \u00a0 \u00a0 \u00a0 \u00a0 \u00a0 \u00a0 \u00a0 \u00a0 \u00a0OL-Shop Conrad und Honigverkauf Eberhard H\u00f6fer werden vor Ort sein.<\/p>\n<p><strong>Anreisemarkierungen:<\/strong> \u00a0 \u00a0 \u00a0 \u00a0 ab Ortslage Melchow, Parkplatz 1 ca. 500m vom WKZ entfernt, Parkplatz 2 ca. 1000m vom WKZ entfernt.<br \/>\nDie Nutzung der angebotenen Parkfl\u00e4chen erfolgt auf eigene Gefahr.<\/p>\n<p><strong>Siegerehrung:<\/strong> \u00a0 \u00a0 \u00a0 \u00a0 \u00a0 \u00a0 \u00a0 \u00a0 \u00a0 \u00a0 \u00a0 Sonntag 9:30 im WKZ.<\/p>\n<p><strong>Versicherung:<\/strong> \u00a0 \u00a0 \u00a0 \u00a0 \u00a0 \u00a0 \u00a0 \u00a0ist Sache jedes einzelnen Teilnehmers. Die Teilnahme erfolgt auf eigene Gefahr! Veranstalter, Ausrichter, Grundst\u00fcckseigent\u00fcmer, Forst und Beh\u00f6rden \u00fcbernehmen keinerlei Haftung.<\/p>\n<h3><\/h3>\n","protected":false},"excerpt":{"rendered":"<p>Technische Hinweise DBK Nacht Erster Start: \u00a0 \u00a0 \u00a0 \u00a0 \u00a0 \u00a0 \u00a0 \u00a0 19:15 Uhr \u00a0 \u00a0 \u00a0 \u00a0 \u00a0 \u00a0 \u00a0 \u00a0 \u00a0 \u00a0 \u00a0 \u00a0 Zielschluss: \u00a0 [&hellip;]<\/p>\n","protected":false},"author":26,"featured_media":0,"parent":0,"menu_order":0,"comment_status":"closed","ping_status":"closed","template":"","meta":{"inline_featured_image":false,"ngg_post_thumbnail":0,"footnotes":"","_links_to":"","_links_to_target":""},"class_list":["post-104","page","type-page","status-publish","hentry"],"_links":{"self":[{"href":"https:\/\/esvlokschoeneweide.de\/dbknacht2017\/wp-json\/wp\/v2\/pages\/104","targetHints":{"allow":["GET"]}}],"collection":[{"href":"https:\/\/esvlokschoeneweide.de\/dbknacht2017\/wp-json\/wp\/v2\/pages"}],"about":[{"href":"https:\/\/esvlokschoeneweide.de\/dbknacht2017\/wp-json\/wp\/v2\/types\/page"}],"author":[{"embeddable":true,"href":"https:\/\/esvlokschoeneweide.de\/dbknacht2017\/wp-json\/wp\/v2\/users\/26"}],"replies":[{"embeddable":true,"href":"https:\/\/esvlokschoeneweide.de\/dbknacht2017\/wp-json\/wp\/v2\/comments?post=104"}],"version-history":[{"count":27,"href":"https:\/\/esvlokschoeneweide.de\/dbknacht2017\/wp-json\/wp\/v2\/pages\/104\/revisions"}],"predecessor-version":[{"id":132,"href":"https:\/\/esvlokschoeneweide.de\/dbknacht2017\/wp-json\/wp\/v2\/pages\/104\/revisions\/132"}],"wp:attachment":[{"href":"https:\/\/esvlokschoeneweide.de\/dbknacht2017\/wp-json\/wp\/v2\/media?parent=104"}],"curies":[{"name":"wp","href":"https:\/\/api.w.org\/{rel}","templated":true}]}}