{"id":143,"date":"2017-03-16T18:51:28","date_gmt":"2017-03-16T17:51:28","guid":{"rendered":"http:\/\/esvlokschoeneweide.de\/dbknacht2017\/?page_id=143"},"modified":"2017-03-16T18:51:28","modified_gmt":"2017-03-16T17:51:28","slug":"technische-hinweise-winter-ol","status":"publish","type":"page","link":"https:\/\/esvlokschoeneweide.de\/dbknacht2017\/technische-hinweise-winter-ol\/","title":{"rendered":"Technische Hinweise Winter OL"},"content":{"rendered":"<p><a href=\"https:\/\/esvlokschoeneweide.de\/dbknacht2017\/files\/2017\/03\/Technische-Hinweise-Winter-OL.pdf\">Technische Hinweise Winter OL als pdf<\/a><\/p>\n<p>&nbsp;<\/p>\n<p><strong>Erster Start:<\/strong>\u00a0\u00a0\u00a0 11:00 Uhr\u00a0\u00a0\u00a0\u00a0\u00a0\u00a0\u00a0 <strong>Zielschluss:<\/strong>\u00a0 13:30 Uhr<\/p>\n<p><strong>Entfernung <\/strong>vom Wettkampfzentrum zum Start:\u00a0\u00a0 1,7 km, Anstieg 0 m, Markierung rot\/wei\u00df,<\/p>\n<p>bei Eintritt in den Wald eine erste L\u00f6schstation<\/p>\n<p><strong>Startablauf:\u00a0\u00a0 <\/strong>\u00a0\u00a0\u00a0\u00a0\u00a0\u00a0\u00a0\u00a0\u00a0\u00a0\u00a03 min. Vorstartzeit, kein Aufruf , Einchecken gem\u00e4\u00df Startanzeige (geht 3 min. vor), beim Eintritt in den letzten Garten werden alle Starter mit einer Station erfasst, vor dem Zutritt zu den Kartenboxen (nach Kategorie geordnet) kurzer Zwischenhalt, Kartenentnahme mit dem automatischen Startsignal<\/p>\n<p>Pflichtstrecke ca. 50 m. bis zum Orientierungsbeginn<\/p>\n<p>im Startbereich <strong>Kleiderablage<\/strong> und <strong>Toilette<\/strong>, <strong>Kleidertransport<\/strong> vom Start <strong>zum WKZ<\/strong> ca. alle 30 Minuten in S\u00e4cken, sind mit lfd. Nummern markiert<\/p>\n<p>&nbsp;<\/p>\n<p><strong>Karten:<\/strong>\u00a0\u00a0\u00a0\u00a0\u00a0\u00a0\u00a0\u00a0\u00a0\u00a0\u00a0\u00a0\u00a0\u00a0\u00a0\u00a0\u00a0 1:10000, \u00c4. 5 m<\/p>\n<p>Druck: Pretex, Laserdruck, DIN A4,<\/p>\n<p>&nbsp;<\/p>\n<p><strong>Postenbeschreibungen:<\/strong> nur lose im WKZ<\/p>\n<p>&nbsp;<\/p>\n<p><strong>Postenausstattung:<\/strong>\u00a0 Alu-St\u00e4nder mit SI-Station, Schirm,<\/p>\n<p><strong>bei Postenausfall:<\/strong>\u00a0\u00a0 weiterlaufen, im Ziel melden<\/p>\n<p><strong>bei Aufgabe:<\/strong>\u00a0\u00a0\u00a0\u00a0\u00a0\u00a0\u00a0\u00a0\u00a0\u00a0 unbedingt im Orgb\u00fcro auschecken<\/p>\n<p>&nbsp;<\/p>\n<p><strong>Zeitnahme im Ziel<\/strong> mit SI-Zielstation,<\/p>\n<p>&nbsp;<\/p>\n<p><strong>Wettkampfgel\u00e4nde:<\/strong> Harvesterschneisen sind nur in Dickichten gezeichnet. Dort sind sie wegen Bruchholz z.T. schwer belaufbar.<\/p>\n<p>Wir weisen darauf hin, dass die <strong>unpassierbaren Z\u00e4une<\/strong> im Wettkampfgel\u00e4nde <strong>nicht \u00fcberstiegen<\/strong> werden d\u00fcrfen. (entsprechend WKB)<\/p>\n<p>&nbsp;<\/p>\n<p><strong>Medizinische Notf\u00e4lle: <\/strong>Im Orgb\u00fcro melden (0177 234 3934, 0152 08633130), 24h Notfallzentrum im Werner For\u00dfmann Krankenhaus, 16225 Eberswalde, Rudolf-Breitscheid-Stra\u00dfe 100<\/p>\n<p>&nbsp;<\/p>\n<p><strong>Wettkampfleiter: <\/strong>\u00a0\u00a0\u00a0\u00a0Johannes Kremlacek<\/p>\n<p><strong>Schiedsgericht:<\/strong>\u00a0\u00a0\u00a0\u00a0\u00a0\u00a0\u00a0 Gerhard Brettschneider, Niels Schmideberg, Daniela Zsch\u00e4ckel<\/p>\n<p>(\u00fcber Org.-B\u00fcro erreichbar)<\/p>\n<p>&nbsp;<\/p>\n<p><strong>Organisationsb\u00fcro <\/strong>im WKZ:\u00a0 09:00-15:30 Uhr<\/p>\n<p>&nbsp;<\/p>\n<p>F\u00fcr den Winter-OL gelten die <strong>WKB des LFA Berlin<\/strong>, die Zuordnung der Wertungspunkte f\u00fcr die NOR in den Kategorien D\/H19- vorab bei der Anmeldung festlegen. ( AL oder AK)<\/p>\n<p>Das <strong>WKZ<\/strong> befindet sich auf dem Gel\u00e4nde des Touristisches Begegnungszentrum \u201eLindengarten\u201c. Die sanit\u00e4ren Einrichtungen sind f\u00fcr kleine Veranstaltungen ausgelegt. Darum haben wir zus\u00e4tzliche Toilettenkabinen auf dem Hof vorgesehen. Das Orgb\u00fcro und die Si-Auswertung befindet sich im stra\u00dfenseitigen Raum des Geb\u00e4udes. Zwei Duschen und Umkleide im Saal und Nebenraum des Begegnungszentrums.<\/p>\n<p>Das Geb\u00e4ude bitte <strong>nicht mit OL-Schuhen<\/strong> betreten.<\/p>\n<p>Teeausgabe nach dem Wettkampf auf dem Hof.<\/p>\n<p>Kleiderr\u00fcckgabe vom Start im WKZ.<\/p>\n<p><strong>Versorgung:<\/strong> Der F\u00f6rderverein FFW bietet Speisen und Getr\u00e4nke an einem Imbissstand im Saal an. <strong>Einkaufen: <\/strong>OL-Shop Conrad und Honigverkauf Eberhard H\u00f6fer werden vor Ort sein.<\/p>\n<p>&nbsp;<\/p>\n<p><strong>Anreisemarkierungen<\/strong> ab Ortslage Melchow, <strong>Parkplatz 1<\/strong> ca. 500m vom WKZ entfernt, <strong>Parkplatz 2<\/strong> ca. 1000m vom WKZ entfernt.<\/p>\n<p>Die Nutzung der angebotenen Parkfl\u00e4chen erfolgt auf eigene Gefahr.<\/p>\n<p>&nbsp;<\/p>\n<p><strong>Siegerehrung:<\/strong> \u00a0\u00a0\u00a0\u00a0\u00a0\u00a0\u00a0\u00a0\u00a0\u00a0f\u00fcr Winter-OL Sonntag 14.00 Uhr nur Kinderklassen D\/H-10 bis D\/H-16<\/p>\n<p>&nbsp;<\/p>\n<p><strong>Versicherung:<\/strong>\u00a0\u00a0\u00a0\u00a0\u00a0\u00a0\u00a0\u00a0\u00a0\u00a0 ist Sache jedes einzelnen Teilnehmers. Die Teilnahme erfolgt auf eigene Gefahr! Veranstalter, Ausrichter, Grundst\u00fcckseigent\u00fcmer, Forst und Beh\u00f6rden \u00fcbernehmen keinerlei Haftung.<\/p>\n<p>&nbsp;<\/p>\n","protected":false},"excerpt":{"rendered":"<p>Technische Hinweise Winter OL als pdf &nbsp; Erster Start:\u00a0\u00a0\u00a0 11:00 Uhr\u00a0\u00a0\u00a0\u00a0\u00a0\u00a0\u00a0 Zielschluss:\u00a0 13:30 Uhr Entfernung vom Wettkampfzentrum zum Start:\u00a0\u00a0 1,7 km, Anstieg 0 m, Markierung rot\/wei\u00df, bei Eintritt in den [&hellip;]<\/p>\n","protected":false},"author":26,"featured_media":0,"parent":0,"menu_order":0,"comment_status":"closed","ping_status":"closed","template":"","meta":{"inline_featured_image":false,"ngg_post_thumbnail":0,"footnotes":"","_links_to":"","_links_to_target":""},"class_list":["post-143","page","type-page","status-publish","hentry"],"_links":{"self":[{"href":"https:\/\/esvlokschoeneweide.de\/dbknacht2017\/wp-json\/wp\/v2\/pages\/143","targetHints":{"allow":["GET"]}}],"collection":[{"href":"https:\/\/esvlokschoeneweide.de\/dbknacht2017\/wp-json\/wp\/v2\/pages"}],"about":[{"href":"https:\/\/esvlokschoeneweide.de\/dbknacht2017\/wp-json\/wp\/v2\/types\/page"}],"author":[{"embeddable":true,"href":"https:\/\/esvlokschoeneweide.de\/dbknacht2017\/wp-json\/wp\/v2\/users\/26"}],"replies":[{"embeddable":true,"href":"https:\/\/esvlokschoeneweide.de\/dbknacht2017\/wp-json\/wp\/v2\/comments?post=143"}],"version-history":[{"count":1,"href":"https:\/\/esvlokschoeneweide.de\/dbknacht2017\/wp-json\/wp\/v2\/pages\/143\/revisions"}],"predecessor-version":[{"id":145,"href":"https:\/\/esvlokschoeneweide.de\/dbknacht2017\/wp-json\/wp\/v2\/pages\/143\/revisions\/145"}],"wp:attachment":[{"href":"https:\/\/esvlokschoeneweide.de\/dbknacht2017\/wp-json\/wp\/v2\/media?parent=143"}],"curies":[{"name":"wp","href":"https:\/\/api.w.org\/{rel}","templated":true}]}}