{"id":39,"date":"2017-01-15T21:09:43","date_gmt":"2017-01-15T20:09:43","guid":{"rendered":"http:\/\/esvlokschoeneweide.de\/dbknacht2017\/?page_id=39"},"modified":"2017-01-15T22:12:29","modified_gmt":"2017-01-15T21:12:29","slug":"ausschreibung-winter-ol","status":"publish","type":"page","link":"https:\/\/esvlokschoeneweide.de\/dbknacht2017\/ausschreibung-winter-ol\/","title":{"rendered":"Ausschreibung Winter OL"},"content":{"rendered":"<p style=\"text-align: left\"><strong>\u00a0<a href=\"https:\/\/esvlokschoeneweide.de\/dbknacht2017\/files\/2017\/01\/Ausschreibung-Winter-OL-als-pdf.pdf\">als pdf<\/a><br \/>\n<\/strong><\/p>\n<p style=\"text-align: center\"><span style=\"color: #ff0000;font-size: 18pt\"><strong>50. Berliner Winter OL 2017 am 19.03.2017<\/strong><\/span><\/p>\n<p style=\"text-align: center\"><span style=\"font-size: 14pt\">(Nullzeit 11:00)<\/span><\/p>\n<p>&nbsp;<\/p>\n<p>&nbsp;<\/p>\n<p>Ausrichter:\u00a0\u00a0\u00a0\u00a0\u00a0\u00a0\u00a0\u00a0\u00a0\u00a0\u00a0\u00a0\u00a0\u00a0\u00a0\u00a0\u00a0\u00a0\u00a0\u00a0\u00a0\u00a0\u00a0\u00a0\u00a0\u00a0\u00a0\u00a0\u00a0\u00a0\u00a0\u00a0 ESV Lok Berlin-Sch\u00f6neweide<\/p>\n<p>Wettkampfform und Status:\u00a0 Tag-OL, Mittel-OL, Nordostranglistenlauf, Nachwuchspokallauf<\/p>\n<p>Wettkampfleiter:\u00a0\u00a0\u00a0\u00a0\u00a0\u00a0\u00a0\u00a0\u00a0\u00a0\u00a0\u00a0\u00a0\u00a0\u00a0\u00a0\u00a0\u00a0\u00a0\u00a0\u00a0 Johannes Kremlacek<\/p>\n<p>Bahnleger:\u00a0\u00a0\u00a0\u00a0\u00a0\u00a0\u00a0\u00a0\u00a0\u00a0\u00a0\u00a0\u00a0\u00a0\u00a0\u00a0\u00a0\u00a0\u00a0\u00a0\u00a0\u00a0\u00a0\u00a0\u00a0\u00a0\u00a0\u00a0\u00a0\u00a0\u00a0\u00a0 Tam\u00e1s Szil\u00e1di<\/p>\n<p>Kategorien:\u00a0\u00a0\u00a0\u00a0\u00a0\u00a0\u00a0\u00a0\u00a0\u00a0\u00a0\u00a0\u00a0\u00a0\u00a0\u00a0\u00a0\u00a0\u00a0\u00a0\u00a0\u00a0\u00a0\u00a0\u00a0\u00a0\u00a0\u00a0\u00a0\u00a0\u00a0 D\/H -10 bis D\/H -18, D\/H 19-, D\/H 35- bis D\/H 75, H 80-<\/p>\n<p><span style=\"color: #f5f2f2\">________________________________<\/span>DirKL, DirML, DirLL, DirMS, DirLS<\/p>\n<p>Karte:\u00a0\u00a0\u00a0\u00a0\u00a0\u00a0\u00a0\u00a0\u00a0\u00a0\u00a0\u00a0\u00a0\u00a0\u00a0\u00a0\u00a0\u00a0\u00a0\u00a0\u00a0\u00a0\u00a0\u00a0\u00a0\u00a0\u00a0\u00a0\u00a0\u00a0\u00a0\u00a0\u00a0\u00a0\u00a0\u00a0\u00a0\u00a0\u00a0\u00a0\u00a0 Melchower Schweiz, A4, Aufnahme 2015 mit Korrekturen 2016\/2017<\/p>\n<p>Gel\u00e4nde:\u00a0\u00a0\u00a0\u00a0\u00a0\u00a0\u00a0\u00a0\u00a0\u00a0\u00a0\u00a0\u00a0\u00a0\u00a0\u00a0\u00a0\u00a0\u00a0\u00a0\u00a0\u00a0\u00a0\u00a0\u00a0\u00a0\u00a0\u00a0\u00a0\u00a0\u00a0\u00a0\u00a0\u00a0\u00a0\u00a0 Relief gepr\u00e4gt durch Binnend\u00fcnen, Bewuchs \u00fcberwiegend mit offenem Kiefernwald,<\/p>\n<p><span style=\"color: #f5f2f2\">________________________________<\/span>teilweise Buchen- und gemischte Best\u00e4nde<\/p>\n<p>Ma\u00dfst\u00e4be:\u00a0\u00a0\u00a0\u00a0\u00a0\u00a0\u00a0\u00a0\u00a0\u00a0\u00a0\u00a0\u00a0\u00a0\u00a0\u00a0\u00a0\u00a0\u00a0\u00a0\u00a0\u00a0\u00a0\u00a0\u00a0\u00a0\u00a0\u00a0\u00a0\u00a0\u00a0\u00a0\u00a0 1:10.000 f\u00fcr alle Klassen,<\/p>\n<p>\u00c4quidistanz:\u00a0\u00a0\u00a0\u00a0\u00a0\u00a0\u00a0\u00a0\u00a0\u00a0\u00a0\u00a0\u00a0\u00a0\u00a0\u00a0\u00a0\u00a0\u00a0\u00a0\u00a0\u00a0\u00a0\u00a0\u00a0\u00a0\u00a0\u00a0\u00a0 5 m<\/p>\n<p>Postenkontrollsystem:\u00a0\u00a0\u00a0\u00a0\u00a0\u00a0\u00a0\u00a0\u00a0\u00a0\u00a0 SPORTident, die eigene SI-Karte ist mitzubringen. Eine Ausleihe ist gegen eine Geb\u00fchr<\/p>\n<p><span style=\"color: #f5f2f2\">________________________________<\/span>von 1,- \u20ac (+20 \u20ac Pfand) m\u00f6glich.<\/p>\n<p>WKZ:\u00a0\u00a0\u00a0\u00a0\u00a0\u00a0\u00a0\u00a0\u00a0\u00a0\u00a0\u00a0\u00a0\u00a0\u00a0\u00a0\u00a0\u00a0\u00a0\u00a0\u00a0\u00a0\u00a0\u00a0\u00a0\u00a0\u00a0\u00a0\u00a0\u00a0\u00a0\u00a0\u00a0\u00a0\u00a0\u00a0\u00a0\u00a0\u00a0\u00a0\u00a0 16230 Melchow, Touristisches Begegnungszentrum \u201eLindengarten\u201c, Eberswalder Str. 9<\/p>\n<p><span style=\"color: #f5f2f2\">________________________________<\/span>(52.775559, 13.696459 oder B: 52\u00b046&#8217;32.0&#8243;N L: 13\u00b041&#8217;47.2&#8243;E)<\/p>\n<p>Anreise zum WKZ:\u00a0\u00a0\u00a0\u00a0\u00a0\u00a0\u00a0\u00a0\u00a0\u00a0\u00a0\u00a0\u00a0\u00a0\u00a0\u00a0\u00a0\u00a0 PKW: A11 Ausfahrt Lanke, L29 bis Biesenthal, weiter B2 Richtung Melchow-Eberswalde<\/p>\n<p><span style=\"color: #f5f2f2\">________________________________<\/span>\u00d6PNV: Regionalbahn (RB24, RE 3) bis Bahnhof Melchow, von dort ca. 100m Fu\u00dfweg<\/p>\n<p>Parken:\u00a0\u00a0\u00a0\u00a0\u00a0\u00a0\u00a0\u00a0\u00a0\u00a0\u00a0\u00a0\u00a0\u00a0\u00a0\u00a0\u00a0\u00a0\u00a0\u00a0\u00a0\u00a0\u00a0\u00a0\u00a0\u00a0\u00a0\u00a0\u00a0\u00a0\u00a0\u00a0\u00a0\u00a0\u00a0\u00a0\u00a0 im Ortszentrum Melchow, den Einweisern ist Folge zu leisten.<\/p>\n<p><span style=\"color: #f5f2f2\">________________________________<\/span>Entfernung zum WKZ 0,5 km<\/p>\n<p>Parkgeb\u00fchr:\u00a0\u00a0\u00a0\u00a0\u00a0\u00a0\u00a0\u00a0\u00a0\u00a0\u00a0\u00a0\u00a0\u00a0\u00a0\u00a0\u00a0\u00a0\u00a0\u00a0\u00a0\u00a0\u00a0\u00a0\u00a0\u00a0\u00a0\u00a0 1 \u20ac je Tag<\/p>\n<p>Meldung:\u00a0\u00a0\u00a0\u00a0\u00a0\u00a0\u00a0\u00a0\u00a0\u00a0\u00a0\u00a0\u00a0\u00a0\u00a0\u00a0\u00a0\u00a0\u00a0\u00a0\u00a0\u00a0\u00a0\u00a0\u00a0\u00a0\u00a0\u00a0\u00a0\u00a0\u00a0\u00a0\u00a0 bis <strong>03.03.2017<\/strong> vereinsweise,<\/p>\n<p>Meldeanschrift:\u00a0\u00a0\u00a0\u00a0\u00a0\u00a0\u00a0\u00a0\u00a0\u00a0\u00a0\u00a0\u00a0\u00a0\u00a0\u00a0\u00a0\u00a0\u00a0\u00a0\u00a0 nur im Meldetool O-Manager<\/p>\n<p><span lang=\"en-US\">Link O-Manager:\u00a0\u00a0\u00a0\u00a0\u00a0\u00a0\u00a0\u00a0\u00a0\u00a0\u00a0\u00a0\u00a0\u00a0\u00a0\u00a0\u00a0\u00a0\u00a0 <\/span><a href=\"https:\/\/omanager.orientierungslauf.de\/service\/f?p=105:7:::NO::P7_ID:3182\"> https:\/\/omanager.orientierungslauf.de\/service\/f?p=105:7:::NO::P7_ID:3182<\/a><\/p>\n<p>Meldegelder:\u00a0\u00a0\u00a0\u00a0\u00a0\u00a0\u00a0\u00a0\u00a0\u00a0\u00a0\u00a0\u00a0\u00a0\u00a0\u00a0\u00a0\u00a0\u00a0\u00a0\u00a0\u00a0\u00a0\u00a0\u00a0 bis D\/H-18 und Direktbahnen 4,50 \u20ac, ab D\/H19 7,50 \u20ac<\/p>\n<p>Nach- und Ummeldungen sind bis 14.03.2017 m\u00f6glich (Nachmeldegeb\u00fchr 2 \u20ac), danach nur im Rahmen freier Startpl\u00e4tze und doppeltes Meldegeld. Direktbahnen bis eine Stunde vor Nullzeit ohne Nachmeldegeb\u00fchren meldbar. (Nach dem 14.03.17 nur noch per mail.)<\/p>\n<p>Nach Freigabe der Meldung im O-Manager und Erhalt der Meldeinformation desselben &#8211; \u00dcberweisung des Startgeldes mit folgenden Angaben im Verwendungszweck:<\/p>\n<p><span style=\"color: #f5f2f2\">________________________________<\/span>WOL2017 \/ Vereinsname \/ Referenznummer aus O-Manager<\/p>\n<p>auf das Konto:\u00a0\u00a0\u00a0\u00a0\u00a0\u00a0\u00a0\u00a0\u00a0\u00a0\u00a0\u00a0\u00a0\u00a0\u00a0\u00a0\u00a0\u00a0\u00a0\u00a0\u00a0\u00a0\u00a0\u00a0\u00a0 Silke Schlittermann \/ WOL 2017<\/p>\n<p><span style=\"color: #f5f2f2\">________________________________<\/span>IBAN: DE88 1005 0000 1065 0452 78<\/p>\n<p><span style=\"color: #f5f2f2\">________________________________<\/span>BIC: BELADE BEXXX (Berliner Sparkasse)<\/p>\n<p>Mailadresse, nur f\u00fcr R\u00fcckfragen: info.lok.schoeneweide.ol@gmx.de<\/p>\n<p>Verpflegung:\u00a0\u00a0\u00a0\u00a0\u00a0\u00a0\u00a0\u00a0\u00a0\u00a0\u00a0\u00a0\u00a0\u00a0\u00a0\u00a0\u00a0\u00a0\u00a0\u00a0\u00a0\u00a0 \u00a0\u00a0\u00a0\u00a0\u00a0 im WKZ kleiner Imbiss und Getr\u00e4nke<\/p>\n<p>Versicherung:\u00a0\u00a0\u00a0\u00a0\u00a0\u00a0\u00a0\u00a0\u00a0\u00a0\u00a0\u00a0\u00a0\u00a0\u00a0\u00a0\u00a0\u00a0\u00a0\u00a0 \u00a0 \u00a0\u00a0 ist Sache jedes einzelnen Teilnehmers. Die Teilnahme erfolgt auf eigene Gefahr.<\/p>\n<p><span style=\"color: #f5f2f2\">________________________________<\/span>Veranstalter, Ausrichter, Grundst\u00fcckseigent\u00fcmer, Forst und Beh\u00f6rden \u00fcbernehmen<\/p>\n<p><span style=\"color: #f5f2f2\">________________________________<\/span>keinerlei Haftung.<\/p>\n<p><strong> <span style=\"color: #f5f2f2\">___________________________<\/span>Zeitplan Winter OL<\/strong>, <strong>Sonntag, 19.03.2017<\/strong><\/p>\n<p><strong><span style=\"color: #f5f2f2\">________________________________<\/span>09:00<\/strong> Orgb\u00fcro \u00f6ffnet im WKZ<\/p>\n<p><strong><span style=\"color: #f5f2f2\">________________________________<\/span>11:00<\/strong>\u00a0\u00a0\u00a0 Nullzeit erster Start NOR Mittel (LRL)<\/p>\n<p><strong><span style=\"color: #f5f2f2\">________________________________<\/span>14:00<\/strong>\u00a0\u00a0\u00a0 Siegerehrung Kinderklassen D\/H-10 bis D\/H-16 mit Urkunden<\/p>\n<p>Datenschutz:\u00a0\u00a0 Mit der Anmeldung erkl\u00e4rt sich jeder Teilnehmer mit der Ver\u00f6ffentlichung seiner Meldedaten, Ergebnisse und eventueller Bilder in den Medien, in den Start- und Ergebnislisten, sowie im Internet einverstanden.<\/p>\n","protected":false},"excerpt":{"rendered":"<p>\u00a0als pdf 50. Berliner Winter OL 2017 am 19.03.2017 (Nullzeit 11:00) &nbsp; &nbsp; Ausrichter:\u00a0\u00a0\u00a0\u00a0\u00a0\u00a0\u00a0\u00a0\u00a0\u00a0\u00a0\u00a0\u00a0\u00a0\u00a0\u00a0\u00a0\u00a0\u00a0\u00a0\u00a0\u00a0\u00a0\u00a0\u00a0\u00a0\u00a0\u00a0\u00a0\u00a0\u00a0\u00a0 ESV Lok Berlin-Sch\u00f6neweide Wettkampfform und Status:\u00a0 Tag-OL, Mittel-OL, Nordostranglistenlauf, Nachwuchspokallauf Wettkampfleiter:\u00a0\u00a0\u00a0\u00a0\u00a0\u00a0\u00a0\u00a0\u00a0\u00a0\u00a0\u00a0\u00a0\u00a0\u00a0\u00a0\u00a0\u00a0\u00a0\u00a0\u00a0 Johannes Kremlacek Bahnleger:\u00a0\u00a0\u00a0\u00a0\u00a0\u00a0\u00a0\u00a0\u00a0\u00a0\u00a0\u00a0\u00a0\u00a0\u00a0\u00a0\u00a0\u00a0\u00a0\u00a0\u00a0\u00a0\u00a0\u00a0\u00a0\u00a0\u00a0\u00a0\u00a0\u00a0\u00a0\u00a0 Tam\u00e1s Szil\u00e1di [&hellip;]<\/p>\n","protected":false},"author":26,"featured_media":0,"parent":0,"menu_order":0,"comment_status":"closed","ping_status":"closed","template":"","meta":{"inline_featured_image":false,"ngg_post_thumbnail":0,"footnotes":"","_links_to":"","_links_to_target":""},"class_list":["post-39","page","type-page","status-publish","hentry"],"_links":{"self":[{"href":"https:\/\/esvlokschoeneweide.de\/dbknacht2017\/wp-json\/wp\/v2\/pages\/39","targetHints":{"allow":["GET"]}}],"collection":[{"href":"https:\/\/esvlokschoeneweide.de\/dbknacht2017\/wp-json\/wp\/v2\/pages"}],"about":[{"href":"https:\/\/esvlokschoeneweide.de\/dbknacht2017\/wp-json\/wp\/v2\/types\/page"}],"author":[{"embeddable":true,"href":"https:\/\/esvlokschoeneweide.de\/dbknacht2017\/wp-json\/wp\/v2\/users\/26"}],"replies":[{"embeddable":true,"href":"https:\/\/esvlokschoeneweide.de\/dbknacht2017\/wp-json\/wp\/v2\/comments?post=39"}],"version-history":[{"count":22,"href":"https:\/\/esvlokschoeneweide.de\/dbknacht2017\/wp-json\/wp\/v2\/pages\/39\/revisions"}],"predecessor-version":[{"id":64,"href":"https:\/\/esvlokschoeneweide.de\/dbknacht2017\/wp-json\/wp\/v2\/pages\/39\/revisions\/64"}],"wp:attachment":[{"href":"https:\/\/esvlokschoeneweide.de\/dbknacht2017\/wp-json\/wp\/v2\/media?parent=39"}],"curies":[{"name":"wp","href":"https:\/\/api.w.org\/{rel}","templated":true}]}}