{"id":69,"date":"2017-03-04T13:16:09","date_gmt":"2017-03-04T12:16:09","guid":{"rendered":"http:\/\/esvlokschoeneweide.de\/dbknacht2017\/?page_id=69"},"modified":"2017-03-05T17:04:10","modified_gmt":"2017-03-05T16:04:10","slug":"strecken-winter-ol","status":"publish","type":"page","link":"https:\/\/esvlokschoeneweide.de\/dbknacht2017\/strecken-winter-ol\/","title":{"rendered":"Strecken Winter OL"},"content":{"rendered":"<p>hier die Streckenl\u00e4ngen f\u00fcr den Winter OL:<\/p>\n<table style=\"height: 431px\" width=\"492\">\n<tbody>\n<tr>\n<td width=\"184\"><strong>Kategorien<\/strong><\/td>\n<td style=\"text-align: center\" width=\"101\"><strong>L\u00e4nge<\/strong><\/td>\n<td style=\"text-align: center\" width=\"101\"><strong>H\u00f6henmeter<\/strong><\/td>\n<td style=\"text-align: center\" width=\"101\"><strong>Posten<\/strong><\/td>\n<\/tr>\n<tr>\n<td>H10, D10<\/td>\n<td style=\"text-align: center\">2.0km<\/td>\n<td style=\"text-align: center\">10m<\/td>\n<td style=\"text-align: center\">6<\/td>\n<\/tr>\n<tr>\n<td>H19-<\/td>\n<td style=\"text-align: center\">6.9km<\/td>\n<td style=\"text-align: center\">110m<\/td>\n<td style=\"text-align: center\">18<\/td>\n<\/tr>\n<tr>\n<td>H55, H60, D45, D50<\/td>\n<td style=\"text-align: center\">3.2km<\/td>\n<td style=\"text-align: center\">55m<\/td>\n<td style=\"text-align: center\">12<\/td>\n<\/tr>\n<tr>\n<td>H65, H70, D55, D60<\/td>\n<td style=\"text-align: center\">2.3km<\/td>\n<td style=\"text-align: center\">40m<\/td>\n<td style=\"text-align: center\">9<\/td>\n<\/tr>\n<tr>\n<td>H75, H80-, D65, D70, D75-<\/td>\n<td style=\"text-align: center\">2.0km<\/td>\n<td style=\"text-align: center\">30m<\/td>\n<td style=\"text-align: center\">8<\/td>\n<\/tr>\n<tr>\n<td>H12, D12<\/td>\n<td style=\"text-align: center\">2.1km<\/td>\n<td style=\"text-align: center\">10m<\/td>\n<td style=\"text-align: center\">9<\/td>\n<\/tr>\n<tr>\n<td>D14<\/td>\n<td style=\"text-align: center\">2.3km<\/td>\n<td style=\"text-align: center\">25m<\/td>\n<td style=\"text-align: center\">9<\/td>\n<\/tr>\n<tr>\n<td>H14<\/td>\n<td style=\"text-align: center\">2.6km<\/td>\n<td style=\"text-align: center\">35m<\/td>\n<td style=\"text-align: center\">9<\/td>\n<\/tr>\n<tr>\n<td>H16, H50<\/td>\n<td style=\"text-align: center\">3.8km<\/td>\n<td style=\"text-align: center\">70m<\/td>\n<td style=\"text-align: center\">13<\/td>\n<\/tr>\n<tr>\n<td>H45<\/td>\n<td style=\"text-align: center\">4.1km<\/td>\n<td style=\"text-align: center\">80m<\/td>\n<td style=\"text-align: center\">13<\/td>\n<\/tr>\n<tr>\n<td>D16<\/td>\n<td style=\"text-align: center\">3.1km<\/td>\n<td style=\"text-align: center\">40m<\/td>\n<td style=\"text-align: center\">10<\/td>\n<\/tr>\n<tr>\n<td>H18, H40<\/td>\n<td style=\"text-align: center\">4.4km<\/td>\n<td style=\"text-align: center\">80m<\/td>\n<td style=\"text-align: center\">14<\/td>\n<\/tr>\n<tr>\n<td>D18, D35, D40<\/td>\n<td style=\"text-align: center\">3.5km<\/td>\n<td style=\"text-align: center\">70m<\/td>\n<td style=\"text-align: center\">14<\/td>\n<\/tr>\n<tr>\n<td>D19-, H35<\/td>\n<td style=\"text-align: center\">6.0km<\/td>\n<td style=\"text-align: center\">80m<\/td>\n<td style=\"text-align: center\">17<\/td>\n<\/tr>\n<\/tbody>\n<\/table>\n<table style=\"height: 128px\" border=\"0\" width=\"492\" rules=\"NONE\" cellspacing=\"0\">\n<colgroup>\n<col width=\"86\" \/>\n<col width=\"86\" \/>\n<col width=\"86\" \/>\n<col width=\"86\" \/><\/colgroup>\n<tbody>\n<tr>\n<td align=\"LEFT\" width=\"86\" height=\"18\">DirKL<span style=\"color: #ffffff\">LLLLLLLLLLLLLLLLLLL<\/span><\/td>\n<td style=\"text-align: center\" align=\"LEFT\" width=\"86\">2,1km<\/td>\n<td style=\"text-align: center\" align=\"LEFT\" width=\"86\">25m<\/td>\n<td style=\"text-align: center\" align=\"RIGHT\" width=\"86\">8<\/td>\n<\/tr>\n<tr>\n<td align=\"LEFT\" height=\"18\">DirML<\/td>\n<td style=\"text-align: center\" align=\"LEFT\">2,9km<\/td>\n<td style=\"text-align: center\" align=\"LEFT\">65m<\/td>\n<td style=\"text-align: center\" align=\"RIGHT\">10<\/td>\n<\/tr>\n<tr>\n<td align=\"LEFT\" height=\"18\">DirLL<\/td>\n<td style=\"text-align: center\" align=\"LEFT\">4,1km<\/td>\n<td style=\"text-align: center\" align=\"LEFT\">55m<\/td>\n<td style=\"text-align: center\" align=\"RIGHT\">11<\/td>\n<\/tr>\n<tr>\n<td align=\"LEFT\" height=\"18\">DirMS<\/td>\n<td style=\"text-align: center\" align=\"LEFT\">3,1km<\/td>\n<td style=\"text-align: center\" align=\"LEFT\">70m<\/td>\n<td style=\"text-align: center\" align=\"RIGHT\">14<\/td>\n<\/tr>\n<tr>\n<td align=\"LEFT\" height=\"18\">DirLS<\/td>\n<td style=\"text-align: center\" align=\"LEFT\">4,8km<\/td>\n<td style=\"text-align: center\" align=\"LEFT\">90m<\/td>\n<td style=\"text-align: center\" align=\"RIGHT\">17<\/td>\n<\/tr>\n<\/tbody>\n<\/table>\n","protected":false},"excerpt":{"rendered":"<p>hier die Streckenl\u00e4ngen f\u00fcr den Winter OL: Kategorien L\u00e4nge H\u00f6henmeter Posten H10, D10 2.0km 10m 6 H19- 6.9km 110m 18 H55, H60, D45, D50 3.2km 55m 12 H65, H70, D55, [&hellip;]<\/p>\n","protected":false},"author":26,"featured_media":0,"parent":0,"menu_order":0,"comment_status":"closed","ping_status":"closed","template":"","meta":{"inline_featured_image":false,"ngg_post_thumbnail":0,"footnotes":"","_links_to":"","_links_to_target":""},"class_list":["post-69","page","type-page","status-publish","hentry"],"_links":{"self":[{"href":"https:\/\/esvlokschoeneweide.de\/dbknacht2017\/wp-json\/wp\/v2\/pages\/69","targetHints":{"allow":["GET"]}}],"collection":[{"href":"https:\/\/esvlokschoeneweide.de\/dbknacht2017\/wp-json\/wp\/v2\/pages"}],"about":[{"href":"https:\/\/esvlokschoeneweide.de\/dbknacht2017\/wp-json\/wp\/v2\/types\/page"}],"author":[{"embeddable":true,"href":"https:\/\/esvlokschoeneweide.de\/dbknacht2017\/wp-json\/wp\/v2\/users\/26"}],"replies":[{"embeddable":true,"href":"https:\/\/esvlokschoeneweide.de\/dbknacht2017\/wp-json\/wp\/v2\/comments?post=69"}],"version-history":[{"count":7,"href":"https:\/\/esvlokschoeneweide.de\/dbknacht2017\/wp-json\/wp\/v2\/pages\/69\/revisions"}],"predecessor-version":[{"id":82,"href":"https:\/\/esvlokschoeneweide.de\/dbknacht2017\/wp-json\/wp\/v2\/pages\/69\/revisions\/82"}],"wp:attachment":[{"href":"https:\/\/esvlokschoeneweide.de\/dbknacht2017\/wp-json\/wp\/v2\/media?parent=69"}],"curies":[{"name":"wp","href":"https:\/\/api.w.org\/{rel}","templated":true}]}}