{"id":8,"date":"2016-11-10T14:51:07","date_gmt":"2016-11-10T13:51:07","guid":{"rendered":"http:\/\/esvlokschoeneweide.de\/dbknacht2017\/?page_id=8"},"modified":"2017-01-15T21:12:55","modified_gmt":"2017-01-15T20:12:55","slug":"ausschreibung","status":"publish","type":"page","link":"https:\/\/esvlokschoeneweide.de\/dbknacht2017\/ausschreibung\/","title":{"rendered":"Ausschreibung DBK Nacht"},"content":{"rendered":"<p style=\"text-align: center\"><strong>Ausschreibung DBK Nacht 2017 Melchow\u00a0\u00a0\u00a0\u00a0\u00a0 (als<a href=\"https:\/\/esvlokschoeneweide.de\/dbknacht2017\/files\/2016\/11\/Ausschreibung-DBK-Nacht-2017-als-pdf-2.pdf\"> pdf<\/a>)<br \/>\n<\/strong><\/p>\n<p style=\"text-align: center\"><strong>Deutsche Bestenk\u00e4mpfe Nacht-Orientierungslauf 2017 am 18.03.2017<\/strong><\/p>\n<p>&nbsp;<\/p>\n<p>Veranstalter:\u00a0\u00a0\u00a0\u00a0\u00a0\u00a0\u00a0\u00a0\u00a0\u00a0\u00a0\u00a0\u00a0\u00a0\u00a0 Deutscher Turner-Bund<\/p>\n<p>Ausrichter:\u00a0\u00a0\u00a0\u00a0\u00a0\u00a0\u00a0\u00a0\u00a0\u00a0\u00a0\u00a0\u00a0\u00a0\u00a0\u00a0\u00a0\u00a0\u00a0 ESV Lok Berlin-Sch\u00f6neweide<\/p>\n<p>Wettkampfform\u00a0\u00a0\u00a0\u00a0\u00a0\u00a0\u00a0\u00a0\u00a0\u00a0 Nacht-OL, Einzel-OL, DBK, Bundesranglistenlauf<\/p>\n<p>und -status:<\/p>\n<p>Wettkampfleiter:\u00a0\u00a0\u00a0\u00a0\u00a0\u00a0\u00a0\u00a0\u00a0 Johannes Kremlacek<\/p>\n<p>Bahnleger:\u00a0\u00a0\u00a0\u00a0\u00a0\u00a0\u00a0\u00a0\u00a0\u00a0\u00a0\u00a0\u00a0\u00a0\u00a0\u00a0\u00a0\u00a0\u00a0\u00a0 J\u00fcrgen Ziesche<\/p>\n<p>Technischer<\/p>\n<p>Delegierter:\u00a0\u00a0\u00a0\u00a0\u00a0\u00a0\u00a0\u00a0\u00a0\u00a0\u00a0\u00a0\u00a0\u00a0\u00a0\u00a0\u00a0\u00a0 Sven Hommen (SV IHW Alex Berlin)<\/p>\n<p>Beauftragter f\u00fcr<\/p>\n<p>\u00d6ffentlichkeitsarbeit:\u00a0 Bernd Graumann, berndgraumann@web.de<\/p>\n<p>Kategorien:<\/p>\n<p>DBK Nacht (mit BRL-Wertung)<\/p>\n<p>DBK Kategorien:\u00a0\u00a0\u00a0\u00a0\u00a0\u00a0\u00a0\u00a0 Damen\/ Herren bis 16, bis 18,<\/p>\n<p style=\"padding-left: 120px\">\u00a0Herren bis 20,<\/p>\n<p style=\"padding-left: 120px\">\u00a0Damen\/ Herren Elite,<\/p>\n<p style=\"padding-left: 120px\">\u00a0Damen\/ Herren ab 35, ab 40, ab 45, ab 50, ab 55, ab 60, ab 65, ab 70, ab 75,<\/p>\n<p style=\"padding-left: 120px\">\u00a0Herren ab 80<\/p>\n<p>Rahmenkategorien mit BRL-Wertung:<\/p>\n<p style=\"padding-left: 120px\">Damen ab 19 A, Herren ab 21 A<\/p>\n<p>Rahmenkategorien ohne BRL-Wertung:<\/p>\n<p style=\"padding-left: 120px\">Damen\/ Herren bis 14,<\/p>\n<p style=\"padding-left: 120px\">Direktbahn kurz &amp; leicht, mittellang &amp; leicht, mittellang &amp; schwer, lang &amp; schwer<\/p>\n<p style=\"padding-left: 120px\">Die Bahnen DirKL und DirML sind Bahnen mit Schwierigkeitsniveau 1 bis 2 und geeignet f\u00fcr Kinder, Anf\u00e4nger oder unsichere Nacht-L\u00e4ufer. (WKB Anl.5) Diese beiden Bahnen werden vorher im WKZ ver\u00f6ffentlicht, so dass jeder vor Ort die Eignung f\u00fcr sich bzw. seine Sch\u00fctzlinge beurteilen kann. Die Bahnen DirMS und DirLS sind echte OL-Bahnen im Schwierigkeitsniveau 4 und nur geeignet f\u00fcr erfahrene OL-er. F\u00fcr alle Direktbahnen erfolgt die Meldung wahlweise vorab im O-Manager oder bis 1 Stunde vor Nullzeit im WKZ.<\/p>\n<p>Karte:\u00a0\u00a0\u00a0\u00a0\u00a0\u00a0\u00a0\u00a0\u00a0\u00a0\u00a0\u00a0\u00a0\u00a0\u00a0\u00a0\u00a0\u00a0\u00a0\u00a0\u00a0\u00a0\u00a0\u00a0\u00a0\u00a0 Melchower Schweiz, A4, Aufnahme 2015 mit Korrekturen 2016\/2017<\/p>\n<p>Ma\u00dfst\u00e4be:\u00a0\u00a0\u00a0\u00a0\u00a0\u00a0\u00a0\u00a0\u00a0\u00a0\u00a0\u00a0\u00a0\u00a0\u00a0\u00a0\u00a0\u00a0 1:10.000 f\u00fcr alle Direktbahnen, D\/H -14, D\/H -16 und ab D\/H 45-<\/p>\n<p style=\"padding-left: 90px\">\u00a0\u00a0\u00a0\u00a0\u00a0 \u00a0\u00a0 1:15.000 f\u00fcr alle anderen Klassen<\/p>\n<p>\u00c4quidistanz:\u00a0\u00a0\u00a0\u00a0\u00a0\u00a0\u00a0\u00a0\u00a0\u00a0\u00a0\u00a0\u00a0\u00a0 5 m<\/p>\n<p>Druck:\u00a0\u00a0\u00a0\u00a0\u00a0\u00a0\u00a0\u00a0\u00a0\u00a0\u00a0\u00a0\u00a0\u00a0\u00a0\u00a0\u00a0\u00a0\u00a0\u00a0\u00a0\u00a0\u00a0\u00a0 Laserdruck auf Pretex (vorbehaltlich der Zustimmung des TK OL)<\/p>\n<p>Gel\u00e4ndebeschreibung:<\/p>\n<p style=\"padding-left: 120px\">Das Wettkampfgel\u00e4nde ist wesentlich durch eine w\u00e4hrend der letzten Eiszeit entstandene Binnend\u00fcne gepr\u00e4gt. Deren Fl\u00e4che betr\u00e4gt ca. 4 km\u00b2 und ist durch eine verwirrende Vielzahl von Gel\u00e4ndeformationen unterschiedlicher Gr\u00f6\u00dfen charakterisiert. Der niedrigste Punkt des Gel\u00e4ndes liegt 45 m, der h\u00f6chste Punkt ca. 70 m \u00fc. NN. Die steilsten H\u00e4nge weisen H\u00f6hendifferenzen von 20 m auf. Der Bewuchs ist \u00fcberwiegend schnell belaufbarer Kiefernwald mit weiten Fl\u00e4chen Heidelbeerstr\u00e4uchern, aber es gibt auch einige Bereiche reinen Buchenwaldes. W\u00e4hrend der Kiefernbestand im Westteil besonders offen und damit weitsichtig ist, nimmt nach Osten der Neuaufwuchs mit jungen Buchengeh\u00f6lzen zu und die Sichtbarkeit entsprechend ab. Im SO der D\u00fcne grenzen flache Bereiche an mit Vegetation unterschiedlicher Dichte und gemischten Geh\u00f6lzarten. Das Wege- und Schneisennetz ist f\u00fcr deutsche Verh\u00e4ltnisse weitmaschig, da das Gebiet nach dem 2. Weltkrieg f\u00fcr 50 Jahre milit\u00e4risches Sperrgebiet war und auch seitdem kaum von der \u00d6ffentlichkeit genutzt wird. Die Karte wurde f\u00fcr das TEAM-Wochenende 2015 erstellt und nur an diesen beiden Tagen f\u00fcr Wettk\u00e4mpfe genutzt.<\/p>\n<p>Gel\u00e4ndesperre:\u00a0\u00a0\u00a0\u00a0\u00a0\u00a0\u00a0\u00a0\u00a0 gem\u00e4\u00df Eintrag auf <a href=\"http:\/\/www.orientierungslauf.de\/3\/6\">http:\/\/www.orientierungslauf.de\/3\/6<\/a><\/p>\n<p>Postenkontrollsystem:\u00a0 SPORTident,<\/p>\n<p style=\"padding-left: 120px\">Die eigene SI-Karte ist mitzubringen. Eine Ausleihe ist gegen eine Geb\u00fchr von 1,- \u20ac (+20 \u20ac Pfand) m\u00f6glich.<\/p>\n<p>WKZ:\u00a0\u00a0\u00a0\u00a0\u00a0\u00a0\u00a0\u00a0\u00a0\u00a0\u00a0\u00a0\u00a0\u00a0 \u00a0 \u00a0\u00a0\u00a0\u00a0\u00a0\u00a0\u00a0\u00a0\u00a0\u00a0 16230 Melchow, Touristisches Begegnungszentrum \u201eLindengarten\u201c, Eberswalder Str. 9<\/p>\n<p style=\"padding-left: 120px\"><strong>\u00a0\u00a0\u00a0\u00a0\u00a0 <\/strong>(52.775303, 13.695640) bzw (52\u00b046&#8217;31.1&#8243;N 13\u00b041&#8217;44.3&#8243;E)<\/p>\n<p>Anreise zum WKZ:\u00a0\u00a0\u00a0\u00a0 mit PKW:\u00a0 A11 Ausfahrt Lanke, L29 bis Biesenthal, weiter B2 Richtung Melchow-Eberswalde<\/p>\n<p style=\"padding-left: 120px\">mit \u00d6PNV:\u00a0\u00a0\u00a0\u00a0\u00a0\u00a0\u00a0\u00a0\u00a0 Regionalbahn (RB24, RE 3) bis Bahnhof Melchow, von dort ca. 200m Fu\u00dfweg<\/p>\n<p style=\"padding-left: 120px\">Parken: im Ortszentrum Melchow, den Einweisern ist Folge zu leisten. Entfernung zum WKZ 0,5 km<\/p>\n<p style=\"padding-left: 120px\">Parkgeb\u00fchr:\u00a0\u00a0\u00a0\u00a0\u00a0 1 \u20ac je Tag<\/p>\n<p>\u00dcbernachtung:\u00a0\u00a0\u00a0\u00a0\u00a0\u00a0\u00a0\u00a0\u00a0\u00a0 Gemeinschaftsunterkunft Turnhalle in Eberswalde<\/p>\n<p style=\"padding-left: 120px\">Oberstufenzentrum II Barnim, Humboldtstra\u00dfe 40, 16225 Eberswalde<\/p>\n<p style=\"padding-left: 120px\">(Breite: 52.839767 N; L\u00e4nge: 13.813253 O; B: 52\u00b0 50&#8242; 23.161&#8243; N; L:13\u00b0 48&#8242; 47.711&#8243; E)<\/p>\n<p style=\"padding-left: 120px\">Kosten 4 \u20ac je Person<\/p>\n<p>Auszeichnungen:\u00a0\u00a0\u00a0\u00a0\u00a0\u00a0 DBK Nacht: Platz 1-3 DTB-Urkunden, Direktbahnen: Ausrichterurkunden<\/p>\n<p>Siegerehrung:\u00a0\u00a0\u00a0\u00a0\u00a0\u00a0\u00a0\u00a0\u00a0\u00a0\u00a0\u00a0 Im WKZ am Sonntag, den 19.03.2017 vor dem Start Winter OL<\/p>\n<p>Meldung:\u00a0\u00a0\u00a0\u00a0\u00a0\u00a0\u00a0\u00a0\u00a0\u00a0\u00a0\u00a0\u00a0\u00a0\u00a0\u00a0\u00a0\u00a0\u00a0\u00a0 bis 19.02.2017 vereinsweise,<\/p>\n<p style=\"padding-left: 120px\">f\u00fcr Direktbahnen auch vor Ort im WKZ bis 1 h vor Nullzeit<\/p>\n<p>Meldeanschrift:\u00a0\u00a0\u00a0\u00a0\u00a0\u00a0\u00a0\u00a0 nur im Meldetool O-Manager<\/p>\n<p>Link O-Manager:\u00a0 \u00a0\u00a0\u00a0\u00a0 <a href=\"https:\/\/omanager.orientierungslauf.de\/service\/f?p=105:7:::NO::P7_ID:2981\">https:\/\/omanager.orientierungslauf.de\/service\/f?p=105:7:::NO::P7_ID:2981<\/a><\/p>\n<p>Meldegelder:\u00a0\u00a0\u00a0\u00a0\u00a0\u00a0\u00a0\u00a0\u00a0\u00a0\u00a0\u00a0\u00a0 bis D\/H-18 und Direktbahnen 8 \u20ac, ab D19 A\/ H21 A 12 \u20ac<\/p>\n<p style=\"padding-left: 120px\">Nach- und Ummeldungen sind bis 04.03.2017 m\u00f6glich, danach nur im Rahmen freier Startpl\u00e4tze (Nachmeldegeb\u00fchr bis D\/H-18 5 \u20ac, ab D19 A\/ H21 A 6 \u20ac).<\/p>\n<p style=\"padding-left: 120px\">Nach Freigabe der Meldung im O-Manager und Erhalt der Meldeinformation desselben \u00dcberweisung des Startgeldes mit Angabe des Vereinsnamens und der Referenznummer auf das Konto:<\/p>\n<p style=\"padding-left: 120px\">Silke Schlittermann \/ DBK 2017<\/p>\n<p style=\"padding-left: 120px\">IBAN: DE88 1005 0000 1065 0452 78<\/p>\n<p style=\"padding-left: 120px\">BIC: BELADE BEXXX (Berliner Sparkasse)<\/p>\n<p style=\"padding-left: 120px\">Meldungen ohne rechtzeitige \u00dcberweisung des Meldegeldes werden mit einem S\u00e4umniszuschlag gem\u00e4\u00df WKB B 6.4.3 belegt. (25% max. 100\u20ac) (entf\u00e4llt bei Zahlungseingang bis sp\u00e4testens 05.03.2017)<\/p>\n<p>Meldeverantwortliche: Heidi Graumann, Ernst-Haeckel-Str. 53C, 12621 Berlin<\/p>\n<p style=\"padding-left: 120px\">Mailadresse, nur f\u00fcr R\u00fcckfragen: info.lok.schoeneweide.ol@gmx.de<\/p>\n<p>Verpflegung:\u00a0\u00a0\u00a0\u00a0\u00a0\u00a0\u00a0\u00a0\u00a0\u00a0\u00a0\u00a0\u00a0\u00a0 im WKZ kleiner Imbiss und Getr\u00e4nke<\/p>\n<p>Versicherung:\u00a0\u00a0\u00a0\u00a0\u00a0\u00a0\u00a0\u00a0\u00a0 \u00a0\u00a0 ist Sache jedes einzelnen Teilnehmers. Veranstalter, Ausrichter, Grundst\u00fcckseigent\u00fcmer,<\/p>\n<p style=\"padding-left: 120px\">Forst und Beh\u00f6rden \u00fcbernehmen keinerlei Haftung.<\/p>\n<p>Vorl\u00e4ufiger Zeitplan: <strong>DBK-Nacht-OL, Sonnabend, 18.03.2017<\/strong><\/p>\n<p style=\"padding-left: 120px\">16:00 Uhr \u00d6ffnung Gemeinschaftsunterkunft<\/p>\n<p style=\"padding-left: 120px\">17:00 Org.-B\u00fcro \u00f6ffnet im WKZ<\/p>\n<p style=\"padding-left: 120px\">19:15 Nullzeit, erster Start DBK Nacht<\/p>\n<p style=\"padding-left: 120px\">23:00 Zielschluss<\/p>\n<p style=\"padding-left: 120px\"><strong>Winter OL, Sonntag, 19.03.2017 <\/strong><\/p>\n<p style=\"padding-left: 120px\">09:00 Orgb\u00fcro \u00f6ffnet im WKZ<\/p>\n<p style=\"padding-left: 120px\">10:00 Siegerehrung DBK Nacht-OL im WKZ<\/p>\n<p style=\"padding-left: 120px\">10:00 Schlie\u00dfung Gemeinschaftsunterkunft<\/p>\n<p style=\"padding-left: 120px\">11:00 Nullzeit erster Start NOR Mittel (LRL)<\/p>\n<p style=\"padding-left: 120px\">14:00 Siegerehrung Kinderklassen<\/p>\n<p>Datenschutz:<\/p>\n<p style=\"padding-left: 120px\">Mit der Anmeldung erkl\u00e4rt sich jeder Teilnehmer mit der Ver\u00f6ffentlichung seiner Meldedaten, Ergebnisse und eventueller Bilder in den Medien, in den Start- und Ergebnislisten, sowie im Internet einverstanden.<\/p>\n<p>Aktuelle Informationen:\u00a0 <a href=\"https:\/\/esvlokschoeneweide.de\/dbknacht2017\/\">https:\/\/esvlokschoeneweide.de\/dbknacht2017\/\u00a0 <\/a><\/p>\n<p>&nbsp;<\/p>\n","protected":false},"excerpt":{"rendered":"<p>Ausschreibung DBK Nacht 2017 Melchow\u00a0\u00a0\u00a0\u00a0\u00a0 (als pdf) Deutsche Bestenk\u00e4mpfe Nacht-Orientierungslauf 2017 am 18.03.2017 &nbsp; Veranstalter:\u00a0\u00a0\u00a0\u00a0\u00a0\u00a0\u00a0\u00a0\u00a0\u00a0\u00a0\u00a0\u00a0\u00a0\u00a0 Deutscher Turner-Bund Ausrichter:\u00a0\u00a0\u00a0\u00a0\u00a0\u00a0\u00a0\u00a0\u00a0\u00a0\u00a0\u00a0\u00a0\u00a0\u00a0\u00a0\u00a0\u00a0\u00a0 ESV Lok Berlin-Sch\u00f6neweide Wettkampfform\u00a0\u00a0\u00a0\u00a0\u00a0\u00a0\u00a0\u00a0\u00a0\u00a0 Nacht-OL, Einzel-OL, DBK, Bundesranglistenlauf und -status: Wettkampfleiter:\u00a0\u00a0\u00a0\u00a0\u00a0\u00a0\u00a0\u00a0\u00a0 Johannes [&hellip;]<\/p>\n","protected":false},"author":1,"featured_media":0,"parent":0,"menu_order":0,"comment_status":"closed","ping_status":"closed","template":"","meta":{"inline_featured_image":false,"ngg_post_thumbnail":0,"footnotes":"","_links_to":"","_links_to_target":""},"class_list":["post-8","page","type-page","status-publish","hentry"],"_links":{"self":[{"href":"https:\/\/esvlokschoeneweide.de\/dbknacht2017\/wp-json\/wp\/v2\/pages\/8","targetHints":{"allow":["GET"]}}],"collection":[{"href":"https:\/\/esvlokschoeneweide.de\/dbknacht2017\/wp-json\/wp\/v2\/pages"}],"about":[{"href":"https:\/\/esvlokschoeneweide.de\/dbknacht2017\/wp-json\/wp\/v2\/types\/page"}],"author":[{"embeddable":true,"href":"https:\/\/esvlokschoeneweide.de\/dbknacht2017\/wp-json\/wp\/v2\/users\/1"}],"replies":[{"embeddable":true,"href":"https:\/\/esvlokschoeneweide.de\/dbknacht2017\/wp-json\/wp\/v2\/comments?post=8"}],"version-history":[{"count":7,"href":"https:\/\/esvlokschoeneweide.de\/dbknacht2017\/wp-json\/wp\/v2\/pages\/8\/revisions"}],"predecessor-version":[{"id":42,"href":"https:\/\/esvlokschoeneweide.de\/dbknacht2017\/wp-json\/wp\/v2\/pages\/8\/revisions\/42"}],"wp:attachment":[{"href":"https:\/\/esvlokschoeneweide.de\/dbknacht2017\/wp-json\/wp\/v2\/media?parent=8"}],"curies":[{"name":"wp","href":"https:\/\/api.w.org\/{rel}","templated":true}]}}