{"id":27,"date":"2017-05-31T21:50:45","date_gmt":"2017-05-31T19:50:45","guid":{"rendered":"http:\/\/esvlokschoeneweide.de\/dmlang2017\/?page_id=27"},"modified":"2017-06-19T08:49:26","modified_gmt":"2017-06-19T06:49:26","slug":"ausschreibung","status":"publish","type":"page","link":"https:\/\/esvlokschoeneweide.de\/dmlang2017\/ausschreibung\/","title":{"rendered":"Ausschreibung"},"content":{"rendered":"<p><a style=\"float: right;font-size: 1rem;margin-bottom: 1em\" href=\"https:\/\/esvlokschoeneweide.de\/dmlang2017\/files\/2017\/05\/Ausschreibung.pdf\">Download als PDF<\/a><br \/>\n<\/p>\n<h1 id=\"deutsche-meisterschaft-lang-orientierungslaufam-23.-september-2017\" style=\"clear: both\">Deutsche Meisterschaft Lang Orientierungslauf am 23. September 2017<\/h1>\n<h1 id=\"deutschland-cup-orientierungslaufam-24.-september-2017\">Deutschland Cup Orientierungslauf am 24. September 2017<\/h1>\n<dl>\n<dt>Veranstalter<\/dt>\n<dd>Deutscher Turner Bund<\/dd>\n<dt>Ausrichter<\/dt>\n<dd>ESV Lok Berlin-Sch\u00f6neweide e.V.<\/dd>\n<dt>Wettkampfformat<\/dt>\n<dd>Tag Einzel OL (23.09.2017)<\/dd>\n<dd>Tag Staffel OL (24.09.2017)<\/dd>\n<dt>Wettkampfstatus<\/dt>\n<dd>Deutsche Meisterschaft, Bundesranglistenlauf (23.09.2017)<\/dd>\n<dd>Deutschland Cup (24.09.2017)<\/dd>\n<dt>Postenkontrollsystem<\/dt>\n<dd>SPORT\u25eaident<\/dd>\n<dd>Einsatz von SI Cards aller Generationen m\u00f6glich.<\/dd>\n<dd>SI Cards und Anf\u00e4ngerkompasse k\u00f6nnen gegen eine Leihgeb\u00fchr von 3\u202f\u20ac sowie Hinterlegung einer Kaution von 40\u202f\u20ac beim Ausrichter geliehen werden. Bedarf bitte mit der Meldung angeben.<\/dd>\n<dt>Homepage<\/dt>\n<dd><a href=\"https:\/\/esvlokschoeneweide.de\/dmlang2017\">esvlokschoeneweide.de\/dmlang2017<\/a><\/dd>\n<\/dl>\n<h2 id=\"verantwortliche\">Verantwortliche<\/h2>\n<dl>\n<dt>Wettkampfleiter<\/dt>\n<dd>Bernd Graumann<\/dd>\n<dt>Bahnleger<\/dt>\n<dd>J\u00fcrgen Ziesche (DM Lang OL)<\/dd>\n<dd>Michael Frenzel (Deutschland Cup)<\/dd>\n<dt>Technischer Delegierter<\/dt>\n<dd>Ludwig Genderjahn (Post SV Dresden)<\/dd>\n<dt>\u00d6ffentlichkeitsarbeit<\/dt>\n<dd>Britta Hirsch, britta.hirsch at t-online dot de, Tel: 0151\u202f5666\u202f5783<\/dd>\n<\/dl>\n<h2 id=\"kategorien\">Kategorien<\/h2>\n<h3 id=\"section\">23.09.2017<\/h3>\n<dl>\n<dt>Deutsche Meisterschaft Lang OL<\/dt>\n<dd>D\/H-14, D\/H-16, D\/H-18, D\/H-20, DE\/HE, D\/H35-, D\/H40-, D\/H45-, D\/H50-, D\/H55-, D\/H60-, D\/H65-, D\/H70-, D\/H75-, H80-<\/dd>\n<\/dl>\n<p>Entsprechend B 3.4.2 WKB werden DM-Kategorien ohne die Mindestanzahl von Meldungen (3 Meldungen) zu DBK herabgestuft.<\/p>\n<dl>\n<dt>Bundesranglistenlauf Lang OL<\/dt>\n<dd>D\/H-12, D19-AK, D19-AL, H21-AK, H21-AL, sowie alle Kategorien der DM Lang OL<\/dd>\n<dt>Rahmenkategorien<\/dt>\n<dd>D\/H-10, DirKS, DirMS, DirLS, DirKL, DirML, DirLL<\/dd>\n<\/dl>\n<h3 id=\"section-1\">24.09.2017<\/h3>\n<dl>\n<dt>Deutschland Cup<\/dt>\n<dd>D-Cup, D-Cup OFFEN<\/dd>\n<dd>5er Staffeln gem\u00e4\u00df B 3.4.5 WKB<\/dd>\n<dd>Streckenl\u00e4ngen ca. 6,0km; 4,5km; 2,5km (einfacher); 4,5km; 6,5km<\/dd>\n<dt>D-Cup Rahmen<\/dt>\n<dd>3er Staffeln<\/dd>\n<dd>Streckenl\u00e4ngen ca. 4,0km; 2,0km (einfach); 4,0km<\/dd>\n<dt>Sch\u00fcler-Cup<\/dt>\n<dd>4er-Staffel f\u00fcr Kategorien bis D\/H-14 gem\u00e4\u00df B 3.4.5 WKB<\/dd>\n<dd>Streckenl\u00e4ngen ca. 3,5km; 1,5km (sehr einfach); 2,0km (einfach); 3,5km<\/dd>\n<\/dl>\n<h4 id=\"startrecht\">Startrecht<\/h4>\n<p>Gem\u00e4\u00df Rahmenordnung des DTB sowie WKB Orientierungslauf (B 3.4.5) ist beim Start in einer Meisterschaftsklasse der DM Lang OL sowie beim Start in den Hauptklassen des Deutschland Cups (D-Cup) und Sch\u00fcler-Deutschland-Cups ein g\u00fcltiger Startpass vorzuweisen. Dies kann durch Eintrag in die zentrale Startpassdatei (Stichtag: 26.08.2017) oder durch Vorlage des Startpasses bis sp\u00e4testens 1 Stunde vor der Nullzeit erfolgen. Entsprechend den Durchf\u00fchrungsbestimmungen zur zentralen Startpassdatei werden die Positiv- und Negativlisten f\u00fcr DM Lang OL und Deutschland-Cup bis zum 16.09.2017 unter <a href=\"https:\/\/esvlokschoeneweide.de\/dmlang2017\">esvlokschoeneweide.de\/dmlang2017<\/a> ver\u00f6ffentlicht. Nachgemeldete L\u00e4ufer sowie L\u00e4ufer nicht namentlich gemeldeter Staffeln f\u00fcr die Hauptklasse des Deutschland-Cups bzw. des Sch\u00fcler-Deutschland-Cups m\u00fcssen in jedem Fall den Startpass vorlegen. Siehe auch: <a class=\"uri\" href=\"http:\/\/www.orientierungslauf.de\/3\/7\">http:\/\/www.orientierungslauf.de\/3\/7<\/a><\/p>\n<h2 id=\"auszeichnungen\">Auszeichnungen<\/h2>\n<dl>\n<dt>Deutsche Meisterschaft Lang OL<\/dt>\n<dd>Medaillen des DTB f\u00fcr die Pl\u00e4tze 1 bis 3 jeder DM Kategorie<\/dd>\n<dd>Urkunden des DTB f\u00fcr die Pl\u00e4tze 1 bis 6 jeder DM Kategorie<\/dd>\n<dd>Urkunden des Ausrichters f\u00fcr Pl\u00e4tze 1 bis 3 der \u00fcbrigen Kategorien<\/dd>\n<dt>BRL Kategorien und Rahmenkategorien Deutschland Cup<\/dt>\n<dd>Medaillen des DTB f\u00fcr die Pl\u00e4tze 1 bis 3 der Kategorien D-Cup und Sch\u00fcler-D-Cup<\/dd>\n<dd>Urkunden des DTB f\u00fcr die Pl\u00e4tze 1 bis 6 der Kategorien D-Cup und Sch\u00fcler-D-Cup<\/dd>\n<dd>Urkunden des Ausrichters f\u00fcr die Pl\u00e4tze 1 bis 3 der \u00fcbrigen Kategorien<\/dd>\n<dd>Urkunden f\u00fcr Direktbahnen und Rahmenklassen werden im Org.-B\u00fcro ausgegeben<\/dd>\n<\/dl>\n<h2 id=\"karte\">Karte<\/h2>\n<p>Karte &#8222;Trampe&#8220;<\/p>\n<p>Wir weisen auf die bestehende Gel\u00e4ndesperre hin: <a href=\"http:\/\/www.orientierungslauf.de\/3\/6\">orientierungslauf.de\/3\/6<\/a><\/p>\n<h3 id=\"deutsche-meisterschaft-und-bundesranglistenlauf-lang-ol\">Deutsche Meisterschaft und Bundesranglistenlauf Lang OL<\/h3>\n<dl>\n<dt>Ma\u00dfst\u00e4be<\/dt>\n<dd>1:15.000, \u00c4quidistanz 2,5m f\u00fcr D\/H-18, D\/H-20, DE\/HE, D19-AK, D19-AL, H21-AK, H21-AL, D\/H35-, D\/H40-<\/dd>\n<dd>1:7500, \u00c4quidistanz 2,5 m ab D60- und H70-<\/dd>\n<dd>1:10.000, \u00c4quidistanz 2,5m f\u00fcr alle \u00fcbrigen Klassen<\/dd>\n<dt>Druck<\/dt>\n<dd>Laserdruck auf Pretex Papier (wasserfest, aber nicht rei\u00dffest); (vorbehaltlich Zustimmung durch TK OL)<\/dd>\n<dt>Gel\u00e4ndebeschreibung<\/dt>\n<dd>\u00dcberwiegend eiszeitlich gepr\u00e4gtes, sehr detailreiches D\u00fcnengel\u00e4nde mit variierender Vegetation (Laub-, Fichten-, Kiefern- und Mischwaldbest\u00e4nde). Verbreitet Laufbehinderung durch herumliegendes Ge\u00e4st oder Bodenbewuchs. Dichtes, unregelm\u00e4\u00dfiges Wegenetz. Der Schlussteil der Bahnen f\u00fchrt durch ehemaliges Milit\u00e4rgel\u00e4nde mit vielen sehr feinen Gel\u00e4ndeformationen.<\/dd>\n<\/dl>\n<h3 id=\"deutschland-cup\">Deutschland-Cup<\/h3>\n<dl>\n<dt>Ma\u00dfstab<\/dt>\n<dd>1:7.500, \u00c4quidistanz 2,5m f\u00fcr alle Klassen (vorbehaltlich Zustimmung durch TK)<\/dd>\n<dt>Druck<\/dt>\n<dd>Laserdruck auf Pretex Papier (wasserfest, aber nicht rei\u00dffest); (vorbehaltlich Zustimmung durch TK OL)<\/dd>\n<dt>Gel\u00e4ndebeschreibung<\/dt>\n<dd>Das beim D-Cup genutzte Gel\u00e4nde ist flach, \u00fcberwiegend mit Kiefern bestockt beziehungsweise stark wechselnd nat\u00fcrlich renaturiert, von sehr gut bis extrem schlecht belaufbar (in ausgedehnten Brombeergebieten) und durch vormalige milit\u00e4rische Nutzung mit vielf\u00e4ltigen Details \u00fcberformt. Gro\u00dfe Bereiche sind Weideland und extrem schnell belaufbar.<\/dd>\n<\/dl>\n<h2 id=\"anreise\">Anreise<\/h2>\n<dl>\n<dt>Organisationsb\u00fcro 22.9.2017<\/dt>\n<dd><a href=\"http:\/\/www.openstreetmap.org\/?mlat=52.830856&amp;mlon=13.801662#map=15\/52.830856\/13.801662\">Eberswalde, Alfred-Dengler-Stra\u00dfe 13<\/a><\/dd>\n<dt>Massenquartier 1<\/dt>\n<dd><a href=\"http:\/\/www.openstreetmap.org\/?mlat=52.830856&amp;mlon=13.801662#map=15\/52.830856\/13.801662\">Eberswalde, Alfred-Dengler-Stra\u00dfe 13<\/a><\/dd>\n<dd>(52.830856 N, 13.801662 E bzw. 52\u00b0 49&#8242; 50.2&#8243; N, 13\u00b0 48&#8242; 5.3&#8243; E)<\/dd>\n<dt>Massenquartier 2 (erst ab Samstag)<\/dt>\n<dd><a href=\"http:\/\/www.openstreetmap.org\/?mlat=52.839767&amp;mlon=13.813253#map=15\/52.839767\/13.813253\">Oberstufenzentrum II Barnim, Humboldtstra\u00dfe 40, 16225 Eberswalde<\/a><\/dd>\n<dd>(52.839767 N, 13.813253 E bzw. 52\u00b0 50&#8242; 23.161&#8243; N, 13\u00b0 48&#8242; 47.711&#8243; E)<\/dd>\n<dt>Wettkampfzentrum<\/dt>\n<dd><a href=\"http:\/\/www.openstreetmap.org\/?mlat=52.782158&amp;mlon=13.832101#map=15\/52.782158\/13.832101\">Dorfstra\u00dfe 29, 16230 Breydin, Ortsteil Trampe<\/a><\/dd>\n<dd>(52.782158 N, 13.832101 E bzw. 52\u00b0 46&#8242; 55.8&#8243; N, 13\u00b0 49&#8242; 55.6&#8243; E)<\/dd>\n<dd>Parken nur auf den ausgewiesenen Fl\u00e4chen<\/dd>\n<dt>Siegerehrung<\/dt>\n<dd><a href=\"http:\/\/www.openstreetmap.org\/?mlat=52.84132&amp;mlon=13.76771#map=15\/52.84132\/13.76771\">Stadthalle Hufeisenfabrik, Familiengarten Eberswalde, Am Alten Walzwerk 1, 16227 Eberswalde<\/a><\/dd>\n<dd>(52.84132 N, 13.76771 E bzw. 52\u00b0 50&#8242; 28.752&#8243; N, 13\u00b0 46&#8242; 3.755&#8243; E)<\/dd>\n<\/dl>\n<h3 id=\"entfernungen\">Entfernungen<\/h3>\n<table>\n<thead>\n<tr class=\"header\">\n<th style=\"text-align: left\">von<\/th>\n<th style=\"text-align: left\">nach<\/th>\n<th style=\"text-align: left\">Entfernung<\/th>\n<\/tr>\n<\/thead>\n<tbody>\n<tr class=\"odd\">\n<td style=\"text-align: left\">Massenquartier 1<\/td>\n<td style=\"text-align: left\">Parkplatz Trampe<\/td>\n<td style=\"text-align: left\">8,5 km<\/td>\n<\/tr>\n<tr class=\"even\">\n<td style=\"text-align: left\">Massenquartier 2<\/td>\n<td style=\"text-align: left\">Parkplatz Trampe<\/td>\n<td style=\"text-align: left\">8,5 km<\/td>\n<\/tr>\n<tr class=\"odd\">\n<td style=\"text-align: left\">Parkplatz Trampe<\/td>\n<td style=\"text-align: left\">WKZ<\/td>\n<td style=\"text-align: left\">1,5 km<\/td>\n<\/tr>\n<\/tbody>\n<\/table>\n<h2 id=\"unterkunft\">Unterkunft<\/h2>\n<dl>\n<dt>Kosten<\/dt>\n<dd>4\u202f\u20ac pro Person und Nacht<\/dd>\n<dd>Bedarf bei der Meldung angeben<\/dd>\n<dt>Massenquartier ab Freitag<\/dt>\n<dd>Sporthalle Eberswalde, Alfred-Dengler-Stra\u00dfe 13<\/dd>\n<\/dl>\n<h2 id=\"verpflegung\">Verpflegung<\/h2>\n<p>Im WKZ und bei der Abendveranstaltung erfolgt die Verpflegung durch \u00f6rtliche Anbieter.<\/p>\n<h2 id=\"meldung\">Meldung<\/h2>\n<dl>\n<dt>Meldetermin<\/dt>\n<dd>27. August 2017<\/dd>\n<\/dl>\n<p>Die besonderen Teilnahmebedingungen bei D-Cup bzw. Sch\u00fcler D-Cup sind zu beachten.<\/p>\n<h3 id=\"meldegeld\">Meldegeld<\/h3>\n<p>Der 11. September 2017 ist Stichtag f\u00fcr den Eingang des Meldegeldes. Danach S\u00e4umniszuschlag gem. B 6.4.3 WKB &#8211; bis zu 25 % des ausstehenden Betrages, jedoch max. 100\u202f\u20ac.<\/p>\n<h4 id=\"deutsche-meisterschaft-und-bundesranglistenlauf-lang-ol-1\">Deutsche Meisterschaft und Bundesranglistenlauf Lang OL<\/h4>\n<table>\n<thead>\n<tr class=\"header\">\n<th style=\"text-align: left\">Kategorien<\/th>\n<th style=\"text-align: left\">Meldegeb\u00fchr<\/th>\n<th style=\"text-align: left\">Nachmeldegeb\u00fchr<\/th>\n<\/tr>\n<\/thead>\n<tbody>\n<tr class=\"odd\">\n<td style=\"text-align: left\">DM Kategorien<\/td>\n<td style=\"text-align: left\">25\u202f\u20ac<\/td>\n<td style=\"text-align: left\">10\u202f\u20ac<\/td>\n<\/tr>\n<tr class=\"even\">\n<td style=\"text-align: left\">BRL Kategorien bis D\/H-18<\/td>\n<td style=\"text-align: left\">8\u202f\u20ac<\/td>\n<td style=\"text-align: left\">5\u202f\u20ac<\/td>\n<\/tr>\n<tr class=\"odd\">\n<td style=\"text-align: left\">BRL Kategorien ab D\/H19-<\/td>\n<td style=\"text-align: left\">12\u202f\u20ac<\/td>\n<td style=\"text-align: left\">6\u202f\u20ac<\/td>\n<\/tr>\n<tr class=\"even\">\n<td style=\"text-align: left\">Ausl\u00e4ndische Starter bis D\/H-18<\/td>\n<td style=\"text-align: left\">8\u202f\u20ac<\/td>\n<td style=\"text-align: left\">5\u202f\u20ac<\/td>\n<\/tr>\n<tr class=\"odd\">\n<td style=\"text-align: left\">Ausl\u00e4ndische Starter ab D\/H19-<\/td>\n<td style=\"text-align: left\">12\u202f\u20ac<\/td>\n<td style=\"text-align: left\">6\u202f\u20ac<\/td>\n<\/tr>\n<tr class=\"even\">\n<td style=\"text-align: left\">Rahmenkategorien D\/H-10<\/td>\n<td style=\"text-align: left\">8\u202f\u20ac<\/td>\n<td style=\"text-align: left\">5\u202f\u20ac<\/td>\n<\/tr>\n<tr class=\"odd\">\n<td style=\"text-align: left\">Direktbahnen<\/td>\n<td style=\"text-align: left\">5\u202f\u20ac<\/td>\n<td style=\"text-align: left\">keine Nachmeldegeb\u00fchr<\/td>\n<\/tr>\n<\/tbody>\n<\/table>\n<p><sup>*<\/sup> Meldegeld f\u00fcr ausl\u00e4ndische Starter gilt auch f\u00fcr deren AK-Start in DM Kategorien<\/p>\n<h4 id=\"deutschland-cup-1\">Deutschland Cup<\/h4>\n<table>\n<thead>\n<tr class=\"header\">\n<th style=\"text-align: left\">Kategorien<\/th>\n<th style=\"text-align: left\">Meldegeb\u00fchr<\/th>\n<th style=\"text-align: left\">Nachmeldegeb\u00fchr<\/th>\n<\/tr>\n<\/thead>\n<tbody>\n<tr class=\"odd\">\n<td style=\"text-align: left\">D-Cup, D-Cup OFFEN<\/td>\n<td style=\"text-align: left\">45\u202f\u20ac<\/td>\n<td style=\"text-align: left\">15\u202f\u20ac<\/td>\n<\/tr>\n<tr class=\"even\">\n<td style=\"text-align: left\">3er Rahmenstaffel<\/td>\n<td style=\"text-align: left\">21\u202f\u20ac<\/td>\n<td style=\"text-align: left\">5\u202f\u20ac<\/td>\n<\/tr>\n<tr class=\"odd\">\n<td style=\"text-align: left\">Sch\u00fcler-D-Cup<\/td>\n<td style=\"text-align: left\">35\u202f\u20ac<\/td>\n<td style=\"text-align: left\">12\u202f\u20ac<\/td>\n<\/tr>\n<\/tbody>\n<\/table>\n<p>Zahlung des Meldegeldes per \u00dcberweisung zeitgleich mit der Meldung vereinsweise an:<\/p>\n<dl>\n<dt>Inhaber<\/dt>\n<dd>Silke Schlittermann \/ DM Lang 2017<\/dd>\n<dt>IBAN<\/dt>\n<dd>DE88 1005 0000 1065 0452 78<\/dd>\n<dt>BIC<\/dt>\n<dd>BELADE BEXXX (Berliner Sparkasse)<\/dd>\n<\/dl>\n<h3 id=\"nach--und-ummeldungen\">Nach- und Ummeldungen<\/h3>\n<p>Nachmeldungen sind, bis auf Direktbahnen, nur im Rahmen freier Vakantpl\u00e4tze m\u00f6glich. Nach dem Meldetermin eingehende Meldungen und Ummeldungen f\u00fcr den Samstag sowie Meldungen ohne rechtzeitige \u00dcberweisung des Meldegeldes werden konsequent als Nachmeldungen behandelt. Namen und Reihenfolge der f\u00fcr den Deutschland Cup gemeldeten Teams (D-Cup, D-Cup OFFEN, Rahmen, Sch\u00fcler-D-Cup) k\u00f6nnen geb\u00fchrenfrei bis Schlie\u00dfung des Organisationsb\u00fcros am 23.09.2016, 20:00 Uhr ge\u00e4ndert werden.<\/p>\n<p>Die \u00c4nderung erfolgt durch die Meldenden direkt im O-Manager.<\/p>\n<p>Direktbahnen k\u00f6nnen auch noch am Wettkampftag ohne Nachmeldegeb\u00fchr im Org.-B\u00fcro im Rahmen vorhandener Karten gemeldet werden.<\/p>\n<h3 id=\"meldeanschrift\">Meldeanschrift<\/h3>\n<p>Meldung vereinsweise mit Angabe von Kategorie, Vor- und Zuname, Geburtsjahr, SI Chipnummer, Unterkunftsbestellung sowie Anforderung SI Chipleihe oder Kompass an:<\/p>\n<dl>\n<dt>O-Manager Deutschland<\/dt>\n<dd><a href=\"https:\/\/omanager.orientierungslauf.de\">omanager.orientierungslauf.de<\/a><\/dd>\n<dd><a href=\"https:\/\/omanager.orientierungslauf.de\/service\/f?p=105:7:::NO::P7_ID:4001\">DM Lang<\/a><\/dd>\n<dd><a href=\"https:\/\/omanager.orientierungslauf.de\/service\/f?p=105:7:::NO::P7_ID:4021\">D-Cup<\/a><\/dd>\n<dt>E Mail (f\u00fcr ausl\u00e4ndische Vereine)<\/dt>\n<dd>info.lok.schoeneweide.ol at gmx dot de<\/dd>\n<\/dl>\n<h2 id=\"vorl\u00e4ufiger-zeitplan\">Vorl\u00e4ufiger Zeitplan<\/h2>\n<h3 id=\"freitag-22.-september-2017\">Freitag, 22. September 2017<\/h3>\n<table>\n<tbody>\n<tr class=\"odd\">\n<td style=\"text-align: left\">16:00-23:00<\/td>\n<td style=\"text-align: left\">Organisationsb\u00fcro in der Sporthalle Alfred-Dengler-Stra\u00dfe 13 in Eberswalde ge\u00f6ffnet<\/td>\n<\/tr>\n<tr class=\"even\">\n<td style=\"text-align: left\">16:00<\/td>\n<td style=\"text-align: left\">\u00d6ffnung Massenquartiere<\/td>\n<\/tr>\n<\/tbody>\n<\/table>\n<p><em>Hinweis<\/em>: Ab 18:00 Uhr Parktoursprint von der Berliner Turnerschaft in Bernau (separate Ausschreibung)<\/p>\n<h3 id=\"samstag-23.-september-2017\">Samstag, 23. September 2017<\/h3>\n<table>\n<tbody>\n<tr class=\"odd\">\n<td style=\"text-align: left\">10:00-18:00<\/td>\n<td style=\"text-align: left\">Organisationsb\u00fcro im WKZ Trampe ge\u00f6ffnet<\/td>\n<\/tr>\n<tr class=\"even\">\n<td style=\"text-align: left\">12:00<\/td>\n<td style=\"text-align: left\">Nullzeit Deutsche Meisterschaft Lang OL<\/td>\n<\/tr>\n<tr class=\"odd\">\n<td style=\"text-align: left\">15:30<\/td>\n<td style=\"text-align: left\">Siegerehrung D\/H -10\/-12 im WKZ<\/td>\n<\/tr>\n<tr class=\"even\">\n<td style=\"text-align: left\">19:00-20:00<\/td>\n<td style=\"text-align: left\">Organisationsb\u00fcro bei der Siegerehrung ge\u00f6ffnet<\/td>\n<\/tr>\n<tr class=\"odd\">\n<td style=\"text-align: left\">20:00-24:00<\/td>\n<td style=\"text-align: left\">Siegerehrung und Abendveranstaltung in Eberswalde Stadthalle Alte Hufeisenfabrik<\/td>\n<\/tr>\n<\/tbody>\n<\/table>\n<h3 id=\"sonntag-24.-september-2017\">Sonntag, 24. September 2017<\/h3>\n<table>\n<tbody>\n<tr class=\"odd\">\n<td style=\"text-align: left\">8:00-12:00<\/td>\n<td style=\"text-align: left\">Organisationsb\u00fcro im WKZ Trampe ge\u00f6ffnet<\/td>\n<\/tr>\n<tr class=\"even\">\n<td style=\"text-align: left\">10:00<\/td>\n<td style=\"text-align: left\">Massenstart Deutschland\u2010Cup<\/td>\n<\/tr>\n<tr class=\"odd\">\n<td style=\"text-align: left\">10:05<\/td>\n<td style=\"text-align: left\">Massenstart D-Cup OFFEN und Sch\u00fcler-D-Cup<\/td>\n<\/tr>\n<tr class=\"even\">\n<td style=\"text-align: left\">10:10<\/td>\n<td style=\"text-align: left\">Massenstart Rahmenstaffeln<\/td>\n<\/tr>\n<tr class=\"odd\">\n<td style=\"text-align: left\">13:00<\/td>\n<td style=\"text-align: left\">Siegerehrung Deutschland Cup und Sch\u00fcler-D-Cup<\/td>\n<\/tr>\n<\/tbody>\n<\/table>\n<h2 id=\"rechtliches\">Rechtliches<\/h2>\n<dl>\n<dt>Haftungsausschluss<\/dt>\n<dd>Die Wettkampfteilnahme erfolgt auf eigene Gefahr. Ausreichender Versicherungsschutz liegt in der eigenen Verantwortung aller Wettk\u00e4mpfer. Veranstalter, Ausrichter, Waldbesitzer, Grundst\u00fcckseigent\u00fcmer und Beh\u00f6rden \u00fcbernehmen keine Haftung f\u00fcr Sch\u00e4den, die \u00fcber bestehende Versicherungen hinausgehen.<\/dd>\n<dt>Datenschutz<\/dt>\n<dd>Mit der Anmeldung erkl\u00e4rt sich jeder Teilnehmer mit der Ver\u00f6ffentlichung seiner Meldedaten, Ergebnisse und eventueller Bilder in den Medien, in den Start- und Ergebnislisten, sowie im Internet einverstanden.<\/dd>\n<\/dl>\n","protected":false},"excerpt":{"rendered":"<p>Download als PDF Deutsche Meisterschaft Lang Orientierungslauf am 23. September 2017 Deutschland Cup Orientierungslauf am 24. September 2017 Veranstalter Deutscher Turner Bund Ausrichter ESV Lok Berlin-Sch\u00f6neweide e.V. Wettkampfformat Tag Einzel [&hellip;]<\/p>\n","protected":false},"author":8,"featured_media":0,"parent":0,"menu_order":0,"comment_status":"closed","ping_status":"closed","template":"","meta":{"inline_featured_image":false,"footnotes":"","_links_to":"","_links_to_target":""},"class_list":["post-27","page","type-page","status-publish","hentry"],"_links":{"self":[{"href":"https:\/\/esvlokschoeneweide.de\/dmlang2017\/wp-json\/wp\/v2\/pages\/27","targetHints":{"allow":["GET"]}}],"collection":[{"href":"https:\/\/esvlokschoeneweide.de\/dmlang2017\/wp-json\/wp\/v2\/pages"}],"about":[{"href":"https:\/\/esvlokschoeneweide.de\/dmlang2017\/wp-json\/wp\/v2\/types\/page"}],"author":[{"embeddable":true,"href":"https:\/\/esvlokschoeneweide.de\/dmlang2017\/wp-json\/wp\/v2\/users\/8"}],"replies":[{"embeddable":true,"href":"https:\/\/esvlokschoeneweide.de\/dmlang2017\/wp-json\/wp\/v2\/comments?post=27"}],"version-history":[{"count":19,"href":"https:\/\/esvlokschoeneweide.de\/dmlang2017\/wp-json\/wp\/v2\/pages\/27\/revisions"}],"predecessor-version":[{"id":50,"href":"https:\/\/esvlokschoeneweide.de\/dmlang2017\/wp-json\/wp\/v2\/pages\/27\/revisions\/50"}],"wp:attachment":[{"href":"https:\/\/esvlokschoeneweide.de\/dmlang2017\/wp-json\/wp\/v2\/media?parent=27"}],"curies":[{"name":"wp","href":"https:\/\/api.w.org\/{rel}","templated":true}]}}