{"id":56,"date":"2017-08-04T18:46:33","date_gmt":"2017-08-04T16:46:33","guid":{"rendered":"http:\/\/esvlokschoeneweide.de\/dmlang2017\/?page_id=56"},"modified":"2017-08-04T18:46:33","modified_gmt":"2017-08-04T16:46:33","slug":"freizeitangebote","status":"publish","type":"page","link":"https:\/\/esvlokschoeneweide.de\/dmlang2017\/freizeitangebote\/","title":{"rendered":"Freizeitangebote"},"content":{"rendered":"<p><span style=\"font-size: small\"><span lang=\"de-DE\">Anmerkungen: <\/span><\/span><\/p>\n<ul>\n<li><span style=\"font-size: small\"><span lang=\"de-DE\">gut f\u00fcr Kinder geeignet = <\/span><\/span>\u263a<\/li>\n<li><span style=\"font-size: small\"><span lang=\"de-DE\">Der Veranstalter \u00fcbernimmt f\u00fcr die Informationen keine <\/span><\/span><span lang=\"de-DE\">Gew\u00e4hr.<\/span><\/li>\n<\/ul>\n<h3>Eberswalde<\/h3>\n<ul>\n<li><span lang=\"de-DE\">Freizeitbad Baff: <a href=\"http:\/\/www.baff-bad.de\">baff-bad.de<\/a>, Sportzentrum Westend, Heegerm\u00fchler Stra\u00dfe 69a, 16225 Eberswalde, Tel.: 03334\/233 22 <\/span> \u263a<\/li>\n<li><span lang=\"de-DE\">Zoologischer Garten Eberswalde: <a href=\"http:\/\/zoo.eberswalde.de\/\">zoo.eberswalde.de<\/a>, Am Wasserfall 1, 16225 Eberswalde <\/span>\u263a<\/li>\n<li><span lang=\"de-DE\">Familiengarten Eberswalde: <a href=\"http:\/\/www.familiengarten-eberswalde.de\/\">familiengarten-eberswalde.de<\/a>, Am Alten Walzwerk 1, 16227 Eberswalde, Tel.: 03334\/3849 10 <\/span>\u263a<\/li>\n<li><span lang=\"de-DE\">Finowkanal\/ Stadtschleuse: <a href=\"https:\/\/www.kag-finowkanal.de\/kontakt\/\">kag-finowkanal.de\/kontakt<\/a>, Tel.: 03334 \u2013 384913, Email: <a href=\"mailto:KAGRegionFinowkanal@telta.de\">KAGRegionFinowkanal@telta.de<\/a>, Ansprechpartner: Frau Reikja Priemuth <\/span>\u263a<\/li>\n<\/ul>\n<h3>Bad Freienwalde<\/h3>\n<ul>\n<li><span lang=\"de-DE\">Bismarckturm: <a href=\"https:\/\/bad-freienwalde.de\/bismarckturm\/\">bad-freienwalde.de\/bismarckturm<\/a>,<\/span> <span lang=\"de-DE\">Schlo\u00dfberg, 16259 Bad Freienwalde, Tel.: (03344) 332370 <\/span>\u263a<\/li>\n<\/ul>\n<h3>Biesenthal<\/h3>\n<ul>\n<li><span lang=\"de-DE\">Kaiser-Friedrich-Turm: Koordinaten Startpunkt: 52.767942359341895,13.626651763916016 <\/span>\u263a<\/li>\n<\/ul>\n<h3>Chorin<\/h3>\n<ul>\n<li><span lang=\"de-DE\">Kloster Chorin: <a href=\"http:\/\/www.kloster-chorin.org\/\">kloster-chorin.org<\/a>, Amt Chorin 11a, 16230 Chorin <\/span>\u263a<\/li>\n<\/ul>\n<h3>Joachimsthal<\/h3>\n<ul>\n<li><span lang=\"de-DE\">Reederei Wiedenh\u00f6ft: <a href=\"http:\/\/www.reederei-wiedenhoeft.de\/\">reederei-wiedenhoeft.de<\/a>, Seerandstr. 23, 16247 Joachimsthal, Tel.: 033361\/474, Funk: 0171\/5426867, E-Mail: <a href=\"mailto:werbellinsee@web.de\">werbellinsee@web.de<\/a>, <a href=\"mailto:info@reederei-wiedenhoeft.de\">info@reederei-wiedenhoeft.de<\/a> <\/span>\u263a<\/li>\n<\/ul>\n<h3>Niederfinow<\/h3>\n<ul>\n<li>Schiffshebewerk Niederfinow: <a href=\"http:\/\/www.schiffshebewerk-niederfinow.info\/\">schiffshebewerk-niederfinow.info<\/a>, Hebewerkstra\u00dfe 52, 16248 Niederfinow, Tel.: 0333 62\/ 713 77 \u263a<\/li>\n<li><span lang=\"de-DE\">Zimmermanns Senfland: <a href=\"http:\/\/www.zimmermanns-senf.de\/senfland.php\">zimmermanns-senf.de\/senfland.php<\/a>, Hebewerkstr. 81, 16248 Niederfinow, Tel.: 03 33 62 \/ 7 07 13, E-mail: <a href=\"mailto:info@zimmermanns-senf.de\">info@zimmermanns-senf.de<\/a> <\/span>\u263a<\/li>\n<\/ul>\n<h3>Oderberg<\/h3>\n<ul>\n<li><span lang=\"de-DE\">Binnenschifffahrtsmuseum Oderberg:<\/span> <span lang=\"de-DE\"><a href=\"http:\/\/www.bs-museum-oderberg.de\/\">bs-museum-oderberg.de<\/a>, Hermann-Seidel-Stra\u00dfe 44, 16248 Oderberg, Tel.: 033369\/539321, E-Mail: <a href=\"mailto:museum.oderberg@freenet.de\">museum.oderberg@freenet.de<\/a> <\/span>\u263a<\/li>\n<\/ul>\n<h3>Schorfheide<\/h3>\n<ul>\n<li><span lang=\"de-DE\">Luftfahrtmuseum Finowfurt: <a href=\"http:\/\/www.luftfahrtmuseum-finowfurt.de\/\">luftfahrtmuseum-finowfurt.de<\/a>, Museumsstra\u00dfe 1, 16244 Schorfheide <\/span>\u263a<\/li>\n<li><span lang=\"de-DE\">Wildpark Schorfheide: <a href=\"https:\/\/www.wildpark-schorfheide.de\/de\/\">wildpark-schorfheide.de<\/a>, Prenzlauer Stra\u00dfe 16, 16244 Schorfheide OT Gro\u00df Sch\u00f6nebeck, Tel.: 033393 \/ 65855, E-mail: <a href=\"mailto:info@wildpark-schorfheide.de\">info@wildpark-schorfheide.de<\/a> <\/span>\u263a<\/li>\n<li><span lang=\"de-DE\">Biosph\u00e4renreservat Schorfheide-Chorin: <a href=\"http:\/\/www.schorfheide-chorin-biosphaerenreservat.de\/\">schorfheide-chorin-biosphaerenreservat.de<\/a>, Hoher Steinweg 5-6, 16278 Angerm\u00fcnde, Tel.: +49 (0) 33 31 36 54 \u2013 0, E-mail: <a href=\"mailto:br-schorfheide-chorin@lfu.brandenburg.de\">br-schorfheide-chorin@lfu.brandenburg.de<\/a> <\/span>\u263a<\/li>\n<\/ul>\n<h3>Tiefensee<\/h3>\n<ul>\n<li><span lang=\"de-DE\">Draisinenbahn Tiefensee: <a href=\"http:\/\/www.draisinenbahn.de\/index.php?id=102\">draisinenbahn.de\/index.php?id=102<\/a>, Tel.: 033633 69080, Buchungsanfrage: <a href=\"http:\/\/www.draisinenbahn.de\/index.php?id=197\">draisinenbahn.de\/index.php?id=197<\/a> <\/span>\u263a<\/li>\n<\/ul>\n<h3>Trampe<\/h3>\n<ul>\n<li><span lang=\"de-DE\">Burg Breydin:<\/span> <span lang=\"de-DE\"><a href=\"http:\/\/www.burg-breydin.de\/\">burg-breydin.de<\/a>, 16230 Breydin-Trampe, Lage:350 m westlich des Dorfes im hinteren Teil des Schlossparkes auf dem Hexenberg, Koordinaten: 52.775511\u00b0, 13.830521\u00b0 <\/span><\/li>\n<\/ul>\n","protected":false},"excerpt":{"rendered":"<p>Anmerkungen: gut f\u00fcr Kinder geeignet = \u263a Der Veranstalter \u00fcbernimmt f\u00fcr die Informationen keine Gew\u00e4hr. Eberswalde Freizeitbad Baff: baff-bad.de, Sportzentrum Westend, Heegerm\u00fchler Stra\u00dfe 69a, 16225 Eberswalde, Tel.: 03334\/233 22 \u263a [&hellip;]<\/p>\n","protected":false},"author":8,"featured_media":0,"parent":0,"menu_order":0,"comment_status":"closed","ping_status":"closed","template":"","meta":{"inline_featured_image":false,"footnotes":"","_links_to":"","_links_to_target":""},"class_list":["post-56","page","type-page","status-publish","hentry"],"_links":{"self":[{"href":"https:\/\/esvlokschoeneweide.de\/dmlang2017\/wp-json\/wp\/v2\/pages\/56","targetHints":{"allow":["GET"]}}],"collection":[{"href":"https:\/\/esvlokschoeneweide.de\/dmlang2017\/wp-json\/wp\/v2\/pages"}],"about":[{"href":"https:\/\/esvlokschoeneweide.de\/dmlang2017\/wp-json\/wp\/v2\/types\/page"}],"author":[{"embeddable":true,"href":"https:\/\/esvlokschoeneweide.de\/dmlang2017\/wp-json\/wp\/v2\/users\/8"}],"replies":[{"embeddable":true,"href":"https:\/\/esvlokschoeneweide.de\/dmlang2017\/wp-json\/wp\/v2\/comments?post=56"}],"version-history":[{"count":4,"href":"https:\/\/esvlokschoeneweide.de\/dmlang2017\/wp-json\/wp\/v2\/pages\/56\/revisions"}],"predecessor-version":[{"id":60,"href":"https:\/\/esvlokschoeneweide.de\/dmlang2017\/wp-json\/wp\/v2\/pages\/56\/revisions\/60"}],"wp:attachment":[{"href":"https:\/\/esvlokschoeneweide.de\/dmlang2017\/wp-json\/wp\/v2\/media?parent=56"}],"curies":[{"name":"wp","href":"https:\/\/api.w.org\/{rel}","templated":true}]}}