{"id":11,"date":"2025-12-03T14:00:17","date_gmt":"2025-12-03T13:00:17","guid":{"rendered":"http:\/\/esvlokschoeneweide.de\/fussball\/?page_id=11"},"modified":"2026-01-18T16:17:58","modified_gmt":"2026-01-18T15:17:58","slug":"home","status":"publish","type":"page","link":"https:\/\/esvlokschoeneweide.de\/fussball\/","title":{"rendered":"Startseite"},"content":{"rendered":"\n<div style=\"height:18px\" aria-hidden=\"true\" class=\"wp-block-spacer\"><\/div>\n\n\n\n<hr class=\"wp-block-separator has-alpha-channel-opacity is-style-wide\" \/>\n\n\n\n<div style=\"height:17px\" aria-hidden=\"true\" class=\"wp-block-spacer\"><\/div>\n\n\n\n<div class=\"wp-block-group\"><div class=\"wp-block-group__inner-container is-layout-constrained wp-block-group-is-layout-constrained\">\n<div class=\"wp-block-columns is-layout-flex wp-container-core-columns-is-layout-9d6595d7 wp-block-columns-is-layout-flex\">\n<div class=\"wp-block-column is-layout-flow wp-block-column-is-layout-flow\" style=\"flex-basis:100%\">\n<div class=\"wp-block-columns is-layout-flex wp-container-core-columns-is-layout-9d6595d7 wp-block-columns-is-layout-flex\">\n<div class=\"wp-block-column is-layout-flow wp-block-column-is-layout-flow\" style=\"flex-basis:100%\">\n<div class=\"wp-block-columns is-layout-flex wp-container-core-columns-is-layout-9d6595d7 wp-block-columns-is-layout-flex\">\n<div class=\"wp-block-column is-layout-flow wp-block-column-is-layout-flow\" style=\"flex-basis:100%\">\n<h1 class=\"has-text-align-center\"><span style=\"color: #000000;font-size: 18pt\">Willkommen bei den&nbsp;Fu\u00dfballern des ESV Lok Sch\u00f6neweide<\/span><\/h1>\n\n\n\n<p class=\"has-text-align-center\"><\/p>\n\n\n\n<p class=\"has-text-align-center\"><\/p>\n<\/div>\n<\/div>\n<\/div>\n<\/div>\n\n\n\n<p class=\"has-text-align-center\"><\/p>\n<\/div>\n<\/div>\n\n\n\n<figure class=\"wp-block-gallery has-nested-images columns-default is-cropped wp-block-gallery-1 is-layout-flex wp-block-gallery-is-layout-flex\"><\/figure>\n\n\n<div class=\"wp-block-image is-resized\">\n<figure class=\"alignright\"><img loading=\"lazy\" decoding=\"async\" width=\"1024\" height=\"671\" src=\"https:\/\/esvlokschoeneweide.de\/fussball\/files\/2019\/06\/IMG_21371-1024x671.jpg\" alt=\"\" class=\"wp-image-4309\" srcset=\"https:\/\/esvlokschoeneweide.de\/fussball\/files\/2019\/06\/IMG_21371-1024x671.jpg 1024w, https:\/\/esvlokschoeneweide.de\/fussball\/files\/2019\/06\/IMG_21371-300x196.jpg 300w, https:\/\/esvlokschoeneweide.de\/fussball\/files\/2019\/06\/IMG_21371-768x503.jpg 768w\" sizes=\"auto, (max-width: 1024px) 100vw, 1024px\" \/><\/figure>\n<\/div>\n\n\n<p class=\"has-text-align-left\" style=\"font-size: 14px;text-align: left\">Ein herzliches Willkommen bei den Fu\u00dfballern des ESV Lok Sch\u00f6neweide. Wenn Ihr mehr \u00fcber uns erfahren wollt, dann schaut Euch einfach auf unserer Homepage um. Dort stellen wir unsere aktuellen Mannschaften sowie unseren Fu\u00dfballvorstand mit Ansprechpartnern vor.<\/p>\n<p class=\"has-text-align-left\" style=\"font-size: 14px;text-align: left\">Wir trainieren auf unseren Rasenplatz und dort finden auch unsere Spiele statt. Unsere offiziellen Spielansetzungen, Spielergebnisse und Saisonergebnisse k\u00f6nnt Ihr auf Fussball.de verfolgen.&nbsp;<\/p>\n<h3 class=\"has-text-align-left\" style=\"font-size: 14px;text-align: left\"><strong>Wenn Ihr irgendwelche Fragen oder eventuell Interesse habt, dann meldet Euch per Mail an: esvlokfussball@gmx.net<\/strong><\/h3>\n<p class=\"has-text-align-left\" style=\"font-size: 14px;text-align: left\">Sportliche Gr\u00fc\u00dfe Euer ESV Lok<\/p>\n<p>&nbsp;<\/p>\n\n\n\n<div style=\"height:18px\" aria-hidden=\"true\" class=\"wp-block-spacer\"><\/div>\n\n\n\n<hr class=\"wp-block-separator has-alpha-channel-opacity is-style-wide\" \/>\n\n\n\n<div style=\"height:18px\" aria-hidden=\"true\" class=\"wp-block-spacer\"><\/div>\n<\/div><\/div>\n\n\n<figure class=\"wp-block-embed is-type-video is-provider-youtube wp-block-embed-youtube wp-embed-aspect-16-9 wp-has-aspect-ratio\"><\/figure>\n<h2 style=\"text-align: center\">I<strong>mpressionen \u00fcber unseren Sportplatz<\/strong><\/h2>\n<p class=\"has-text-align-left\" style=\"font-size: 14px;text-align: left\">Sport kann ein Team st\u00e4rken und f\u00fcr weitere gro\u00dfe Aufgaben festigen. G\u00f6nnen Sie sich und Ihren Mitarbeitern, Freunden und Bekannten doch mal ein paar Stunden Spa\u00df, Sport und Spiel und kommen Sie einfach mal vorbei und schauen sie sich um. <br \/>Bilden sie ein kleines Team und spielen sie doch Fu\u00dfball bei uns.&nbsp;<br \/>Jeder Zeit freuen wir uns \u00fcber neue Mitglieder. Sei es in einer unserer Freizeitmannschaften, oder<br \/>in den Mannschaften, die im Spielbetrieb des Berliner Fu\u00dfball Verbandes stehen. Gern nehmen wir auch neue Freizeitmannschaften in unseren Verein auf.&nbsp;<\/p>\n\n\n<figure class=\"wp-block-embed aligncenter is-type-video is-provider-youtube wp-block-embed-youtube wp-embed-aspect-16-9 wp-has-aspect-ratio\"><div class=\"wp-block-embed__wrapper\">\n<div class=\"video-wrapped\" style=\"width: 500px; height: 281px; background-image: url('https:\/\/esvlokschoeneweide.de\/fussball\/wp-content\/plugins\/video-embed-privacy\/preview\/cYeNcqC9XYY.jpg')\" data-embed-frame=\"&lt;iframe title=&quot;ESV Lok Sch\u00f6neweide \/ Abteilung Fussball&quot; width=&quot;500&quot; height=&quot;281&quot; src=&quot;https:\/\/www.youtube.com\/embed\/cYeNcqC9XYY?start=1&amp;feature=oembed&quot; frameborder=&quot;0&quot; allow=&quot;accelerometer; autoplay; clipboard-write; encrypted-media; gyroscope; picture-in-picture; web-share&quot; referrerpolicy=&quot;strict-origin-when-cross-origin&quot; allowfullscreen&gt;&lt;\/iframe&gt;\" data-embed-play=\"Abspielen&lt;div class=&quot;small&quot;&gt;Das Video wird von Youtube eingebettet abespielt. Es gilt die &lt;a href=&quot;https:\/\/www.google.com\/intl\/de\/policies\/privacy\/&quot; target=&quot;_blank&quot;&gt;Datenschutzerkl\u00e4rung von Google&lt;\/a&gt;&lt;\/div&gt;\"><div class=\"video-wrapped-nojs\">Aktivieren Sie JavaScript um das Video zu sehen.<br\/><a href=\"https:\/\/www.youtube.com\/watch?v=cYeNcqC9XYY&amp;t=1s\">https:\/\/www.youtube.com\/watch?v=cYeNcqC9XYY&#038;t=1s<\/a><\/div><\/div>\n<\/div><\/figure>\n\n\n\n<div style=\"height:19px\" aria-hidden=\"true\" class=\"wp-block-spacer\"><\/div>\n\n\n\n<hr class=\"wp-block-separator has-alpha-channel-opacity is-style-wide\" \/>\n\n\n\n<h2 class=\"wp-block-heading\">Geschichte der Abteilung Fussball<\/h2>\n\n\n\n<figure class=\"wp-block-image size-full\"><a href=\"https:\/\/esvlokschoeneweide.de\/fussball\/files\/2019\/06\/index1-2.png\"><img loading=\"lazy\" decoding=\"async\" width=\"96\" height=\"96\" src=\"https:\/\/esvlokschoeneweide.de\/fussball\/files\/2019\/06\/index1-2.png\" alt=\"\" class=\"wp-image-4404\" \/><\/a><\/figure>\n\n\n\n<p>Am 10.03.1951 wurde die BSG Lokomotive Berlin-Sch\u00f6neweide gegr\u00fcndet, zu den \u201eGr\u00fcndungsv\u00e4tern\u201c geh\u00f6rte die Sektion Fu\u00dfball. Die Fu\u00dfballer hatten bis 1990 im Ostteil von Berlin einen guten Ruf. Die M\u00e4nner spielten lange in der Bezirksliga und die gro\u00dfe Nachwuchsabteilung bildete viele Sportler f\u00fcr h\u00f6here Ligen aus. F\u00fcr dieses guten Ansehen seien hier nur genannt: Harry R\u00f6lke, Manfred \u201eKater\u201c Friedrich und Alfred Schneider. Am 01.07.1994 meldete sich die Abteilung Fu\u00dfball vom ESV Lok ab, sie gingen zum FC Treptow. Als Nachfolger mieteten sich die Fu\u00dfballer vom FC Rot-Schwarz Oberspree (vormals BSG Lokomotive Berlin Oberspree) am Adlergestell ein.<\/p>\n\n\n\n<p>Im Mai 2024 startete das gro\u00dfe Projekt, eine vollst\u00e4ndige Jugendabteilung aufzubauen. Bereits zur Hinrunde der Saison 24\/25 konnten 2 Mannschaften in den Spielbetrieb starten. Zur R\u00fcckrunde waren es bereits 5 Mannschaften. <\/p>\n\n\n\n<p>F\u00fcr die Saison 25\/26 sind nun 7 Mannschaften in Planung. <\/p>\n\n\n\n<p>Kommt mit in unser Team, ESV Lok! <\/p>\n\n\n\n<hr class=\"wp-block-separator has-alpha-channel-opacity is-style-wide\" \/>\n\n\n\n<p class=\"has-text-align-center\"><strong>Stand: 19.12.2025<\/strong><\/p>\n\n\n\n<p><\/p>\n","protected":false},"excerpt":{"rendered":"<p>Willkommen bei den&nbsp;Fu\u00dfballern des ESV Lok Sch\u00f6neweide Ein herzliches Willkommen bei den Fu\u00dfballern des ESV Lok Sch\u00f6neweide. Wenn Ihr mehr \u00fcber uns erfahren wollt, dann schaut Euch einfach auf unserer [&hellip;]<\/p>\n","protected":false},"author":2,"featured_media":0,"parent":0,"menu_order":1,"comment_status":"closed","ping_status":"closed","template":"","meta":{"inline_featured_image":false,"ngg_post_thumbnail":0,"footnotes":"","_links_to":"","_links_to_target":""},"class_list":["post-11","page","type-page","status-publish","hentry"],"_links":{"self":[{"href":"https:\/\/esvlokschoeneweide.de\/fussball\/wp-json\/wp\/v2\/pages\/11","targetHints":{"allow":["GET"]}}],"collection":[{"href":"https:\/\/esvlokschoeneweide.de\/fussball\/wp-json\/wp\/v2\/pages"}],"about":[{"href":"https:\/\/esvlokschoeneweide.de\/fussball\/wp-json\/wp\/v2\/types\/page"}],"author":[{"embeddable":true,"href":"https:\/\/esvlokschoeneweide.de\/fussball\/wp-json\/wp\/v2\/users\/2"}],"replies":[{"embeddable":true,"href":"https:\/\/esvlokschoeneweide.de\/fussball\/wp-json\/wp\/v2\/comments?post=11"}],"version-history":[{"count":1417,"href":"https:\/\/esvlokschoeneweide.de\/fussball\/wp-json\/wp\/v2\/pages\/11\/revisions"}],"predecessor-version":[{"id":5078,"href":"https:\/\/esvlokschoeneweide.de\/fussball\/wp-json\/wp\/v2\/pages\/11\/revisions\/5078"}],"wp:attachment":[{"href":"https:\/\/esvlokschoeneweide.de\/fussball\/wp-json\/wp\/v2\/media?parent=11"}],"curies":[{"name":"wp","href":"https:\/\/api.w.org\/{rel}","templated":true}]}}