{"id":3883,"date":"2025-12-19T18:44:14","date_gmt":"2025-12-19T17:44:14","guid":{"rendered":"http:\/\/esvlokschoeneweide.de\/fussball\/?page_id=3883"},"modified":"2025-12-19T12:01:58","modified_gmt":"2025-12-19T11:01:58","slug":"vorstand-und-kontakte-2","status":"publish","type":"page","link":"https:\/\/esvlokschoeneweide.de\/fussball\/vorstand-und-kontakte-2\/","title":{"rendered":"Wir \u00fcber uns"},"content":{"rendered":"\n<p style=\"font-size:14px\">Hier stellen wir uns vor. Auf den weiteren Unterseiten k\u00f6nnt ihr mehr von uns erfahren. Es stellen sich der Vorstand der Abteilung Fu\u00dfball vor, weiterhin k\u00f6nnt ihr unsere aktuellen Beitr\u00e4ge einsehen. Wenn Ihr Fragen habt, wendet euch an uns. Ihr bekommt dann zeitnah eine Antwort auf\u00a0Eure Fragen. E-Mail . esvlokfussball@gmx.net<\/p>\n\n\n\n<div style=\"height:30px\" aria-hidden=\"true\" class=\"wp-block-spacer\"><\/div>\n\n\n\n<h2 class=\"wp-block-heading\">Geschichte der Abteilung Fussball<\/h2>\n\n\n\n<figure class=\"wp-block-image\"><img loading=\"lazy\" decoding=\"async\" width=\"96\" height=\"96\" src=\"https:\/\/esvlokschoeneweide.de\/fussball\/files\/2019\/06\/index1.png\" alt=\"\" class=\"wp-image-4401\" \/><\/figure>\n\n\n\n<p class=\"has-text-align-left\" style=\"font-size:14px\">Am 10.03.1951 wurde die BSG Lokomotive Berlin-Sch\u00f6neweide gegr\u00fcndet, zu den \u201eGr\u00fcndungsv\u00e4tern\u201c geh\u00f6rte die Sektion Fu\u00dfball. Die Fu\u00dfballer hatten bis 1990 im Ostteil von Berlin einen guten Ruf. Die M\u00e4nner spielten lange in der Bezirksliga und die gro\u00dfe Nachwuchsabteilung bildete viele Sportler f\u00fcr h\u00f6here Ligen aus. F\u00fcr dieses guten Ansehen seien hier nur genannt: Harry R\u00f6lke, Manfred \u201eKater\u201c Friedrich und Alfred Schneider. Am 01.07.1994 meldete sich die Abteilung Fu\u00dfball vom ESV Lok ab, sie gingen zum FC Treptow. Als Nachfolger mieteten sich die Fu\u00dfballer vom FC Rot-Schwarz Oberspree (vormals BSG Lokomotive Berlin Oberspree) am Adlergestell ein.<\/p>\n\n\n\n<p><\/p>\n","protected":false},"excerpt":{"rendered":"<p>Hier stellen wir uns vor. Auf den weiteren Unterseiten k\u00f6nnt ihr mehr von uns erfahren. Es stellen sich der Vorstand der Abteilung Fu\u00dfball vor, weiterhin k\u00f6nnt ihr unsere aktuellen Beitr\u00e4ge [&hellip;]<\/p>\n","protected":false},"author":2,"featured_media":0,"parent":0,"menu_order":0,"comment_status":"closed","ping_status":"closed","template":"","meta":{"inline_featured_image":false,"ngg_post_thumbnail":0,"footnotes":"","_links_to":"","_links_to_target":""},"class_list":["post-3883","page","type-page","status-publish","hentry"],"_links":{"self":[{"href":"https:\/\/esvlokschoeneweide.de\/fussball\/wp-json\/wp\/v2\/pages\/3883","targetHints":{"allow":["GET"]}}],"collection":[{"href":"https:\/\/esvlokschoeneweide.de\/fussball\/wp-json\/wp\/v2\/pages"}],"about":[{"href":"https:\/\/esvlokschoeneweide.de\/fussball\/wp-json\/wp\/v2\/types\/page"}],"author":[{"embeddable":true,"href":"https:\/\/esvlokschoeneweide.de\/fussball\/wp-json\/wp\/v2\/users\/2"}],"replies":[{"embeddable":true,"href":"https:\/\/esvlokschoeneweide.de\/fussball\/wp-json\/wp\/v2\/comments?post=3883"}],"version-history":[{"count":15,"href":"https:\/\/esvlokschoeneweide.de\/fussball\/wp-json\/wp\/v2\/pages\/3883\/revisions"}],"predecessor-version":[{"id":4935,"href":"https:\/\/esvlokschoeneweide.de\/fussball\/wp-json\/wp\/v2\/pages\/3883\/revisions\/4935"}],"wp:attachment":[{"href":"https:\/\/esvlokschoeneweide.de\/fussball\/wp-json\/wp\/v2\/media?parent=3883"}],"curies":[{"name":"wp","href":"https:\/\/api.w.org\/{rel}","templated":true}]}}