{"id":4967,"date":"2025-12-07T16:51:54","date_gmt":"2025-12-07T15:51:54","guid":{"rendered":"https:\/\/esvlokschoeneweide.de\/fussball\/?page_id=4967"},"modified":"2025-12-19T12:01:00","modified_gmt":"2025-12-19T11:01:00","slug":"sponsoren-und-spender","status":"publish","type":"page","link":"https:\/\/esvlokschoeneweide.de\/fussball\/sponsoren-und-spender\/","title":{"rendered":"Sponsoren und Spender"},"content":{"rendered":"\n<p>Wir m\u00f6chten uns bei unseren Sponsoren bedanken, die uns bei dem Aufbau und der Ausstattung unterst\u00fctzen.<\/p>\n\n\n\n<p><strong>Unserem Hauptsponsor:&nbsp;&nbsp;&nbsp;&nbsp;&nbsp;&nbsp;&nbsp;&nbsp;&nbsp;&nbsp;&nbsp;&nbsp;&nbsp;&nbsp;&nbsp;&nbsp;&nbsp;&nbsp;&nbsp;&nbsp;&nbsp;&nbsp;&nbsp;&nbsp;&nbsp;&nbsp;&nbsp;&nbsp;&nbsp;&nbsp;&nbsp;&nbsp;&nbsp;&nbsp;&nbsp;&nbsp;&nbsp;&nbsp;&nbsp;&nbsp;&nbsp;&nbsp;&nbsp;&nbsp;&nbsp;&nbsp;&nbsp;&nbsp;&nbsp;&nbsp;&nbsp;&nbsp;&nbsp;&nbsp; &nbsp;&nbsp;&nbsp;&nbsp;&nbsp;&nbsp;&nbsp;&nbsp;&nbsp;&nbsp;&nbsp;&nbsp;&nbsp;<\/strong><\/p>\n\n\n\n<p><strong>Bergemann &amp; H\u00f6hne<\/strong><\/p>\n\n\n\n<p><strong>Gro\u00df-Berliner Damm 73 D<\/strong>,&nbsp;<strong>12439 Berlin&nbsp;&nbsp;&nbsp;&nbsp;<\/strong><\/p>\n\n\n\n<p><strong>Trikotsponsor:&nbsp;&nbsp;<\/strong><\/p>\n\n\n\n<p><strong>BODENHAUS Berlin-Sch\u00f6neweide<\/strong><\/p>\n\n\n\n<p><strong>Schnellerstra\u00dfe 134, 12439 Berlin<\/strong><\/p>\n\n\n\n<figure class=\"wp-block-image size-large\"><a href=\"https:\/\/esvlokschoeneweide.de\/fussball\/files\/2025\/06\/IMG-20250503-WA0016.jpg\"><img decoding=\"async\" src=\"https:\/\/esvlokschoeneweide.de\/fussball\/files\/2025\/06\/IMG-20250503-WA0016-1024x863.jpg\" alt=\"\" class=\"wp-image-4968\" \/><\/a><\/figure>\n\n\n\n<p><\/p>\n","protected":false},"excerpt":{"rendered":"<p>Wir m\u00f6chten uns bei unseren Sponsoren bedanken, die uns bei dem Aufbau und der Ausstattung unterst\u00fctzen. Unserem Hauptsponsor:&nbsp;&nbsp;&nbsp;&nbsp;&nbsp;&nbsp;&nbsp;&nbsp;&nbsp;&nbsp;&nbsp;&nbsp;&nbsp;&nbsp;&nbsp;&nbsp;&nbsp;&nbsp;&nbsp;&nbsp;&nbsp;&nbsp;&nbsp;&nbsp;&nbsp;&nbsp;&nbsp;&nbsp;&nbsp;&nbsp;&nbsp;&nbsp;&nbsp;&nbsp;&nbsp;&nbsp;&nbsp;&nbsp;&nbsp;&nbsp;&nbsp;&nbsp;&nbsp;&nbsp;&nbsp;&nbsp;&nbsp;&nbsp;&nbsp;&nbsp;&nbsp;&nbsp;&nbsp;&nbsp; &nbsp;&nbsp;&nbsp;&nbsp;&nbsp;&nbsp;&nbsp;&nbsp;&nbsp;&nbsp;&nbsp;&nbsp;&nbsp; Bergemann &amp; H\u00f6hne Gro\u00df-Berliner Damm 73 D,&nbsp;12439 Berlin&nbsp;&nbsp;&nbsp;&nbsp; Trikotsponsor:&nbsp;&nbsp; BODENHAUS Berlin-Sch\u00f6neweide [&hellip;]<\/p>\n","protected":false},"author":2,"featured_media":0,"parent":0,"menu_order":0,"comment_status":"closed","ping_status":"closed","template":"","meta":{"inline_featured_image":false,"ngg_post_thumbnail":0,"footnotes":"","_links_to":"","_links_to_target":""},"class_list":["post-4967","page","type-page","status-publish","hentry"],"_links":{"self":[{"href":"https:\/\/esvlokschoeneweide.de\/fussball\/wp-json\/wp\/v2\/pages\/4967","targetHints":{"allow":["GET"]}}],"collection":[{"href":"https:\/\/esvlokschoeneweide.de\/fussball\/wp-json\/wp\/v2\/pages"}],"about":[{"href":"https:\/\/esvlokschoeneweide.de\/fussball\/wp-json\/wp\/v2\/types\/page"}],"author":[{"embeddable":true,"href":"https:\/\/esvlokschoeneweide.de\/fussball\/wp-json\/wp\/v2\/users\/2"}],"replies":[{"embeddable":true,"href":"https:\/\/esvlokschoeneweide.de\/fussball\/wp-json\/wp\/v2\/comments?post=4967"}],"version-history":[{"count":1,"href":"https:\/\/esvlokschoeneweide.de\/fussball\/wp-json\/wp\/v2\/pages\/4967\/revisions"}],"predecessor-version":[{"id":4970,"href":"https:\/\/esvlokschoeneweide.de\/fussball\/wp-json\/wp\/v2\/pages\/4967\/revisions\/4970"}],"wp:attachment":[{"href":"https:\/\/esvlokschoeneweide.de\/fussball\/wp-json\/wp\/v2\/media?parent=4967"}],"curies":[{"name":"wp","href":"https:\/\/api.w.org\/{rel}","templated":true}]}}