{"id":10,"date":"2013-02-07T13:35:39","date_gmt":"2013-02-07T11:35:39","guid":{"rendered":"http:\/\/esvlokschoeneweide.de\/gesundheitssport\/?page_id=10"},"modified":"2015-12-01T00:01:12","modified_gmt":"2015-11-30T22:01:12","slug":"home","status":"publish","type":"page","link":"https:\/\/esvlokschoeneweide.de\/gesundheitssport\/","title":{"rendered":"Abteilung \u201eGesundheitssport\u201c"},"content":{"rendered":"<p><a href=\"http:\/\/esvlokschoeneweide.de\/gesundheitssport\/files\/2013\/02\/bildcompose1.jpg\"><img loading=\"lazy\" decoding=\"async\" class=\"size-full wp-image-34 aligncenter\" src=\"http:\/\/esvlokschoeneweide.de\/gesundheitssport\/files\/2013\/02\/bildcompose1.jpg\" alt=\"bildcompose1\" width=\"640\" height=\"200\" srcset=\"https:\/\/esvlokschoeneweide.de\/gesundheitssport\/files\/2013\/02\/bildcompose1.jpg 640w, https:\/\/esvlokschoeneweide.de\/gesundheitssport\/files\/2013\/02\/bildcompose1-300x93.jpg 300w\" sizes=\"auto, (max-width: 640px) 100vw, 640px\" \/><\/a><\/p>\n<h2 style=\"clear: both;\">Man kann etwas f\u00fcr seine Gesundheit tun!<\/h2>\n<p>Anf\u00e4lligkeit f\u00fcr Erk\u00e4ltungskrankheiten, Kreislaufprobleme, \u00dcbergewicht und Probleme mit den Gelenken und dem St\u00fctzapparat, gegen all diese \u201emodernen\u201c Zivilisationskrankheiten ist ein Kraut gewachsen, die Abteilung \u201eGesundheitssport\u201c des ESV Lok Sch\u00f6neweide.<\/p>\n<p>Die versierten und einf\u00fchlsamen \u00dcbungsleiter beraten die Sportler individuell, welche \u00dcbungen f\u00fcr die jeweiligen Probleme die effektivsten sind und welchen Umfang sie haben sollten. In diesem Zusammenhang werden auch M\u00f6glichkeiten des Fitnessraumes vom ESV Lok Sch\u00f6neweide mit in der Beratung einbezogen.<\/p>\n<p><a href=\"http:\/\/esvlokschoeneweide.de\/gesundheitssport\/files\/2013\/02\/bild9.jpg\"><img decoding=\"async\" src=\"http:\/\/esvlokschoeneweide.de\/gesundheitssport\/files\/2013\/02\/bild9.jpg\" alt=\"SAMSUNG DIGITAL CAMERA\" width=\"140\" align=\"left\" \/><\/a>Die M\u00f6glichkeiten der W\u00e4rme- und Wasserbehandlung erm\u00f6glichen es gezielt das Immunsystem wie auch den Kreislauf zu st\u00e4rken.<\/p>\n<p>Erk\u00e4ltungskrankheiten haben keine Chance!<\/p>\n<p>&nbsp;<\/p>\n<h2>Voraussetzung f\u00fcr die Teilnahme<\/h2>\n<p>Jeder Interessent und Teilnehmer sollte vorher seine Tauglichkeit mit seinem Hausarzt abstimmen.<\/p>\n<h2>Organisation des Abteilungssportes<\/h2>\n<p>Da es in unserer Abteilung keine Wettk\u00e4mpfe gibt, herrscht bei uns, bei aller Disziplin, eine lockere und entspannte Atmosph\u00e4re. Wie es unter Gleichgesinnten \u00fcblich ist, werden im \u00dcbungsbetrieb neben konzentrierten Phasen auch Zeiten zwanglosen Gespr\u00e4ches, bei dem ein Scherz dabei sein kann, gepflegt.<\/p>\n<h2>Sportst\u00e4tte<\/h2>\n<p>Die Sportst\u00e4tte befindet sich im Werk Sch\u00f6neweide der S Bahn Berlin GmbH.<\/p>\n<h2>\u00dcbungszeiten<\/h2>\n<div>F\u00fcr Frauen jeden Mittwoch von 9.00 Uhr bis 17.00 Uhr<\/div>\n<div>F\u00fcr M\u00e4nner jeden Dienstag 9.00 Uhr bis 17.00 Uhr<\/div>\n<h2>Beitragsh\u00f6he<\/h2>\n<p>Monatlich 15,- \u20ac, erm\u00e4\u00dfigt 9,- \u20ac<\/p>\n","protected":false},"excerpt":{"rendered":"<p>Man kann etwas f\u00fcr seine Gesundheit tun! Anf\u00e4lligkeit f\u00fcr Erk\u00e4ltungskrankheiten, Kreislaufprobleme, \u00dcbergewicht und Probleme mit den Gelenken und dem St\u00fctzapparat, gegen all diese \u201emodernen\u201c Zivilisationskrankheiten ist ein Kraut gewachsen, die [&hellip;]<\/p>\n","protected":false},"author":1,"featured_media":0,"parent":0,"menu_order":0,"comment_status":"closed","ping_status":"closed","template":"","meta":{"inline_featured_image":false,"ngg_post_thumbnail":0,"footnotes":"","_links_to":"","_links_to_target":""},"class_list":["post-10","page","type-page","status-publish","hentry"],"_links":{"self":[{"href":"https:\/\/esvlokschoeneweide.de\/gesundheitssport\/wp-json\/wp\/v2\/pages\/10","targetHints":{"allow":["GET"]}}],"collection":[{"href":"https:\/\/esvlokschoeneweide.de\/gesundheitssport\/wp-json\/wp\/v2\/pages"}],"about":[{"href":"https:\/\/esvlokschoeneweide.de\/gesundheitssport\/wp-json\/wp\/v2\/types\/page"}],"author":[{"embeddable":true,"href":"https:\/\/esvlokschoeneweide.de\/gesundheitssport\/wp-json\/wp\/v2\/users\/1"}],"replies":[{"embeddable":true,"href":"https:\/\/esvlokschoeneweide.de\/gesundheitssport\/wp-json\/wp\/v2\/comments?post=10"}],"version-history":[{"count":17,"href":"https:\/\/esvlokschoeneweide.de\/gesundheitssport\/wp-json\/wp\/v2\/pages\/10\/revisions"}],"predecessor-version":[{"id":76,"href":"https:\/\/esvlokschoeneweide.de\/gesundheitssport\/wp-json\/wp\/v2\/pages\/10\/revisions\/76"}],"wp:attachment":[{"href":"https:\/\/esvlokschoeneweide.de\/gesundheitssport\/wp-json\/wp\/v2\/media?parent=10"}],"curies":[{"name":"wp","href":"https:\/\/api.w.org\/{rel}","templated":true}]}}