{"id":351,"date":"2021-09-30T22:48:23","date_gmt":"2021-09-30T20:48:23","guid":{"rendered":"https:\/\/esvlokschoeneweide.de\/gymnastik\/?page_id=351"},"modified":"2021-09-30T22:48:28","modified_gmt":"2021-09-30T20:48:28","slug":"zumba-co","status":"publish","type":"page","link":"https:\/\/esvlokschoeneweide.de\/gymnastik\/zumba-co\/","title":{"rendered":"Zumba &amp; Co"},"content":{"rendered":"\n<p class=\"has-black-color has-text-color has-medium-font-size\">Line Dance, Zumba und Aroha sind unterschiedliche Tanzgymnastik-Formen, mit denen wir an jedem letzten Mittwoch im Monat unser Gymnastiktraining auflockern und die hier kurz vorgestellt werden sollen. <\/p>\n\n\n\n<p class=\"has-black-color has-text-color\" style=\"font-size:21px\"><strong>Line Dance<\/strong><\/p>\n\n\n\n<p class=\"has-black-color has-text-color has-medium-font-size\">Beim Line Dance bewegen sich die T\u00e4nzer in Reihen und Linien nach einer vorgegebenen Choreografie vor- und nebeneinander. Die Musik entstammt zumeist aus den Kategorien Country und Pop.  Der Titel Mamma Maria in der Choreografie von Frank Trace geh\u00f6rt zu unserem Repertoire. Das Video zeigt Frank Trace selbst mit seinen Sch\u00fclern.<\/p>\n\n\n\n<figure class=\"wp-block-embed is-type-video is-provider-youtube wp-block-embed-youtube wp-embed-aspect-4-3 wp-has-aspect-ratio\"><div class=\"wp-block-embed__wrapper\">\n<div class=\"video-wrapped\" style=\"width: 500px; height: 375px; background-image: url('https:\/\/esvlokschoeneweide.de\/gymnastik\/wp-content\/plugins\/video-embed-privacy\/preview\/RSEGHxS0nFg.jpg')\" data-embed-frame=\"&lt;iframe title=&quot;Mamma Maria Line Dance&quot; width=&quot;500&quot; height=&quot;375&quot; src=&quot;https:\/\/www.youtube.com\/embed\/RSEGHxS0nFg?feature=oembed&quot; frameborder=&quot;0&quot; allow=&quot;accelerometer; autoplay; clipboard-write; encrypted-media; gyroscope; picture-in-picture; web-share&quot; referrerpolicy=&quot;strict-origin-when-cross-origin&quot; allowfullscreen&gt;&lt;\/iframe&gt;\" data-embed-play=\"Abspielen&lt;div class=&quot;small&quot;&gt;Das Video wird von Youtube eingebettet abespielt. Es gilt die &lt;a href=&quot;https:\/\/www.google.com\/intl\/de\/policies\/privacy\/&quot; target=&quot;_blank&quot;&gt;Datenschutzerkl\u00e4rung von Google&lt;\/a&gt;&lt;\/div&gt;\"><div class=\"video-wrapped-nojs\">Aktivieren Sie JavaScript um das Video zu sehen.<br\/><a href=\"https:\/\/youtu.be\/RSEGHxS0nFg?list=RDRSEGHxS0nFg\">https:\/\/youtu.be\/RSEGHxS0nFg?list=RDRSEGHxS0nFg<\/a><\/div><\/div>\n<\/div><\/figure>\n\n\n\n<p class=\"has-black-color has-text-color\" style=\"font-size:21px\"><strong>Zumba<\/strong><\/p>\n\n\n\n<p class=\"has-black-color has-text-color has-medium-font-size\">Zumba kombiniert Aerobicelemente mit zumeist lateinamerikanischer Tanzmusik. Wir betreiben die mildere Form Zumba Gold, entwickelt f\u00fcr \u00e4ltere T\u00e4nzer. Aber auch Zumba Gold ist wesentlich bewegungsintensiver als Line Dance. Das YouTube Video zeigt eine Zumba Formation nach dem Salsa Titel La Bomba von Ricky Martin mit \u00e4hnlichen Elementen wie wir sie zu  Zumbalicious Salsa tanzen.<\/p>\n\n\n\n<figure class=\"wp-block-embed is-type-video is-provider-youtube wp-block-embed-youtube wp-embed-aspect-16-9 wp-has-aspect-ratio\"><div class=\"wp-block-embed__wrapper\">\n<div class=\"video-wrapped\" style=\"width: 500px; height: 281px; background-image: url('https:\/\/esvlokschoeneweide.de\/gymnastik\/wp-content\/plugins\/video-embed-privacy\/preview\/HuKuMO1Nh60.jpg')\" data-embed-frame=\"&lt;iframe title=&quot;Zumba Gold - salsa - Ricky Martin - La bomba - Zumba \u00e0 Li\u00e8ge&quot; width=&quot;500&quot; height=&quot;281&quot; src=&quot;https:\/\/www.youtube.com\/embed\/HuKuMO1Nh60?feature=oembed&quot; frameborder=&quot;0&quot; allow=&quot;accelerometer; autoplay; clipboard-write; encrypted-media; gyroscope; picture-in-picture; web-share&quot; referrerpolicy=&quot;strict-origin-when-cross-origin&quot; allowfullscreen&gt;&lt;\/iframe&gt;\" data-embed-play=\"Abspielen&lt;div class=&quot;small&quot;&gt;Das Video wird von Youtube eingebettet abespielt. Es gilt die &lt;a href=&quot;https:\/\/www.google.com\/intl\/de\/policies\/privacy\/&quot; target=&quot;_blank&quot;&gt;Datenschutzerkl\u00e4rung von Google&lt;\/a&gt;&lt;\/div&gt;\"><div class=\"video-wrapped-nojs\">Aktivieren Sie JavaScript um das Video zu sehen.<br\/><a href=\"https:\/\/youtu.be\/HuKuMO1Nh60?list=RDRDic2A_dhw4\">https:\/\/youtu.be\/HuKuMO1Nh60?list=RDRDic2A_dhw4<\/a><\/div><\/div>\n<\/div><\/figure>\n\n\n\n<p class=\"has-black-color has-text-color\" style=\"font-size:21px\"><strong>Aroha<\/strong><\/p>\n\n\n\n<p class=\"has-black-color has-text-color has-medium-font-size\">Aroha ist eine Kombination aus Haka (ritueller Tanz der Maoris), traditionellen Elementen von Kung-Fu-Fighting und vom Tai Chi.  Getanzt wird nach streng rhythmischer Musik im  3\/4-Takt, wobei der Schwerpunkt auf Ausdauer und dem Training gro\u00dfer Muskelgruppen bei mittlerer Intensit\u00e4t liegt.<\/p>\n\n\n\n<figure class=\"wp-block-embed is-type-video is-provider-youtube wp-block-embed-youtube wp-embed-aspect-16-9 wp-has-aspect-ratio\"><div class=\"wp-block-embed__wrapper\">\n<div class=\"video-wrapped\" style=\"width: 500px; height: 281px; background-image: url('https:\/\/esvlokschoeneweide.de\/gymnastik\/wp-content\/plugins\/video-embed-privacy\/preview\/bNLCXW4rk_c.jpg')\" data-embed-frame=\"&lt;iframe title=&quot;Trailer Chroeographie Aroha in Motion&quot; width=&quot;500&quot; height=&quot;281&quot; src=&quot;https:\/\/www.youtube.com\/embed\/bNLCXW4rk_c?feature=oembed&quot; frameborder=&quot;0&quot; allow=&quot;accelerometer; autoplay; clipboard-write; encrypted-media; gyroscope; picture-in-picture; web-share&quot; referrerpolicy=&quot;strict-origin-when-cross-origin&quot; allowfullscreen&gt;&lt;\/iframe&gt;\" data-embed-play=\"Abspielen&lt;div class=&quot;small&quot;&gt;Das Video wird von Youtube eingebettet abespielt. Es gilt die &lt;a href=&quot;https:\/\/www.google.com\/intl\/de\/policies\/privacy\/&quot; target=&quot;_blank&quot;&gt;Datenschutzerkl\u00e4rung von Google&lt;\/a&gt;&lt;\/div&gt;\"><div class=\"video-wrapped-nojs\">Aktivieren Sie JavaScript um das Video zu sehen.<br\/><a href=\"https:\/\/youtu.be\/bNLCXW4rk_c\">https:\/\/youtu.be\/bNLCXW4rk_c<\/a><\/div><\/div>\n<\/div><\/figure>\n","protected":false},"excerpt":{"rendered":"<p>Line Dance, Zumba und Aroha sind unterschiedliche Tanzgymnastik-Formen, mit denen wir an jedem letzten Mittwoch im Monat unser Gymnastiktraining auflockern und die hier kurz vorgestellt werden sollen. Line Dance Beim [&hellip;]<\/p>\n","protected":false},"author":23,"featured_media":0,"parent":0,"menu_order":0,"comment_status":"closed","ping_status":"closed","template":"","meta":{"inline_featured_image":false,"footnotes":"","_links_to":"","_links_to_target":""},"class_list":["post-351","page","type-page","status-publish","hentry"],"_links":{"self":[{"href":"https:\/\/esvlokschoeneweide.de\/gymnastik\/wp-json\/wp\/v2\/pages\/351","targetHints":{"allow":["GET"]}}],"collection":[{"href":"https:\/\/esvlokschoeneweide.de\/gymnastik\/wp-json\/wp\/v2\/pages"}],"about":[{"href":"https:\/\/esvlokschoeneweide.de\/gymnastik\/wp-json\/wp\/v2\/types\/page"}],"author":[{"embeddable":true,"href":"https:\/\/esvlokschoeneweide.de\/gymnastik\/wp-json\/wp\/v2\/users\/23"}],"replies":[{"embeddable":true,"href":"https:\/\/esvlokschoeneweide.de\/gymnastik\/wp-json\/wp\/v2\/comments?post=351"}],"version-history":[{"count":12,"href":"https:\/\/esvlokschoeneweide.de\/gymnastik\/wp-json\/wp\/v2\/pages\/351\/revisions"}],"predecessor-version":[{"id":364,"href":"https:\/\/esvlokschoeneweide.de\/gymnastik\/wp-json\/wp\/v2\/pages\/351\/revisions\/364"}],"wp:attachment":[{"href":"https:\/\/esvlokschoeneweide.de\/gymnastik\/wp-json\/wp\/v2\/media?parent=351"}],"curies":[{"name":"wp","href":"https:\/\/api.w.org\/{rel}","templated":true}]}}