{"id":1390,"date":"2023-06-02T12:46:10","date_gmt":"2023-06-02T10:46:10","guid":{"rendered":"https:\/\/esvlokschoeneweide.de\/kanu\/?page_id=1390"},"modified":"2023-06-02T12:53:24","modified_gmt":"2023-06-02T10:53:24","slug":"ueber-uns","status":"publish","type":"page","link":"https:\/\/esvlokschoeneweide.de\/kanu\/","title":{"rendered":"\u00dcber uns"},"content":{"rendered":"\n<p>Das Wasserwandern wird bei uns gro\u00dfgeschrieben.&nbsp;<strong>Wir treiben keinen Leistungssport, sondern wollen vor allem Spa\u00df in der Freizeit haben.<\/strong>&nbsp;Es werden Touren mit Paddelbooten von einigen Stunden bis zu mehreren Tagen f\u00fcr die Vereinsfreunde organisiert. Vom Bootshaus k\u00f6nnen die Wasserwanderer in f\u00fcnf verschiedene Richtungen starten. \u00dcbernachtet wird in Wanderheimen oder Zelten.&nbsp;<strong>Neben den w\u00f6chentlichen \u201eAfter Work\u201c Ausfahrten mit dem Kanu bieten wir gemeinsame Ausfahrten mit Stand-Up-Paddel<\/strong>.&nbsp;<\/p>\n\n\n\n<p>Unsere Fahrzeugflotte besteht aus verschiedenen 1er und 2er Kajak sowohl moderne Modele als auch noch einige traditionelle DDR-Faltboote. Das Kanuheim biete f\u00fcr seine Mietglieder viele M\u00f6glichkeiten. Hier kann man mit oder ohne ein eigenes Kanu \/ Kajak oder auch SUP sich sportlich zu bet\u00e4tigen. Daf\u00fcr gibt es im Bereich Kanu\/Kajak zwischen Mai und Oktober mindestens einmal die Woche Trainingsausfahrten.<\/p>\n\n\n\n<p>Die Trainingsausfahrt ist eine kleine \u201eAfter Work-Ausfahrt\u201c in die n\u00e4here Umgebung. &nbsp;An sehr warmen Sommertagen legen wir dabei auch gerne einmal ein Badestopp ein.<br><br><strong>Trainingszeit: Mai bis Oktober Mittwochs von 17 Uhr bis 19 Uhr<\/strong><\/p>\n\n\n\n<p>Der Landes Kanuverband biete sowohl in Berlin als auch dar\u00fcber hinaus weiter M\u00f6glichkeiten wie zum Beispiel Gruppenfahrten und auch Technik- und Sicherheitskurse auf dem Wasser an. Und auch wir m\u00f6chten im Sommer unser Angebot im Bereich SUP ausweiten den auch der SUP-Sport z\u00e4hlt zum Kanusport dazu, daf\u00fcr wurden vom Verein auch neue Boards angeschafft. Mit diesen SUP-Allroundern wollen wir sowohl Technik f\u00fcr Anf\u00e4nger als auch Ausfl\u00fcge anbieten.<br><\/p>\n\n\n\n<p>Es kann jederzeit in Absprache ein Termin mit uns vor Ort gemacht werden, wo auch ggf. gleich aktiv mit- gemacht werden kann. Daf\u00fcr braucht es keine Vorkenntnisse, nur Interesse. Zus\u00e4tzlich k\u00f6nnen Mitglieder der Abteilung hier auch Zelten oder haben sogar die M\u00f6glichkeit, einen Bootsplatz zu bekommen. Aber Voraussetzung f\u00fcr die Mitgliedschaft ist die Kanusportaktivit\u00e4t sowie auch eine gewiss Teamf\u00e4higkeit.<\/p>\n\n\n\n<p>Wir sind ca. 60&nbsp;Mitglieder in der Abteilung Kanu \/ Wasserwandern des ESV Lok Sch\u00f6neweide. Ungef\u00e4hr die H\u00e4lfte sind Eisenbahner. Viele DB-Mitarbeiter sch\u00e4tzen den Ausgleich im Sportverein zu ihrem oft anstrengenden Schichtdienst.<\/p>\n\n\n\n<p>Wir w\u00fcrden uns genau wie jede andere ESV- Abteilung \u00fcber neue Mitglieder aus den Reihen der DB freuen. Das gilt auch f\u00fcr ehemalige Bahn-Mitarbeiter im Ruhestand sowie Kinder der Eisenbahner, die gerne mit in den Verein gebracht werden k\u00f6nnen. <\/p>\n\n\n\n<p>Wenn Interesse besteht, sind wir unter ESV-Kanu@berlin.de oder \u00fcber BKU gerne auch \u00fcber Teams f\u00fcr Anfragen erreichbar.<\/p>\n\n\n\n<p>Bitte verwendet daf\u00fcr unser <a href=\"https:\/\/esvlokschoeneweide.de\/kanu\/kontaktformular\/\">Kontaktformular<\/a>.<\/p>\n","protected":false},"excerpt":{"rendered":"<p>Das Wasserwandern wird bei uns gro\u00dfgeschrieben.&nbsp;Wir treiben keinen Leistungssport, sondern wollen vor allem Spa\u00df in der Freizeit haben.&nbsp;Es werden Touren mit Paddelbooten von einigen Stunden bis zu mehreren Tagen f\u00fcr [&hellip;]<\/p>\n","protected":false},"author":30,"featured_media":0,"parent":76,"menu_order":0,"comment_status":"closed","ping_status":"closed","template":"","meta":{"inline_featured_image":false,"ngg_post_thumbnail":0,"footnotes":"","_links_to":"","_links_to_target":""},"class_list":["post-1390","page","type-page","status-publish","hentry"],"_links":{"self":[{"href":"https:\/\/esvlokschoeneweide.de\/kanu\/wp-json\/wp\/v2\/pages\/1390","targetHints":{"allow":["GET"]}}],"collection":[{"href":"https:\/\/esvlokschoeneweide.de\/kanu\/wp-json\/wp\/v2\/pages"}],"about":[{"href":"https:\/\/esvlokschoeneweide.de\/kanu\/wp-json\/wp\/v2\/types\/page"}],"author":[{"embeddable":true,"href":"https:\/\/esvlokschoeneweide.de\/kanu\/wp-json\/wp\/v2\/users\/30"}],"replies":[{"embeddable":true,"href":"https:\/\/esvlokschoeneweide.de\/kanu\/wp-json\/wp\/v2\/comments?post=1390"}],"version-history":[{"count":2,"href":"https:\/\/esvlokschoeneweide.de\/kanu\/wp-json\/wp\/v2\/pages\/1390\/revisions"}],"predecessor-version":[{"id":1399,"href":"https:\/\/esvlokschoeneweide.de\/kanu\/wp-json\/wp\/v2\/pages\/1390\/revisions\/1399"}],"up":[{"embeddable":true,"href":"https:\/\/esvlokschoeneweide.de\/kanu\/wp-json\/wp\/v2\/pages\/76"}],"wp:attachment":[{"href":"https:\/\/esvlokschoeneweide.de\/kanu\/wp-json\/wp\/v2\/media?parent=1390"}],"curies":[{"name":"wp","href":"https:\/\/api.w.org\/{rel}","templated":true}]}}