{"id":68,"date":"2016-02-06T15:20:03","date_gmt":"2016-02-06T13:20:03","guid":{"rendered":"http:\/\/esvlokschoeneweide.de\/kanu\/?page_id=68"},"modified":"2026-04-01T18:45:02","modified_gmt":"2026-04-01T16:45:02","slug":"beitragsordnung","status":"publish","type":"page","link":"https:\/\/esvlokschoeneweide.de\/kanu\/beitragsordnung\/","title":{"rendered":"Beitragsordnung ab 2022"},"content":{"rendered":"\n<h1 class=\"wp-block-heading\">MITGLIEDSBEITR\u00c4GE UND MITGLIEDSANTRAG<\/h1>\n\n\n\n<div class=\"wp-block-columns is-layout-flex wp-container-core-columns-is-layout-9d6595d7 wp-block-columns-is-layout-flex\">\n<div class=\"wp-block-column is-layout-flow wp-block-column-is-layout-flow\" style=\"flex-basis:100%\">\n<figure class=\"wp-block-image size-medium\"><a href=\"https:\/\/esvlokschoeneweide.de\/kanu\/files\/2022\/08\/image.png\"><img loading=\"lazy\" decoding=\"async\" width=\"300\" height=\"200\" src=\"https:\/\/esvlokschoeneweide.de\/kanu\/files\/2022\/08\/image-300x200.png\" alt=\"\" class=\"wp-image-984\" srcset=\"https:\/\/esvlokschoeneweide.de\/kanu\/files\/2022\/08\/image-300x200.png 300w, https:\/\/esvlokschoeneweide.de\/kanu\/files\/2022\/08\/image-1024x682.png 1024w, https:\/\/esvlokschoeneweide.de\/kanu\/files\/2022\/08\/image-768x512.png 768w, https:\/\/esvlokschoeneweide.de\/kanu\/files\/2022\/08\/image.png 1280w\" sizes=\"auto, (max-width: 300px) 100vw, 300px\" \/><\/a><\/figure>\n<\/div>\n<\/div>\n\n\n\n<p><strong>Der Mitgliedsantrag kann hier Heruntergeladen, online ausgef\u00fcllt und ausgedruckt werden.<\/strong><\/p>\n\n\n\n<p><strong>Klicke auf den Link<\/strong>: <a href=\"https:\/\/esvlokschoeneweide.de\/kanu\/files\/2022\/08\/Vorlage_Mitgliedsantrag_ESV_2022-neu-1-4.pdf\" data-type=\"URL\" data-id=\"https:\/\/esvlokschoeneweide.de\/kanu\/files\/2022\/08\/Vorlage_Mitgliedsantrag_ESV_2022-neu-1-4.pdf\">Mitgliedsantrag<\/a><\/p>\n\n\n\n<p><strong>Anfragen zur Mitgliedschaft, Aufnahme, Beitr\u00e4ge oder K\u00fcndigungen richten Sie bitte an<\/strong><\/p>\n\n\n\n<p><strong>folgender E-Mail Adresse:&nbsp;<\/strong><a rel=\"noreferrer noopener\" href=\"mailto:esv-kanu@berlin.de\" data-type=\"mailto\" data-id=\"mailto:esv-kanu@berlin.de\" target=\"_blank\">ESV-Kanu@berlin.de<\/a><strong>.<\/strong><\/p>\n\n\n\n<h4 class=\"wp-block-heading\">&nbsp;<\/h4>\n\n\n\n<h2 class=\"wp-block-heading\">Mietgliedbeitr\u00e4ge und Geb\u00fchren <\/h2>\n\n\n\n<div class=\"wp-block-columns is-layout-flex wp-container-core-columns-is-layout-9d6595d7 wp-block-columns-is-layout-flex\">\n<div class=\"wp-block-column is-layout-flow wp-block-column-is-layout-flow\" style=\"flex-basis:100%\">\n<figure class=\"wp-block-table has-small-font-size\"><table class=\"has-black-color has-text-color\"><tbody><tr><td><strong>Mitgliedsbeitr\u00e4ge<\/strong><mark class=\"has-inline-color has-vivid-red-color\"><strong> <\/strong><\/mark><mark class=\"has-inline-color has-vivid-red-color\"><strong>(Betr\u00e4ge sind mindesten Viertelj\u00e4hrlich im Voraus zu bezahlen)<\/strong><\/mark><\/td><td class=\"has-text-align-right\" data-align=\"right\"><strong>pro <strong>Monat<\/strong><\/strong>*<\/td><td class=\"has-text-align-right\" data-align=\"right\"><strong>pro Quartal<\/strong><\/td><td class=\"has-text-align-right\" data-align=\"right\"><strong>pro Halbjahr<\/strong><\/td><td class=\"has-text-align-right\" data-align=\"right\"><strong>pro Jahr<\/strong><\/td><\/tr><tr><td><span style=\"font-size: 10pt\">Erwachsene<\/span><\/td><td class=\"has-text-align-right\" data-align=\"right\">(12,00 \u20ac)<\/td><td class=\"has-text-align-right\" data-align=\"right\">36,00 \u20ac<\/td><td class=\"has-text-align-right\" data-align=\"right\">72,00 \u20ac<\/td><td class=\"has-text-align-right\" data-align=\"right\">144,00 \u20ac<\/td><\/tr><tr><td><span style=\"font-size: 10pt\">Kinder, Sch\u00fcler und Jugendliche (6-18 Jahre)<\/span><\/td><td class=\"has-text-align-right\" data-align=\"right\">(6,90 \u20ac)<\/td><td class=\"has-text-align-right\" data-align=\"right\">20,70 \u20ac<\/td><td class=\"has-text-align-right\" data-align=\"right\">41,40 \u20ac<\/td><td class=\"has-text-align-right\" data-align=\"right\">82,80 \u20ac<\/td><\/tr><tr><td><strong>Mieten\/Geb\u00fchren<\/strong> (Betr\u00e4ge mindesten f\u00fcr ein Vierteljahr bezahlen)<\/td><td class=\"has-text-align-right\" data-align=\"right\"><strong>pro Monat<\/strong><\/td><td class=\"has-text-align-right\" data-align=\"right\"><strong>pro Quartal<\/strong><\/td><td class=\"has-text-align-right\" data-align=\"right\"><strong>pro Halbjahr<\/strong><\/td><td class=\"has-text-align-right\" data-align=\"right\"><strong>pro Jahr<\/strong><\/td><\/tr><tr><td><span style=\"font-size: 10pt\">Wasserstand 1 und 2<\/span> <strong>Eisenbahner<\/strong><\/td><td class=\"has-text-align-right\" data-align=\"right\">(33,00 \u20ac)<\/td><td class=\"has-text-align-right\" data-align=\"right\">99,00 \u20ac<\/td><td class=\"has-text-align-right\" data-align=\"right\">198,00 \u20ac<\/td><td class=\"has-text-align-right\" data-align=\"right\">396,00 \u20ac<\/td><\/tr><tr><td><span style=\"font-size: 10pt\">Wasserstand 1, 2 und <\/span>15 <strong>Nicht-Eisenbahner<\/strong><\/td><td class=\"has-text-align-right\" data-align=\"right\">(45,00 \u20ac)<\/td><td class=\"has-text-align-right\" data-align=\"right\">135,00 \u20ac<\/td><td class=\"has-text-align-right\" data-align=\"right\">270,00 \u20ac<\/td><td class=\"has-text-align-right\" data-align=\"right\">540,00 \u20ac<\/td><\/tr><tr><td><span style=\"font-size: 10pt\">Wasserst\u00e4nde, <\/span>3-14 <strong>Eisenbahner<\/strong><\/td><td class=\"has-text-align-right\" data-align=\"right\">(24,00 \u20ac)<\/td><td class=\"has-text-align-right\" data-align=\"right\">72,00 \u20ac<\/td><td class=\"has-text-align-right\" data-align=\"right\">144,00 \u20ac<\/td><td class=\"has-text-align-right\" data-align=\"right\">288,00 \u20ac<\/td><\/tr><tr><td><span style=\"font-size: 10pt\">Wasserst\u00e4nde, \u00fcbrige<\/span> 3-14 <strong>Nicht-Eisenbahner<\/strong><\/td><td class=\"has-text-align-right\" data-align=\"right\">(33,00 \u20ac)<\/td><td class=\"has-text-align-right\" data-align=\"right\">99,00 \u20ac<\/td><td class=\"has-text-align-right\" data-align=\"right\">198,00 \u20ac<\/td><td class=\"has-text-align-right\" data-align=\"right\">396,00 \u20ac<\/td><\/tr><tr><td><span style=\"font-size: 10pt\">Delphine<\/span><\/td><td class=\"has-text-align-right\" data-align=\"right\">(9,00 \u20ac)<\/td><td class=\"has-text-align-right\" data-align=\"right\">27,00 \u20ac<\/td><td class=\"has-text-align-right\" data-align=\"right\">54,00 \u20ac<\/td><td class=\"has-text-align-right\" data-align=\"right\">108,00 \u20ac<\/td><\/tr><tr><td>Kanu\/SUP<\/td><td class=\"has-text-align-right\" data-align=\"right\">(4,50 \u20ac)<\/td><td class=\"has-text-align-right\" data-align=\"right\">13,50 \u20ac<\/td><td class=\"has-text-align-right\" data-align=\"right\">27,00 \u20ac<\/td><td class=\"has-text-align-right\" data-align=\"right\">54,00 \u20ac<\/td><\/tr><tr><td>Zeltplatz<\/td><td class=\"has-text-align-right\" data-align=\"right\">&#8211;<\/td><td class=\"has-text-align-right\" data-align=\"right\">&#8211;<\/td><td class=\"has-text-align-right\" data-align=\"right\">&#8211;<\/td><td class=\"has-text-align-right\" data-align=\"right\">90,00 \u20ac<\/td><\/tr><\/tbody><\/table><\/figure>\n<\/div>\n<\/div>\n\n\n\n<p class=\"has-small-font-size\">* Mitgliedsbeitr\u00e4ge <span style=\"font-size: 10pt\"><strong><span style=\"color: #ff0000\">gesondert<\/span> von Mieten und Geb\u00fchren <span style=\"color: #ff0000\">(f\u00fcr mindestens ein Vierteljahr im Vorraus)<\/span><\/strong> auf folgendes Konto zu \u00fcberweisen:<\/span><\/p>\n\n\n\n<figure class=\"wp-block-table is-style-regular has-small-font-size\"><table><tbody><tr><td><span style=\"font-size: 10pt\"><strong>Kontoinhaber<\/strong>:<\/span><\/td><td><span style=\"font-size: 10pt\">ESV LOK Sch\u00f6neweide e.V.<\/span><\/td><\/tr><tr><td><span style=\"font-size: 10pt\"><strong>IBAN<\/strong>:<\/span><\/td><td><span style=\"font-size: 10pt\">DE25 1209 6597 0001 3033 84<\/span><\/td><\/tr><tr><td><span style=\"font-size: 10pt\"><strong>BIC<\/strong>:<\/span><\/td><td><span style=\"font-size: 10pt\">GENODEF1S10<\/span><\/td><\/tr><tr><td><span style=\"font-size: 10pt\"><span style=\"font-size: 10pt\"><span style=\"font-size: 10pt\"><strong>Verwendungszweck<\/strong>:<\/span><\/span><\/span> <br><br><br><br><br><\/td><td><span style=\"font-size: 10pt\"><span style=\"font-size: 10pt\"><strong>Mitgliedsbeitrag<\/strong>:&nbsp;<br>Abt. Kanu, Dein Namen, Mitgliedsnummer, <span style=\"color: #ff0000\"><strong>Beitrag<\/strong>&nbsp;<\/span><\/span><\/span> <br>Beispiel: Abt. Kanu, Max Muster, 09-001-177, Beitrag 36\u20ac  (bzw. 72\u20ac Halbjahr\/144\u20ac Jahr)<p><span style=\"font-size: 10pt\"><strong>Geb\u00fchren (z.Bsp. Bootsliegeplatz, SUP, Zeltplatz)<\/strong>:<br>Abt. Kanu, Dein Namen, Mitgliedsnummer, <span style=\"color: #ff0000\"><strong>Geb\u00fchrenart <\/strong>&nbsp;<\/span><\/span><span style=\"color: initial;font-family: inherit;font-size: inherit;font-weight: inherit\"><span style=\"font-size: 10pt\"><span style=\"font-size: 10pt\"><span style=\"color: #ff0000\">&nbsp;<\/span><\/span><\/span> <br>Beispiel: Abt. Kanu, Max Muster, 09-001-177, Kanu<\/span><span style=\"font-family: inherit;font-size: inherit;font-weight: inherit;color: initial\">13,50<\/span><span style=\"font-family: inherit;font-size: inherit;font-weight: inherit;color: initial\">\u20ac  (bzw. 27\u20ac Halbjahr\/54\u20ac Jahr)<\/span><\/p><\/td><\/tr><\/tbody><\/table><\/figure>\n\n\n\n<h2 class=\"wp-block-heading\">sonstige Geb\u00fchren<\/h2>\n\n\n\n<figure class=\"wp-block-table\"><table><tbody><tr><td>&nbsp;<\/td><td>&nbsp;<\/td><td><span style=\"font-size: 10pt\">Abteilungs-<br>mitglied<\/span><\/td><td><span style=\"font-size: 10pt\">Mitglied<br>DKV\/ESV<\/span><\/td><td><span style=\"font-size: 10pt\">G\u00e4ste<\/span><\/td><\/tr><tr><td><span style=\"font-size: 10pt\">\u00dcbernachtung im Kleinzelt<br>oder im Vereinsheim <\/span><\/td><td><span style=\"font-size: 10pt\">je Person \/ Nacht<\/span><\/td><td><span style=\"font-size: 10pt\">3,00 EUR<\/span><\/td><td><span style=\"font-size: 10pt\">6,00 EUR<\/span><\/td><td><span style=\"font-size: 10pt\">7,50 EUR<\/span><\/td><\/tr><tr><td><span style=\"font-size: 10pt\">Kurzausleihe Vereinsboot\/SUP-Board<br><strong>(L\u00e4ngere Ausleihe<br>nur nach Absprache mit der AL)<\/strong><\/span><\/td><td><span style=\"font-size: 10pt\">pro Tag<\/span><\/td><td><span style=\"font-size: 10pt\">0,00 EUR<\/span><\/td><td><span style=\"font-size: 10pt\">7,50 EUR<\/span><\/td><td><span style=\"font-size: 10pt\">12,00 EUR<\/span><\/td><\/tr><tr><td><span style=\"font-size: 13.3333px\">Raummiete auf Anfrage<\/span><\/td><td><\/td><td><\/td><td>&nbsp;<\/td><td><\/td><\/tr><tr><td><span style=\"font-size: 10pt\">fehlende Pflichtarbeitsstunde<br>(Pflicht 8h ab 16-75 Jahre)<\/span><\/td><td><span style=\"font-size: 10pt\">pro Stunde<\/span><\/td><td><span style=\"font-size: 10pt\">12,00 EUR<\/span><\/td><td>&nbsp;<\/td><td>&nbsp;<\/td><\/tr><\/tbody><\/table><\/figure>\n\n\n\n<!--more-->\n","protected":false},"excerpt":{"rendered":"<p>MITGLIEDSBEITR\u00c4GE UND MITGLIEDSANTRAG Der Mitgliedsantrag kann hier Heruntergeladen, online ausgef\u00fcllt und ausgedruckt werden. Klicke auf den Link: Mitgliedsantrag Anfragen zur Mitgliedschaft, Aufnahme, Beitr\u00e4ge oder K\u00fcndigungen richten Sie bitte an folgender [&hellip;]<\/p>\n","protected":false},"author":19,"featured_media":0,"parent":0,"menu_order":0,"comment_status":"closed","ping_status":"closed","template":"","meta":{"inline_featured_image":false,"ngg_post_thumbnail":0,"footnotes":"","_links_to":"","_links_to_target":""},"class_list":["post-68","page","type-page","status-publish","hentry"],"_links":{"self":[{"href":"https:\/\/esvlokschoeneweide.de\/kanu\/wp-json\/wp\/v2\/pages\/68","targetHints":{"allow":["GET"]}}],"collection":[{"href":"https:\/\/esvlokschoeneweide.de\/kanu\/wp-json\/wp\/v2\/pages"}],"about":[{"href":"https:\/\/esvlokschoeneweide.de\/kanu\/wp-json\/wp\/v2\/types\/page"}],"author":[{"embeddable":true,"href":"https:\/\/esvlokschoeneweide.de\/kanu\/wp-json\/wp\/v2\/users\/19"}],"replies":[{"embeddable":true,"href":"https:\/\/esvlokschoeneweide.de\/kanu\/wp-json\/wp\/v2\/comments?post=68"}],"version-history":[{"count":44,"href":"https:\/\/esvlokschoeneweide.de\/kanu\/wp-json\/wp\/v2\/pages\/68\/revisions"}],"predecessor-version":[{"id":1551,"href":"https:\/\/esvlokschoeneweide.de\/kanu\/wp-json\/wp\/v2\/pages\/68\/revisions\/1551"}],"wp:attachment":[{"href":"https:\/\/esvlokschoeneweide.de\/kanu\/wp-json\/wp\/v2\/media?parent=68"}],"curies":[{"name":"wp","href":"https:\/\/api.w.org\/{rel}","templated":true}]}}