{"id":70,"date":"2016-02-06T13:49:58","date_gmt":"2016-02-06T11:49:58","guid":{"rendered":"http:\/\/esvlokschoeneweide.de\/kanu\/?page_id=70"},"modified":"2023-06-02T12:53:48","modified_gmt":"2023-06-02T10:53:48","slug":"unser-kanuheim","status":"publish","type":"page","link":"https:\/\/esvlokschoeneweide.de\/kanu\/www-esvlokschoeneweide-de\/unser-kanuheim\/","title":{"rendered":"Unser Kanuheim"},"content":{"rendered":"\n<p>Ruhig, fast spiegelglatt liegt der Lange See vor dem Bootshaus des ESV Lok Sch\u00f6neweide in Berlin-Karolinenhof.&nbsp;Am Ufer gegen\u00fcber steigen die M\u00fcggelberge empor. Ein paar Schw\u00e4ne ziehen langsam Ihre Bahn.<\/p>\n\n\n\n<p>1925 bauten Eisenbahner hier am Ufer der Dahme ihr Bootshaus. Das Grundst\u00fcck umfasst ca. 1700 m\u00b2, es befindet sich in der Rohrwallallee 41, in der damaligen \u201eVillenkolonie\u201c Karolinenhof. Hier errichteten interessierten Mitglieder in viel Eigenleistung das Kanuheim f\u00fcr die kurz nach der Jahrhundertwende aufgekommene Wassersportart.&nbsp; Ausgef\u00fchrt wurde der Sport damals von Mitarbeitern der noch jungen Deutschen Reichbahn sowohl in starren Booten als auch bereits in Faltbooten \u2013 beide ben\u00f6tigten ein Winterlager. Aber das Anwesen sollte auch von Beginn an eine St\u00e4tte sportlicher Geselligkeit sein.<\/p>\n\n\n\n<p>Mit der Bahnreform Anfang der 90er Jahre geriet das Bootshausgrundst\u00fcck als \u201enicht bahnbetriebsnotwendige Liegenschaft\u201c&nbsp;in den Besitz des Bundes-Eisenbahnverm\u00f6gens, also einer staatlichen Beh\u00f6rde auf Bundesebene, die es seither unserem Verein zur sportlichen Nutzung zur Verf\u00fcgung stellt.<\/p>\n\n\n\n<p>Der Bau des Geb\u00e4udes erfolgte&nbsp;mit Erdaushub, der zugleich zur Gel\u00e4ndeplanierung benutzt wurde, wodurch eine dreiseitige Kellergeschosseinfassung entstand. Dieses Geschoss, dessen Bodenplatte ca. 1 m \u00fcber dem Normalwasserstand des Langes Sees liegt, steht seither als Bootshalle zur Verf\u00fcgung. Dar\u00fcber befinden sich die \u00fcbrigen Bootshausr\u00e4ume: ein Gesellschaftsraum, ein Umkleideraum, eine K\u00fcche und ein weiterer Raum f\u00fcr unterschiedliche Zwecke.<\/p>\n\n\n\n<p>Der Bau wurde als geputztes Ziegelmauerwerk ausgef\u00fchrt. Die \u00e4u\u00dfere H\u00fclle ist eine Wellblechverschalung. Zweckm\u00e4\u00dfig sind die Oberlicht-Glasfl\u00e4chen im Dach, die Aufenthalts- und Umkleideraum optimal mit Tageslicht versorgen. Eine Rasenfl\u00e4che befindet sich als Sattelplatz zwischen Bootshallen und Wasserkante. An der Wasserkante gibt es drei Stege, die als Ein- und Ausstiegsstege dienen und zu den&nbsp;Motorbootsst\u00e4nden&nbsp;f\u00fchren. Vom s\u00fcdlichen der drei Hallentore f\u00fchrt eine Slipanlage ins Wasser. Hallentorgr\u00f6\u00dfe, Slipwagenkonstruktion und Gr\u00f6\u00dfe der Abstellfl\u00e4che f\u00fcr das Winterlager begrenzen die Nutzung auf Kleinmotorboote.<\/p>\n\n\n\n<p>F\u00fcr unsere Sportart k\u00f6nnen derzeit ca. 35 Kanus (davon 20 Einer) beherbergt werden.<\/p>\n\n\n\n<p>Wir sind mit den vereinseigenen Sportger\u00e4ten, mehrere Faltboot-Zweier, ein paar neuen 1er und 2er Kajaks, einem Wander-Canadier, &nbsp;weiteren Kanus und 4 Stand-Up-Paddelboards f\u00fcr den Freizeitsport gut aufgestellt.<\/p>\n\n\n\n<p>Wir haben die M\u00f6glichkeit zum saisonalen Aufstellen von Zelten.&nbsp;W\u00fcnschen gelegentlich Kanu-Wanderfahrer anderer Vereine bei uns im Zelt zu \u00fcbernachten, so erm\u00f6glichen wir das nach vorheriger Absprache.&nbsp;Nat\u00fcrlich freuen wir uns auch \u00fcber den Dank, der uns entgegen gebracht wird, wenn Kanuten anderer Vereine sich bei uns wohlf\u00fchlen.<\/p>\n\n\n\n<p>Die Unterhaltung und Pflege des Kanuheims obliegt unseren Mitgliedern.<\/p>\n\n\n\n<p>Neue Mitglieder sind in jeder Hinsicht bei uns gern gesehen.<\/p>\n\n\n\n<p>Bei Interesse, k\u00f6nnen Sie uns gern kontaktieren&nbsp;<a href=\"https:\/\/esvlokschoeneweide.de\/kanu\/kontaktformular\/\">Kontaktformular<\/a><\/p>\n","protected":false},"excerpt":{"rendered":"<p>Ruhig, fast spiegelglatt liegt der Lange See vor dem Bootshaus des ESV Lok Sch\u00f6neweide in Berlin-Karolinenhof.&nbsp;Am Ufer gegen\u00fcber steigen die M\u00fcggelberge empor. Ein paar Schw\u00e4ne ziehen langsam Ihre Bahn. 1925 [&hellip;]<\/p>\n","protected":false},"author":19,"featured_media":96,"parent":76,"menu_order":0,"comment_status":"closed","ping_status":"closed","template":"","meta":{"inline_featured_image":false,"ngg_post_thumbnail":0,"footnotes":"","_links_to":"","_links_to_target":""},"class_list":["post-70","page","type-page","status-publish","has-post-thumbnail","hentry"],"_links":{"self":[{"href":"https:\/\/esvlokschoeneweide.de\/kanu\/wp-json\/wp\/v2\/pages\/70","targetHints":{"allow":["GET"]}}],"collection":[{"href":"https:\/\/esvlokschoeneweide.de\/kanu\/wp-json\/wp\/v2\/pages"}],"about":[{"href":"https:\/\/esvlokschoeneweide.de\/kanu\/wp-json\/wp\/v2\/types\/page"}],"author":[{"embeddable":true,"href":"https:\/\/esvlokschoeneweide.de\/kanu\/wp-json\/wp\/v2\/users\/19"}],"replies":[{"embeddable":true,"href":"https:\/\/esvlokschoeneweide.de\/kanu\/wp-json\/wp\/v2\/comments?post=70"}],"version-history":[{"count":7,"href":"https:\/\/esvlokschoeneweide.de\/kanu\/wp-json\/wp\/v2\/pages\/70\/revisions"}],"predecessor-version":[{"id":1385,"href":"https:\/\/esvlokschoeneweide.de\/kanu\/wp-json\/wp\/v2\/pages\/70\/revisions\/1385"}],"up":[{"embeddable":true,"href":"https:\/\/esvlokschoeneweide.de\/kanu\/wp-json\/wp\/v2\/pages\/76"}],"wp:featuredmedia":[{"embeddable":true,"href":"https:\/\/esvlokschoeneweide.de\/kanu\/wp-json\/wp\/v2\/media\/96"}],"wp:attachment":[{"href":"https:\/\/esvlokschoeneweide.de\/kanu\/wp-json\/wp\/v2\/media?parent=70"}],"curies":[{"name":"wp","href":"https:\/\/api.w.org\/{rel}","templated":true}]}}