{"id":100,"date":"2012-05-29T13:22:34","date_gmt":"2012-05-29T11:22:34","guid":{"rendered":"http:\/\/esvlokschoeneweide.de\/kegeln\/?page_id=100"},"modified":"2020-06-24T00:29:53","modified_gmt":"2020-06-23T22:29:53","slug":"home","status":"publish","type":"page","link":"https:\/\/esvlokschoeneweide.de\/kegeln\/","title":{"rendered":"Home"},"content":{"rendered":"<p><strong><a href=\"https:\/\/esvlokschoeneweide.de\/kegeln\/files\/2020\/06\/andreas-haedrich.jpg\"><img loading=\"lazy\" decoding=\"async\" class=\"wp-image-459 alignleft\" src=\"https:\/\/esvlokschoeneweide.de\/kegeln\/files\/2020\/06\/andreas-haedrich.jpg\" alt=\"\" width=\"214\" height=\"214\" srcset=\"https:\/\/esvlokschoeneweide.de\/kegeln\/files\/2020\/06\/andreas-haedrich.jpg 300w, https:\/\/esvlokschoeneweide.de\/kegeln\/files\/2020\/06\/andreas-haedrich-150x150.jpg 150w\" sizes=\"auto, (max-width: 214px) 100vw, 214px\" \/><\/a>Herzlich willkommen auf der Internetseite der Abteilung Sportkegeln des ESV Lok Sch\u00f6nweide<\/strong><\/p>\n<p>Sch\u00f6n, dass Sie sich f\u00fcr den Kegelsport interessieren. Bei uns k\u00f6nnen Kinder und Jugendliche sowie Erwachsene und Senioren den Kegelsport aus\u00fcben. Dabei werden Sie auf Wunsch von zwei ausgebildeten Trainern begleitet.<\/p>\n<p>Vormittags haben die Senioren bei uns eine Heimstatt gefunden und halten sich so fit.<\/p>\n<p>Nachmittags trainieren vor allem die Wettkampfsportler und bereiten sich so auf die Wettk\u00e4mpfe vor.<\/p>\n<p>Allen gemeinsam ist die Freude am Kegeln, die Herausforderung, bei jedem Wurf eine Neun zu schaffen. Ebenso wichtig sind aber auch die sozialen Kontakte, das miteinander reden, lachen \u2026 eben Spa\u00df haben.<\/p>\n<p>Kommen Sie zu uns, Sie werden es nicht bereuen<\/p>\n<p>Andreas H\u00e4drich<br \/>\n(Abteilungsleiter)<\/p>\n","protected":false},"excerpt":{"rendered":"<p>Herzlich willkommen auf der Internetseite der Abteilung Sportkegeln des ESV Lok Sch\u00f6nweide Sch\u00f6n, dass Sie sich f\u00fcr den Kegelsport interessieren. Bei uns k\u00f6nnen Kinder und Jugendliche sowie Erwachsene und Senioren [&hellip;]<\/p>\n","protected":false},"author":1,"featured_media":0,"parent":0,"menu_order":0,"comment_status":"closed","ping_status":"open","template":"","meta":{"inline_featured_image":false,"ngg_post_thumbnail":0,"footnotes":"","_links_to":"","_links_to_target":""},"class_list":["post-100","page","type-page","status-publish","hentry"],"_links":{"self":[{"href":"https:\/\/esvlokschoeneweide.de\/kegeln\/wp-json\/wp\/v2\/pages\/100","targetHints":{"allow":["GET"]}}],"collection":[{"href":"https:\/\/esvlokschoeneweide.de\/kegeln\/wp-json\/wp\/v2\/pages"}],"about":[{"href":"https:\/\/esvlokschoeneweide.de\/kegeln\/wp-json\/wp\/v2\/types\/page"}],"author":[{"embeddable":true,"href":"https:\/\/esvlokschoeneweide.de\/kegeln\/wp-json\/wp\/v2\/users\/1"}],"replies":[{"embeddable":true,"href":"https:\/\/esvlokschoeneweide.de\/kegeln\/wp-json\/wp\/v2\/comments?post=100"}],"version-history":[{"count":23,"href":"https:\/\/esvlokschoeneweide.de\/kegeln\/wp-json\/wp\/v2\/pages\/100\/revisions"}],"predecessor-version":[{"id":461,"href":"https:\/\/esvlokschoeneweide.de\/kegeln\/wp-json\/wp\/v2\/pages\/100\/revisions\/461"}],"wp:attachment":[{"href":"https:\/\/esvlokschoeneweide.de\/kegeln\/wp-json\/wp\/v2\/media?parent=100"}],"curies":[{"name":"wp","href":"https:\/\/api.w.org\/{rel}","templated":true}]}}