{"id":107,"date":"2012-05-29T13:24:56","date_gmt":"2012-05-29T11:24:56","guid":{"rendered":"http:\/\/esvlokschoeneweide.de\/kegeln\/?page_id=107"},"modified":"2023-05-14T16:13:45","modified_gmt":"2023-05-14T14:13:45","slug":"herren-2","status":"publish","type":"page","link":"https:\/\/esvlokschoeneweide.de\/kegeln\/herren-2\/","title":{"rendered":"Herren *"},"content":{"rendered":"\n<figure class=\"wp-block-image size-large\"><img loading=\"lazy\" decoding=\"async\" width=\"1024\" height=\"1007\" src=\"https:\/\/esvlokschoeneweide.de\/kegeln\/files\/2020\/09\/mannschaft-offene-liga-cropped-1024x1007.jpeg\" alt=\"\" class=\"wp-image-464\" srcset=\"https:\/\/esvlokschoeneweide.de\/kegeln\/files\/2020\/09\/mannschaft-offene-liga-cropped-1024x1007.jpeg 1024w, https:\/\/esvlokschoeneweide.de\/kegeln\/files\/2020\/09\/mannschaft-offene-liga-cropped-300x295.jpeg 300w, https:\/\/esvlokschoeneweide.de\/kegeln\/files\/2020\/09\/mannschaft-offene-liga-cropped-768x755.jpeg 768w, https:\/\/esvlokschoeneweide.de\/kegeln\/files\/2020\/09\/mannschaft-offene-liga-cropped.jpeg 1188w\" sizes=\"auto, (max-width: 1024px) 100vw, 1024px\" \/><figcaption class=\"wp-element-caption\">(v.l.n.r) Malte Plescher, Konrad Scheuermann, Robert Willemelis, Christian H\u00f6cker, Johannes Z\u00fcck, Roland Wandel<\/figcaption><\/figure>\n\n\n\n<p>* aktuell ohne Ligazugeh\u00f6rigkeit f\u00fcr die Saison 2023\/24 (vorher offene Liga)<\/p>\n\n\n\n<p><strong>Spieler<\/strong><\/p>\n\n\n\n<p>Oliver K\u00f6hler<br>Horst Mantwill<br>Roland Wandel<br>Robert Willemelis<br>Johannes Z\u00fcck<br>Malte Plescher<br>Konrad Scheuermann<br>Christian H\u00f6cker<\/p>\n\n\n\n<p><\/p>\n","protected":false},"excerpt":{"rendered":"<p>* aktuell ohne Ligazugeh\u00f6rigkeit f\u00fcr die Saison 2023\/24 (vorher offene Liga) Spieler Oliver K\u00f6hlerHorst MantwillRoland WandelRobert WillemelisJohannes Z\u00fcckMalte PlescherKonrad ScheuermannChristian H\u00f6cker<\/p>\n","protected":false},"author":1,"featured_media":0,"parent":0,"menu_order":30,"comment_status":"closed","ping_status":"open","template":"","meta":{"inline_featured_image":false,"ngg_post_thumbnail":0,"footnotes":"","_links_to":"","_links_to_target":""},"class_list":["post-107","page","type-page","status-publish","hentry"],"_links":{"self":[{"href":"https:\/\/esvlokschoeneweide.de\/kegeln\/wp-json\/wp\/v2\/pages\/107","targetHints":{"allow":["GET"]}}],"collection":[{"href":"https:\/\/esvlokschoeneweide.de\/kegeln\/wp-json\/wp\/v2\/pages"}],"about":[{"href":"https:\/\/esvlokschoeneweide.de\/kegeln\/wp-json\/wp\/v2\/types\/page"}],"author":[{"embeddable":true,"href":"https:\/\/esvlokschoeneweide.de\/kegeln\/wp-json\/wp\/v2\/users\/1"}],"replies":[{"embeddable":true,"href":"https:\/\/esvlokschoeneweide.de\/kegeln\/wp-json\/wp\/v2\/comments?post=107"}],"version-history":[{"count":33,"href":"https:\/\/esvlokschoeneweide.de\/kegeln\/wp-json\/wp\/v2\/pages\/107\/revisions"}],"predecessor-version":[{"id":519,"href":"https:\/\/esvlokschoeneweide.de\/kegeln\/wp-json\/wp\/v2\/pages\/107\/revisions\/519"}],"wp:attachment":[{"href":"https:\/\/esvlokschoeneweide.de\/kegeln\/wp-json\/wp\/v2\/media?parent=107"}],"curies":[{"name":"wp","href":"https:\/\/api.w.org\/{rel}","templated":true}]}}