{"id":395,"date":"2017-11-01T16:22:16","date_gmt":"2017-11-01T15:22:16","guid":{"rendered":"http:\/\/esvlokschoeneweide.de\/kegeln\/?page_id=395"},"modified":"2023-05-14T15:38:21","modified_gmt":"2023-05-14T13:38:21","slug":"einladung-zum-probetraining","status":"publish","type":"page","link":"https:\/\/esvlokschoeneweide.de\/kegeln\/einladung-zum-probetraining\/","title":{"rendered":"Einladung zum Probetraining!"},"content":{"rendered":"<p>Lust auf Sportkegeln?<\/p>\n<p>Jeden Freitag &#8211; von 16 bis 18 Uhr bietet der ESV Lok Sch\u00f6neweide Frauen und M\u00e4nnern sowie Jugendlichen die Gelegenheit, unseren umwerfenden Sport kennen zu lernen. Nat\u00fcrlich ganz unverbindlich.<\/p>\n<p>Auf unserer Kegelbahn am Sportplatz des ESV Lok Sch\u00f6neweide werden erfahrene Keglerinnen, Kegler und Trainer gern hilfreich zur Seite stehen. Einzige Bedingung: bitte Sportschuhe mitbringen!<\/p>\n","protected":false},"excerpt":{"rendered":"<p>Lust auf Sportkegeln? Jeden Freitag &#8211; von 16 bis 18 Uhr bietet der ESV Lok Sch\u00f6neweide Frauen und M\u00e4nnern sowie Jugendlichen die Gelegenheit, unseren umwerfenden Sport kennen zu lernen. Nat\u00fcrlich [&hellip;]<\/p>\n","protected":false},"author":6,"featured_media":0,"parent":0,"menu_order":0,"comment_status":"closed","ping_status":"closed","template":"","meta":{"inline_featured_image":false,"ngg_post_thumbnail":0,"footnotes":"","_links_to":"","_links_to_target":""},"class_list":["post-395","page","type-page","status-publish","hentry"],"_links":{"self":[{"href":"https:\/\/esvlokschoeneweide.de\/kegeln\/wp-json\/wp\/v2\/pages\/395","targetHints":{"allow":["GET"]}}],"collection":[{"href":"https:\/\/esvlokschoeneweide.de\/kegeln\/wp-json\/wp\/v2\/pages"}],"about":[{"href":"https:\/\/esvlokschoeneweide.de\/kegeln\/wp-json\/wp\/v2\/types\/page"}],"author":[{"embeddable":true,"href":"https:\/\/esvlokschoeneweide.de\/kegeln\/wp-json\/wp\/v2\/users\/6"}],"replies":[{"embeddable":true,"href":"https:\/\/esvlokschoeneweide.de\/kegeln\/wp-json\/wp\/v2\/comments?post=395"}],"version-history":[{"count":2,"href":"https:\/\/esvlokschoeneweide.de\/kegeln\/wp-json\/wp\/v2\/pages\/395\/revisions"}],"predecessor-version":[{"id":499,"href":"https:\/\/esvlokschoeneweide.de\/kegeln\/wp-json\/wp\/v2\/pages\/395\/revisions\/499"}],"wp:attachment":[{"href":"https:\/\/esvlokschoeneweide.de\/kegeln\/wp-json\/wp\/v2\/media?parent=395"}],"curies":[{"name":"wp","href":"https:\/\/api.w.org\/{rel}","templated":true}]}}