{"id":2,"date":"2012-03-06T09:00:45","date_gmt":"2012-03-06T08:00:45","guid":{"rendered":"http:\/\/esvlokschoeneweide.de\/orientierungslauf\/?page_id=2"},"modified":"2020-02-21T18:22:21","modified_gmt":"2020-02-21T17:22:21","slug":"beispiel-seite","status":"publish","type":"page","link":"https:\/\/esvlokschoeneweide.de\/orientierungslauf\/","title":{"rendered":"Hauptseite"},"content":{"rendered":"<p><strong>Orientierungslauf<\/strong>, das sind Kartenl\u00e4ufe in freier Natur, erholsam, abwechslungsreich, spannend.<br>Es ist so \u00e4hnlich, wie die Orientierung mittels Stadtplan. Nat\u00fcrlich wird OL \u00fcberwiegend in W\u00e4ldern oder auch in offenen Landschaften betrieben, und dort stehen keine Stra\u00dfenschilder; aber daf\u00fcr bekommt man am Start eine ganz spezielle, sehr detailreiche und genaue Wettkampfkarte.<\/p>\n<p>Haben wir Ihr Interesse am OL geweckt? Dann schauen Sie sich doch unsere <a href=\"https:\/\/esvlokschoeneweide.de\/orientierungslauf\/archive\/374\">weiteren Informationen<\/a> an. Ein kurzes, informatives Video des \u00f6sterreichischen Orientierungslaufverbands kann man <a href=\"https:\/\/www.youtube.com\/watch?v=xlTPwy8dvck\" target=\"_new\" rel=\"noopener noreferrer\">hier<\/a> ansehen.<\/p>\n<h3>\u00fcber uns:<\/h3>\n<p>Das Altersspektrum unserer OL-Gruppe reicht von 8 bis \u00fcber 70 Jahre. Etwa zwanzig Mitglieder nehmen regelm\u00e4\u00dfig am Training und an Wettk\u00e4mpfen teil. Seit diesem Sommer haben wir eine neue Unterkunft im S-Bahn-Betriebswerk Erkner &#8211; nicht weit von mehreren Waldgebieten &#8211; wo wir uns umkleiden und duschen k\u00f6nnen. Dort treffen wir uns bei jedem Wetter regelm\u00e4\u00dfig zum Lauftraining und zum Quatschen. Da wir von allen umliegenden Gebieten Karten haben, k\u00f6nnen &#8211; mindestens Anf\u00e4nger &#8211; auch Orientierungstechniken recht gut trainieren. Die sportliche Intensit\u00e4t unserer Mitglieder liegt zwischen 2-3 Wettk\u00e4mpfen im Nahbereich bis zu \u00fcber 50 Starts bei ca. 25 Wettk\u00e4mpfen Europa-weit.<\/p>\n<h3>Training<\/h3>\n<ul>\n<li><strong><a href=\"https:\/\/esvlokschoeneweide.de\/orientierungslauf\/archive\/Veranstaltung\/training\">Allgemeines Training<\/a><br>dienstags, 18:00 Uhr, S-Bahnhof Erkner (S3)<br><\/strong>ehemaliges Pf\u00f6rtnerh\u00e4uschen des S-Bahn-Betriebswerkes (Bahnhofstra\u00dfe 10)<\/li>\n<li><strong><a href=\"https:\/\/esvlokschoeneweide.de\/orientierungslauf\/archive\/Veranstaltung\/kindertraining\">Kinder-Gruppentraining<\/a><br><\/strong>dienstags 17 bis 18:30 Uhr<br>0151-56665783 &#8211; Fr.Hirsch<\/li>\n<li><strong>Jugendliche und Erwachsene Anf\u00e4nger<br><\/strong>6769686, Hr.Frenzel, <a href=\"mailto:mfrenzel1@gmx.net\">mfrenzel1@gmx.net<\/a>, <a href=\"https:\/\/esvlokschoeneweide.de\/orientierungslauf\/archive\/363\">Infos<\/a><\/li>\n<\/ul>\n<ul>\n<li>wir laufen bei jedem Wetter, auch bei Regen, Schnee und im Dunkeln<\/li>\n<li>Umkleide- und Duschm\u00f6glichkeiten in unserem Trainingsraum (TROL) direkt am S-Bahnhof Erkner<\/li>\n<li>OL-Karten von der Umgebung vorhanden<\/li>\n<\/ul>\n\n<p><div class=\"leaflet-map WPLeafletMap\" style=\"height:300px; width:100%;\"><\/div><script>\nwindow.WPLeafletMapPlugin = window.WPLeafletMapPlugin || [];\nwindow.WPLeafletMapPlugin.push(function WPLeafletMapShortcode() {\/*<script>*\/\nvar baseUrl = atob('aHR0cHM6Ly97c30udGlsZS5vcGVuc3RyZWV0bWFwLm9yZy97en0ve3h9L3t5fS5wbmc=');\nvar base = (!baseUrl && window.MQ) ?\n    window.MQ.mapLayer() : L.tileLayer(baseUrl,\n        L.Util.extend({}, {\n            detectRetina: 0,\n        },\n        {\"subdomains\":\"abc\",\"noWrap\":false,\"maxZoom\":20}        )\n    );\n    var options = L.Util.extend({}, {\n        layers: [base],\n        attributionControl: false\n    },\n    {\"zoomControl\":false,\"scrollWheelZoom\":false,\"doubleClickZoom\":false,\"fitBounds\":false,\"minZoom\":0,\"maxZoom\":20,\"maxBounds\":null,\"attribution\":\"<a href=\\\"http:\\\/\\\/leafletjs.com\\\" title=\\\"A JS library for interactive maps\\\">Leaflet<\\\/a>; \\\\r\\\\n\\u00a9 <a href=\\\"http:\\\/\\\/www.openstreetmap.org\\\/copyright\\\">OpenStreetMap<\\\/a> contributors\"},\n    {});\nwindow.WPLeafletMapPlugin.createMap(options).setView([52.429496,13.752195],15);});<\/script><script>\nwindow.WPLeafletMapPlugin = window.WPLeafletMapPlugin || [];\nwindow.WPLeafletMapPlugin.push(function WPLeafletMarkerShortcode() {\/*<script>*\/\nvar map = window.WPLeafletMapPlugin.getCurrentMap();\nvar group = window.WPLeafletMapPlugin.getCurrentGroup();\nvar marker_options = window.WPLeafletMapPlugin.getIconOptions({});\nvar marker = L.marker(\n    [0,0],\n    marker_options\n);\nvar is_image = map.is_image_map;\n    marker.setLatLng( map.getCenter() );\nif (marker_options.draggable) {\n    marker.on('dragend', function () {\n        var latlng = this.getLatLng();\n        var lat = latlng.lat;\n        var lng = latlng.lng;\n        if (is_image) {\n            console.log('leaflet-marker y=' + lat + ' x=' + lng);\n        } else {\n            console.log('leaflet-marker lat=' + lat + ' lng=' + lng);\n        }\n    });\n}\nmarker.addTo( group );\nwindow.WPLeafletMapPlugin.markers.push( marker );\n        });<\/script><\/p>\n","protected":false},"excerpt":{"rendered":"<p>Orientierungslauf, das sind Kartenl\u00e4ufe in freier Natur, erholsam, abwechslungsreich, spannend.Es ist so \u00e4hnlich, wie die Orientierung mittels Stadtplan. Nat\u00fcrlich wird OL \u00fcberwiegend in W\u00e4ldern oder auch in offenen Landschaften betrieben, [&hellip;]<\/p>\n","protected":false},"author":8,"featured_media":0,"parent":0,"menu_order":0,"comment_status":"closed","ping_status":"open","template":"","meta":{"inline_featured_image":false,"ngg_post_thumbnail":0,"footnotes":"","_links_to":"","_links_to_target":""},"class_list":["post-2","page","type-page","status-publish","hentry"],"_links":{"self":[{"href":"https:\/\/esvlokschoeneweide.de\/orientierungslauf\/wp-json\/wp\/v2\/pages\/2","targetHints":{"allow":["GET"]}}],"collection":[{"href":"https:\/\/esvlokschoeneweide.de\/orientierungslauf\/wp-json\/wp\/v2\/pages"}],"about":[{"href":"https:\/\/esvlokschoeneweide.de\/orientierungslauf\/wp-json\/wp\/v2\/types\/page"}],"author":[{"embeddable":true,"href":"https:\/\/esvlokschoeneweide.de\/orientierungslauf\/wp-json\/wp\/v2\/users\/8"}],"replies":[{"embeddable":true,"href":"https:\/\/esvlokschoeneweide.de\/orientierungslauf\/wp-json\/wp\/v2\/comments?post=2"}],"version-history":[{"count":22,"href":"https:\/\/esvlokschoeneweide.de\/orientierungslauf\/wp-json\/wp\/v2\/pages\/2\/revisions"}],"predecessor-version":[{"id":448,"href":"https:\/\/esvlokschoeneweide.de\/orientierungslauf\/wp-json\/wp\/v2\/pages\/2\/revisions\/448"}],"wp:attachment":[{"href":"https:\/\/esvlokschoeneweide.de\/orientierungslauf\/wp-json\/wp\/v2\/media?parent=2"}],"curies":[{"name":"wp","href":"https:\/\/api.w.org\/{rel}","templated":true}]}}