{"id":15,"date":"2012-05-29T13:38:08","date_gmt":"2012-05-29T11:38:08","guid":{"rendered":"http:\/\/esvlokschoeneweide.de\/radsport\/?page_id=15"},"modified":"2020-04-26T16:44:18","modified_gmt":"2020-04-26T14:44:18","slug":"verein","status":"publish","type":"page","link":"https:\/\/esvlokschoeneweide.de\/radsport\/verein\/","title":{"rendered":"Chronik"},"content":{"rendered":"\n<div class=\"wp-block-image\"><figure class=\"alignleft\"><img loading=\"lazy\" decoding=\"async\" width=\"300\" height=\"225\" src=\"http:\/\/esvlokschoeneweide.de\/radsport\/files\/2012\/05\/152182_1_010707_radlalt_afp-300x225.jpg\" alt=\"152182_1_010707_radlalt_afp-300x225\" class=\"wp-image-56\" \/><\/figure><\/div>\n\n\n\n<p class=\"has-normal-font-size\">Der&nbsp; heutige Radsportverein &#8222;Lok Sch\u00f6neweide Berlin&#8220; ging nach alten \u00dcberlieferungen aus dem Verein &#8222;Edelweiss&#8220; hervor, welcher ungef\u00e4hr bis 1945 existierte. Nach Kriegsende musste der Verein seinen Namen \u00e4ndern und wurde in &#8222;Sparta Lichtenberg&#8220; umbenannt. Das Vereinsleben spielte sich immer im Lichtenberger Stadtteil ab. Der Name &#8222;Sparta Lichtenberg&#8220; tauchte aber nur kurze Zeit in den B\u00fcchern auf, denn laut sowjetischer Besatzungmacht durften keine Privatvereine mehr existieren. So wurden alle privaten Sportvereine in sogenannte Betriebssportgemeinschaften, kurz BSG, umgewandelt. &#8222;Sparta Lichtenberg&#8220; wurde der Deutschen Reichsbahn zugeordnet und hie\u00df ab sofort &#8222;BSG Lok Lichtenberg&#8220;. Damit aber noch nicht genug des Wandels. Kurze Zeit sp\u00e4ter kam wieder eine Ver\u00e4nderung, n\u00e4mlich die, da\u00df der Verein den Berliner Verkehrsbetrieben, kurz BVB,&nbsp; angeschlossen wurde.<br>\nAber hier gab es Unstimmigkeiten im Vorstand. (diese am\u00fcsante Anekdote kann in der <a title=\"Annekdote Beermann\" href=\"http:\/\/esvlokschoeneweide.de\/radsport\/files\/2014\/03\/anekdote_beermann.pdf\" target=\"_blank\" rel=\"noopener noreferrer\">Downloadversion <\/a>nachgelesen werden ) Daraufhin hat der Sportsfreund Alfred Beermann, der bei der Deutschen Reichsbahn arbeitete, die Sektion Radsport bei der &#8222;BSG Lok Sch\u00f6neweide Berlin&#8220; ins Leben gerufen. Seit 1960 tr\u00e4gt der Verein diesen Namen. Eine kleine Namens\u00e4nderung gab es dann aber doch noch. Seit der Wende in Deutschland am 3. Oktober 1990 mu\u00dfte das &#8222;BSG&#8220; dem &#8222;ESV&#8220; ( EisenBahnerSportverein ) weichen. Wer noch mehr zu dem Thema weiss, lasst es uns wissen.<\/p>\n","protected":false},"excerpt":{"rendered":"<p>Der&nbsp; heutige Radsportverein &#8222;Lok Sch\u00f6neweide Berlin&#8220; ging nach alten \u00dcberlieferungen aus dem Verein &#8222;Edelweiss&#8220; hervor, welcher ungef\u00e4hr bis 1945 existierte. Nach Kriegsende musste der Verein seinen Namen \u00e4ndern und wurde [&hellip;]<\/p>\n","protected":false},"author":12,"featured_media":0,"parent":0,"menu_order":10,"comment_status":"closed","ping_status":"closed","template":"","meta":{"inline_featured_image":false,"ngg_post_thumbnail":0,"footnotes":"","_links_to":"","_links_to_target":""},"class_list":["post-15","page","type-page","status-publish","hentry"],"_links":{"self":[{"href":"https:\/\/esvlokschoeneweide.de\/radsport\/wp-json\/wp\/v2\/pages\/15","targetHints":{"allow":["GET"]}}],"collection":[{"href":"https:\/\/esvlokschoeneweide.de\/radsport\/wp-json\/wp\/v2\/pages"}],"about":[{"href":"https:\/\/esvlokschoeneweide.de\/radsport\/wp-json\/wp\/v2\/types\/page"}],"author":[{"embeddable":true,"href":"https:\/\/esvlokschoeneweide.de\/radsport\/wp-json\/wp\/v2\/users\/12"}],"replies":[{"embeddable":true,"href":"https:\/\/esvlokschoeneweide.de\/radsport\/wp-json\/wp\/v2\/comments?post=15"}],"version-history":[{"count":9,"href":"https:\/\/esvlokschoeneweide.de\/radsport\/wp-json\/wp\/v2\/pages\/15\/revisions"}],"predecessor-version":[{"id":2525,"href":"https:\/\/esvlokschoeneweide.de\/radsport\/wp-json\/wp\/v2\/pages\/15\/revisions\/2525"}],"wp:attachment":[{"href":"https:\/\/esvlokschoeneweide.de\/radsport\/wp-json\/wp\/v2\/media?parent=15"}],"curies":[{"name":"wp","href":"https:\/\/api.w.org\/{rel}","templated":true}]}}