{"id":2097,"date":"2018-03-24T15:34:57","date_gmt":"2018-03-24T14:34:57","guid":{"rendered":"http:\/\/esvlokschoeneweide.de\/radsport\/?page_id=2097"},"modified":"2023-02-10T19:20:17","modified_gmt":"2023-02-10T18:20:17","slug":"p1-rtf-nr-1669-in-den-gamengrund","status":"publish","type":"page","link":"https:\/\/esvlokschoeneweide.de\/radsport\/permanente-rtf-touren\/p1-rtf-nr-1669-in-den-gamengrund\/","title":{"rendered":"In den Gamengrund"},"content":{"rendered":"\n<p class=\"has-normal-font-size\">Unsere Permanente P.1 f\u00fchrt uns von Bernau bei Berlin \u00fcber Strausberg und Pr\u00f6tzel. Nord\u00f6stlich bei Berlin ist die Strecke leicht wellig auf verkehrsarmen Stra\u00dfen und f\u00fchrt abwechslungsreich durch Felder, Wald und Heide. Stark h\u00fcglig zeigt sich die B168 \u00fcber 10 km von Pr\u00f6tzel bis zum Abzweig \u201eZur B158\u201c. Kurz vor dem Abzweig befindet sich eine tiefe Senke, der \u201eGamengrund\u201c.<br>In den D\u00f6rfern steht neben dem Dorfteich eine Feldsteinkirche &#8211; heute bereits gut restauriert &#8211; wie auch die D\u00f6rfer in dem Landschaftsschutzgebiet. In Willmersdorf (bei km 10 und km 63) befindet sich direkt am Stra\u00dfenrand auf einem Mast ein Storchennest. In Strausberg (bei km 31) kommen wir an dem ehemaligen Verteidigungsministerium der DDR (bis 1990) vorbei, heute ist dort eine Ausbildungsst\u00e4tte der Bundeswehr.<br>Die Verpflegungsm\u00f6glichkeiten in den D\u00f6rfern an der Strecke sind rar: In Werneuchen (bei km 12), in Pr\u00f6tzel (bei km 38) Gastst\u00e4tte \u201cZur goldenen Kartoffel\u201c.<br><br>Das Fahrrad-Center Berger ist in 16321 Bernau, Heinersdorfer Stra\u00dfe 28 (ein ehem. Radrennfahrer).<\/p>\n\n\n\n<figure class=\"wp-block-table has-normal-font-size\"><table><tbody><tr><td><a href=\"http:\/\/esvlokschoeneweide.de\/radsport\/permanente-rtf-touren\/\">zurr\u00fcck zur Liste<\/a><\/td><td>72 Km<\/td><td class=\"has-text-align-right\" data-align=\"right\"><a href=\"https:\/\/www.komoot.de\/tour\/937364551?ref=wtd\" data-type=\"URL\" data-id=\"https:\/\/www.komoot.de\/tour\/937364551?ref=wtd\" target=\"_blank\" rel=\"noreferrer noopener\">Komoot<\/a><\/td><\/tr><tr><td><\/td><td>99 Km<\/td><td class=\"has-text-align-right\" data-align=\"right\"><a href=\"https:\/\/www.komoot.de\/tour\/937355190?ref=wtd\" data-type=\"URL\" data-id=\"https:\/\/www.komoot.de\/tour\/937355190?ref=wtd\" target=\"_blank\" rel=\"noreferrer noopener\">Komoot<\/a><\/td><\/tr><\/tbody><\/table><\/figure>\n\n\n\n<p>Stand: 06.03.2022<\/p>\n","protected":false},"excerpt":{"rendered":"<p>Unsere Permanente P.1 f\u00fchrt uns von Bernau bei Berlin \u00fcber Strausberg und Pr\u00f6tzel. Nord\u00f6stlich bei Berlin ist die Strecke leicht wellig auf verkehrsarmen Stra\u00dfen und f\u00fchrt abwechslungsreich durch Felder, Wald [&hellip;]<\/p>\n","protected":false},"author":12,"featured_media":0,"parent":38,"menu_order":0,"comment_status":"closed","ping_status":"closed","template":"","meta":{"inline_featured_image":false,"ngg_post_thumbnail":0,"footnotes":"","_links_to":"","_links_to_target":""},"class_list":["post-2097","page","type-page","status-publish","hentry"],"_links":{"self":[{"href":"https:\/\/esvlokschoeneweide.de\/radsport\/wp-json\/wp\/v2\/pages\/2097","targetHints":{"allow":["GET"]}}],"collection":[{"href":"https:\/\/esvlokschoeneweide.de\/radsport\/wp-json\/wp\/v2\/pages"}],"about":[{"href":"https:\/\/esvlokschoeneweide.de\/radsport\/wp-json\/wp\/v2\/types\/page"}],"author":[{"embeddable":true,"href":"https:\/\/esvlokschoeneweide.de\/radsport\/wp-json\/wp\/v2\/users\/12"}],"replies":[{"embeddable":true,"href":"https:\/\/esvlokschoeneweide.de\/radsport\/wp-json\/wp\/v2\/comments?post=2097"}],"version-history":[{"count":27,"href":"https:\/\/esvlokschoeneweide.de\/radsport\/wp-json\/wp\/v2\/pages\/2097\/revisions"}],"predecessor-version":[{"id":2925,"href":"https:\/\/esvlokschoeneweide.de\/radsport\/wp-json\/wp\/v2\/pages\/2097\/revisions\/2925"}],"up":[{"embeddable":true,"href":"https:\/\/esvlokschoeneweide.de\/radsport\/wp-json\/wp\/v2\/pages\/38"}],"wp:attachment":[{"href":"https:\/\/esvlokschoeneweide.de\/radsport\/wp-json\/wp\/v2\/media?parent=2097"}],"curies":[{"name":"wp","href":"https:\/\/api.w.org\/{rel}","templated":true}]}}