{"id":2099,"date":"2018-03-24T15:38:50","date_gmt":"2018-03-24T14:38:50","guid":{"rendered":"http:\/\/esvlokschoeneweide.de\/radsport\/?page_id=2099"},"modified":"2023-02-10T19:20:08","modified_gmt":"2023-02-10T18:20:08","slug":"p2-rtf-nr-1670-noerdlicher-randberliner","status":"publish","type":"page","link":"https:\/\/esvlokschoeneweide.de\/radsport\/permanente-rtf-touren\/p2-rtf-nr-1670-noerdlicher-randberliner\/","title":{"rendered":"N\u00f6rdliche Randberliner"},"content":{"rendered":"\n<p class=\"has-normal-font-size\">Unsere Permanente P.2 f\u00fchrt uns von Bernau bei Berlin \u00fcber Oranienburg und Wandlitz. Im n\u00f6rdlichen Bereich von Berlin fahren wir auf \u00fcberwiegend verkehrsarmen Stra\u00dfen und kommen an vielen Seen<br>vorbei, einladend zum Baden*, wie dem Gorinsee* (km 8), dem Summter See (km 18), dem Lehnitzsee (km 29), dem Stolzenhagener See* (km 43), dem Obersee* vor Lanke (km 51). Am n\u00f6rdlichen Ende des Lehnitzsees (in Oranienburg) befindet sich die Schleuse \u201eLehnitz\u201c mit 5,6 m Hubh\u00f6he. Dort beginnt die 47 km lange \u201eHavel &#8211; Oder \u2013 Wasserstra\u00dfe\u201c, die ein Teil des \u201eGro\u00dfschifffahrtsweges Berlin \u2013 Stettin\u201c ist. Landschaftlich ist die Tour flach und f\u00fchrt durch Felder, W\u00e4lder und Heide. Zwischen M\u00fchlenbeck und Summt (km 15 bis 19) ist die Stra\u00dfe etwas eng. Neben der Fahrbahn  befindet sich ein Weg \u201e frei f\u00fcr Radfahrer\u201c. Breite Fahrradwege gibt es ab Sch\u00f6now (km 4 bis 10), hinter Schmachtenhagen (km 34 bis 38) und dann eine Fahrradstra\u00dfe hinter Lobetal (km 66 bis 69).<br>An der Strecke gibt es viele Verpflegungsm\u00f6glichkeiten, wie in Sch\u00f6now, M\u00fchlenbeck, Summt, Lehnitz, Schmachtenhagen \u201eOberhavel Bauernmarkt\u201c, \u00dctzdorf, Biesenthal.<br><br>Das Fahrrad-Center Berger ist in 16321 Bernau, Heinersdorfer Stra\u00dfe 28 (ein ehem. Radrennfahrer).<\/p>\n\n\n\n<figure class=\"wp-block-table has-normal-font-size\"><table><tbody><tr><td class=\"has-text-align-left\" data-align=\"left\"><a href=\"http:\/\/esvlokschoeneweide.de\/radsport\/permanente-rtf-touren\/\">zurr\u00fcck zur Liste<\/a><\/td><td>73 Km<\/td><td class=\"has-text-align-right\" data-align=\"right\"><a href=\"https:\/\/www.komoot.de\/tour\/924278375?ref=wtd\" data-type=\"URL\" data-id=\"https:\/\/www.komoot.de\/tour\/924278375?ref=wtd\" target=\"_blank\" rel=\"noreferrer noopener\">Komoot<\/a><\/td><\/tr><tr><td class=\"has-text-align-left\" data-align=\"left\"><\/td><td>91 Km<\/td><td class=\"has-text-align-right\" data-align=\"right\"><a href=\"https:\/\/www.komoot.de\/tour\/924287365?ref=wtd\" data-type=\"URL\" data-id=\"https:\/\/www.komoot.de\/tour\/924287365?ref=wtd\" target=\"_blank\" rel=\"noreferrer noopener\">Komoot<\/a><\/td><\/tr><\/tbody><\/table><\/figure>\n\n\n\n<p>Stand: 06.03.2022<\/p>\n","protected":false},"excerpt":{"rendered":"<p>Unsere Permanente P.2 f\u00fchrt uns von Bernau bei Berlin \u00fcber Oranienburg und Wandlitz. Im n\u00f6rdlichen Bereich von Berlin fahren wir auf \u00fcberwiegend verkehrsarmen Stra\u00dfen und kommen an vielen Seenvorbei, einladend [&hellip;]<\/p>\n","protected":false},"author":12,"featured_media":0,"parent":38,"menu_order":0,"comment_status":"closed","ping_status":"closed","template":"","meta":{"inline_featured_image":false,"ngg_post_thumbnail":0,"footnotes":"","_links_to":"","_links_to_target":""},"class_list":["post-2099","page","type-page","status-publish","hentry"],"_links":{"self":[{"href":"https:\/\/esvlokschoeneweide.de\/radsport\/wp-json\/wp\/v2\/pages\/2099","targetHints":{"allow":["GET"]}}],"collection":[{"href":"https:\/\/esvlokschoeneweide.de\/radsport\/wp-json\/wp\/v2\/pages"}],"about":[{"href":"https:\/\/esvlokschoeneweide.de\/radsport\/wp-json\/wp\/v2\/types\/page"}],"author":[{"embeddable":true,"href":"https:\/\/esvlokschoeneweide.de\/radsport\/wp-json\/wp\/v2\/users\/12"}],"replies":[{"embeddable":true,"href":"https:\/\/esvlokschoeneweide.de\/radsport\/wp-json\/wp\/v2\/comments?post=2099"}],"version-history":[{"count":28,"href":"https:\/\/esvlokschoeneweide.de\/radsport\/wp-json\/wp\/v2\/pages\/2099\/revisions"}],"predecessor-version":[{"id":2924,"href":"https:\/\/esvlokschoeneweide.de\/radsport\/wp-json\/wp\/v2\/pages\/2099\/revisions\/2924"}],"up":[{"embeddable":true,"href":"https:\/\/esvlokschoeneweide.de\/radsport\/wp-json\/wp\/v2\/pages\/38"}],"wp:attachment":[{"href":"https:\/\/esvlokschoeneweide.de\/radsport\/wp-json\/wp\/v2\/media?parent=2099"}],"curies":[{"name":"wp","href":"https:\/\/api.w.org\/{rel}","templated":true}]}}