{"id":2103,"date":"2018-03-24T15:42:22","date_gmt":"2018-03-24T14:42:22","guid":{"rendered":"http:\/\/esvlokschoeneweide.de\/radsport\/?page_id=2103"},"modified":"2023-02-10T19:19:48","modified_gmt":"2023-02-10T18:19:48","slug":"p4-rtf-nr-1672-zum-langer-berg","status":"publish","type":"page","link":"https:\/\/esvlokschoeneweide.de\/radsport\/permanente-rtf-touren\/p4-rtf-nr-1672-zum-langer-berg\/","title":{"rendered":"Zum langen Berg"},"content":{"rendered":"\n<p class=\"has-normal-font-size\">Unsere Permanente P.4 f\u00fchrt uns von Bernau bei Berlin in die \u00f6stliche Richtung \u00fcber Sch\u00f6nfeld nach Pr\u00f6tzel und zur\u00fcck \u00fcber Heckelberg.<br>Unterwegs geht es auf verkehrsarmen Stra\u00dfen h\u00fcglig bergauf und \u2013ab. Die B168 zwischen Werftpfuhl und Pr\u00f6tzel (km 22 bis 32) ist m\u00e4\u00dfig befahren. 400 Meter auf nostalgischem Kopfsteinpflaster f\u00fchrt die Stra\u00dfe durch Beerbaum (km 58) etwas bergan. Von den H\u00f6hen haben wir tolle Ausblicke. Die Tour f\u00fchrt durch Landschaftsschutzgebiete mit schattenspendenden Baumalleen, vorbei an Felder, viel Wald und Heide. Die D\u00f6rfer mit den Dorfteichen, ihren Feldsteinkirchen, und alten Bauernh\u00e4usern sind sehenswert.<br>Unterwegs an der Strecke gibt es nur in Pr\u00f6tzel die Gastst\u00e4tte \u201eZur goldenen Kartoffel\u201c (km 32).<br><br>Das Fahrrad-Center Berger ist in 16321 Bernau, Heinersdorfer Stra\u00dfe 28 (ein ehem. Radrennfahrer).<\/p>\n\n\n\n<figure class=\"wp-block-table has-normal-font-size\"><table><tbody><tr><td><a href=\"http:\/\/esvlokschoeneweide.de\/radsport\/permanente-rtf-touren\/\">zurr\u00fcck zur Liste<\/a><\/td><td>76 Km<\/td><td class=\"has-text-align-right\" data-align=\"right\"><a href=\"https:\/\/www.komoot.de\/tour\/924273092?ref=wtd\" data-type=\"URL\" data-id=\"https:\/\/www.komoot.de\/tour\/924273092?ref=wtd\" target=\"_blank\" rel=\"noreferrer noopener\">Komoot<\/a><\/td><\/tr><tr><td><\/td><td>103 Km<\/td><td class=\"has-text-align-right\" data-align=\"right\"><a href=\"https:\/\/www.komoot.de\/tour\/924265241?ref=wtd\" data-type=\"URL\" data-id=\"https:\/\/www.komoot.de\/tour\/924265241?ref=wtd\" target=\"_blank\" rel=\"noreferrer noopener\">Komoot<\/a><\/td><\/tr><\/tbody><\/table><\/figure>\n\n\n\n<p>Stand: 06.03.2022<\/p>\n","protected":false},"excerpt":{"rendered":"<p>Unsere Permanente P.4 f\u00fchrt uns von Bernau bei Berlin in die \u00f6stliche Richtung \u00fcber Sch\u00f6nfeld nach Pr\u00f6tzel und zur\u00fcck \u00fcber Heckelberg.Unterwegs geht es auf verkehrsarmen Stra\u00dfen h\u00fcglig bergauf und \u2013ab. [&hellip;]<\/p>\n","protected":false},"author":12,"featured_media":0,"parent":38,"menu_order":0,"comment_status":"closed","ping_status":"closed","template":"","meta":{"inline_featured_image":false,"ngg_post_thumbnail":0,"footnotes":"","_links_to":"","_links_to_target":""},"class_list":["post-2103","page","type-page","status-publish","hentry"],"_links":{"self":[{"href":"https:\/\/esvlokschoeneweide.de\/radsport\/wp-json\/wp\/v2\/pages\/2103","targetHints":{"allow":["GET"]}}],"collection":[{"href":"https:\/\/esvlokschoeneweide.de\/radsport\/wp-json\/wp\/v2\/pages"}],"about":[{"href":"https:\/\/esvlokschoeneweide.de\/radsport\/wp-json\/wp\/v2\/types\/page"}],"author":[{"embeddable":true,"href":"https:\/\/esvlokschoeneweide.de\/radsport\/wp-json\/wp\/v2\/users\/12"}],"replies":[{"embeddable":true,"href":"https:\/\/esvlokschoeneweide.de\/radsport\/wp-json\/wp\/v2\/comments?post=2103"}],"version-history":[{"count":16,"href":"https:\/\/esvlokschoeneweide.de\/radsport\/wp-json\/wp\/v2\/pages\/2103\/revisions"}],"predecessor-version":[{"id":2922,"href":"https:\/\/esvlokschoeneweide.de\/radsport\/wp-json\/wp\/v2\/pages\/2103\/revisions\/2922"}],"up":[{"embeddable":true,"href":"https:\/\/esvlokschoeneweide.de\/radsport\/wp-json\/wp\/v2\/pages\/38"}],"wp:attachment":[{"href":"https:\/\/esvlokschoeneweide.de\/radsport\/wp-json\/wp\/v2\/media?parent=2103"}],"curies":[{"name":"wp","href":"https:\/\/api.w.org\/{rel}","templated":true}]}}