{"id":3023,"date":"2023-07-30T14:25:15","date_gmt":"2023-07-30T12:25:15","guid":{"rendered":"https:\/\/esvlokschoeneweide.de\/radsport\/?page_id=3023"},"modified":"2026-02-14T19:40:28","modified_gmt":"2026-02-14T18:40:28","slug":"unsere-rtf-im-september","status":"publish","type":"page","link":"https:\/\/esvlokschoeneweide.de\/radsport\/unsere-rtf-im-september\/","title":{"rendered":"Unsere RTF im September"},"content":{"rendered":"\n<p>26.09.2026 &#8211; 4. Herbst RTF Bernau &#8211; zum Oderbruch &#8211; Bernau<\/p>\n\n\n\n<p>Was ist besser als eine RTF? Richtig: 2 davon. Und deshalb veranstalten wir auch in diesem Jahr wieder eine RTF im September. Aber die Strecke weicht von der Strecke der RTF im Mai ab. Man k\u00f6nnte sagen, die Streckenf\u00fchrung ist die gleiche, nur fahren wir in die umgekehrte Richtung. Die Strecke ist bis auf die Extrarunde des 150Km Pacours von unserem erfahrenen Fachpersonal ausgeschildert, und eine Voranmeldung ist nicht erforderlich, die Anmeldung erfolgt vor Ort.<\/p>\n\n\n\n<p>RTF-Nr.: 2292<br>Startzeit: 10:00 &#8211; 11:00 Uhr<br>Startort: Sportforum Bernau, An der Tr\u00e4nke 30, 16321 Bernau<br>Startgeld: 5 \u20ac mit RTF-Breitensportlizenz vom BDR, 10 \u20ac ohne Wertungskarte vom BDR<br>(eine geringf\u00fcgige Anpassung der Startgelder zu diesem Termin ist nicht auszuschlie\u00dfen) <br><br>Verf\u00fcgbare Strecken: Die Links f\u00fchren zu Komoot. Da k\u00f6nnt Ihr Euch die Strecke ansehen, GPS-Tracks herunterladen, und vieles mehr.<br><br>156 Km &#8211; <a href=\"https:\/\/www.komoot.de\/tour\/937373360\" target=\"_blank\" rel=\"noreferrer noopener\">https:\/\/www.komoot.de\/tour\/937373360<\/a><br>122 Km &#8211; <a href=\"https:\/\/www.komoot.de\/tour\/937368872\" target=\"_blank\" rel=\"noreferrer noopener\">https:\/\/www.komoot.de\/tour\/937368872<\/a><br>80 Km &#8211; <a href=\"https:\/\/www.komoot.de\/tour\/937368265\" target=\"_blank\" rel=\"noreferrer noopener\">https:\/\/www.komoot.de\/tour\/937368265<\/a><br>58 Km &#8211; <a href=\"https:\/\/www.komoot.de\/tour\/937365887\" target=\"_blank\" rel=\"noreferrer noopener\">https:\/\/www.komoot.de\/tour\/937365887<\/a><\/p>\n\n\n\n<p>F\u00fcr alle, die sich nicht bei Komoot angemeldet haben, bzw. sich nicht anmelden wollen, hier die GPS-Tracks zum Download direkt hier bei uns.<\/p>\n\n\n\n<p><\/p>\n\n\n\n<div class=\"wp-block-file\"><a id=\"wp-block-file--media-8c8b5427-a4c4-4c0e-b070-6c0631e3eedf\" href=\"https:\/\/esvlokschoeneweide.de\/radsport\/files\/2025\/06\/RTF-Von-Bernau-zum-Oderbruch-Herbst-2025-156-km.gpx\">3. Herbst RTF Von Bernau zum Oderbruch Herbst 2025 &#8211; 156 km<\/a><a href=\"https:\/\/esvlokschoeneweide.de\/radsport\/files\/2025\/06\/RTF-Von-Bernau-zum-Oderbruch-Herbst-2025-156-km.gpx\" class=\"wp-block-file__button wp-element-button\" download aria-describedby=\"wp-block-file--media-8c8b5427-a4c4-4c0e-b070-6c0631e3eedf\">Herunterladen<\/a><\/div>\n\n\n\n<div class=\"wp-block-file\"><a id=\"wp-block-file--media-7239bc26-6a50-4f19-8bb6-aebddbf158c3\" href=\"https:\/\/esvlokschoeneweide.de\/radsport\/files\/2025\/06\/RTF-Von-Bernau-zum-Oderbruch-Herbst-2025-122-km.gpx\">R3. Herbst TF Von Bernau zum Oderbruch Herbst 2025 &#8211; 122 km<\/a><a href=\"https:\/\/esvlokschoeneweide.de\/radsport\/files\/2025\/06\/RTF-Von-Bernau-zum-Oderbruch-Herbst-2025-122-km.gpx\" class=\"wp-block-file__button wp-element-button\" download aria-describedby=\"wp-block-file--media-7239bc26-6a50-4f19-8bb6-aebddbf158c3\">Herunterladen<\/a><\/div>\n\n\n\n<div class=\"wp-block-file\"><a id=\"wp-block-file--media-aa419fb2-6cea-45d0-b3cf-124a91cff068\" href=\"https:\/\/esvlokschoeneweide.de\/radsport\/files\/2025\/06\/RTF-Von-Bernau-zum-Oderbruch-Herbst-2025-80-km.gpx\">3. Herbst RTF Von Bernau zum Oderbruch Herbst 2025 &#8211; 80 km<\/a><a href=\"https:\/\/esvlokschoeneweide.de\/radsport\/files\/2025\/06\/RTF-Von-Bernau-zum-Oderbruch-Herbst-2025-80-km.gpx\" class=\"wp-block-file__button wp-element-button\" download aria-describedby=\"wp-block-file--media-aa419fb2-6cea-45d0-b3cf-124a91cff068\">Herunterladen<\/a><\/div>\n\n\n\n<div class=\"wp-block-file\"><a id=\"wp-block-file--media-007cd1fd-4f82-475a-b9db-d9194faece74\" href=\"https:\/\/esvlokschoeneweide.de\/radsport\/files\/2025\/06\/RTF-Von-Bernau-zum-Oderbruch-Herbst-2025-58-km.gpx\">3. Herbst RTF Von Bernau zum Oderbruch Herbst 2025 &#8211; 58 km<\/a><a href=\"https:\/\/esvlokschoeneweide.de\/radsport\/files\/2025\/06\/RTF-Von-Bernau-zum-Oderbruch-Herbst-2025-58-km.gpx\" class=\"wp-block-file__button wp-element-button\" download aria-describedby=\"wp-block-file--media-007cd1fd-4f82-475a-b9db-d9194faece74\">Herunterladen<\/a><\/div>\n\n\n\n<p><\/p>\n\n\n\n<p><a href=\"https:\/\/esvlokschoeneweide.de\/radsport\/files\/2025\/11\/3.-Herbst-RTF-Bericht-1.pdf\" target=\"_blank\" rel=\"noreferrer noopener\">Bericht 3 RTF Herbstfahrt Bernau &#8211; zum Oderbruch &#8211; Bernau 2025<\/a><\/p>\n\n\n\n<p><a href=\"https:\/\/photos.google.com\/share\/AF1QipP2fV06U3wJjdoKPVGkq-XPut2g-vReVxj-7xF2zRyWQzoXF_swbJMLRzIwEVObyA?key=Q2FNVGJNYjUycmRwWmFCX01GZXpiQTlkN3praExB\" target=\"_blank\" rel=\"noreferrer noopener\">Fotos &#8211; 2. RTF Herbstfahrt Bernau &#8211; zum Oderbruch &#8211; Bernau 2025<\/a> von Andreas Schmidt &#8211; ADW, Sektion Radsport<\/p>\n\n\n\n<p><a href=\"https:\/\/esvlokschoeneweide.de\/radsport\/unsere-rtf\/photos\/nggallery\/album\/30-09-2023-1-rtf-september\">Fotos &#8211; 1. RTF Herbstfahrt Bernau &#8211; zum Oderbruch &#8211; Bernau 2024<\/a><\/p>\n\n\n\n<p><a href=\"https:\/\/esvlokschoeneweide.de\/radsport\/files\/2024\/10\/September-2024-Bericht.pdf\" data-type=\"link\" data-id=\"https:\/\/esvlokschoeneweide.de\/radsport\/files\/2024\/10\/September-2024-Bericht.pdf\" target=\"_blank\" rel=\"noreferrer noopener\">Bericht <a href=\"https:\/\/esvlokschoeneweide.de\/radsport\/unsere-rtf\/photos\/nggallery\/album\/30-09-2023-1-rtf-september\">1. RTF Herbstfahrt Bernau &#8211; zum Oderbruch &#8211; Bernau<\/a> 2024 von Manfred Gr\u00e4tz<\/a><\/p>\n\n\n\n<p><\/p>\n","protected":false},"excerpt":{"rendered":"<p>26.09.2026 &#8211; 4. Herbst RTF Bernau &#8211; zum Oderbruch &#8211; Bernau Was ist besser als eine RTF? Richtig: 2 davon. Und deshalb veranstalten wir auch in diesem Jahr wieder eine [&hellip;]<\/p>\n","protected":false},"author":12,"featured_media":0,"parent":0,"menu_order":0,"comment_status":"closed","ping_status":"closed","template":"","meta":{"inline_featured_image":false,"ngg_post_thumbnail":0,"footnotes":"","_links_to":"","_links_to_target":""},"class_list":["post-3023","page","type-page","status-publish","hentry"],"_links":{"self":[{"href":"https:\/\/esvlokschoeneweide.de\/radsport\/wp-json\/wp\/v2\/pages\/3023","targetHints":{"allow":["GET"]}}],"collection":[{"href":"https:\/\/esvlokschoeneweide.de\/radsport\/wp-json\/wp\/v2\/pages"}],"about":[{"href":"https:\/\/esvlokschoeneweide.de\/radsport\/wp-json\/wp\/v2\/types\/page"}],"author":[{"embeddable":true,"href":"https:\/\/esvlokschoeneweide.de\/radsport\/wp-json\/wp\/v2\/users\/12"}],"replies":[{"embeddable":true,"href":"https:\/\/esvlokschoeneweide.de\/radsport\/wp-json\/wp\/v2\/comments?post=3023"}],"version-history":[{"count":37,"href":"https:\/\/esvlokschoeneweide.de\/radsport\/wp-json\/wp\/v2\/pages\/3023\/revisions"}],"predecessor-version":[{"id":3667,"href":"https:\/\/esvlokschoeneweide.de\/radsport\/wp-json\/wp\/v2\/pages\/3023\/revisions\/3667"}],"wp:attachment":[{"href":"https:\/\/esvlokschoeneweide.de\/radsport\/wp-json\/wp\/v2\/media?parent=3023"}],"curies":[{"name":"wp","href":"https:\/\/api.w.org\/{rel}","templated":true}]}}