{"id":38,"date":"2013-01-18T15:51:35","date_gmt":"2013-01-18T14:51:35","guid":{"rendered":"http:\/\/esvlokschoeneweide.de\/radsport\/?page_id=38"},"modified":"2023-03-28T20:58:29","modified_gmt":"2023-03-28T18:58:29","slug":"permanente-rtf-touren","status":"publish","type":"page","link":"https:\/\/esvlokschoeneweide.de\/radsport\/permanente-rtf-touren\/","title":{"rendered":"Permanente RTF"},"content":{"rendered":"\n<p>Startort ist immer: Sportforum \u2013 An der Tr\u00e4nke 30, 16321 Bernau bei Berlin<\/p>\n\n\n\n<p class=\"has-normal-font-size\">Wer au\u00dferhalb der RTF&#8217;s noch Fahrten durch Wald und Flur t\u00e4tigen, oder vielleicht einfach nur Kilometer sammeln m\u00f6chte, der kann auch unsere Permanenten abfahren. Der ESV Lok Sch\u00f6neweide hat vier permanente RTF Touren mit jeweils 2 verschieden langen Strecken, welche alle um Bernau f\u00fchren. Gestartet wird immer vom Sportforum Bernau  (<a href=\"https:\/\/esvlokschoeneweide.de\/radsport\/unsere-rtf\/anfahrt\/\" data-type=\"page\" data-id=\"500\" target=\"_blank\" rel=\"noreferrer noopener\">siehe Anfahrt<\/a>).<\/p>\n\n\n\n<p class=\"has-normal-font-size\">Streckenpl\u00e4ne: 12.03. bis 16.10.2023<\/p>\n\n\n\n<p class=\"has-normal-font-size\">RTF \u2013 Nr.: 102 &#8211; <a href=\"http:\/\/esvlokschoeneweide.de\/radsport\/permanente-rtf-touren\/p1-rtf-nr-1669-in-den-gamengrund\/\">In den Gamengrund<\/a><br>RTF \u2013 Nr.: 103 &#8211; <a href=\"http:\/\/esvlokschoeneweide.de\/radsport\/permanente-rtf-touren\/p2-rtf-nr-1670-noerdlicher-randberliner\/\">N\u00f6rdlicher Randberliner<\/a><br>RTF \u2013 Nr.: 104 &#8211; <a href=\"http:\/\/esvlokschoeneweide.de\/radsport\/permanente-rtf-touren\/p4-rtf-nr-1672-zum-langer-berg\/\">Zum langer Berg<\/a><br>RTF \u2013 Nr.: 105 &#8211; <a href=\"http:\/\/esvlokschoeneweide.de\/radsport\/permanente-rtf-touren\/p3-rtf-nr-1671-zum-schiffshebewerk\/\">Zum&nbsp;Schiffshebewerk<\/a><\/p>\n\n\n\n<p>Stand: 28.03.2023<\/p>\n","protected":false},"excerpt":{"rendered":"<p>Startort ist immer: Sportforum \u2013 An der Tr\u00e4nke 30, 16321 Bernau bei Berlin Wer au\u00dferhalb der RTF&#8217;s noch Fahrten durch Wald und Flur t\u00e4tigen, oder vielleicht einfach nur Kilometer sammeln [&hellip;]<\/p>\n","protected":false},"author":12,"featured_media":0,"parent":0,"menu_order":500,"comment_status":"closed","ping_status":"closed","template":"","meta":{"inline_featured_image":false,"ngg_post_thumbnail":0,"footnotes":"","_links_to":"","_links_to_target":""},"class_list":["post-38","page","type-page","status-publish","hentry"],"_links":{"self":[{"href":"https:\/\/esvlokschoeneweide.de\/radsport\/wp-json\/wp\/v2\/pages\/38","targetHints":{"allow":["GET"]}}],"collection":[{"href":"https:\/\/esvlokschoeneweide.de\/radsport\/wp-json\/wp\/v2\/pages"}],"about":[{"href":"https:\/\/esvlokschoeneweide.de\/radsport\/wp-json\/wp\/v2\/types\/page"}],"author":[{"embeddable":true,"href":"https:\/\/esvlokschoeneweide.de\/radsport\/wp-json\/wp\/v2\/users\/12"}],"replies":[{"embeddable":true,"href":"https:\/\/esvlokschoeneweide.de\/radsport\/wp-json\/wp\/v2\/comments?post=38"}],"version-history":[{"count":110,"href":"https:\/\/esvlokschoeneweide.de\/radsport\/wp-json\/wp\/v2\/pages\/38\/revisions"}],"predecessor-version":[{"id":2986,"href":"https:\/\/esvlokschoeneweide.de\/radsport\/wp-json\/wp\/v2\/pages\/38\/revisions\/2986"}],"wp:attachment":[{"href":"https:\/\/esvlokschoeneweide.de\/radsport\/wp-json\/wp\/v2\/media?parent=38"}],"curies":[{"name":"wp","href":"https:\/\/api.w.org\/{rel}","templated":true}]}}