{"id":464,"date":"2014-09-21T03:44:17","date_gmt":"2014-09-21T01:44:17","guid":{"rendered":"http:\/\/esvlokschoeneweide.de\/radsport\/?page_id=464"},"modified":"2023-04-14T19:00:24","modified_gmt":"2023-04-14T17:00:24","slug":"was-ist-rtf-2","status":"publish","type":"page","link":"https:\/\/esvlokschoeneweide.de\/radsport\/unsere-rtf\/was-ist-rtf-2\/","title":{"rendered":"Was ist RTF?"},"content":{"rendered":"\n<p><strong><span style=\"font-size: 18pt\">Was ist RTF ?<\/span><\/strong><\/p>\n\n\n\n<p class=\"has-text-align-left has-normal-font-size\">(Rad-Touren-Fahren)<\/p>\n\n\n\n<ul class=\"has-normal-font-size wp-block-list\">\n<li>RTF ist die Abk\u00fcrzung f\u00fcr Rad-Touren-Fahrt, was dem Fitnessradeln entspricht.<\/li>\n\n\n\n<li>RTF ist kein Radrennen, sondern es gilt die Tour ohne Leistungsdruck allein oder mit anderen in Gemeinschaft zu bew\u00e4ltigen.<\/li>\n\n\n\n<li>RTF hei\u00dft, eine Strecke zwischen 40 Km und 160 Km mit dem Fahrrad, auf ausgew\u00e4hlten Strecken zu fahren, oder als Radmarathon \u00fcber 200 km, bzw. bei einer Etappenfahrt \u00fcber mehrere Tage zu bew\u00e4ltigen.<\/li>\n\n\n\n<li>F\u00fcr die RTF werden von den ausrichtenden Vereinen des Bundes Deutscher Radfahrer e.V. (BDR) m\u00f6glichst verkehrsarme, landschaftlich reizvolle Stra\u00dfenausgew\u00e4hlt.<\/li>\n\n\n\n<li>RTF wird seit den 70-iger Jahren durchgef\u00fchrt.<\/li>\n\n\n\n<li>RTF gibt es in ganz Deutschland mit ca. 2000 Veranstaltungen.<\/li>\n\n\n\n<li>RTF wird von vielen Berliner Radsportvereinen organisiert.<\/li>\n\n\n\n<li>Im gesamten Bundesgebiet beteiligen sich viele Tausende an den Veranstaltungen.<\/li>\n<\/ul>\n\n\n\n<p class=\"has-text-align-left has-normal-font-size\">Nichtmitglieder k\u00f6nnen sich ebenfalls an den RTF beteiligen.<br>(Kinder unter 14 Jahre jedoch nur in Begleitung von Erwachsenen).<br>Wir RTF-ler freuen uns \u00fcber jeden neuen Interessenten.<span style=\"font-size: 10pt\">&nbsp;<\/span><\/p>\n\n\n\n<ul class=\"has-normal-font-size wp-block-list\">\n<li>Tages RTF: Diese finden an einem Tag statt. Am Start-, gleich Zielort, trifft man viele Gleichgesinnte mit denen man gemeinsam Radfahren kann. Auf der Strecke gibt es im Abstand von 20 bis 40 km Kontrollstellen mit kleinem Imbi\u00df und Getr\u00e4nken.<\/li>\n\n\n\n<li>Permanente RTF: Diese kann man an jedem Tag fahren. Diese Touren finden jeweils von einem bestimmten Startort aus statt. Mit der Streckenbeschreibung f\u00e4hrt man eine Runde von ca. 70 km bis 100 km.<\/li>\n\n\n\n<li>CTF: Das Country-Touren-Fahren gibt es im Winter im Gel\u00e4nde mit verschiedenen Streckenl\u00e4ngen.<br>Die organisierten RTF-ler erhalten &#8222;Kilometer&#8220; f\u00fcr die Jahreswertung, in der die flei\u00dfigsten Radfahrer ermittelt werden.<br><br>Im ESV Lok Berlin-Sch\u00f6neweide besteht eine RTF-Gruppe (Ansprechpartner unten).<\/li>\n<\/ul>\n\n\n\n<p class=\"has-text-align-left has-normal-font-size\">Wir organisieren mindestens einmal im Jahr\u00a0die RTF \u201eBernau \u2013 zur Oder \u2013 Bernau\u201c<br>mit den Streckenl\u00e4ngen 58 \/ 80 \/ 121 \/ 157 km \u2013 siehe: RTF, <a href=\"https:\/\/esvlokschoeneweide.de\/radsport\/unsere-rtf\/plakatneu\/\" data-type=\"page\" data-id=\"2948\" target=\"_blank\" rel=\"noreferrer noopener\">Werbeplakat <\/a><br>sowie jedes Jahr vier Permanente RTF mit jeweils zwei verschiedenen Streckenl\u00e4ngen &#8211; siehe: <a href=\"http:\/\/esvlokschoeneweide.de\/radsport\/permanente-rtf-touren\/\" target=\"_blank\" rel=\"noreferrer noopener\">Permanente<\/a><\/p>\n\n\n\n<p class=\"has-text-align-left has-normal-font-size\">Im Internet sind unsere RTF`s und weitere Angaben dazu ver\u00f6ffentlicht:<br>Unser Verein: <a href=\"https:\/\/esvlokschoeneweide.de\/radsport\/\">http:\/\/www.esvlokschoeneweide.de <\/a><br>Berliner-Radsport-Verband e.V.:http:\/\/www.brv-radsport.berlin<\/p>\n\n\n\n<ul class=\"has-normal-font-size wp-block-list\">\n<li>Breitensportkalender des Bundes Deutscher Radfahrer e.V., erscheint j\u00e4hrlich:<br>Er enth\u00e4lt die erforderlichen Angaben zu den in Deutschland stattfindenden Veranstaltungen.<\/li>\n<\/ul>\n\n\n\n<p class=\"has-normal-font-size\">Torsten Nelde &#8211; Abteilungsleiter &#8211; Tel. 030-99 54 27 62<br>Janek Grunow &#8211; Fachwart RTF &#8211; Tel. 0170-8013076<br>Versammlung &#8211; Jeden 2. Freitag im Monat &#8211; 16.30 Uhr im Keller unter der Turnhalle, Adlergestell 143<\/p>\n\n\n\n<p>Stand: 22.03.2019<\/p>\n","protected":false},"excerpt":{"rendered":"<p>Was ist RTF ? (Rad-Touren-Fahren) Nichtmitglieder k\u00f6nnen sich ebenfalls an den RTF beteiligen.(Kinder unter 14 Jahre jedoch nur in Begleitung von Erwachsenen).Wir RTF-ler freuen uns \u00fcber jeden neuen Interessenten.&nbsp; Wir [&hellip;]<\/p>\n","protected":false},"author":12,"featured_media":0,"parent":33,"menu_order":0,"comment_status":"closed","ping_status":"closed","template":"","meta":{"inline_featured_image":false,"ngg_post_thumbnail":0,"footnotes":"","_links_to":"","_links_to_target":""},"class_list":["post-464","page","type-page","status-publish","hentry"],"_links":{"self":[{"href":"https:\/\/esvlokschoeneweide.de\/radsport\/wp-json\/wp\/v2\/pages\/464","targetHints":{"allow":["GET"]}}],"collection":[{"href":"https:\/\/esvlokschoeneweide.de\/radsport\/wp-json\/wp\/v2\/pages"}],"about":[{"href":"https:\/\/esvlokschoeneweide.de\/radsport\/wp-json\/wp\/v2\/types\/page"}],"author":[{"embeddable":true,"href":"https:\/\/esvlokschoeneweide.de\/radsport\/wp-json\/wp\/v2\/users\/12"}],"replies":[{"embeddable":true,"href":"https:\/\/esvlokschoeneweide.de\/radsport\/wp-json\/wp\/v2\/comments?post=464"}],"version-history":[{"count":68,"href":"https:\/\/esvlokschoeneweide.de\/radsport\/wp-json\/wp\/v2\/pages\/464\/revisions"}],"predecessor-version":[{"id":3014,"href":"https:\/\/esvlokschoeneweide.de\/radsport\/wp-json\/wp\/v2\/pages\/464\/revisions\/3014"}],"up":[{"embeddable":true,"href":"https:\/\/esvlokschoeneweide.de\/radsport\/wp-json\/wp\/v2\/pages\/33"}],"wp:attachment":[{"href":"https:\/\/esvlokschoeneweide.de\/radsport\/wp-json\/wp\/v2\/media?parent=464"}],"curies":[{"name":"wp","href":"https:\/\/api.w.org\/{rel}","templated":true}]}}