{"id":9,"date":"2012-04-19T15:28:42","date_gmt":"2012-04-19T13:28:42","guid":{"rendered":"http:\/\/esvlokschoeneweide.de\/radsport\/?page_id=9"},"modified":"2026-02-14T19:52:27","modified_gmt":"2026-02-14T18:52:27","slug":"home","status":"publish","type":"page","link":"https:\/\/esvlokschoeneweide.de\/radsport\/","title":{"rendered":"Willkommen"},"content":{"rendered":"\n<div class=\"wp-block-group\"><div class=\"wp-block-group__inner-container is-layout-flow wp-block-group-is-layout-flow\">\n<h2 class=\"wp-block-heading\"><img loading=\"lazy\" decoding=\"async\" class=\"alignleft size-medium wp-image-52\" style=\"margin-left: 8px;margin-right: 8px;margin-top: 0px\" src=\"http:\/\/esvlokschoeneweide.de\/radsport\/files\/2012\/04\/img_2673-300x225.jpg\" alt=\"img_2673\" width=\"300\" height=\"225\" srcset=\"https:\/\/esvlokschoeneweide.de\/radsport\/files\/2012\/04\/img_2673-300x225.jpg 300w, https:\/\/esvlokschoeneweide.de\/radsport\/files\/2012\/04\/img_2673-1024x768.jpg 1024w\" sizes=\"auto, (max-width: 300px) 100vw, 300px\" \/>Willkommen beim ESV Lok Sch\u00f6neweide in der Abteilung Radsport.<\/h2>\n\n\n\n<p class=\"has-black-color has-text-color has-normal-font-size\">Hier gibt es Informationen \u00fcber unseren Verein. Desweiteren kann man sich <a title=\"Unsere RTF\" href=\"http:\/\/esvlokschoeneweide.de\/radsport\/unsere-rtf\/\">unsere RTF<\/a> und die immerhin <a title=\"Permanente RTF\u2019s\" href=\"http:\/\/esvlokschoeneweide.de\/radsport\/permanente-rtf-touren\/\">vier Permanenten Radtouren<\/a> im Raum Bernau ansehen. Wir haben Spass an der Sache und sehen alles nicht so verbissen. <a title=\"W\u00f6chentliches Treffen im Fahrradkeller, Freitags 17:30 Uhr\" href=\"http:\/\/esvlokschoeneweide.de\/radsport\/2014\/09\/12\/woechentliches-treffen-im-fahrradkeller\/\">Jeden Freitag ab 17:30 Uhr treffen wir uns<\/a> zur Beratung und zur gemeinsamen ausserradsportlichen Bet\u00e4tigung. D.h. wir spielen Hallenfussball oder trimmen uns ein wenig im eigenen Fitnessraum. So, und nun viel Spa\u00df beim st\u00f6bern. \ud83d\ude42<\/p>\n\n\n\n<h2 class=\"wp-block-heading\"><br>09. Mai 2026 &#8211; Vorank\u00fcndigung &#8211; 18. Fr\u00fchjahrs RTF: Bernau &#8211; zur Oder &#8211; Bernau<\/h2>\n\n\n\n<p class=\"has-black-color has-text-color has-normal-font-size\">Rann an die Pedale, Speichen blank, Kette jeputzt und Haare sch\u00f6n und festhalten. Denn jetzt kommts: Unsere Mai RTF ist wieder am Start, genau gesagt um 10 Uhr in Bernau. Hier gibts mehr <a href=\"https:\/\/esvlokschoeneweide.de\/radsport\/unsere-rtf\/\" data-type=\"page\" data-id=\"33\">Informacione<\/a>:<\/p>\n\n\n\n<h2 class=\"wp-block-heading\"><br>Das war sie &#8211; Die 3. Herbst RTF: Bernau &#8211; zur Oder &#8211; Bernau vom 27. September 2025<\/h2>\n\n\n\n<p class=\"has-black-color has-text-color has-normal-font-size\"><a href=\"https:\/\/esvlokschoeneweide.de\/radsport\/unsere-rtf\/photos\/nggallery\/album\/27-09-2025-3-rtf-bernau-zur-oder-bernau\" target=\"_blank\" rel=\"noreferrer noopener\">Bildergalerie<\/a> &#8211; ESV-Lok-Sch\u00f6neweise &#8211; folgt<br><a href=\"https:\/\/photos.google.com\/share\/AF1QipMZPswCX-bjYTxpH_FBmdeUQzu5PN-QGWE5LTXc-QztSmSxo2crsyvLWGwA4kyVPw?key=MDRXUTd0THk0SUpiX3lldkozTWU4M1JMS1pOb25n\" target=\"_blank\" rel=\"noreferrer noopener\">Bildergalerie <\/a>&#8211; Andreas Schmidt ADW<br><a href=\"https:\/\/esvlokschoeneweide.de\/radsport\/files\/2025\/11\/3.-Herbst-RTF-Bericht-1.pdf\" target=\"_blank\" rel=\"noreferrer noopener\">Bericht<\/a><\/p>\n\n\n\n<figure class=\"wp-block-embed is-type-video is-provider-youtube wp-block-embed-youtube wp-embed-aspect-16-9 wp-has-aspect-ratio\"><div class=\"wp-block-embed__wrapper\">\n<div class=\"video-wrapped\" style=\"width: 500px; height: 281px; background-image: url('https:\/\/esvlokschoeneweide.de\/radsport\/wp-content\/plugins\/video-embed-privacy\/preview\/p8yHj8qEYxQ.jpg')\" data-embed-frame=\"&lt;iframe title=&quot;RTF September 2025 - ESV-Lok-Sch\u00f6neweide&quot; width=&quot;500&quot; height=&quot;281&quot; src=&quot;https:\/\/www.youtube.com\/embed\/p8yHj8qEYxQ?feature=oembed&quot; frameborder=&quot;0&quot; allow=&quot;accelerometer; autoplay; clipboard-write; encrypted-media; gyroscope; picture-in-picture; web-share&quot; referrerpolicy=&quot;strict-origin-when-cross-origin&quot; allowfullscreen&gt;&lt;\/iframe&gt;\" data-embed-play=\"Abspielen&lt;div class=&quot;small&quot;&gt;Das Video wird von Youtube eingebettet abespielt. Es gilt die &lt;a href=&quot;https:\/\/www.google.com\/intl\/de\/policies\/privacy\/&quot; target=&quot;_blank&quot;&gt;Datenschutzerkl\u00e4rung von Google&lt;\/a&gt;&lt;\/div&gt;\"><div class=\"video-wrapped-nojs\">Aktivieren Sie JavaScript um das Video zu sehen.<br\/><a href=\"https:\/\/youtu.be\/p8yHj8qEYxQ?si=axANAm4FV9dKZTer\">https:\/\/youtu.be\/p8yHj8qEYxQ?si=axANAm4FV9dKZTer<\/a><\/div><\/div>\n<\/div><\/figure>\n\n\n\n<h2 class=\"wp-block-heading\"><br>27. September 2025 &#8211; Bitte vormerken &#8211; 3. Herbst RTF: Bernau &#8211; zur Oder &#8211; Bernau<\/h2>\n\n\n\n<p class=\"has-black-color has-text-color has-normal-font-size\">Auch dieses Jahr erh\u00e4lt unsere Symphonie mit dem Paukenschlag, den zweiten Paukenschlag. YEAH! Denn im Herbst k\u00f6nnt Ihr wieder zur Oder und Zurr\u00fcck fahren, diesmal aber wieder in die andere Richtung. Weitere Infos <a href=\"https:\/\/esvlokschoeneweide.de\/radsport\/unsere-rtf-im-september\/\" data-type=\"page\" data-id=\"3023\">hier<\/a>.<\/p>\n\n\n\n<h2 class=\"wp-block-heading\"><br>Das war sie &#8211; Die 17. RTF: Bernau &#8211; zur Oder &#8211; Bernau vom 10. Mai 2025<\/h2>\n\n\n\n<p class=\"has-black-color has-text-color has-normal-font-size\"><a href=\"https:\/\/esvlokschoeneweide.de\/radsport\/unsere-rtf\/photos\/nggallery\/album\/10-05-2025-17-rtf-bernau-zur-oder-bernau\" target=\"_blank\" rel=\"noreferrer noopener\">Bildergalerie<\/a><br><a href=\"https:\/\/esvlokschoeneweide.de\/radsport\/files\/2020\/09\/RTF-Bericht-2019.pdf\" target=\"_blank\" rel=\"noreferrer noopener\">Bericht<\/a><\/p>\n\n\n\n<figure class=\"wp-block-embed is-type-video is-provider-youtube wp-block-embed-youtube wp-embed-aspect-16-9 wp-has-aspect-ratio\"><div class=\"wp-block-embed__wrapper\">\n<div class=\"video-wrapped\" style=\"width: 500px; height: 281px; background-image: url('https:\/\/esvlokschoeneweide.de\/radsport\/wp-content\/plugins\/video-embed-privacy\/preview\/rO3a-hJCWb4.jpg')\" data-embed-frame=\"&lt;iframe title=&quot;Startphase RTF MAI 2025 ESV-LOK-Sch\u00f6neweide&quot; width=&quot;500&quot; height=&quot;281&quot; src=&quot;https:\/\/www.youtube.com\/embed\/rO3a-hJCWb4?feature=oembed&quot; frameborder=&quot;0&quot; allow=&quot;accelerometer; autoplay; clipboard-write; encrypted-media; gyroscope; picture-in-picture; web-share&quot; referrerpolicy=&quot;strict-origin-when-cross-origin&quot; allowfullscreen&gt;&lt;\/iframe&gt;\" data-embed-play=\"Abspielen&lt;div class=&quot;small&quot;&gt;Das Video wird von Youtube eingebettet abespielt. Es gilt die &lt;a href=&quot;https:\/\/www.google.com\/intl\/de\/policies\/privacy\/&quot; target=&quot;_blank&quot;&gt;Datenschutzerkl\u00e4rung von Google&lt;\/a&gt;&lt;\/div&gt;\"><div class=\"video-wrapped-nojs\">Aktivieren Sie JavaScript um das Video zu sehen.<br\/><a href=\"https:\/\/youtu.be\/rO3a-hJCWb4\">https:\/\/youtu.be\/rO3a-hJCWb4<\/a><\/div><\/div>\n<\/div><\/figure>\n\n\n\n<h2 class=\"wp-block-heading\"><br>10. Mai 2025 &#8211; Bitte vormerken &#8211; 17. RTF: Bernau &#8211; zur Oder &#8211; Bernau<\/h2>\n\n\n\n<p class=\"has-black-color has-text-color has-normal-font-size\">Nehmt Euch f\u00fcr den 10. Mai 2025 nicht Neues vor, denn da wird geradelt! Keine Ursache, denn wir zaubern wieder eine RTF aus unserem Hut. Es ist jetzt schon die 17. Fr\u00fchjahres Tour. N\u00e4here Informationen gibt es <a href=\"https:\/\/esvlokschoeneweide.de\/radsport\/unsere-rtf\/\" data-type=\"page\" data-id=\"33\">hier<\/a>.<\/p>\n\n\n\n<h2 class=\"wp-block-heading\"><br>28. September 2024 &#8211; Seid bereit: &#8211; Bernau &#8211; zum Oderbruch &#8211; Bernau<\/h2>\n\n\n\n<p class=\"has-black-color has-text-color has-normal-font-size\">F\u00fcr den 28. September 2024 haben wir unsere 2. Edition der Herbst-RTF geplant. Haltet Euch den Termin frei. N\u00e4here Informationen gibt es hier.<br><a href=\"https:\/\/photos.google.com\/share\/AF1QipP2fV06U3wJjdoKPVGkq-XPut2g-vReVxj-7xF2zRyWQzoXF_swbJMLRzIwEVObyA?key=Q2FNVGJNYjUycmRwWmFCX01GZXpiQTlkN3praExB\" data-type=\"link\" data-id=\"https:\/\/photos.google.com\/share\/AF1QipP2fV06U3wJjdoKPVGkq-XPut2g-vReVxj-7xF2zRyWQzoXF_swbJMLRzIwEVObyA?key=Q2FNVGJNYjUycmRwWmFCX01GZXpiQTlkN3praExB\" target=\"_blank\" rel=\"noreferrer noopener\">Bildergalerie<\/a> und ein <a href=\"https:\/\/esvlokschoeneweide.de\/radsport\/files\/2024\/10\/September-2024-Bericht.pdf\" data-type=\"attachment\" data-id=\"3309\" target=\"_blank\" rel=\"noreferrer noopener\">Bericht<\/a> sind auch verf\u00fcgbar.<\/p>\n\n\n\n<h2 class=\"wp-block-heading\"><br>11. Mai 2024 &#8211; Bitte vormerken &#8211; RTF: Bernau &#8211; zur Oder &#8211; Bernau<\/h2>\n\n\n\n<p class=\"has-black-color has-text-color has-normal-font-size\">F\u00fcr den 11. Mai 2024 haben wir wieder eine RTF im Petto. Es ist jetzt schon die 16. Fr\u00fchjahres Rundfahrt. N\u00e4here Informationen gibt es hier.<\/p>\n\n\n\n<h2 class=\"wp-block-heading\"><br>30. September 2023 &#8211; Save the date &#8211; Bernau &#8211; zum Oderbruch &#8211; Bernau<\/h2>\n\n\n\n<p class=\"has-black-color has-text-color has-normal-font-size\">F\u00fcr den 30. September 2023 haben wir das erste Mal eine Herbst-RTF geplant. Haltet Euch den Termin frei. N\u00e4here Informationen gibt es hier.<\/p>\n\n\n\n<h2 class=\"wp-block-heading\"><br>2023 &#8211; Oops, we will do it again &#8211; 13.05.2023 RTF: Bernau &#8211; zur Oder &#8211; Bernau<\/h2>\n\n\n\n<p class=\"has-black-color has-text-color has-normal-font-size\">Am 13.05.2023 veranstalten wir unsere RTF im regul\u00e4ren, klassischen Modus. Wir alle hoffen das dies dann auch so m\u00f6glich ist, und nicht wieder irgendeine Welle oder Krieg oder eine Naturkatastrophe oder Energiepreise uns da einen Strich durch die Rechnung machen, und alles sich zu einem wundervollen Ereignis formiert.<\/p>\n\n\n\n<h2 class=\"wp-block-heading\"><br>2022 &#8211; Wir veranstalten eine regul\u00e4re RTF<\/h2>\n\n\n\n<p class=\"has-black-color has-text-color has-normal-font-size\">Am 14.05.2022 veranstalten wir unsere RTF im regul\u00e4ren, klassischen Modus. Wir alle hoffen das dies dann auch so m\u00f6glich ist, und nicht wieder irgendeine Welle oder gar Krieg uns da einen Strich durch die Rechnung machen.<\/p>\n\n\n\n<h2 class=\"wp-block-heading\"><br>NEUER ANSPRECHPARTNER f\u00fcr die LOK-Permanenten<\/h2>\n\n\n\n<p class=\"has-black-color has-text-color has-normal-font-size\">Zum Saisonstart 2021 habe ich die Organisation der LOK Permanenten von Manfred Gr\u00e4tz \u00fcbernommen. Vielen Dank an Manfred f\u00fcr die sehr gute Einarbeitung und vor allem f\u00fcr die jahrelange tolle Organisation dieser wirklich sehr sch\u00f6nen Strecken. Meldet Euch bitte bei mir, wenn ihr Fragen, Probleme oder Hinweise habt und ruft mich gerne unter 0160\/97471517 an.<\/p>\n\n\n\n<p class=\"has-black-color has-text-color\">Viele Gr\u00fc\u00dfe und gute Fahrt w\u00fcnscht Euch Nils Kr\u00f6ger<\/p>\n\n\n\n<h2 class=\"wp-block-heading\"><br>Manfred-Gr\u00e4tz erh\u00e4lt die silberne Ehrennadel des BRV<\/h2>\n\n\n\n<p class=\"has-normal-font-size\">f\u00fcr seine Arbeit und sein Wirken, sprich sein Leben f\u00fcr den Radsport. <a href=\"http:\/\/esvlokschoeneweide.de\/radsport\/aktuelles\/mannfred-graetz-erhaelt-die-silberne-ehrennadel-des-brv\/\">Nachzulesen hier in einem Text<\/a>, den er und seine Frau Eva verfasst haben. Einen herzlichen Gl\u00fcckwunsch, von uns allen an ihn, daf\u00fcr!<\/p>\n\n\n\n<h2 class=\"wp-block-heading\"><br>Wir holen einen Pokal!<\/h2>\n\n\n\n<p class=\"has-normal-font-size\">Es wurde zwar nur die Anwesenheit belohnt, aber immerhin: mit neun Fahrern am Start bei der RTF des <a href=\"http:\/\/www.radsport-kw.de\/\" target=\"_blank\" rel=\"noopener noreferrer\">RSV 93 &#8211; K\u00f6nigswusterhausen, Wildau<\/a>. Drei unserer Fahrer waren zur Vergabe nicht mehr anwesend.<\/p>\n\n\n<div class=\"wp-block-image\">\n<figure class=\"alignleft\"><img loading=\"lazy\" decoding=\"async\" width=\"2048\" height=\"1536\" src=\"https:\/\/esvlokschoeneweide.de\/radsport\/files\/2018\/06\/20180609_141947.jpg\" alt=\"\" class=\"wp-image-2160\" srcset=\"https:\/\/esvlokschoeneweide.de\/radsport\/files\/2018\/06\/20180609_141947.jpg 2048w, https:\/\/esvlokschoeneweide.de\/radsport\/files\/2018\/06\/20180609_141947-300x225.jpg 300w, https:\/\/esvlokschoeneweide.de\/radsport\/files\/2018\/06\/20180609_141947-768x576.jpg 768w, https:\/\/esvlokschoeneweide.de\/radsport\/files\/2018\/06\/20180609_141947-1024x768.jpg 1024w\" sizes=\"auto, (max-width: 2048px) 100vw, 2048px\" \/><figcaption class=\"wp-element-caption\">Stolz zeigen wir unseren Pokal<\/figcaption><\/figure>\n<\/div>\n\n\n<h2 class=\"wp-block-heading\"><br><br><br><br><br><br><br><br><br><br><br><br><\/h2>\n\n\n\n<h2 class=\"wp-block-heading\">11. RTF &#8211; Bernau zur Oder Bernau<\/h2>\n\n\n\n<figure class=\"wp-block-embed is-type-video is-provider-youtube wp-block-embed-youtube wp-embed-aspect-16-9 wp-has-aspect-ratio\"><div class=\"wp-block-embed__wrapper\">\n<div class=\"video-wrapped\" style=\"width: 500px; height: 281px; background-image: url('https:\/\/esvlokschoeneweide.de\/radsport\/wp-content\/plugins\/video-embed-privacy\/preview\/EYIFxzdHsTA.jpg')\" data-embed-frame=\"&lt;iframe title=&quot;11. RTF Bernau oder Bernau - Standort Gersdorf&quot; width=&quot;500&quot; height=&quot;281&quot; src=&quot;https:\/\/www.youtube.com\/embed\/EYIFxzdHsTA?feature=oembed&quot; frameborder=&quot;0&quot; allow=&quot;accelerometer; autoplay; clipboard-write; encrypted-media; gyroscope; picture-in-picture; web-share&quot; referrerpolicy=&quot;strict-origin-when-cross-origin&quot; allowfullscreen&gt;&lt;\/iframe&gt;\" data-embed-play=\"Abspielen&lt;div class=&quot;small&quot;&gt;Das Video wird von Youtube eingebettet abespielt. Es gilt die &lt;a href=&quot;https:\/\/www.google.com\/intl\/de\/policies\/privacy\/&quot; target=&quot;_blank&quot;&gt;Datenschutzerkl\u00e4rung von Google&lt;\/a&gt;&lt;\/div&gt;\"><div class=\"video-wrapped-nojs\">Aktivieren Sie JavaScript um das Video zu sehen.<br\/><a href=\"https:\/\/youtu.be\/EYIFxzdHsTA\">https:\/\/youtu.be\/EYIFxzdHsTA<\/a><\/div><\/div>\n<\/div><figcaption class=\"wp-element-caption\">Aufgenommen am KP1 in Gersdorf<\/figcaption><\/figure>\n\n\n\n<h2 class=\"wp-block-heading\"><br>VELOTHON<\/h2>\n\n\n\n<p class=\"has-normal-font-size\">Einer unserer aktiven Fahrer beim Berliner VELOTHON, bei der Fahrt auf dem Tempelhofer Feld. Zu erkennen ist der Sportfreund an der Gru\u00dfgeste und dem DB Trikot bei ca. 0:35 min.<\/p>\n\n\n\n<figure class=\"wp-block-embed is-type-video is-provider-youtube wp-block-embed-youtube wp-embed-aspect-16-9 wp-has-aspect-ratio\"><div class=\"wp-block-embed__wrapper\">\n<div class=\"video-wrapped\" style=\"width: 500px; height: 281px; background-image: url('https:\/\/esvlokschoeneweide.de\/radsport\/wp-content\/plugins\/video-embed-privacy\/preview\/gJveqRYu6aE.jpg')\" data-embed-frame=\"&lt;iframe title=&quot;20170618 131230&quot; width=&quot;500&quot; height=&quot;281&quot; src=&quot;https:\/\/www.youtube.com\/embed\/gJveqRYu6aE?feature=oembed&quot; frameborder=&quot;0&quot; allow=&quot;accelerometer; autoplay; clipboard-write; encrypted-media; gyroscope; picture-in-picture; web-share&quot; referrerpolicy=&quot;strict-origin-when-cross-origin&quot; allowfullscreen&gt;&lt;\/iframe&gt;\" data-embed-play=\"Abspielen&lt;div class=&quot;small&quot;&gt;Das Video wird von Youtube eingebettet abespielt. Es gilt die &lt;a href=&quot;https:\/\/www.google.com\/intl\/de\/policies\/privacy\/&quot; target=&quot;_blank&quot;&gt;Datenschutzerkl\u00e4rung von Google&lt;\/a&gt;&lt;\/div&gt;\"><div class=\"video-wrapped-nojs\">Aktivieren Sie JavaScript um das Video zu sehen.<br\/><a href=\"https:\/\/www.youtube.com\/watch?v=gJveqRYu6aE\">https:\/\/www.youtube.com\/watch?v=gJveqRYu6aE<\/a><\/div><\/div>\n<\/div><figcaption class=\"wp-element-caption\">Ein ESV-Fahrer bei der Einfahrt in das Tempelhofer Feld<\/figcaption><\/figure>\n\n\n\n<h2 class=\"wp-block-heading\"><br><br>RTF-Wochenende bei BRC Semper 1925<\/h2>\n\n\n\n<p class=\"has-normal-font-size\"><a rel=\"noopener noreferrer\" href=\"http:\/\/www.hauptstadtsport.tv\/20-semper-rtf-wochenende-2016\/\" target=\"_blank\">Ein Video von Hauptstadt Sport TV, gedreht bei der RTF vom BRC Semper 1925 am 03. und 04. September 2016<\/a>, bringt alles auf den Punkt was, RTF ist. Zu sehen sind unter anderem 3 Sportfreunde unseres Vereins.<br><\/p>\n\n\n\n<h2 class=\"wp-block-heading\"><br>Bericht 9. RTF Bernau &#8211; zur Oder &#8211; Bernau<\/h2>\n\n\n\n<p class=\"has-normal-font-size\">Ein liebevoll verfasster Bericht einer&nbsp;Sportfreundin&nbsp;zur 9. RTF kann man <a rel=\"noopener noreferrer\" href=\"https:\/\/takeshifaehrtrad.wordpress.com\/2016\/05\/23\/rtf-bernau-zur-oder-bernau-2016\/\" target=\"_blank\">hier<\/a> lesen. Ein ganz gro\u00dfes Lob und Dankesch\u00f6n an Eva Ulrich von <a rel=\"noopener noreferrer\" href=\"https:\/\/takeshifaehrtrad.wordpress.com\/\" target=\"_blank\">Takeshifaehrtrad<\/a><br><\/p>\n\n\n\n<h2 class=\"wp-block-heading\"><br>Video 8. RTF Bernau &#8211; zur Oder &#8211; Bernau<\/h2>\n\n\n\n<p class=\"has-normal-font-size\">Nun ist sie vor\u00fcber die 8. RTF Bernau &#8211; zur Oder &#8211; Bernau.<br>Eine Teilnehmerin war so nett dieses Video auf der Tour mit Ihrer Action-Cam aufzunehmen und diesen Kurzfilm zu produzieren. Und wir finden sie hat es 1A auf den Punkt gebracht. Danke an&nbsp; <a href=\"https:\/\/vimeo.com\/regineheidorn\" rel=\"author\">Regine Heidorn<\/a><\/p>\n\n\n\n<figure class=\"wp-block-embed is-type-video is-provider-vimeo wp-block-embed-vimeo wp-embed-aspect-16-9 wp-has-aspect-ratio\"><div class=\"wp-block-embed__wrapper\">\n<iframe loading=\"lazy\" title=\"Bernau - Zur Oder - Bernau\" src=\"https:\/\/player.vimeo.com\/video\/127394787?dnt=1&amp;app_id=122963\" width=\"500\" height=\"281\" frameborder=\"0\" allow=\"autoplay; fullscreen; picture-in-picture; clipboard-write; encrypted-media; web-share\" referrerpolicy=\"strict-origin-when-cross-origin\"><\/iframe>\n<\/div><\/figure>\n<\/div><\/div>\n","protected":false},"excerpt":{"rendered":"<p>Willkommen beim ESV Lok Sch\u00f6neweide in der Abteilung Radsport. Hier gibt es Informationen \u00fcber unseren Verein. Desweiteren kann man sich unsere RTF und die immerhin vier Permanenten Radtouren im Raum [&hellip;]<\/p>\n","protected":false},"author":12,"featured_media":0,"parent":0,"menu_order":0,"comment_status":"closed","ping_status":"closed","template":"","meta":{"inline_featured_image":false,"ngg_post_thumbnail":0,"footnotes":"","_links_to":"","_links_to_target":""},"class_list":["post-9","page","type-page","status-publish","hentry"],"_links":{"self":[{"href":"https:\/\/esvlokschoeneweide.de\/radsport\/wp-json\/wp\/v2\/pages\/9","targetHints":{"allow":["GET"]}}],"collection":[{"href":"https:\/\/esvlokschoeneweide.de\/radsport\/wp-json\/wp\/v2\/pages"}],"about":[{"href":"https:\/\/esvlokschoeneweide.de\/radsport\/wp-json\/wp\/v2\/types\/page"}],"author":[{"embeddable":true,"href":"https:\/\/esvlokschoeneweide.de\/radsport\/wp-json\/wp\/v2\/users\/12"}],"replies":[{"embeddable":true,"href":"https:\/\/esvlokschoeneweide.de\/radsport\/wp-json\/wp\/v2\/comments?post=9"}],"version-history":[{"count":150,"href":"https:\/\/esvlokschoeneweide.de\/radsport\/wp-json\/wp\/v2\/pages\/9\/revisions"}],"predecessor-version":[{"id":3670,"href":"https:\/\/esvlokschoeneweide.de\/radsport\/wp-json\/wp\/v2\/pages\/9\/revisions\/3670"}],"wp:attachment":[{"href":"https:\/\/esvlokschoeneweide.de\/radsport\/wp-json\/wp\/v2\/media?parent=9"}],"curies":[{"name":"wp","href":"https:\/\/api.w.org\/{rel}","templated":true}]}}