{"id":21,"date":"2012-10-22T12:04:10","date_gmt":"2012-10-22T10:04:10","guid":{"rendered":"http:\/\/esvlokschoeneweide.de\/schiessen\/?page_id=21"},"modified":"2025-01-10T08:21:46","modified_gmt":"2025-01-10T07:21:46","slug":"home","status":"publish","type":"page","link":"https:\/\/esvlokschoeneweide.de\/schiessen\/","title":{"rendered":"\u00dcber Uns"},"content":{"rendered":"<p>Willkommen bei der Abteilung Sportschie\u00dfen des ESV Lok Berlin-Sch\u00f6neweide e.V.<em><br><\/em>Die Abteilung Sportschie\u00dfen besteht seit 1990. Aktuell haben wir Mitglieder jeder Altersgruppe und 8 Schie\u00dfst\u00e4nde. Nat\u00fcrlich freuen wir uns immer \u00fcber Verst\u00e4rkung oder Menschen, die sich in unserem Sport mal ausprobieren m\u00f6chten.<\/p>\n<p>Bei uns werden die Disziplinen<strong> Luftgewehr<\/strong> und<strong> Luftpistole<\/strong> geschossen.<br>Das Mindestalter ist 12 Jahre (mit Einwilligung der Erziehungsberechtigten) und nach oben offen.<\/p>\n<p>Ab dem 51. Lebensjahr darf Luftgewehr und Luftpistole auch aufgelegt geschossen werden.<\/p>\n<p>Mehrere Male im Jahr unternehmen wir als Abteilung auch etwas au\u00dferhalb des Schie\u00dfsports. Z.B. gehen wir 2 Mal im Jahr auf unsere vereinsinterne Kegelbahn mit anschlie\u00dfendem gemeinsamem Abendessen und organisieren Abteilungsfahrten und Gartenfeste.<br><strong>Lernt uns gern w\u00e4hrend unserer Trainingszeiten (Sommerpause Juli-August) kennen.<\/strong><\/p>\n<p>Einen kleinen Einblick ins Sportschie\u00dfen verschafft Euch nachfolgendes Video:<\/p>\n\n\n<figure class=\"wp-block-embed is-type-video is-provider-youtube wp-block-embed-youtube wp-embed-aspect-16-9 wp-has-aspect-ratio\"><div class=\"wp-block-embed__wrapper\">\n<div class=\"video-wrapped\" style=\"width: 500px; height: 281px; background-image: url('https:\/\/esvlokschoeneweide.de\/schiessen\/wp-content\/plugins\/video-embed-privacy\/preview\/W7IJBdgdIQs.jpg')\" data-embed-frame=\"&lt;iframe title=&quot;Marvin Fl\u00fcckiger (Sportschiessen)&quot; width=&quot;500&quot; height=&quot;281&quot; src=&quot;https:\/\/www.youtube.com\/embed\/W7IJBdgdIQs?feature=oembed&quot; frameborder=&quot;0&quot; allow=&quot;accelerometer; autoplay; clipboard-write; encrypted-media; gyroscope; picture-in-picture; web-share&quot; referrerpolicy=&quot;strict-origin-when-cross-origin&quot; allowfullscreen&gt;&lt;\/iframe&gt;\" data-embed-play=\"Abspielen&lt;div class=&quot;small&quot;&gt;Das Video wird von Youtube eingebettet abespielt. Es gilt die &lt;a href=&quot;https:\/\/www.google.com\/intl\/de\/policies\/privacy\/&quot; target=&quot;_blank&quot;&gt;Datenschutzerkl\u00e4rung von Google&lt;\/a&gt;&lt;\/div&gt;\"><div class=\"video-wrapped-nojs\">Aktivieren Sie JavaScript um das Video zu sehen.<br\/><a href=\"https:\/\/www.youtube.com\/watch?v=W7IJBdgdIQs\">https:\/\/www.youtube.com\/watch?v=W7IJBdgdIQs<\/a><\/div><\/div>\n<\/div><\/figure>\n\n\n\n<p>Wir freuen uns auf Euch!<\/p>\n","protected":false},"excerpt":{"rendered":"<p>Willkommen bei der Abteilung Sportschie\u00dfen des ESV Lok Berlin-Sch\u00f6neweide e.V.Die Abteilung Sportschie\u00dfen besteht seit 1990. Aktuell haben wir Mitglieder jeder Altersgruppe und 8 Schie\u00dfst\u00e4nde. Nat\u00fcrlich freuen wir uns immer \u00fcber [&hellip;]<\/p>\n","protected":false},"author":7,"featured_media":0,"parent":0,"menu_order":0,"comment_status":"closed","ping_status":"closed","template":"","meta":{"inline_featured_image":false,"ngg_post_thumbnail":0,"footnotes":"","_links_to":"","_links_to_target":""},"class_list":["post-21","page","type-page","status-publish","hentry"],"_links":{"self":[{"href":"https:\/\/esvlokschoeneweide.de\/schiessen\/wp-json\/wp\/v2\/pages\/21","targetHints":{"allow":["GET"]}}],"collection":[{"href":"https:\/\/esvlokschoeneweide.de\/schiessen\/wp-json\/wp\/v2\/pages"}],"about":[{"href":"https:\/\/esvlokschoeneweide.de\/schiessen\/wp-json\/wp\/v2\/types\/page"}],"author":[{"embeddable":true,"href":"https:\/\/esvlokschoeneweide.de\/schiessen\/wp-json\/wp\/v2\/users\/7"}],"replies":[{"embeddable":true,"href":"https:\/\/esvlokschoeneweide.de\/schiessen\/wp-json\/wp\/v2\/comments?post=21"}],"version-history":[{"count":41,"href":"https:\/\/esvlokschoeneweide.de\/schiessen\/wp-json\/wp\/v2\/pages\/21\/revisions"}],"predecessor-version":[{"id":202,"href":"https:\/\/esvlokschoeneweide.de\/schiessen\/wp-json\/wp\/v2\/pages\/21\/revisions\/202"}],"wp:attachment":[{"href":"https:\/\/esvlokschoeneweide.de\/schiessen\/wp-json\/wp\/v2\/media?parent=21"}],"curies":[{"name":"wp","href":"https:\/\/api.w.org\/{rel}","templated":true}]}}