{"id":64,"date":"2012-11-24T18:59:24","date_gmt":"2012-11-24T17:59:24","guid":{"rendered":"http:\/\/esvlokschoeneweide.de\/schiessen\/?page_id=64"},"modified":"2022-01-26T17:57:29","modified_gmt":"2022-01-26T16:57:29","slug":"uber-uns_","status":"publish","type":"page","link":"https:\/\/esvlokschoeneweide.de\/schiessen\/uber-uns_\/","title":{"rendered":"Mitglied werden"},"content":{"rendered":"<h3>Beitragsordnung<\/h3>\n<p>Nachfolgend unsere monatliche Beitragsh\u00f6he bei j\u00e4hrlicher Zahlung.<\/p>\n\n\n<figure class=\"wp-block-table\"><table><tbody><tr><td><\/td><td>monatlich<\/td><td>j\u00e4hrlich<\/td><\/tr><tr><td>Erwachsene<\/td><td>10,00\u20ac<\/td><td>120,00\u20ac<\/td><\/tr><tr><td>Jugendliche, Studenten<\/td><td>4,90\u20ac<\/td><td>58,80\u20ac<\/td><\/tr><\/tbody><\/table><\/figure>\n\n\n\n<p>Kontoverbindung f\u00fcr Beitr\u00e4ge und Spenden:<\/p>\n\n\n\n<p>ESV Lok Sch\u00f6neweide e.V., Sparda-Bank Berlin, IBAN: DE25 1209 6597 0001 3033 84, BIC: GENODEF1S10<\/p>\n\n\n\n<h3 class=\"wp-block-heading\">Trainingszeiten<\/h3>\n\n\n\n<p>Uhrzeit: Donnerstags von 16.30-19 Uhr (Sommerpause Juli-August) oder nach telefonischer Absprache mit der Abteilungsleitung.<\/p>\n\n\n\n<p>Wo: Lok-Sporthalle (Schie\u00dfkeller); Werk-Sch\u00f6neweide, Adlergestell 143, 12439 Berlin<\/p>\n","protected":false},"excerpt":{"rendered":"<p>Beitragsordnung Nachfolgend unsere monatliche Beitragsh\u00f6he bei j\u00e4hrlicher Zahlung. monatlich j\u00e4hrlich Erwachsene 10,00\u20ac 120,00\u20ac Jugendliche, Studenten 4,90\u20ac 58,80\u20ac Kontoverbindung f\u00fcr Beitr\u00e4ge und Spenden: ESV Lok Sch\u00f6neweide e.V., Sparda-Bank Berlin, IBAN: DE25 [&hellip;]<\/p>\n","protected":false},"author":7,"featured_media":173,"parent":0,"menu_order":0,"comment_status":"closed","ping_status":"closed","template":"","meta":{"inline_featured_image":false,"ngg_post_thumbnail":0,"footnotes":"","_links_to":"","_links_to_target":""},"class_list":["post-64","page","type-page","status-publish","has-post-thumbnail","hentry"],"_links":{"self":[{"href":"https:\/\/esvlokschoeneweide.de\/schiessen\/wp-json\/wp\/v2\/pages\/64","targetHints":{"allow":["GET"]}}],"collection":[{"href":"https:\/\/esvlokschoeneweide.de\/schiessen\/wp-json\/wp\/v2\/pages"}],"about":[{"href":"https:\/\/esvlokschoeneweide.de\/schiessen\/wp-json\/wp\/v2\/types\/page"}],"author":[{"embeddable":true,"href":"https:\/\/esvlokschoeneweide.de\/schiessen\/wp-json\/wp\/v2\/users\/7"}],"replies":[{"embeddable":true,"href":"https:\/\/esvlokschoeneweide.de\/schiessen\/wp-json\/wp\/v2\/comments?post=64"}],"version-history":[{"count":27,"href":"https:\/\/esvlokschoeneweide.de\/schiessen\/wp-json\/wp\/v2\/pages\/64\/revisions"}],"predecessor-version":[{"id":195,"href":"https:\/\/esvlokschoeneweide.de\/schiessen\/wp-json\/wp\/v2\/pages\/64\/revisions\/195"}],"wp:featuredmedia":[{"embeddable":true,"href":"https:\/\/esvlokschoeneweide.de\/schiessen\/wp-json\/wp\/v2\/media\/173"}],"wp:attachment":[{"href":"https:\/\/esvlokschoeneweide.de\/schiessen\/wp-json\/wp\/v2\/media?parent=64"}],"curies":[{"name":"wp","href":"https:\/\/api.w.org\/{rel}","templated":true}]}}