{"id":105,"date":"2012-03-23T21:16:11","date_gmt":"2012-03-23T20:16:11","guid":{"rendered":"http:\/\/esvlokschoeneweide.de\/tennis\/?page_id=105"},"modified":"2025-05-16T23:07:37","modified_gmt":"2025-05-16T21:07:37","slug":"training","status":"publish","type":"page","link":"https:\/\/esvlokschoeneweide.de\/tennis\/training\/","title":{"rendered":"Training"},"content":{"rendered":"\n<p><\/p>\n\n\n\n<p><strong>Seite in Bearbeitung<\/strong>&#8230;!!!!<\/p>\n\n\n\n<p><\/p>\n\n\n\n<h2 class=\"wp-block-heading\">Trainingsgeb\u00fchren pro Sommersaison<\/h2>\n\n\n\n<h4 class=\"wp-block-heading\">Gruppentraining<\/h4>\n\n\n\n<p>F\u00fcr das Training entstehen Kosten pro Person &nbsp;je nach Gruppenst\u00e4rke: <\/p>\n\n\n\n<p>Eine Gruppenst\u00e4rke von 4 Personen ist bei uns der Standard. Die Kosten pro Trainerstunde im Gruppentraining belaufen sich f\u00fcr die aktuelle Sommersaison auf 35\u20ac, zahlbar im Voraus per \u00dcberweisung. Die Kosten teilen sich durch die Anzahl der Teilnehmer.<\/p>\n\n\n\n<h4 class=\"wp-block-heading\">Einzeltraining<\/h4>\n\n\n\n<p>Die Vereinbarung individueller Trainingstermine mit unserem Trainer ist derzeit nur stark eingeschr\u00e4nkt m\u00f6glich.<\/p>\n\n\n\n<p><\/p>\n","protected":false},"excerpt":{"rendered":"<p>Seite in Bearbeitung&#8230;!!!! Trainingsgeb\u00fchren pro Sommersaison Gruppentraining F\u00fcr das Training entstehen Kosten pro Person &nbsp;je nach Gruppenst\u00e4rke: Eine Gruppenst\u00e4rke von 4 Personen ist bei uns der Standard. Die Kosten pro [&hellip;]<\/p>\n","protected":false},"author":9,"featured_media":0,"parent":0,"menu_order":0,"comment_status":"closed","ping_status":"closed","template":"","meta":{"inline_featured_image":false,"ngg_post_thumbnail":0,"footnotes":"","_links_to":"","_links_to_target":""},"class_list":["post-105","page","type-page","status-publish","hentry"],"_links":{"self":[{"href":"https:\/\/esvlokschoeneweide.de\/tennis\/wp-json\/wp\/v2\/pages\/105","targetHints":{"allow":["GET"]}}],"collection":[{"href":"https:\/\/esvlokschoeneweide.de\/tennis\/wp-json\/wp\/v2\/pages"}],"about":[{"href":"https:\/\/esvlokschoeneweide.de\/tennis\/wp-json\/wp\/v2\/types\/page"}],"author":[{"embeddable":true,"href":"https:\/\/esvlokschoeneweide.de\/tennis\/wp-json\/wp\/v2\/users\/9"}],"replies":[{"embeddable":true,"href":"https:\/\/esvlokschoeneweide.de\/tennis\/wp-json\/wp\/v2\/comments?post=105"}],"version-history":[{"count":51,"href":"https:\/\/esvlokschoeneweide.de\/tennis\/wp-json\/wp\/v2\/pages\/105\/revisions"}],"predecessor-version":[{"id":4648,"href":"https:\/\/esvlokschoeneweide.de\/tennis\/wp-json\/wp\/v2\/pages\/105\/revisions\/4648"}],"wp:attachment":[{"href":"https:\/\/esvlokschoeneweide.de\/tennis\/wp-json\/wp\/v2\/media?parent=105"}],"curies":[{"name":"wp","href":"https:\/\/api.w.org\/{rel}","templated":true}]}}