{"id":1634,"date":"2016-02-22T15:26:37","date_gmt":"2016-02-22T14:26:37","guid":{"rendered":"http:\/\/esvlokschoeneweide.de\/tennis\/?page_id=1634"},"modified":"2021-07-12T15:13:46","modified_gmt":"2021-07-12T13:13:46","slug":"ueber-uns","status":"publish","type":"page","link":"https:\/\/esvlokschoeneweide.de\/tennis\/ueber-uns\/","title":{"rendered":"\u00dcber Uns"},"content":{"rendered":"\n<p>Im Jahr 1951 wurde die Abteilung Tennis als BSG Lokomotive Berlin-Sch\u00f6neweide gegr\u00fcndet und ist heute eine von 15 Abteilungen des Sportvereins ESV Lok Berlin-Sch\u00f6neweide. Unser verkehrsg\u00fcnstig, im S\u00fcdosten Berlins gelegene Verein verf\u00fcgt \u00fcber 6 Sandpl\u00e4tze und befindet sich auf einer von B\u00e4umen umrandeten Anlage mit gro\u00dfen Rasenfl\u00e4chen, die von den mehr als 100 Mitgliedern mit gro\u00dfem Engagement gemeinschaftlich gepflegt wird. Die famili\u00e4re Atmosph\u00e4re und das gemeinsame Miteinander werden durch Grillabende oder Aktivit\u00e4ten fernab des Tennissports gest\u00e4rkt.<\/p>\n\n\n\n<p>Der ESV Lok Berlin-Sch\u00f6neweide ist ein Breitensportverein, d.h. der Spa\u00df an Sport und Bewegung steht an erster Stelle. Tennis als Breitensportart ist f\u00fcr Gro\u00df und Klein (gleicherma\u00dfen) geeignet. Auf den zur Verf\u00fcgung stehenden Tennispl\u00e4tzen k\u00f6nnen Erwachsene unter Anleitung oder selbstst\u00e4ndig spielen. Von Anf\u00e4nger bis Fortgeschritten und von Jung bis Alt findet jeder einen Trainingspartner. F\u00fcr die Kleinen bietet der Verein ein Kinder- und Jugendtraining mit lizensiertem Trainer an. Ziel ist es, die Kinder mit altersgerechten \u00dcbungen an den Sport heranzuf\u00fchren.<\/p>\n\n\n\n<p>Als Mitglied des Tennis-Verband Berlin- Brandenburg (TVBB) stellt unsere Abteilung jedes Jahr Damen- und Herrenmannschaften, die an den regionalen Wettk\u00e4mpfen des Verbandes teilnehmen. Dar\u00fcber hinaus werden mehrere vereinsinterne sowie offene Turniere veranstaltet.<\/p>\n","protected":false},"excerpt":{"rendered":"<p>Im Jahr 1951 wurde die Abteilung Tennis als BSG Lokomotive Berlin-Sch\u00f6neweide gegr\u00fcndet und ist heute eine von 15 Abteilungen des Sportvereins ESV Lok Berlin-Sch\u00f6neweide. Unser verkehrsg\u00fcnstig, im S\u00fcdosten Berlins gelegene [&hellip;]<\/p>\n","protected":false},"author":19,"featured_media":1643,"parent":0,"menu_order":0,"comment_status":"closed","ping_status":"closed","template":"","meta":{"inline_featured_image":false,"ngg_post_thumbnail":0,"footnotes":"","_links_to":"","_links_to_target":""},"class_list":["post-1634","page","type-page","status-publish","has-post-thumbnail","hentry"],"_links":{"self":[{"href":"https:\/\/esvlokschoeneweide.de\/tennis\/wp-json\/wp\/v2\/pages\/1634","targetHints":{"allow":["GET"]}}],"collection":[{"href":"https:\/\/esvlokschoeneweide.de\/tennis\/wp-json\/wp\/v2\/pages"}],"about":[{"href":"https:\/\/esvlokschoeneweide.de\/tennis\/wp-json\/wp\/v2\/types\/page"}],"author":[{"embeddable":true,"href":"https:\/\/esvlokschoeneweide.de\/tennis\/wp-json\/wp\/v2\/users\/19"}],"replies":[{"embeddable":true,"href":"https:\/\/esvlokschoeneweide.de\/tennis\/wp-json\/wp\/v2\/comments?post=1634"}],"version-history":[{"count":3,"href":"https:\/\/esvlokschoeneweide.de\/tennis\/wp-json\/wp\/v2\/pages\/1634\/revisions"}],"predecessor-version":[{"id":3125,"href":"https:\/\/esvlokschoeneweide.de\/tennis\/wp-json\/wp\/v2\/pages\/1634\/revisions\/3125"}],"wp:featuredmedia":[{"embeddable":true,"href":"https:\/\/esvlokschoeneweide.de\/tennis\/wp-json\/wp\/v2\/media\/1643"}],"wp:attachment":[{"href":"https:\/\/esvlokschoeneweide.de\/tennis\/wp-json\/wp\/v2\/media?parent=1634"}],"curies":[{"name":"wp","href":"https:\/\/api.w.org\/{rel}","templated":true}]}}