{"id":2048,"date":"2018-06-08T19:55:55","date_gmt":"2018-06-08T17:55:55","guid":{"rendered":"http:\/\/esvlokschoeneweide.de\/tennis\/?page_id=2048"},"modified":"2025-06-04T14:03:50","modified_gmt":"2025-06-04T12:03:50","slug":"die-abteilungsleitung","status":"publish","type":"page","link":"https:\/\/esvlokschoeneweide.de\/tennis\/die-abteilungsleitung\/","title":{"rendered":"Die Abteilungsleitung"},"content":{"rendered":"\n<figure class=\"wp-block-table aligncenter has-small-font-size\"><table><tbody><tr><td><img loading=\"lazy\" decoding=\"async\" width=\"532\" height=\"732\" class=\"wp-image-2050\" style=\"width: 247px\" src=\"https:\/\/esvlokschoeneweide.de\/tennis\/files\/2018\/05\/Kevin-Hundt.jpg\" alt=\"\" srcset=\"https:\/\/esvlokschoeneweide.de\/tennis\/files\/2018\/05\/Kevin-Hundt.jpg 532w, https:\/\/esvlokschoeneweide.de\/tennis\/files\/2018\/05\/Kevin-Hundt-218x300.jpg 218w\" sizes=\"auto, (max-width: 532px) 100vw, 532px\" \/><br>Abteilungsleiter: <br>Kevin Hundt<\/td><td><\/td><td>&#8211; Repr\u00e4sentation der Abteilung nach innen und au\u00dfen<br>&#8211; Verbindung zum Vorstand des Gesamtvereins, DOSB, LSB, TVBB, DB AG, &#8211; VDES, Bezirksamt<br>&#8211; strategische Entwicklung der Abteilung<br>&#8211; Vertragsgestaltung mit Lieferanten und Trainern<br>&#8211; Berufung von Kommissionen innerhalb der Abteilungsleitung<br>&#8211; Terminplanung<\/td><\/tr><tr><td><img decoding=\"async\" style=\"width: 247px\" src=\"https:\/\/esvlokschoeneweide.de\/tennis\/files\/2018\/05\/Torsten-Salzmann-e1526989889778.jpg\" alt=\"Dieses Bild hat ein leeres Alt-Attribut. Der Dateiname ist Torsten-Salzmann-e1526989889778.jpg\"><br>Stellv. Abteilunsleiter: <br>Torsten Salzmann<\/td><td><\/td><td>&#8211; Vertretung und Unterst\u00fctzung des Abteilungsleiters sowie ggf. unbesetzter Funktionen<br>&#8211; Realisierung von Sonderaufgaben und -projekten<\/td><\/tr><tr><td><img loading=\"lazy\" decoding=\"async\" width=\"1780\" height=\"2560\" class=\"wp-image-4567\" style=\"width: 250px\" src=\"https:\/\/esvlokschoeneweide.de\/tennis\/files\/2025\/04\/DSC_4242-1-scaled.jpg\" alt=\"\" srcset=\"https:\/\/esvlokschoeneweide.de\/tennis\/files\/2025\/04\/DSC_4242-1-scaled.jpg 1780w, https:\/\/esvlokschoeneweide.de\/tennis\/files\/2025\/04\/DSC_4242-1-209x300.jpg 209w, https:\/\/esvlokschoeneweide.de\/tennis\/files\/2025\/04\/DSC_4242-1-712x1024.jpg 712w, https:\/\/esvlokschoeneweide.de\/tennis\/files\/2025\/04\/DSC_4242-1-768x1104.jpg 768w, https:\/\/esvlokschoeneweide.de\/tennis\/files\/2025\/04\/DSC_4242-1-1068x1536.jpg 1068w, https:\/\/esvlokschoeneweide.de\/tennis\/files\/2025\/04\/DSC_4242-1-1424x2048.jpg 1424w\" sizes=\"auto, (max-width: 1780px) 100vw, 1780px\" \/><br>Kassenwartin: <br>Malgorzata Baranska<\/td><td><\/td><td>&#8211; Verwaltung der finanziellen Mittel<br>&#8211; Pr\u00fcfung von Zahlungseing\u00e4ngen<br>&#8211; Mahnwesen<br>&#8211; F\u00fchren der Mitgliederkartei<br>&#8211; Haushaltsplanung<br>&#8211; Investitionsplanung<br>&#8211; Beitragsordnung<br>&#8211; Rechnungsfreigabe und Barmittelabrechnung<\/td><\/tr><tr><td><img loading=\"lazy\" decoding=\"async\" width=\"1512\" height=\"1810\" class=\"wp-image-4581\" style=\"width: 247px\" src=\"https:\/\/esvlokschoeneweide.de\/tennis\/files\/2025\/04\/Ania1.jpg\" alt=\"\" srcset=\"https:\/\/esvlokschoeneweide.de\/tennis\/files\/2025\/04\/Ania1.jpg 1512w, https:\/\/esvlokschoeneweide.de\/tennis\/files\/2025\/04\/Ania1-251x300.jpg 251w, https:\/\/esvlokschoeneweide.de\/tennis\/files\/2025\/04\/Ania1-855x1024.jpg 855w, https:\/\/esvlokschoeneweide.de\/tennis\/files\/2025\/04\/Ania1-768x919.jpg 768w, https:\/\/esvlokschoeneweide.de\/tennis\/files\/2025\/04\/Ania1-1283x1536.jpg 1283w\" sizes=\"auto, (max-width: 1512px) 100vw, 1512px\" \/><br>Stellv. Kassenwart: <br>Ania Skonecka<\/td><td><\/td><td>&#8211; Vertretung und Unterst\u00fctzung des Kassenwarts<\/td><\/tr><tr><td><img decoding=\"async\" style=\"width: 247px\" src=\"https:\/\/esvlokschoeneweide.de\/tennis\/files\/2020\/04\/Norbert-Eberst_2-684x1024.jpg\" alt=\"Dieses Bild hat ein leeres Alt-Attribut. Der Dateiname ist Norbert-Eberst_2-684x1024.jpg\"><br>Technischer Leiter: <br>Norbert Eberst<\/td><td><\/td><td>&#8211; Verantwortet die Instandhaltung und Pflege von Tennispl\u00e4tzen, Gr\u00fcnanlagen, Umz\u00e4unung, Containern, Klubhaus<br>&#8211; Beschaffung von Arbeitsmaterial, Maschinen und Werkzeug<br>&#8211; Koordiniert Bauma\u00dfnahmen<br>&#8211; Leiter der Platzwarte<br>&#8211; Beruft Arbeitseins\u00e4tze ein<br>&#8211; Stellt die Wasser- und Stromversorgung sowie die Abfallentsorgung sicher<br>&#8211; Beschaffung und Verwaltung der Klubhausausstattung (Telefon, TV, Drucker, Geschirr etc.)<br>&#8211; Verwaltung des Archiv-Containers<br>&#8211; Schl\u00fcsselmanagement<br>&#8211; Sicherheitskonzeption<\/td><\/tr><tr><td><img decoding=\"async\" style=\"width: 250px\" src=\"https:\/\/esvlokschoeneweide.de\/tennis\/files\/2018\/05\/Torsten-Salzmann-e1526989889778.jpg\" alt=\"Dieses Bild hat ein leeres Alt-Attribut. Der Dateiname ist Torsten-Salzmann-e1526989889778.jpg\"><br>Sportwart: <br>Torsten Salzmann<\/td><td><\/td><td>&#8211; Organisation von Verbandsspielen<br>&#8211; Kontakt zum Tennisverband<br>&#8211; Schnittstelle zwischen Mannschaftsleitern, Jugendwart und Trainern<br>&#8211; Organisation von internen Turnieren<br>&#8211; Meldung zu externen Turnieren<br>&#8211; Platzbelegungs-\/Trainingsplan<br>&#8211; Verantwortung f\u00fcr die Rangliste<br>&#8211; Statistik von Verbandsspielen und Turnieren<br>&#8211; Bereitstellung von Spielformularen, Turnierlisten und Tennisb\u00e4llen<br>&#8211; Verwaltung des Trainercontainers<\/td><\/tr><tr><td><img loading=\"lazy\" decoding=\"async\" width=\"768\" height=\"1024\" class=\"wp-image-4593\" style=\"width: 250px\" src=\"https:\/\/esvlokschoeneweide.de\/tennis\/files\/2025\/04\/Kathleen.jpg\" alt=\"\" srcset=\"https:\/\/esvlokschoeneweide.de\/tennis\/files\/2025\/04\/Kathleen.jpg 768w, https:\/\/esvlokschoeneweide.de\/tennis\/files\/2025\/04\/Kathleen-225x300.jpg 225w\" sizes=\"auto, (max-width: 768px) 100vw, 768px\" \/><br>Jugendwartin: <br>Kathleen Wei\u00dfenborn<\/td><td><\/td><td>&#8211; Ansprechpartner f\u00fcr alle Mitglieder unter 18 Jahren (Kindergarten, Bambini, Junioren\/-innen)<br>&#8211; Organisation von Trainingsgruppen und Turnieren f\u00fcr den Kinder- und Jugendbereich<br>&#8211; Einberufung und Durchf\u00fchrung von Jugendversammlungen<br>&#8211; Akquise von Kindern und Jugendlichen<br>&#8211; Organisation von Veranstaltungen f\u00fcr den Kinder- und Jugendbereich (z.B. Einsteigerkurse, Feriencamps etc.)<br>&#8211; Besuch von Schulungen des DOSB, LSB und TVBB<\/td><\/tr><tr><td><img loading=\"lazy\" decoding=\"async\" width=\"771\" height=\"1280\" class=\"wp-image-2993\" style=\"width: 150px\" src=\"https:\/\/esvlokschoeneweide.de\/tennis\/files\/2021\/04\/cranium-2028555_1280.png\" alt=\"\" srcset=\"https:\/\/esvlokschoeneweide.de\/tennis\/files\/2021\/04\/cranium-2028555_1280.png 771w, https:\/\/esvlokschoeneweide.de\/tennis\/files\/2021\/04\/cranium-2028555_1280-181x300.png 181w, https:\/\/esvlokschoeneweide.de\/tennis\/files\/2021\/04\/cranium-2028555_1280-617x1024.png 617w, https:\/\/esvlokschoeneweide.de\/tennis\/files\/2021\/04\/cranium-2028555_1280-768x1275.png 768w\" sizes=\"auto, (max-width: 771px) 100vw, 771px\" \/><br>2. Jugendwart: <br>Juri Friedel<\/td><td><\/td><td>&#8211; Vertretung und Unterst\u00fctzung der Jugendwartin <\/td><\/tr><tr><td><img loading=\"lazy\" decoding=\"async\" width=\"866\" height=\"1260\" class=\"wp-image-4684\" style=\"width: 250px\" src=\"https:\/\/esvlokschoeneweide.de\/tennis\/files\/2023\/04\/Mueller-BB_4080.jpg\" alt=\"\" srcset=\"https:\/\/esvlokschoeneweide.de\/tennis\/files\/2023\/04\/Mueller-BB_4080.jpg 866w, https:\/\/esvlokschoeneweide.de\/tennis\/files\/2023\/04\/Mueller-BB_4080-206x300.jpg 206w, https:\/\/esvlokschoeneweide.de\/tennis\/files\/2023\/04\/Mueller-BB_4080-704x1024.jpg 704w, https:\/\/esvlokschoeneweide.de\/tennis\/files\/2023\/04\/Mueller-BB_4080-768x1117.jpg 768w\" sizes=\"auto, (max-width: 866px) 100vw, 866px\" \/><br>Pressewartin: <br>Constance M\u00fcller<\/td><td><\/td><td>&#8211; Verfassen von Artikeln f\u00fcr Print- und Online-Medien<br>&#8211; Schaukastengestaltung<br>&#8211; Entwerfen von internen Mitteilungsbl\u00e4ttern<br>&#8211; Gestaltung von Werbematerialien<br>&#8211; Sponsorengewinnung<br>&#8211; Betreuung der Abteilungshomepage, der Instagram- und Facebook-Seite sowie des Google-Auftritts<\/td><\/tr><\/tbody><\/table><\/figure>\n\n\n\n<div class=\"wp-block-columns is-layout-flex wp-container-core-columns-is-layout-9d6595d7 wp-block-columns-is-layout-flex\"><\/div>\n\n\n\n<div class=\"wp-block-group\"><div class=\"wp-block-group__inner-container is-layout-flow wp-block-group-is-layout-flow\"><\/div><\/div>\n\n\n\n<div class=\"wp-block-group\"><div class=\"wp-block-group__inner-container is-layout-flow wp-block-group-is-layout-flow\"><\/div><\/div>\n","protected":false},"excerpt":{"rendered":"<p>Abteilungsleiter: Kevin Hundt &#8211; Repr\u00e4sentation der Abteilung nach innen und au\u00dfen&#8211; Verbindung zum Vorstand des Gesamtvereins, DOSB, LSB, TVBB, DB AG, &#8211; VDES, Bezirksamt&#8211; strategische Entwicklung der Abteilung&#8211; Vertragsgestaltung mit [&hellip;]<\/p>\n","protected":false},"author":19,"featured_media":0,"parent":0,"menu_order":0,"comment_status":"closed","ping_status":"closed","template":"","meta":{"inline_featured_image":false,"ngg_post_thumbnail":0,"footnotes":"","_links_to":"","_links_to_target":""},"class_list":["post-2048","page","type-page","status-publish","hentry"],"_links":{"self":[{"href":"https:\/\/esvlokschoeneweide.de\/tennis\/wp-json\/wp\/v2\/pages\/2048","targetHints":{"allow":["GET"]}}],"collection":[{"href":"https:\/\/esvlokschoeneweide.de\/tennis\/wp-json\/wp\/v2\/pages"}],"about":[{"href":"https:\/\/esvlokschoeneweide.de\/tennis\/wp-json\/wp\/v2\/types\/page"}],"author":[{"embeddable":true,"href":"https:\/\/esvlokschoeneweide.de\/tennis\/wp-json\/wp\/v2\/users\/19"}],"replies":[{"embeddable":true,"href":"https:\/\/esvlokschoeneweide.de\/tennis\/wp-json\/wp\/v2\/comments?post=2048"}],"version-history":[{"count":77,"href":"https:\/\/esvlokschoeneweide.de\/tennis\/wp-json\/wp\/v2\/pages\/2048\/revisions"}],"predecessor-version":[{"id":4689,"href":"https:\/\/esvlokschoeneweide.de\/tennis\/wp-json\/wp\/v2\/pages\/2048\/revisions\/4689"}],"wp:attachment":[{"href":"https:\/\/esvlokschoeneweide.de\/tennis\/wp-json\/wp\/v2\/media?parent=2048"}],"curies":[{"name":"wp","href":"https:\/\/api.w.org\/{rel}","templated":true}]}}