{"id":2659,"date":"2020-05-20T12:10:45","date_gmt":"2020-05-20T10:10:45","guid":{"rendered":"http:\/\/esvlokschoeneweide.de\/tennis\/?page_id=2659"},"modified":"2021-07-12T14:42:34","modified_gmt":"2021-07-12T12:42:34","slug":"damen-prosecco-gruppe","status":"publish","type":"page","link":"https:\/\/esvlokschoeneweide.de\/tennis\/damen-prosecco-gruppe\/","title":{"rendered":"Damen-Prosecco-Gruppe"},"content":{"rendered":"\n<p>Jeden Dienstag treffen sich einige der Damen des ESV Lok Berlin-Sch\u00f6nweide e.V. zum Tennis und gem\u00fctlicher Plauderrunde auf unserer sch\u00f6nen Tennisanlage. Der Spa\u00df steht hier eindeutig im Vordergrund, denn neben lockerem Tennisspiel geht es auch um wichtige Frauenthemen: den neusten Klatsch und Tratsch, M\u00e4nnergeschichten und Rezeptetausch. Dabei wird &#8211; wie der Name schon sagt &#8211; Prosecco getrunken und auch mal das ein oder andere St\u00fcck Kuchen gegessen. Wem also vor allem das Miteinander wichtig ist, der ist in dieser Gruppe genau richtig und herzlich eingeladen!<\/p>\n\n\n\n<figure class=\"wp-block-gallery columns-1 is-cropped wp-block-gallery-1 is-layout-flex wp-block-gallery-is-layout-flex\"><ul class=\"blocks-gallery-grid\"><li class=\"blocks-gallery-item\"><figure><img loading=\"lazy\" decoding=\"async\" width=\"1024\" height=\"676\" src=\"https:\/\/esvlokschoeneweide.de\/tennis\/files\/2020\/05\/Prosecco-Gruppe-1024x676.jpg\" alt=\"\" data-id=\"2661\" data-full-url=\"https:\/\/esvlokschoeneweide.de\/tennis\/files\/2020\/05\/Prosecco-Gruppe-e1626093737183.jpg\" data-link=\"https:\/\/esvlokschoeneweide.de\/tennis\/damen-prosecco-gruppe\/prosecco-gruppe\/\" class=\"wp-image-2661\"\/><\/figure><\/li><\/ul><\/figure>\n\n\n\n\n<div class=\"wpcf7 no-js\" id=\"wpcf7-f2663-o1\" lang=\"de-DE\" dir=\"ltr\" data-wpcf7-id=\"2663\">\n<div class=\"screen-reader-response\"><p role=\"status\" aria-live=\"polite\" aria-atomic=\"true\"><\/p> <ul><\/ul><\/div>\n<form action=\"\/tennis\/wp-json\/wp\/v2\/pages\/2659#wpcf7-f2663-o1\" method=\"post\" class=\"wpcf7-form init\" aria-label=\"Kontaktformular\" novalidate=\"novalidate\" data-status=\"init\">\n<fieldset class=\"hidden-fields-container\"><input type=\"hidden\" name=\"_wpcf7\" value=\"2663\" \/><input type=\"hidden\" name=\"_wpcf7_version\" value=\"6.1.5\" \/><input type=\"hidden\" name=\"_wpcf7_locale\" value=\"de_DE\" \/><input type=\"hidden\" name=\"_wpcf7_unit_tag\" value=\"wpcf7-f2663-o1\" \/><input type=\"hidden\" name=\"_wpcf7_container_post\" value=\"0\" \/><input type=\"hidden\" name=\"_wpcf7_posted_data_hash\" value=\"\" \/><input type=\"hidden\" name=\"_wpcf7_recaptcha_response\" value=\"\" \/>\n<\/fieldset>\n<p><label> Dein Name (Pflichtfeld)<br \/>\n<span class=\"wpcf7-form-control-wrap\" data-name=\"your-name\"><input size=\"40\" maxlength=\"400\" class=\"wpcf7-form-control wpcf7-text wpcf7-validates-as-required\" aria-required=\"true\" aria-invalid=\"false\" value=\"\" type=\"text\" name=\"your-name\" \/><\/span> <\/label>\n<\/p>\n<p><label> Deine E-Mail-Adresse (Pflichtfeld)<br \/>\n<span class=\"wpcf7-form-control-wrap\" data-name=\"your-email\"><input size=\"40\" maxlength=\"400\" class=\"wpcf7-form-control wpcf7-email wpcf7-validates-as-required wpcf7-text wpcf7-validates-as-email\" aria-required=\"true\" aria-invalid=\"false\" value=\"\" type=\"email\" name=\"your-email\" \/><\/span> <\/label>\n<\/p>\n<p><label> Betreff<br \/>\n<span class=\"wpcf7-form-control-wrap\" data-name=\"your-subject\"><input size=\"40\" maxlength=\"400\" class=\"wpcf7-form-control wpcf7-text\" aria-invalid=\"false\" value=\"Interesse an der Damen-Prosecco-Gruppe\" type=\"text\" name=\"your-subject\" \/><\/span> <\/label>\n<\/p>\n<p><label> Deine Nachricht<br \/>\n<span class=\"wpcf7-form-control-wrap\" data-name=\"your-message\"><textarea cols=\"40\" rows=\"10\" maxlength=\"2000\" class=\"wpcf7-form-control wpcf7-textarea\" aria-invalid=\"false\" name=\"your-message\"><\/textarea><\/span> <\/label>\n<\/p>\n<p><input class=\"wpcf7-form-control wpcf7-submit has-spinner\" type=\"submit\" value=\"Senden\" \/>\n<\/p><div class=\"wpcf7-response-output\" aria-hidden=\"true\"><\/div>\n<\/form>\n<\/div>\n\n","protected":false},"excerpt":{"rendered":"<p>Jeden Dienstag treffen sich einige der Damen des ESV Lok Berlin-Sch\u00f6nweide e.V. zum Tennis und gem\u00fctlicher Plauderrunde auf unserer sch\u00f6nen Tennisanlage. Der Spa\u00df steht hier eindeutig im Vordergrund, denn neben [&hellip;]<\/p>\n","protected":false},"author":19,"featured_media":0,"parent":0,"menu_order":0,"comment_status":"closed","ping_status":"closed","template":"","meta":{"inline_featured_image":false,"ngg_post_thumbnail":0,"footnotes":"","_links_to":"","_links_to_target":""},"class_list":["post-2659","page","type-page","status-publish","hentry"],"_links":{"self":[{"href":"https:\/\/esvlokschoeneweide.de\/tennis\/wp-json\/wp\/v2\/pages\/2659","targetHints":{"allow":["GET"]}}],"collection":[{"href":"https:\/\/esvlokschoeneweide.de\/tennis\/wp-json\/wp\/v2\/pages"}],"about":[{"href":"https:\/\/esvlokschoeneweide.de\/tennis\/wp-json\/wp\/v2\/types\/page"}],"author":[{"embeddable":true,"href":"https:\/\/esvlokschoeneweide.de\/tennis\/wp-json\/wp\/v2\/users\/19"}],"replies":[{"embeddable":true,"href":"https:\/\/esvlokschoeneweide.de\/tennis\/wp-json\/wp\/v2\/comments?post=2659"}],"version-history":[{"count":4,"href":"https:\/\/esvlokschoeneweide.de\/tennis\/wp-json\/wp\/v2\/pages\/2659\/revisions"}],"predecessor-version":[{"id":3114,"href":"https:\/\/esvlokschoeneweide.de\/tennis\/wp-json\/wp\/v2\/pages\/2659\/revisions\/3114"}],"wp:attachment":[{"href":"https:\/\/esvlokschoeneweide.de\/tennis\/wp-json\/wp\/v2\/media?parent=2659"}],"curies":[{"name":"wp","href":"https:\/\/api.w.org\/{rel}","templated":true}]}}