{"id":3544,"date":"2022-05-06T10:09:11","date_gmt":"2022-05-06T08:09:11","guid":{"rendered":"https:\/\/esvlokschoeneweide.de\/tennis\/?page_id=3544"},"modified":"2026-03-24T13:32:46","modified_gmt":"2026-03-24T12:32:46","slug":"https-esvlokschoeneweide-de-tennis-altersklassen-herren-60","status":"publish","type":"page","link":"https:\/\/esvlokschoeneweide.de\/tennis\/altersklassen\/https-esvlokschoeneweide-de-tennis-altersklassen-herren-60\/","title":{"rendered":"Herren 60"},"content":{"rendered":"\n<p class=\"has-medium-font-size\"><strong>Punktspieltermine \/ &#8211; ergebnisse<\/strong><\/p>\n\n\n\n<p class=\"has-medium-font-size\"><strong>Bezirksoberliga I Gruppe A<\/strong><\/p>\n\n\n\n<figure class=\"wp-block-table\"><table class=\"has-fixed-layout\"><tbody><tr><td>Datum<\/td><td>Uhrzeit<\/td><td>Heim<\/td><td><\/td><td>Gast<\/td><td>Punkte<\/td><\/tr><tr><td>31.05.2026<\/td><td>14:30<\/td><td>ESV Lok Sch\u00f6neweide<\/td><td>gegen<\/td><td>TC Schwarz-Gold Berlin<\/td><td><\/td><\/tr><tr><td>07.06.2026<\/td><td>14:30<\/td><td>ESV Lok Sch\u00f6neweide<\/td><td>gegen<\/td><td>PTC &#8218;Rot-Wei\u00df&#8216; Potsdam II<\/td><td><\/td><\/tr><tr><td>28.06.2026<\/td><td>10:00<\/td><td>TV Bettina-von-Arnim e.V.<\/td><td>gegen<\/td><td>ESV Lok Sch\u00f6neweide<\/td><td><\/td><\/tr><tr><td>05.07.2026<\/td><td>14:30<\/td><td>Olympischer Sport-Club II<\/td><td>gegen<\/td><td>ESV Lok Sch\u00f6neweide<\/td><td><\/td><\/tr><\/tbody><\/table><\/figure>\n\n\n\n<p><\/p>\n\n\n\n<h2 class=\"wp-block-heading\"><strong>Punktspieltermine\/-ergebnisse 2025 &#8211;<\/strong><br><strong>Bezirksklasse I Gruppe B <\/strong><\/h2>\n\n\n\n<figure class=\"wp-block-table\"><table><tbody><tr><td>Datum<\/td><td>Uhrzeit<\/td><td>Heim<\/td><td><\/td><td>Gast<\/td><td><\/td><\/tr><tr><td>11.05.2025<\/td><td>14:00<\/td><td>ESV Lok<\/td><td>gegen<\/td><td>TC Gr\u00fcn-Wei\u00df Rahnsdorf<\/td><td>5:1<\/td><\/tr><tr><td>18.05.2025<\/td><td>14:00<\/td><td>Tennis-Verein TeBe<\/td><td>gegen<\/td><td>ESV Lok<\/td><td>1:5<\/td><\/tr><tr><td>29.06.2025<\/td><td>14:00<\/td><td>ESV Lok<\/td><td>gegen<\/td><td>Neuruppiner TC Gr\u00fcn-Wei\u00df<\/td><td>1:5<\/td><\/tr><tr><td>20.07.2025<\/td><td>14:00<\/td><td>ESV Lok <\/td><td>gegen<\/td><td>STC Hakenfelde 75<\/td><td>2:4<\/td><\/tr><\/tbody><\/table><\/figure>\n\n\n\n<h2 class=\"wp-block-heading\"><\/h2>\n\n\n\n<p>Details zu den Verbandsspielen findet ihr auf der Seite des <a href=\"https:\/\/tvbb.liga.nu\/cgi-bin\/WebObjects\/nuLigaTENDE.woa\/wa\/clubMeetings?club=36296\" data-type=\"URL\" data-id=\"https:\/\/tvbb.liga.nu\/cgi-bin\/WebObjects\/nuLigaTENDE.woa\/wa\/clubMeetings?club=36296\" target=\"_blank\" rel=\"noreferrer noopener\">TVBB<\/a>.<\/p>\n","protected":false},"excerpt":{"rendered":"<p>Punktspieltermine \/ &#8211; ergebnisse Bezirksoberliga I Gruppe A Datum Uhrzeit Heim Gast Punkte 31.05.2026 14:30 ESV Lok Sch\u00f6neweide gegen TC Schwarz-Gold Berlin 07.06.2026 14:30 ESV Lok Sch\u00f6neweide gegen PTC &#8218;Rot-Wei\u00df&#8216; [&hellip;]<\/p>\n","protected":false},"author":9,"featured_media":0,"parent":70,"menu_order":6,"comment_status":"closed","ping_status":"closed","template":"","meta":{"inline_featured_image":false,"ngg_post_thumbnail":0,"footnotes":"","_links_to":"","_links_to_target":""},"class_list":["post-3544","page","type-page","status-publish","hentry"],"_links":{"self":[{"href":"https:\/\/esvlokschoeneweide.de\/tennis\/wp-json\/wp\/v2\/pages\/3544","targetHints":{"allow":["GET"]}}],"collection":[{"href":"https:\/\/esvlokschoeneweide.de\/tennis\/wp-json\/wp\/v2\/pages"}],"about":[{"href":"https:\/\/esvlokschoeneweide.de\/tennis\/wp-json\/wp\/v2\/types\/page"}],"author":[{"embeddable":true,"href":"https:\/\/esvlokschoeneweide.de\/tennis\/wp-json\/wp\/v2\/users\/9"}],"replies":[{"embeddable":true,"href":"https:\/\/esvlokschoeneweide.de\/tennis\/wp-json\/wp\/v2\/comments?post=3544"}],"version-history":[{"count":18,"href":"https:\/\/esvlokschoeneweide.de\/tennis\/wp-json\/wp\/v2\/pages\/3544\/revisions"}],"predecessor-version":[{"id":4865,"href":"https:\/\/esvlokschoeneweide.de\/tennis\/wp-json\/wp\/v2\/pages\/3544\/revisions\/4865"}],"up":[{"embeddable":true,"href":"https:\/\/esvlokschoeneweide.de\/tennis\/wp-json\/wp\/v2\/pages\/70"}],"wp:attachment":[{"href":"https:\/\/esvlokschoeneweide.de\/tennis\/wp-json\/wp\/v2\/media?parent=3544"}],"curies":[{"name":"wp","href":"https:\/\/api.w.org\/{rel}","templated":true}]}}