{"id":3804,"date":"2023-03-29T13:13:26","date_gmt":"2023-03-29T11:13:26","guid":{"rendered":"https:\/\/esvlokschoeneweide.de\/tennis\/?page_id=3804"},"modified":"2026-03-24T13:29:47","modified_gmt":"2026-03-24T12:29:47","slug":"herren-70","status":"publish","type":"page","link":"https:\/\/esvlokschoeneweide.de\/tennis\/herren-70\/","title":{"rendered":"Herren 70"},"content":{"rendered":"\n<p class=\"has-medium-font-size\"><strong>Punktspieltermine \/ &#8211; ergebnisse<\/strong><\/p>\n\n\n\n<p class=\"has-medium-font-size\"><strong>Bezirksoberliga I Gruppe B<\/strong><\/p>\n\n\n\n<figure class=\"wp-block-table\"><table class=\"has-fixed-layout\"><tbody><tr><td>Datum<\/td><td>Uhrzeit<\/td><td>Heim<\/td><td><\/td><td>Gast<\/td><td>Punkte<\/td><\/tr><tr><td>07.05.2026<\/td><td>10:00<\/td><td>TC RW Gro\u00dfbeeren <\/td><td>gegen<\/td><td>ESV Lok Sch\u00f6neweide<\/td><td><\/td><\/tr><tr><td>21.05.2026<\/td><td>10:00<\/td><td>ESV Lok Sch\u00f6neweide<\/td><td>gegen<\/td><td>PSB24- Charlottenburg<\/td><td><\/td><\/tr><tr><td>28.05.2026<\/td><td>10:00<\/td><td>Herzberger TC Gr\u00fcn-Wei\u00df<\/td><td>gegen<\/td><td>ESV Lok Sch\u00f6neweide<\/td><td><\/td><\/tr><tr><td>11.06.2026<\/td><td>10:00<\/td><td>ESV Lok Sch\u00f6neweide<\/td><td>gegen<\/td><td>TC Hohengatow<\/td><td><\/td><\/tr><tr><td>25.06.2026<\/td><td>10:00<\/td><td>TSG Fredersdorf-Vogelsdorf<\/td><td>gegen<\/td><td>ESV Lok Sch\u00f6neweide<\/td><td><\/td><\/tr><tr><td>02.07.2026<\/td><td>10:00<\/td><td>ESV Lok Sch\u00f6neweide<\/td><td>gegen<\/td><td>TC Blau-Gold Wuhlheide<\/td><td><\/td><\/tr><\/tbody><\/table><\/figure>\n\n\n\n<p><\/p>\n\n\n\n<h2 class=\"wp-block-heading\">Punktspieltermine\/ -ergebnisse 2025 &#8211;<br>BEZIRKSOBERLIGA I Gruppe A<\/h2>\n\n\n\n<figure class=\"wp-block-table\"><table><tbody><tr><td>Datum<\/td><td>Uhrzeit<\/td><td>Heim<\/td><td><\/td><td>Gast<\/td><td><\/td><\/tr><tr><td>15.05.2025<\/td><td>10:00<\/td><td>ESV Lok<\/td><td>gegen<\/td><td>Herzberger TC Gr\u00fcn-Wei\u00df<\/td><td>2:4<\/td><\/tr><tr><td>22.05.2025<\/td><td>10:00<\/td><td>Steglitzer TK 1913 II<\/td><td>gegen<\/td><td>ESV Lok<\/td><td>4:2<\/td><\/tr><tr><td>05.06.2025<\/td><td>10:00<\/td><td>TC Blau-Wei\u00df Britz<\/td><td>gegen<\/td><td>ESV Lok<\/td><td>4:2<\/td><\/tr><tr><td>26.06.2025<\/td><td>10:00<\/td><td>Berliner Hockey-Club<\/td><td>gegen<\/td><td>ESV Lok<\/td><td>3:3<\/td><\/tr><tr><td>10.07.2025<\/td><td>10:00<\/td><td>ESV Lok<\/td><td>gegen<\/td><td>VfL 1891 Tegel<\/td><td>6:0<\/td><\/tr><\/tbody><\/table><\/figure>\n\n\n\n<h2 class=\"wp-block-heading\"><\/h2>\n\n\n\n<p>Details zu den Verbandsspielen findet ihr auf der Seite des <a rel=\"noreferrer noopener\" href=\"https:\/\/tvbb.liga.nu\/cgi-bin\/WebObjects\/nuLigaTENDE.woa\/wa\/clubMeetings?club=36296\" target=\"_blank\">TVBB<\/a>.<\/p>\n","protected":false},"excerpt":{"rendered":"<p>Punktspieltermine \/ &#8211; ergebnisse Bezirksoberliga I Gruppe B Datum Uhrzeit Heim Gast Punkte 07.05.2026 10:00 TC RW Gro\u00dfbeeren gegen ESV Lok Sch\u00f6neweide 21.05.2026 10:00 ESV Lok Sch\u00f6neweide gegen PSB24- Charlottenburg [&hellip;]<\/p>\n","protected":false},"author":19,"featured_media":0,"parent":0,"menu_order":0,"comment_status":"closed","ping_status":"closed","template":"","meta":{"inline_featured_image":false,"ngg_post_thumbnail":0,"footnotes":"","_links_to":"","_links_to_target":""},"class_list":["post-3804","page","type-page","status-publish","hentry"],"_links":{"self":[{"href":"https:\/\/esvlokschoeneweide.de\/tennis\/wp-json\/wp\/v2\/pages\/3804","targetHints":{"allow":["GET"]}}],"collection":[{"href":"https:\/\/esvlokschoeneweide.de\/tennis\/wp-json\/wp\/v2\/pages"}],"about":[{"href":"https:\/\/esvlokschoeneweide.de\/tennis\/wp-json\/wp\/v2\/types\/page"}],"author":[{"embeddable":true,"href":"https:\/\/esvlokschoeneweide.de\/tennis\/wp-json\/wp\/v2\/users\/19"}],"replies":[{"embeddable":true,"href":"https:\/\/esvlokschoeneweide.de\/tennis\/wp-json\/wp\/v2\/comments?post=3804"}],"version-history":[{"count":9,"href":"https:\/\/esvlokschoeneweide.de\/tennis\/wp-json\/wp\/v2\/pages\/3804\/revisions"}],"predecessor-version":[{"id":4863,"href":"https:\/\/esvlokschoeneweide.de\/tennis\/wp-json\/wp\/v2\/pages\/3804\/revisions\/4863"}],"wp:attachment":[{"href":"https:\/\/esvlokschoeneweide.de\/tennis\/wp-json\/wp\/v2\/media?parent=3804"}],"curies":[{"name":"wp","href":"https:\/\/api.w.org\/{rel}","templated":true}]}}