{"id":4030,"date":"2024-04-18T09:04:41","date_gmt":"2024-04-18T07:04:41","guid":{"rendered":"https:\/\/esvlokschoeneweide.de\/tennis\/?page_id=4030"},"modified":"2026-03-24T13:34:55","modified_gmt":"2026-03-24T12:34:55","slug":"herren","status":"publish","type":"page","link":"https:\/\/esvlokschoeneweide.de\/tennis\/herren\/","title":{"rendered":"Herren"},"content":{"rendered":"\n<p class=\"has-medium-font-size\"><strong>Punktspieltermine \/ &#8211; ergebnisse 2026<\/strong><\/p>\n\n\n\n<p class=\"has-medium-font-size\"><strong>Bezirksklasse I Gruppe A<\/strong><\/p>\n\n\n\n<figure class=\"wp-block-table\"><table class=\"has-fixed-layout\"><tbody><tr><td>Datum<\/td><td>Uhrzeit<\/td><td>Heim<\/td><td><\/td><td>Gast<\/td><td>Punkte<\/td><\/tr><tr><td>10.05.2026<\/td><td>9:00<\/td><td>TC Gr\u00fcn-G. Wilhelmshorst<\/td><td>gegen<\/td><td>ESV Lok Sch\u00f6neweide<\/td><td><\/td><\/tr><tr><td>31.05.2026<\/td><td>9:00 <\/td><td>ESV Lok Sch\u00f6neweide<\/td><td>gegen<\/td><td>TC RW Gro\u00dfbeeren II<\/td><td><\/td><\/tr><tr><td>07.06.2026<\/td><td>9:00<\/td><td>ESV Lok Sch\u00f6neweide<\/td><td>gegen<\/td><td>F\u00fcchse Berlin Reinickendorf e.V. IV<\/td><td><\/td><\/tr><tr><td>28.06.2026<\/td><td>9:00<\/td><td>TC GW 90 Bad Freienwalde<\/td><td>gegen<\/td><td>ESV Lok Sch\u00f6neweide<\/td><td><\/td><\/tr><\/tbody><\/table><\/figure>\n\n\n\n<p><\/p>\n\n\n\n<p><\/p>\n\n\n\n<h2 class=\"wp-block-heading\"><strong>Punktspieltermine\/ -ergebnisse 2025 <\/strong>&#8211; <\/h2>\n\n\n\n<p><strong>Bezirksliga II Gruppe D<\/strong><\/p>\n\n\n\n<figure class=\"wp-block-table\"><table class=\"has-fixed-layout\"><tbody><tr><td>Datum<\/td><td>Uhrzeit<\/td><td>Heim<\/td><td><\/td><td>Gast<\/td><td>Punkte<\/td><\/tr><tr><td>11.05.2025<\/td><td>9:00<\/td><td>TC Oranienburg<\/td><td>gegen<\/td><td>ESV Lok<\/td><td>5:4<\/td><\/tr><tr><td>18.05.2025<\/td><td>9:00<\/td><td>ESV Lok<\/td><td>gegen<\/td><td>Rot-Wei\u00df Seeburg<\/td><td>7:2<\/td><\/tr><tr><td>15.06.2025<\/td><td>10:00<\/td><td>ESV Lok<\/td><td>gegen<\/td><td>SC Siemensstadt<\/td><td>9:0<\/td><\/tr><tr><td>19.07.2025<\/td><td>9:00<\/td><td>Tennisclub rbb<\/td><td>gegen<\/td><td>ESV Lok<\/td><td>4:5<\/td><\/tr><tr><td>06.07.2025<\/td><td>9:00<\/td><td>ESV Lok<\/td><td>gegen<\/td><td>Turngemeinde Berlin<\/td><td>7:2<\/td><\/tr><\/tbody><\/table><\/figure>\n\n\n\n<p><br><\/p>\n","protected":false},"excerpt":{"rendered":"<p>Punktspieltermine \/ &#8211; ergebnisse 2026 Bezirksklasse I Gruppe A Datum Uhrzeit Heim Gast Punkte 10.05.2026 9:00 TC Gr\u00fcn-G. Wilhelmshorst gegen ESV Lok Sch\u00f6neweide 31.05.2026 9:00 ESV Lok Sch\u00f6neweide gegen TC [&hellip;]<\/p>\n","protected":false},"author":19,"featured_media":0,"parent":0,"menu_order":0,"comment_status":"closed","ping_status":"closed","template":"","meta":{"inline_featured_image":false,"ngg_post_thumbnail":0,"footnotes":"","_links_to":"","_links_to_target":""},"class_list":["post-4030","page","type-page","status-publish","hentry"],"_links":{"self":[{"href":"https:\/\/esvlokschoeneweide.de\/tennis\/wp-json\/wp\/v2\/pages\/4030","targetHints":{"allow":["GET"]}}],"collection":[{"href":"https:\/\/esvlokschoeneweide.de\/tennis\/wp-json\/wp\/v2\/pages"}],"about":[{"href":"https:\/\/esvlokschoeneweide.de\/tennis\/wp-json\/wp\/v2\/types\/page"}],"author":[{"embeddable":true,"href":"https:\/\/esvlokschoeneweide.de\/tennis\/wp-json\/wp\/v2\/users\/19"}],"replies":[{"embeddable":true,"href":"https:\/\/esvlokschoeneweide.de\/tennis\/wp-json\/wp\/v2\/comments?post=4030"}],"version-history":[{"count":15,"href":"https:\/\/esvlokschoeneweide.de\/tennis\/wp-json\/wp\/v2\/pages\/4030\/revisions"}],"predecessor-version":[{"id":4868,"href":"https:\/\/esvlokschoeneweide.de\/tennis\/wp-json\/wp\/v2\/pages\/4030\/revisions\/4868"}],"wp:attachment":[{"href":"https:\/\/esvlokschoeneweide.de\/tennis\/wp-json\/wp\/v2\/media?parent=4030"}],"curies":[{"name":"wp","href":"https:\/\/api.w.org\/{rel}","templated":true}]}}