{"id":70,"date":"2012-03-23T20:58:18","date_gmt":"2012-03-23T19:58:18","guid":{"rendered":"http:\/\/esvlokschoeneweide.de\/tennis\/?page_id=70"},"modified":"2022-05-06T09:51:14","modified_gmt":"2022-05-06T07:51:14","slug":"altersklassen","status":"publish","type":"page","link":"https:\/\/esvlokschoeneweide.de\/tennis\/altersklassen\/","title":{"rendered":"Altersklassen"},"content":{"rendered":"\n<p>In unserem Verein spielen Menschen aller Altersklassen und Spielst\u00e4rken. Reine Freizeitspieler\/-innen, die sich nur mal mit Freunden treffen oder am Training teilnehmen wollen sind bei uns genauso gern gesehen wie leistungsorientierte Spieler\/ -innen, die sich auch gern mal im Wettkampf messen m\u00f6chten.<\/p>\n\n\n\n<p>F\u00fcr die Sommersaison 2022 haben wir sechs Mannschaften gemeldet:<\/p>\n\n\n\n<p>Damen 30 (4er), Herren 30, Herren 40, Herren 50 (4er), Herren 60 und Herren 65.<\/p>\n\n\n\n<p>Dar\u00fcber hinaus nimmt auch dieses Jahr wieder ein gemischtes Team aus Damen und Herren an der Mixed-Ferienrunde des TVBB im Juli\/August teil.<\/p>\n\n\n\n<p>Wir hoffen, dass wir m\u00f6glichst schnell auch wieder Mannschaften im Jugendbereich melden k\u00f6nnen.<\/p>\n\n\n\n<p>Wir freuen uns \u00fcber jede Verst\u00e4rkung, ganz gleich welcher Spielst\u00e4rke! Bei Interesse&nbsp;kontaktiere uns einfach&nbsp;\u00fcber das <a href=\"http:\/\/esvlokschoeneweide.de\/tennis\/kontakt\/\">Kontaktformular<\/a> und&nbsp;vereinbare einen Termin zum Kennenlernen!&nbsp;Bis dahin, Spiel, Satz und Sieg&#8230; ESV Lok Berlin-Sch\u00f6neweide!<\/p>\n","protected":false},"excerpt":{"rendered":"<p>In unserem Verein spielen Menschen aller Altersklassen und Spielst\u00e4rken. Reine Freizeitspieler\/-innen, die sich nur mal mit Freunden treffen oder am Training teilnehmen wollen sind bei uns genauso gern gesehen wie [&hellip;]<\/p>\n","protected":false},"author":9,"featured_media":0,"parent":0,"menu_order":0,"comment_status":"closed","ping_status":"closed","template":"","meta":{"inline_featured_image":false,"ngg_post_thumbnail":0,"footnotes":"","_links_to":"","_links_to_target":""},"class_list":["post-70","page","type-page","status-publish","hentry"],"_links":{"self":[{"href":"https:\/\/esvlokschoeneweide.de\/tennis\/wp-json\/wp\/v2\/pages\/70","targetHints":{"allow":["GET"]}}],"collection":[{"href":"https:\/\/esvlokschoeneweide.de\/tennis\/wp-json\/wp\/v2\/pages"}],"about":[{"href":"https:\/\/esvlokschoeneweide.de\/tennis\/wp-json\/wp\/v2\/types\/page"}],"author":[{"embeddable":true,"href":"https:\/\/esvlokschoeneweide.de\/tennis\/wp-json\/wp\/v2\/users\/9"}],"replies":[{"embeddable":true,"href":"https:\/\/esvlokschoeneweide.de\/tennis\/wp-json\/wp\/v2\/comments?post=70"}],"version-history":[{"count":19,"href":"https:\/\/esvlokschoeneweide.de\/tennis\/wp-json\/wp\/v2\/pages\/70\/revisions"}],"predecessor-version":[{"id":3542,"href":"https:\/\/esvlokschoeneweide.de\/tennis\/wp-json\/wp\/v2\/pages\/70\/revisions\/3542"}],"wp:attachment":[{"href":"https:\/\/esvlokschoeneweide.de\/tennis\/wp-json\/wp\/v2\/media?parent=70"}],"curies":[{"name":"wp","href":"https:\/\/api.w.org\/{rel}","templated":true}]}}