{"id":75,"date":"2012-03-23T20:59:42","date_gmt":"2012-03-23T19:59:42","guid":{"rendered":"http:\/\/esvlokschoeneweide.de\/tennis\/?page_id=75"},"modified":"2026-04-12T16:10:14","modified_gmt":"2026-04-12T14:10:14","slug":"damen","status":"publish","type":"page","link":"https:\/\/esvlokschoeneweide.de\/tennis\/altersklassen\/damen\/","title":{"rendered":"Damen 30"},"content":{"rendered":"\n<p class=\"has-medium-font-size\"><strong>Punktspieltermine\/- ergebnisse 2026<\/strong><\/p>\n\n\n\n<p class=\"has-medium-font-size\"><strong>Bezirksoberliga I Gruppe A<\/strong><\/p>\n\n\n\n<figure class=\"wp-block-table\"><table class=\"has-fixed-layout\"><tbody><tr><td>Datum<\/td><td>Uhrzeit<\/td><td>Heim<\/td><td><\/td><td>Gast<\/td><td>Punkte<\/td><\/tr><tr><td>02.05.2026<\/td><td>14:00<\/td><td>Tennis-Club Henningsdorf<\/td><td>gegen<\/td><td>ESV Lok Sch\u00f6neweide<\/td><td><\/td><\/tr><tr><td>09.05.2026<\/td><td>14:00<\/td><td>ESV Lok<\/td><td>gegen<\/td><td>BFC Alemannia 1890 e.V. II<\/td><td><\/td><\/tr><tr><td>16.5.2026<\/td><td>14:00<\/td><td>BSC Eintracht\/S\u00fcdring<\/td><td>gegen<\/td><td>ESV Lok Sch\u00f6neweide<\/td><td><\/td><\/tr><tr><td>06.06.2026<\/td><td>14:00<\/td><td>ESV Lok<\/td><td>gegen<\/td><td>TC Berlin-Wei\u00dfensee<\/td><td><\/td><\/tr><tr><td>20.06.2026<\/td><td>14:00<\/td><td>SV Berliner B\u00e4ren III<\/td><td>gegen<\/td><td>ESV Lok Sch\u00f6neweide<\/td><td><\/td><\/tr><tr><td>04.07.2026<\/td><td>14:00<\/td><td>ESV Lok Sch\u00f6neweide<\/td><td>gegen<\/td><td>TC Longline-Wedding II<\/td><td><\/td><\/tr><\/tbody><\/table><\/figure>\n\n\n\n<h2 class=\"wp-block-heading\" id=\"block-924007cd-e000-47f9-9771-ad4b301a6534\"><strong>Punktspieltermine\/ -ergebnisse 2025 &#8211;<\/strong><br><strong>BEZIRKSKLASSE I Gruppe B<\/strong><\/h2>\n\n\n\n<figure class=\"wp-block-table\"><table><tbody><tr><td>Datum<\/td><td>Uhrzeit<\/td><td>Heim<\/td><td><\/td><td>Gast<\/td><td><\/td><\/tr><tr><td>10.05.2025<\/td><td>12:00<\/td><td>SG Sch\u00f6neweide\/Johannisthal<\/td><td>gegen<\/td><td>Tennis-Club Henningsdorf<\/td><td>6:3<\/td><\/tr><tr><td>24.05.2025<\/td><td>12:00<\/td><td>SG Sch\u00f6neweide\/Johannisthal<\/td><td>gegen<\/td><td>Sportfreunde Kladow<\/td><td>1:8<\/td><\/tr><tr><td>28.06.2025<\/td><td>14:00<\/td><td>TC OW Friedrichshagen<\/td><td>gegen<\/td><td>SG Sch\u00f6neweide\/Johannisthal<\/td><td>3:6<\/td><\/tr><tr><td>05.07.2025<\/td><td>14:00<\/td><td>BTC WISTA<\/td><td>gegen<\/td><td>SG Sch\u00f6neweide\/Johannisthal<\/td><td>5:4<\/td><\/tr><\/tbody><\/table><\/figure>\n\n\n\n<h2 class=\"wp-block-heading\"><\/h2>\n\n\n\n<p>Details zu den Verbandsspielen findet ihr auf der Seite des <a href=\"https:\/\/tvbb.liga.nu\/cgi-bin\/WebObjects\/nuLigaTENDE.woa\/wa\/clubMeetings?club=36296\" target=\"_blank\" rel=\"noreferrer noopener\">TVBB<\/a>.<\/p>\n\n\n\n<p>Unsere Damen sind ein bunt gemischter Haufen aller Altersklassen und Spielst\u00e4rken. Wir konnten uns in den letzten Jahren verst\u00e4rkt \u00fcber junge Damen im Studentinnenalter freuen. Viele spielen zum ersten Mal, sind aber hochmotiviert ihr K\u00f6nnen zu verbessern und nehmen deshalb regelm\u00e4\u00dfig am Trainingsbetrieb und unseren internen Turnieren teil. Die Damen treffen sich auch au\u00dferhalb der Tennisanlage und verbringen gemeinsam einen Teil ihrer Freizeit &#8211; ob beim gemeinsamen Kaffeeklatsch oder sportlich beim Stand-Up-Paddling. Nat\u00fcrlich gibt es auch Damen bei uns, die den Sport bereits seit einigen Jahren betreiben. Wir freuen uns sehr, dass wir viele unserer Spielerinnen f\u00fcr die Punktspiele begeistern und f\u00fcr die Sommersaison 2022 seit langem wieder eine Damenmannschaft \u00dc 30 melden konnten. Dabei werden unsere Damen 30 in einem 4er Team antreten. Einige unserer j\u00fcngeren Damen werden diese Saison als Gastspielerinnen bei anderen Vereinen spielen. Interessierte Damen sind bei uns jederzeit willkommen!<\/p>\n\n\n<div class=\"wp-block-image\">\n<figure class=\"aligncenter size-large\"><a href=\"https:\/\/esvlokschoeneweide.de\/tennis\/files\/2023\/07\/IMG-20220528-WA0017-e1690548771812.jpg\"><img loading=\"lazy\" decoding=\"async\" width=\"1024\" height=\"768\" src=\"https:\/\/esvlokschoeneweide.de\/tennis\/files\/2023\/07\/IMG-20220528-WA0017-1024x768.jpg\" alt=\"\" class=\"wp-image-3880\" \/><\/a><\/figure>\n<\/div>","protected":false},"excerpt":{"rendered":"<p>Punktspieltermine\/- ergebnisse 2026 Bezirksoberliga I Gruppe A Datum Uhrzeit Heim Gast Punkte 02.05.2026 14:00 Tennis-Club Henningsdorf gegen ESV Lok Sch\u00f6neweide 09.05.2026 14:00 ESV Lok gegen BFC Alemannia 1890 e.V. II [&hellip;]<\/p>\n","protected":false},"author":9,"featured_media":0,"parent":70,"menu_order":1,"comment_status":"closed","ping_status":"closed","template":"","meta":{"inline_featured_image":false,"ngg_post_thumbnail":0,"footnotes":"","_links_to":"","_links_to_target":""},"class_list":["post-75","page","type-page","status-publish","hentry"],"_links":{"self":[{"href":"https:\/\/esvlokschoeneweide.de\/tennis\/wp-json\/wp\/v2\/pages\/75","targetHints":{"allow":["GET"]}}],"collection":[{"href":"https:\/\/esvlokschoeneweide.de\/tennis\/wp-json\/wp\/v2\/pages"}],"about":[{"href":"https:\/\/esvlokschoeneweide.de\/tennis\/wp-json\/wp\/v2\/types\/page"}],"author":[{"embeddable":true,"href":"https:\/\/esvlokschoeneweide.de\/tennis\/wp-json\/wp\/v2\/users\/9"}],"replies":[{"embeddable":true,"href":"https:\/\/esvlokschoeneweide.de\/tennis\/wp-json\/wp\/v2\/comments?post=75"}],"version-history":[{"count":48,"href":"https:\/\/esvlokschoeneweide.de\/tennis\/wp-json\/wp\/v2\/pages\/75\/revisions"}],"predecessor-version":[{"id":4873,"href":"https:\/\/esvlokschoeneweide.de\/tennis\/wp-json\/wp\/v2\/pages\/75\/revisions\/4873"}],"up":[{"embeddable":true,"href":"https:\/\/esvlokschoeneweide.de\/tennis\/wp-json\/wp\/v2\/pages\/70"}],"wp:attachment":[{"href":"https:\/\/esvlokschoeneweide.de\/tennis\/wp-json\/wp\/v2\/media?parent=75"}],"curies":[{"name":"wp","href":"https:\/\/api.w.org\/{rel}","templated":true}]}}