{"id":91,"date":"2012-03-23T21:07:44","date_gmt":"2012-03-23T20:07:44","guid":{"rendered":"http:\/\/esvlokschoeneweide.de\/tennis\/?page_id=91"},"modified":"2016-07-12T10:06:03","modified_gmt":"2016-07-12T08:06:03","slug":"wissenswertes","status":"publish","type":"page","link":"https:\/\/esvlokschoeneweide.de\/tennis\/wissenswertes\/","title":{"rendered":"Mitgliedschaft"},"content":{"rendered":"<p style=\"text-align: justify;\">Werde Mitglied in unserem Verein!<\/p>\n<p style=\"text-align: justify;\">Eine Mitgliedschaft in unserem Verein erm\u00f6glicht die uneingeschr\u00e4nkte Nutzung unserer Tennispl\u00e4tze inkl. Flutlichtanlage. Ihr k\u00f6nnt euch mit anderen Mitgliedern verabreden und ein paar B\u00e4lle spielen oder gezielt am <a href=\"http:\/\/esvlokschoeneweide.de\/tennis\/training\/\">Training<\/a> teilnehmen, wenn ihr euer Spiel verbessern wollt. Dar\u00fcber hinaus erm\u00f6glicht eine Mitgliedschaft\u00a0 die Teilnahme an den Mannschaftswettbewerben des TVBB und den unseren Vereinsturnieren\/ Klubmeisterschaften. Wir bieten M\u00f6glichkeiten f\u00fcr Anf\u00e4nger sowie Fortgeschrittene &#8211; der Spa\u00df steht im Vordergrund.<\/p>\n<p style=\"text-align: justify;\">Dar\u00fcber hinaus legen wir gro\u00dfen Wert auf ein gem\u00fctliches Beisammensitzen nach einem erfolgreichen Trainings- oder Turniertag. Spontan wird abends der Grill angez\u00fcndet, um den Tag in geselliger Runde entspannt bei dem ein oder anderen Getr\u00e4nk ausklingen zu lassen.<\/p>\n<p style=\"text-align: justify;\">Auch im Winter kommt Tennis nicht zu kurz- neben unserem traditionellen Nachtturnier gibt es auch regelm\u00e4\u00dfig ein Tischtennis-Turnier und einen Bowlingabend.<\/p>\n<p style=\"text-align: justify;\">Komm vorbei oder informiere dich\u00a0auf den n\u00e4chsten Seiten \u00fcber unsere Angebote und Mitgliedsbeitr\u00e4ge.<\/p>\n","protected":false},"excerpt":{"rendered":"<p>Werde Mitglied in unserem Verein! Eine Mitgliedschaft in unserem Verein erm\u00f6glicht die uneingeschr\u00e4nkte Nutzung unserer Tennispl\u00e4tze inkl. Flutlichtanlage. Ihr k\u00f6nnt euch mit anderen Mitgliedern verabreden und ein paar B\u00e4lle spielen [&hellip;]<\/p>\n","protected":false},"author":9,"featured_media":0,"parent":0,"menu_order":0,"comment_status":"closed","ping_status":"closed","template":"","meta":{"inline_featured_image":false,"ngg_post_thumbnail":0,"footnotes":"","_links_to":"","_links_to_target":""},"class_list":["post-91","page","type-page","status-publish","hentry"],"_links":{"self":[{"href":"https:\/\/esvlokschoeneweide.de\/tennis\/wp-json\/wp\/v2\/pages\/91","targetHints":{"allow":["GET"]}}],"collection":[{"href":"https:\/\/esvlokschoeneweide.de\/tennis\/wp-json\/wp\/v2\/pages"}],"about":[{"href":"https:\/\/esvlokschoeneweide.de\/tennis\/wp-json\/wp\/v2\/types\/page"}],"author":[{"embeddable":true,"href":"https:\/\/esvlokschoeneweide.de\/tennis\/wp-json\/wp\/v2\/users\/9"}],"replies":[{"embeddable":true,"href":"https:\/\/esvlokschoeneweide.de\/tennis\/wp-json\/wp\/v2\/comments?post=91"}],"version-history":[{"count":31,"href":"https:\/\/esvlokschoeneweide.de\/tennis\/wp-json\/wp\/v2\/pages\/91\/revisions"}],"predecessor-version":[{"id":1746,"href":"https:\/\/esvlokschoeneweide.de\/tennis\/wp-json\/wp\/v2\/pages\/91\/revisions\/1746"}],"wp:attachment":[{"href":"https:\/\/esvlokschoeneweide.de\/tennis\/wp-json\/wp\/v2\/media?parent=91"}],"curies":[{"name":"wp","href":"https:\/\/api.w.org\/{rel}","templated":true}]}}