{"id":93,"date":"2012-03-23T21:08:24","date_gmt":"2012-03-23T20:08:24","guid":{"rendered":"http:\/\/esvlokschoeneweide.de\/tennis\/?page_id=93"},"modified":"2022-05-11T12:07:51","modified_gmt":"2022-05-11T10:07:51","slug":"mitgliedschaft","status":"publish","type":"page","link":"https:\/\/esvlokschoeneweide.de\/tennis\/wissenswertes\/mitgliedschaft\/","title":{"rendered":"Mitgliedschaft"},"content":{"rendered":"\n<p>Als Mitglied unseres Vereins kannst du regul\u00e4r unsere Tennispl\u00e4tze nutzen, an vereinsinternen Turnieren teilnehmen und in einer unserer Mannschaften die Punktspielsaison bestreiten.<\/p>\n\n\n\n<p>Es fallen daf\u00fcr folgende Kosten bei j\u00e4hrlicher Zahlungsweise zum 28.02. des laufenden Jahres an:<\/p>\n\n\n\n<div class=\"wp-block-group\"><div class=\"wp-block-group__inner-container is-layout-flow wp-block-group-is-layout-flow\">\n<figure class=\"wp-block-table is-style-stripes\"><table class=\"has-background\" style=\"background-color:#f3f4f5\"><thead><tr><th><\/th><th class=\"has-text-align-center\" data-align=\"center\">j\u00e4hrlich<br><br><\/th><th class=\"has-text-align-center\" data-align=\"center\">Arbeitsleistung<br>in Stunden<br><\/th><th class=\"has-text-align-center\" data-align=\"center\"> Befristung <br><br><\/th><th class=\"has-text-align-center\" data-align=\"center\"><br><br><\/th><\/tr><\/thead><tbody><tr><td>Erwachsene<\/td><td class=\"has-text-align-center\" data-align=\"center\"><strong>250\u20ac<\/strong><\/td><td class=\"has-text-align-center\" data-align=\"center\">6<\/td><td class=\"has-text-align-center\" data-align=\"center\"><\/td><td class=\"has-text-align-center\" data-align=\"center\"><\/td><\/tr><tr><td>Ehepaare\/ Lebenspaare (1)<\/td><td class=\"has-text-align-center\" data-align=\"center\"><strong>380\u20ac<\/strong><\/td><td class=\"has-text-align-center\" data-align=\"center\">12<\/td><td class=\"has-text-align-center\" data-align=\"center\"><\/td><td class=\"has-text-align-center\" data-align=\"center\"><\/td><\/tr><tr><td>Erm\u00e4\u00dfigte Erwachsene (Azubis, Studenten)<\/td><td class=\"has-text-align-center\" data-align=\"center\"><strong>170\u20ac<\/strong><\/td><td class=\"has-text-align-center\" data-align=\"center\">6<\/td><td class=\"has-text-align-center\" data-align=\"center\"><\/td><td class=\"has-text-align-center\" data-align=\"center\"><\/td><\/tr><tr><td>Zweit-Mitgliedschaft (2)<\/td><td class=\"has-text-align-center\" data-align=\"center\"><strong>150\u20ac<\/strong><\/td><td class=\"has-text-align-center\" data-align=\"center\">3<\/td><td class=\"has-text-align-center\" data-align=\"center\"> 2 Jahre <\/td><td class=\"has-text-align-center\" data-align=\"center\"><\/td><\/tr><tr><td>Junior\/-innen (14-18 Jahre)<\/td><td class=\"has-text-align-center\" data-align=\"center\"><strong>115\u20ac<\/strong><\/td><td class=\"has-text-align-center\" data-align=\"center\">0<\/td><td class=\"has-text-align-center\" data-align=\"center\"><\/td><td class=\"has-text-align-center\" data-align=\"center\"><\/td><\/tr><tr><td>Bambini (bis 13 Jahre)<\/td><td class=\"has-text-align-center\" data-align=\"center\"><strong>60\u20ac<\/strong><\/td><td class=\"has-text-align-center\" data-align=\"center\">0<\/td><td class=\"has-text-align-center\" data-align=\"center\"><\/td><td class=\"has-text-align-center\" data-align=\"center\"><\/td><\/tr><tr><td>Passives Mitglied (3)<\/td><td class=\"has-text-align-center\" data-align=\"center\"><strong>15\u20ac<\/strong><\/td><td class=\"has-text-align-center\" data-align=\"center\">0<\/td><td class=\"has-text-align-center\" data-align=\"center\"><\/td><td class=\"has-text-align-center\" data-align=\"center\"><\/td><\/tr><tr><td>Passive Ehepaare\/Lebenspaare (1)(3)<\/td><td class=\"has-text-align-center\" data-align=\"center\"><strong>20\u20ac<\/strong><\/td><td class=\"has-text-align-center\" data-align=\"center\">0<\/td><td class=\"has-text-align-center\" data-align=\"center\"><\/td><td class=\"has-text-align-center\" data-align=\"center\"><\/td><\/tr><\/tbody><\/table><\/figure>\n<\/div><\/div>\n\n\n\n<div style=\"height:38px\" aria-hidden=\"true\" class=\"wp-block-spacer\"><\/div>\n\n\n\n<p>(1) mit gleicher Wohnanschrift<br>(2) bei nachgewiesener Vollmitgliedschaft in einem anderen Verein<br>(3) nur f\u00fcr Eisenbahner<\/p>\n\n\n\n<h3 class=\"wp-block-heading\"><span style=\"color: #ff0000\"><strong>Eine Aufnahmegeb\u00fchr entf\u00e4llt!<\/strong><\/span><\/h3>\n\n\n\n<p>Wenn du dar\u00fcber hinaus im Sommer in einer unserer Trainingsgruppen  trainieren m\u00f6chtest, fallen zus\u00e4tzliche Geb\u00fchren an. Diese findest du unter <a title=\"Training\" rel=\"noopener noreferrer\" href=\"http:\/\/esvlokschoeneweide.de\/tennis\/training\/\" target=\"_blank\">Training<\/a><\/p>\n\n\n\n<p><span style=\"text-decoration: underline\">Kontoverbindung f\u00fcr Beitr\u00e4ge und Spenden<\/span>:<\/p>\n\n\n\n<p>ESV Lok Berlin-Sch\u00f6neweide e.V., Sparda-Bank Berlin, IBAN: DE25 1209 6597 0001 3033 84, BIC: GENODEF1S10<\/p>\n","protected":false},"excerpt":{"rendered":"<p>Als Mitglied unseres Vereins kannst du regul\u00e4r unsere Tennispl\u00e4tze nutzen, an vereinsinternen Turnieren teilnehmen und in einer unserer Mannschaften die Punktspielsaison bestreiten. Es fallen daf\u00fcr folgende Kosten bei j\u00e4hrlicher Zahlungsweise [&hellip;]<\/p>\n","protected":false},"author":9,"featured_media":0,"parent":91,"menu_order":1,"comment_status":"closed","ping_status":"closed","template":"","meta":{"inline_featured_image":false,"ngg_post_thumbnail":0,"footnotes":"","_links_to":"","_links_to_target":""},"class_list":["post-93","page","type-page","status-publish","hentry"],"_links":{"self":[{"href":"https:\/\/esvlokschoeneweide.de\/tennis\/wp-json\/wp\/v2\/pages\/93","targetHints":{"allow":["GET"]}}],"collection":[{"href":"https:\/\/esvlokschoeneweide.de\/tennis\/wp-json\/wp\/v2\/pages"}],"about":[{"href":"https:\/\/esvlokschoeneweide.de\/tennis\/wp-json\/wp\/v2\/types\/page"}],"author":[{"embeddable":true,"href":"https:\/\/esvlokschoeneweide.de\/tennis\/wp-json\/wp\/v2\/users\/9"}],"replies":[{"embeddable":true,"href":"https:\/\/esvlokschoeneweide.de\/tennis\/wp-json\/wp\/v2\/comments?post=93"}],"version-history":[{"count":48,"href":"https:\/\/esvlokschoeneweide.de\/tennis\/wp-json\/wp\/v2\/pages\/93\/revisions"}],"predecessor-version":[{"id":3563,"href":"https:\/\/esvlokschoeneweide.de\/tennis\/wp-json\/wp\/v2\/pages\/93\/revisions\/3563"}],"up":[{"embeddable":true,"href":"https:\/\/esvlokschoeneweide.de\/tennis\/wp-json\/wp\/v2\/pages\/91"}],"wp:attachment":[{"href":"https:\/\/esvlokschoeneweide.de\/tennis\/wp-json\/wp\/v2\/media?parent=93"}],"curies":[{"name":"wp","href":"https:\/\/api.w.org\/{rel}","templated":true}]}}