{"id":17,"date":"2012-05-29T14:04:19","date_gmt":"2012-05-29T12:04:19","guid":{"rendered":"http:\/\/esvlokschoeneweide.de\/tischtennis\/?page_id=17"},"modified":"2014-09-05T14:22:04","modified_gmt":"2014-09-05T12:22:04","slug":"tt","status":"publish","type":"page","link":"https:\/\/esvlokschoeneweide.de\/tischtennis\/tt\/","title":{"rendered":"TT"},"content":{"rendered":"<h2>TT-Regeln und zugelassene Materialien<\/h2>\n<p><a href=\"http:\/\/esvlokschoeneweide.de\/tischtennis\/files\/2012\/05\/tt200.png\"><img loading=\"lazy\" decoding=\"async\" src=\"http:\/\/esvlokschoeneweide.de\/tischtennis\/files\/2012\/05\/tt200.png\" alt=\"\" title=\"tt200\" width=\"200\" height=\"183\" align=\"right\" \/><\/a><\/p>\n<p>Die Tischtennisregeln findest Du \u00fcber die Homepage des Deutschen Tischtennis Bundes: <a href=\"http:\/\/www.tischtennis.de\" target=\"_blank\">http:\/\/www.tischtennis.de\/<\/a> (F\u00fcr Aktive &raquo; Regeln).<\/p>\n<p>\u00dcber die Seiten des DTTB kannst Du aber auch die erlaubten Tischtennis-Bel\u00e4ge, B\u00e4lle und Tische finden. Oder Du gehst direkt \u00fcber die Seiten des ITTF:  <a target=\"_blank\" href=\"http:\/\/www.ittf.com\/\">http:\/\/www.ittf.com\/<\/a> (Home &raquo; Equipment).<\/p>\n<p>Damit Du auch alles schnell findest, hier eine Liste mit direkten Links (keine Garantien, dass sie immer funktionieren &#8211; wer Fehler findet, kann uns \u00fcber die <a href=\"kontakt\/\">Kontakt-Seite<\/a> informieren):<\/p>\n<p>[blogroll-links categoryslug=&#8220;tt&#8220; sortby=&#8220;link_name&#8220; sortorder=&#8220;desc&#8220;]<\/p>\n<p>Weitere interessante Links findest Du unter <a href=\"links\/\">Spielbetrieb &raquo; Links<\/a>.<\/p>\n","protected":false},"excerpt":{"rendered":"<p>TT-Regeln und zugelassene Materialien Die Tischtennisregeln findest Du \u00fcber die Homepage des Deutschen Tischtennis Bundes: http:\/\/www.tischtennis.de\/ (F\u00fcr Aktive &raquo; Regeln). \u00dcber die Seiten des DTTB kannst Du aber auch die [&hellip;]<\/p>\n","protected":false},"author":18,"featured_media":0,"parent":0,"menu_order":30,"comment_status":"closed","ping_status":"open","template":"onecolumn-page.php","meta":{"inline_featured_image":false,"ngg_post_thumbnail":0,"footnotes":"","_links_to":"","_links_to_target":""},"class_list":["post-17","page","type-page","status-publish","hentry"],"_links":{"self":[{"href":"https:\/\/esvlokschoeneweide.de\/tischtennis\/wp-json\/wp\/v2\/pages\/17","targetHints":{"allow":["GET"]}}],"collection":[{"href":"https:\/\/esvlokschoeneweide.de\/tischtennis\/wp-json\/wp\/v2\/pages"}],"about":[{"href":"https:\/\/esvlokschoeneweide.de\/tischtennis\/wp-json\/wp\/v2\/types\/page"}],"author":[{"embeddable":true,"href":"https:\/\/esvlokschoeneweide.de\/tischtennis\/wp-json\/wp\/v2\/users\/18"}],"replies":[{"embeddable":true,"href":"https:\/\/esvlokschoeneweide.de\/tischtennis\/wp-json\/wp\/v2\/comments?post=17"}],"version-history":[{"count":11,"href":"https:\/\/esvlokschoeneweide.de\/tischtennis\/wp-json\/wp\/v2\/pages\/17\/revisions"}],"predecessor-version":[{"id":335,"href":"https:\/\/esvlokschoeneweide.de\/tischtennis\/wp-json\/wp\/v2\/pages\/17\/revisions\/335"}],"wp:attachment":[{"href":"https:\/\/esvlokschoeneweide.de\/tischtennis\/wp-json\/wp\/v2\/media?parent=17"}],"curies":[{"name":"wp","href":"https:\/\/api.w.org\/{rel}","templated":true}]}}