{"id":69,"date":"2012-05-29T15:18:11","date_gmt":"2012-05-29T13:18:11","guid":{"rendered":"http:\/\/esvlokschoeneweide.de\/tischtennis\/?page_id=69"},"modified":"2025-08-03T13:12:08","modified_gmt":"2025-08-03T11:12:08","slug":"mannschaften","status":"publish","type":"page","link":"https:\/\/esvlokschoeneweide.de\/tischtennis\/spielbetrieb\/mannschaften\/","title":{"rendered":"Mannschaften"},"content":{"rendered":"<table style=\"height: 888px\" width=\"645\">\n<caption>&nbsp;<\/caption>\n<tbody>\n<tr style=\"height: 47px\">\n<th style=\"height: 47px\">1. Mannschaft,1.Kreisklasse&nbsp; S\u00fcd-Ost&nbsp; &nbsp; &nbsp; &nbsp; &nbsp;&nbsp;<\/th>\n<th style=\"height: 47px\">2. Mannschaft,2. Kreisklasse&nbsp; S\u00fcd-Ost<\/th>\n<\/tr>\n<tr style=\"height: 127px\">\n<td style=\"height: 127px\">\n<ol>\n<li>Thorsten K.<\/li>\n<li>R\u00fcdiger B.<\/li>\n<li>Wolfgang W.<\/li>\n<li>Peter H.<\/li>\n<\/ol>\n<\/td>\n<td style=\"height: 127px\">\n<ol>\n<li>Bernhard<\/li>\n<li>Frank F.<\/li>\n<li>Jens U.<\/li>\n<li>Bj\u00f6rn H.<\/li>\n<\/ol>\n<\/td>\n<\/tr>\n<tr style=\"height: 47px\">\n<th style=\"height: 47px\">3. Mannschaft,3. Kreisklasse&nbsp; Ost<\/th>\n<th style=\"height: 47px\">&nbsp;<\/th>\n<\/tr>\n<tr style=\"height: 176px\">\n<td style=\"height: 176px\">\n<ol>\n<li>Peter K<\/li>\n<li>Monika K.<\/li>\n<li>Ralf T.<\/li>\n<li>Oleg K.<\/li>\n<li>Horst H.<\/li>\n<li>Peter S.<\/li>\n<li>Manfred A<\/li>\n<li>Jannik H.<\/li>\n<li>Huagan Liu<\/li>\n<\/ol>\n<p>&nbsp;<\/p>\n<p>&nbsp;<\/p>\n<p>&nbsp; &nbsp; &nbsp; &nbsp;<\/p>\n<p>&nbsp;<\/p>\n<p>&nbsp;<\/td>\n<td style=\"height: 176px\">&nbsp;<\/td>\n<\/tr>\n<\/tbody>\n<\/table>\n<table>\n<tbody>\n<tr>\n<td>&nbsp;<\/td>\n<td>&nbsp;<\/td>\n<\/tr>\n<tr>\n<td>&nbsp;<\/td>\n<td>&nbsp;<\/td>\n<\/tr>\n<\/tbody>\n<\/table>\n<p>&nbsp;<\/p>\n","protected":false},"excerpt":{"rendered":"<p>&nbsp; 1. Mannschaft,1.Kreisklasse&nbsp; S\u00fcd-Ost&nbsp; &nbsp; &nbsp; &nbsp; &nbsp;&nbsp; 2. Mannschaft,2. Kreisklasse&nbsp; S\u00fcd-Ost Thorsten K. R\u00fcdiger B. Wolfgang W. Peter H. Bernhard Frank F. Jens U. Bj\u00f6rn H. 3. Mannschaft,3. Kreisklasse&nbsp; [&hellip;]<\/p>\n","protected":false},"author":18,"featured_media":0,"parent":50,"menu_order":10,"comment_status":"closed","ping_status":"closed","template":"","meta":{"inline_featured_image":false,"ngg_post_thumbnail":0,"footnotes":"","_links_to":"","_links_to_target":""},"class_list":["post-69","page","type-page","status-publish","hentry"],"_links":{"self":[{"href":"https:\/\/esvlokschoeneweide.de\/tischtennis\/wp-json\/wp\/v2\/pages\/69","targetHints":{"allow":["GET"]}}],"collection":[{"href":"https:\/\/esvlokschoeneweide.de\/tischtennis\/wp-json\/wp\/v2\/pages"}],"about":[{"href":"https:\/\/esvlokschoeneweide.de\/tischtennis\/wp-json\/wp\/v2\/types\/page"}],"author":[{"embeddable":true,"href":"https:\/\/esvlokschoeneweide.de\/tischtennis\/wp-json\/wp\/v2\/users\/18"}],"replies":[{"embeddable":true,"href":"https:\/\/esvlokschoeneweide.de\/tischtennis\/wp-json\/wp\/v2\/comments?post=69"}],"version-history":[{"count":53,"href":"https:\/\/esvlokschoeneweide.de\/tischtennis\/wp-json\/wp\/v2\/pages\/69\/revisions"}],"predecessor-version":[{"id":1536,"href":"https:\/\/esvlokschoeneweide.de\/tischtennis\/wp-json\/wp\/v2\/pages\/69\/revisions\/1536"}],"up":[{"embeddable":true,"href":"https:\/\/esvlokschoeneweide.de\/tischtennis\/wp-json\/wp\/v2\/pages\/50"}],"wp:attachment":[{"href":"https:\/\/esvlokschoeneweide.de\/tischtennis\/wp-json\/wp\/v2\/media?parent=69"}],"curies":[{"name":"wp","href":"https:\/\/api.w.org\/{rel}","templated":true}]}}