{"id":782,"date":"2018-03-25T15:47:09","date_gmt":"2018-03-25T13:47:09","guid":{"rendered":"http:\/\/esvlokschoeneweide.de\/tischtennis\/?page_id=782"},"modified":"2025-05-09T09:41:16","modified_gmt":"2025-05-09T07:41:16","slug":"kontakt-2","status":"publish","type":"page","link":"https:\/\/esvlokschoeneweide.de\/tischtennis\/kontakt-2\/","title":{"rendered":"Kontakt"},"content":{"rendered":"<p>&nbsp;<\/p>\n<h2><strong>Schnupperkurse<\/strong><\/h2>\n<p>Jeden Mittwoch ab 17:30 Uhr findet in der Lok-Sporthalle Adlergestell 143 Tischtennis-Schnuppertraining f\u00fcr <span style=\"color: #ff0000\"><strong>Eisenbahnerinnen<\/strong><\/span> <strong><span style=\"color: #ff0000\">und Eisenbahner <\/span><\/strong>statt. Mindestalter ist 18 Jahre und bitte vorher telefonisch beim Abteilungsleiter Ralf Tege Tel.: +49 176 57916425 anmelden.<\/p>\n<p><strong><span style=\"color: #ff0000\">&nbsp;<\/span><\/strong><\/p>\n<p>Was ist mitzubringen?<\/p>\n<ul>\n<li>Hallenturnschuhe (helle Sohle, &#8222;non-marking&#8220;)<\/li>\n<li>kurzes T-Shirt\/Trikot und kurze Trainingshose &#8211; bitte <strong>kein wei\u00dfes<\/strong> T-Shirt\/Trikot (wegen des Ballkontrastes)<\/li>\n<li>Tischtennisschl\u00e4ger<\/li>\n<\/ul>\n<p>Duschm\u00f6glichkeiten samt Haarf\u00f6hn sind ebenso vorhanden wie Platten, Netzgarnituren und Trainingsb\u00e4lle.<\/p>\n<p>Schnuppertraining f\u00fcr Kinder ab 10 Jahre jeweils Mittwochs ab 16.00 Uhr in der Lok-Sporthalle Adlergestell 143. Bitte vorher telefonisch bei Hans J\u00f6rg Godenschweger Tel: 5356099 bzw. 015206533206 anmelden.<\/p>\n<p>Weitere Informationen:<\/p>\n<ul>\n<li>Im Sportb\u00fcro in der Sporthalle vor dem Werk Sch\u00f6neweide der S-Bahn Berlin GmbH, Adlergestell 143, 12439 Berlin (Mo 10.00 &#8211; 17.00 Uhr), Tel. 030-29727324<\/li>\n<\/ul>\n<p>&nbsp;<\/p>\n","protected":false},"excerpt":{"rendered":"<p>&nbsp; Schnupperkurse Jeden Mittwoch ab 17:30 Uhr findet in der Lok-Sporthalle Adlergestell 143 Tischtennis-Schnuppertraining f\u00fcr Eisenbahnerinnen und Eisenbahner statt. Mindestalter ist 18 Jahre und bitte vorher telefonisch beim Abteilungsleiter Ralf [&hellip;]<\/p>\n","protected":false},"author":28,"featured_media":0,"parent":0,"menu_order":65,"comment_status":"closed","ping_status":"closed","template":"feedback.php","meta":{"inline_featured_image":false,"ngg_post_thumbnail":0,"footnotes":"","_links_to":"","_links_to_target":""},"class_list":["post-782","page","type-page","status-publish","hentry"],"_links":{"self":[{"href":"https:\/\/esvlokschoeneweide.de\/tischtennis\/wp-json\/wp\/v2\/pages\/782","targetHints":{"allow":["GET"]}}],"collection":[{"href":"https:\/\/esvlokschoeneweide.de\/tischtennis\/wp-json\/wp\/v2\/pages"}],"about":[{"href":"https:\/\/esvlokschoeneweide.de\/tischtennis\/wp-json\/wp\/v2\/types\/page"}],"author":[{"embeddable":true,"href":"https:\/\/esvlokschoeneweide.de\/tischtennis\/wp-json\/wp\/v2\/users\/28"}],"replies":[{"embeddable":true,"href":"https:\/\/esvlokschoeneweide.de\/tischtennis\/wp-json\/wp\/v2\/comments?post=782"}],"version-history":[{"count":12,"href":"https:\/\/esvlokschoeneweide.de\/tischtennis\/wp-json\/wp\/v2\/pages\/782\/revisions"}],"predecessor-version":[{"id":1530,"href":"https:\/\/esvlokschoeneweide.de\/tischtennis\/wp-json\/wp\/v2\/pages\/782\/revisions\/1530"}],"wp:attachment":[{"href":"https:\/\/esvlokschoeneweide.de\/tischtennis\/wp-json\/wp\/v2\/media?parent=782"}],"curies":[{"name":"wp","href":"https:\/\/api.w.org\/{rel}","templated":true}]}}