{"id":28,"date":"2012-04-18T21:43:09","date_gmt":"2012-04-18T19:43:09","guid":{"rendered":"http:\/\/esvlokschoeneweide.de\/turnen\/?page_id=28"},"modified":"2026-04-01T18:27:43","modified_gmt":"2026-04-01T16:27:43","slug":"kleinkinderturnen","status":"publish","type":"page","link":"https:\/\/esvlokschoeneweide.de\/turnen\/training\/kleinkinderturnen\/","title":{"rendered":"Kleinkinderturnen"},"content":{"rendered":"<p>Bei uns im Kleinkinderturnen trainieren M\u00e4dchen und Jungen im Alter zwischen 1,5 und 4 Jahren in Begleitung eines Erwachsenen einmal in der Woche.<\/p>\n<p>Das Training findet dienstags zwischen 16:30 \u2013 17:45 Uhr in der Turnhalle Adlergestell 143, 12439 Berlin, vor der Hauptwerkstatt der S-Bahn statt.<\/p>\n<p>Was wollen und k\u00f6nnen wir durch unser Training erreichen:<\/p>\n<p>Kinder in dieser Altersgruppe entwickeln ihre F\u00e4higkeiten zeitlich sehr unterschiedlich. Sie sind noch nicht bereit spezielle turnerische Bewegungsabl\u00e4ufe nach Vorgaben zu lernen bzw. w\u00fcrden hierdurch in ihren F\u00e4higkeiten einseitig eingeschr\u00e4nkt. Daher gestalten wir unser Training so, dass die Kinder fantasievoll und experimentierend die Vielfalt der Bewegungsm\u00f6glichkeiten in unserer Turnhalle erfahren k\u00f6nnen. Wir betten das mit einem hohen Aufforderungscharakter gestaltete Bewegungsangebot, aus dem die Kinder frei w\u00e4hlen k\u00f6nnen, in einen verl\u00e4sslich strukturierten Ablauf ein. Im Fokus steht der Spa\u00df an der Bewegung unter Ber\u00fccksichtigung der f\u00fcr alle geltenden vereinbarten und geltenden Regeln.<\/p>\n<p>Ablauf einer Trainingseinheit:<\/p>\n<p>Jede unserer Trainingsstunden hat als roten Faden eine Bewegungsgeschichte, deren Thema nach dem Zusammentreffen in der Mitte unserer Turnhalle und der Begr\u00fc\u00dfung der Kinder bekannt gegeben wird. Das kann z. B. die Teilnahme an einer Winterolympiade oder eine Reise in die Berge sein. Entlang der Geschichte werden verschiedene Bewegungs- und Wahrnehmungsaufgaben gel\u00f6st, wie laufen, springen oder das Tempo der Musik aufnehmen. Im weiteren Verlauf werden gemeinsam Stationen aus B\u00e4nken, K\u00e4sten, Matten, Reck, etc. aufgebaut, an denen die Kinder klettern, schaukeln, balancieren, etc. k\u00f6nnen. Einige der Stunden beinhalten ballspielerische Elemente oder kreative Aufbauten, wie Murmelbahnen oder einen M\u00e4rchenwald aus klebenden (Malerkrepp-)f\u00e4den. Bevor gegen Ende alle gemeinsam die Stationen abbauen, spielen wir zusammen ein Spiel oder tun etwas f\u00fcr die K\u00f6rperwahrnehmung. Jede Stunde beenden wir mit einem Schlusskreis und einem kurzen Bewegungslied.<\/p>\n<p>Besondere Turnstunden, wie Faschingsturnen, Sommerabschlussturnen und Weihnachtsturnen, sowie die gemeinsame Teilnahme an unserem j\u00e4hrlichen f\u00fcr alle offenen Vereinssportfest bleiben allen kleinen Sportler\/innen und gro\u00dfen Begleiter\/innen in Erinnerung.<\/p>\n<p>Das Training wird von lizenzierten \u00dcbungsleiterinnen (DOSB C) angeleitet. Unsere \u00dcbungsleiterinnen nehmen regelm\u00e4\u00dfig an Weiterbildungen des BTFB teil.<\/p>\n<p>Der Mitgliedsbeitrag der Abteilung Turnen betr\u00e4gt 18,00 EUR pro Quartal.<\/p>\n<p>Neuaufnahmen in unsere Gruppe Kleinkinderturnen sind nur nach einem Probetraining m\u00f6glich.<\/p>\n<p>Die Vereinbarung eines Termins f\u00fcr ein Probetraining kann \u00fcber das Kontaktformular oben auf dieser Seite erfolgen. &#8211; Bitte geben Sie im dortigen Kontaktformular den Namen des Kindes, sein Geburtsdatum und optional an, ob ein Familienangeh\u00f6riger bei der Deutschen Bahn t\u00e4tig ist. &#8211; &nbsp;Wir bitten um Verst\u00e4ndnis, dass Probetrainings mit R\u00fccksicht auf die bestehende Gruppe nicht regelm\u00e4\u00dfig stattfinden k\u00f6nnen und nur dann von uns durchgef\u00fchrt werden, wenn Kapazit\u00e4ten f\u00fcr Neuaufnahmen bestehen.<\/p>\n","protected":false},"excerpt":{"rendered":"<p>Bei uns im Kleinkinderturnen trainieren M\u00e4dchen und Jungen im Alter zwischen 1,5 und 4 Jahren in Begleitung eines Erwachsenen einmal in der Woche. Das Training findet dienstags zwischen 16:30 \u2013 [&hellip;]<\/p>\n","protected":false},"author":5,"featured_media":0,"parent":17,"menu_order":0,"comment_status":"closed","ping_status":"closed","template":"","meta":{"inline_featured_image":false,"ngg_post_thumbnail":0,"footnotes":"","_links_to":"","_links_to_target":""},"class_list":["post-28","page","type-page","status-publish","hentry"],"_links":{"self":[{"href":"https:\/\/esvlokschoeneweide.de\/turnen\/wp-json\/wp\/v2\/pages\/28","targetHints":{"allow":["GET"]}}],"collection":[{"href":"https:\/\/esvlokschoeneweide.de\/turnen\/wp-json\/wp\/v2\/pages"}],"about":[{"href":"https:\/\/esvlokschoeneweide.de\/turnen\/wp-json\/wp\/v2\/types\/page"}],"author":[{"embeddable":true,"href":"https:\/\/esvlokschoeneweide.de\/turnen\/wp-json\/wp\/v2\/users\/5"}],"replies":[{"embeddable":true,"href":"https:\/\/esvlokschoeneweide.de\/turnen\/wp-json\/wp\/v2\/comments?post=28"}],"version-history":[{"count":30,"href":"https:\/\/esvlokschoeneweide.de\/turnen\/wp-json\/wp\/v2\/pages\/28\/revisions"}],"predecessor-version":[{"id":511,"href":"https:\/\/esvlokschoeneweide.de\/turnen\/wp-json\/wp\/v2\/pages\/28\/revisions\/511"}],"up":[{"embeddable":true,"href":"https:\/\/esvlokschoeneweide.de\/turnen\/wp-json\/wp\/v2\/pages\/17"}],"wp:attachment":[{"href":"https:\/\/esvlokschoeneweide.de\/turnen\/wp-json\/wp\/v2\/media?parent=28"}],"curies":[{"name":"wp","href":"https:\/\/api.w.org\/{rel}","templated":true}]}}