{"id":30,"date":"2012-04-18T21:44:08","date_gmt":"2012-04-18T20:44:08","guid":{"rendered":"http:\/\/esvlokschoeneweide.de\/turnen\/?page_id=30"},"modified":"2026-04-01T18:28:36","modified_gmt":"2026-04-01T16:28:36","slug":"kinderturnen","status":"publish","type":"page","link":"https:\/\/esvlokschoeneweide.de\/turnen\/training\/kinderturnen\/","title":{"rendered":"Kinderturnen"},"content":{"rendered":"<p>Bei uns im Kinderturnen (Ger\u00e4tturnen) trainieren M\u00e4dchen und Jungen im Alter zwischen 5 und 9 Jahren eine Stunde in der Woche.<\/p>\n<p>Das Training findet montags zwischen 17:00 &#8211; 18:00 Uhr in der Turnhalle Adlergestell 143, 12439 Berlin, vor der Hauptwerkstatt der S-Bahn statt.<\/p>\n<p>Was wollen und k\u00f6nnen wir durch unser Training erreichen:<\/p>\n<p>In dieser Gruppe liegt der Schwerpunkt auf dem altersgerechten Aufbau der Grundlagenfitness, der spielerischen Auseinandersetzung mit den verschiedenen Bewegungen, der Verbesserung der Koordination und der Schulung der K\u00f6rperwahrnehmung. Ca. die H\u00e4lfte der Kinder der Gruppe hat sich schon daf\u00fcr entschieden, die Elemente des Turnens erlernen zu wollen, die andere H\u00e4lfte probiert sich noch aus und entscheidet sich im Verlauf ggf. f\u00fcr andere Sportangebote. Um diesen Spagat leisten zu k\u00f6nnen, sind die Angebote einerseits unter Ber\u00fccksichtigung der altersgerechten Lernziele durch unterst\u00fctzende Aufbauten abwechslungsreich gestaltet und werden andererseits durch das wohlwollend und individuell f\u00f6rdernde Agieren der Trainerinnen an den Stationen unterst\u00fctzt. Ziel ist, dass jedes Kind aus jeder Stunde nach Konzentration und Anstrengung ein kleines Erfolgserlebnis mit nach Hause nimmt. Gleichzeitig wird sehr viel Wert auf das gemeinschaftliche und faire Verhalten in der Gruppe gelegt.<\/p>\n<p>Ablauf einer Trainingseinheit:<\/p>\n<p>Nach gemeinsamem Aufbau der Ger\u00e4testationen und der Begr\u00fc\u00dfung der Kinder startet das Training mit der Erw\u00e4rmung mit Lauf- und Sprungelementen in spielerischer Form, in der Kleinger\u00e4te, wie Bohnens\u00e4ckchen oder Teppichfliesen zum Einsatz kommen, so dass auch die Wahrnehmung geschult wird. Nach einer kleinen ebenfalls spielerisch verpackten Einheit zur Kr\u00e4ftigung der Muskulatur verteilen sich die Kinder an den Stationen und \u00fcben mit Unterst\u00fctzung der Trainerinnen. Dabei werden die Ziel\u00fcbungen, wie z.B. eine Rolle vorw\u00e4rts auf dem Bodenl\u00e4ufer, das Aufhocken auf den Kasten, das sichere Gehen auf dem Schwebebalken oder der Aufschwung am Reck in kleinste Bewegungseinheiten heruntergebrochen und diese dann in unterschiedlichen Schwierigkeitsstufen ge\u00fcbt, bis sie gut gelingen. Nach vielen Vor\u00fcbungen wird dann das zu erlernende Element zum ersten Mal geturnt und: Es klappt und alle strahlen! Am Ende der Stunde spielen wir ein Spiel.<\/p>\n<p>Besondere Turnstunden, wie Faschingsturnen, Sommerabschlussturnen und unser Weihnachtsturnen, sowie die gemeinsame Teilnahme an unserem j\u00e4hrlichen f\u00fcr alle offenen Vereinssportfest bleiben allen Turner\/innen in Erinnerung.<\/p>\n<p>Das Training wird von lizenzierten Trainerinnen (DOSB C) angeleitet. Unsere Trainerinnen nehmen regelm\u00e4\u00dfig an Weiterbildungen des BTFB teil.<\/p>\n<p>Der Mitgliedsbeitrag der Abteilung Turnen betr\u00e4gt 18,00 EUR pro Quartal.<\/p>\n<p>Neuaufnahmen in unsere Gruppe Kleinkinderturnen sind nur nach einem Probetraining m\u00f6glich.<\/p>\n<p>Die Vereinbarung eines Termins f\u00fcr ein Probetraining kann \u00fcber das Kontaktformular oben auf dieser Seite erfolgen. &#8211; Bitte geben Sie im dortigen Kontaktformular den Namen des Kindes, sein Geburtsdatum und optional an, ob ein Familienangeh\u00f6riger bei der Deutschen Bahn t\u00e4tig ist. &#8211; &nbsp;Wir bitten um Verst\u00e4ndnis, dass Probetrainings mit R\u00fccksicht auf die bestehende Gruppe nicht regelm\u00e4\u00dfig stattfinden k\u00f6nnen und nur dann von uns durchgef\u00fchrt werden, wenn Kapazit\u00e4ten f\u00fcr Neuaufnahmen bestehen.<\/p>\n<p>F\u00fcr die Kinder, die lieber Ballspielen als Turnen, k\u00f6nnen wir seit einigen Jahren die Kinderballsportgruppe der Abteilung Volleyball empfehlen. Dieses Training findet freitags zwischen 16:30 &#8211; 17:30 Uhr statt.<\/p>\n","protected":false},"excerpt":{"rendered":"<p>Bei uns im Kinderturnen (Ger\u00e4tturnen) trainieren M\u00e4dchen und Jungen im Alter zwischen 5 und 9 Jahren eine Stunde in der Woche. Das Training findet montags zwischen 17:00 &#8211; 18:00 Uhr [&hellip;]<\/p>\n","protected":false},"author":5,"featured_media":0,"parent":17,"menu_order":1,"comment_status":"closed","ping_status":"closed","template":"","meta":{"inline_featured_image":false,"ngg_post_thumbnail":0,"footnotes":"","_links_to":"","_links_to_target":""},"class_list":["post-30","page","type-page","status-publish","hentry"],"_links":{"self":[{"href":"https:\/\/esvlokschoeneweide.de\/turnen\/wp-json\/wp\/v2\/pages\/30","targetHints":{"allow":["GET"]}}],"collection":[{"href":"https:\/\/esvlokschoeneweide.de\/turnen\/wp-json\/wp\/v2\/pages"}],"about":[{"href":"https:\/\/esvlokschoeneweide.de\/turnen\/wp-json\/wp\/v2\/types\/page"}],"author":[{"embeddable":true,"href":"https:\/\/esvlokschoeneweide.de\/turnen\/wp-json\/wp\/v2\/users\/5"}],"replies":[{"embeddable":true,"href":"https:\/\/esvlokschoeneweide.de\/turnen\/wp-json\/wp\/v2\/comments?post=30"}],"version-history":[{"count":38,"href":"https:\/\/esvlokschoeneweide.de\/turnen\/wp-json\/wp\/v2\/pages\/30\/revisions"}],"predecessor-version":[{"id":512,"href":"https:\/\/esvlokschoeneweide.de\/turnen\/wp-json\/wp\/v2\/pages\/30\/revisions\/512"}],"up":[{"embeddable":true,"href":"https:\/\/esvlokschoeneweide.de\/turnen\/wp-json\/wp\/v2\/pages\/17"}],"wp:attachment":[{"href":"https:\/\/esvlokschoeneweide.de\/turnen\/wp-json\/wp\/v2\/media?parent=30"}],"curies":[{"name":"wp","href":"https:\/\/api.w.org\/{rel}","templated":true}]}}