{"id":66,"date":"2012-05-29T12:46:18","date_gmt":"2012-05-29T10:46:18","guid":{"rendered":"http:\/\/esvlokschoeneweide.de\/turnen\/kalender\/"},"modified":"2026-04-01T17:53:02","modified_gmt":"2026-04-01T15:53:02","slug":"aktuelles","status":"publish","type":"page","link":"https:\/\/esvlokschoeneweide.de\/turnen\/aktuelles\/","title":{"rendered":"Aktuelles"},"content":{"rendered":"\n<h2 class=\"wp-block-heading\">Vereinssportfest am 27.06.2026<\/h2>\n\n\n\n<p>Am 27. Juni 2026 wird unser f\u00fcr alle offenes Vereinsportfest auf dem <strong>ESV Lok Sportplatz<\/strong> am Adlergestell 105 (S-Bahnhof Johannisthal) stattfinden.<\/p>\n\n\n\n<p>Von <strong>14:00 &#8211; 17:00 Uhr <\/strong>k\u00f6nnen Kinder und Erwachsene an ca. 20 Stationen &#8211; u.a. an den folgenden:<\/p>\n\n\n\n<ul class=\"wp-block-list\">\n<li>20 m \/ 30 m \/ 50 m \/ 100 m Lauf<\/li>\n\n\n\n<li>Standweitsprung<\/li>\n\n\n\n<li>Schl\u00e4ngellauf<\/li>\n\n\n\n<li>Seilspringen<\/li>\n\n\n\n<li>Torwand<\/li>\n\n\n\n<li>Schlagball- bzw. Wurfball-Weitwurf<\/li>\n\n\n\n<li>400 m \/ 800 m Ausdauerlauf&nbsp;&nbsp;&nbsp;&nbsp;&nbsp;&nbsp;&nbsp;&nbsp;&nbsp;&nbsp;&nbsp;&nbsp;&nbsp;&nbsp;&nbsp;&nbsp;&nbsp;&nbsp;&nbsp;&nbsp;&nbsp;&nbsp;&nbsp;&nbsp;&nbsp;&nbsp; &nbsp;&nbsp;&nbsp;&nbsp;&nbsp;&nbsp;&nbsp;&nbsp;&nbsp;&nbsp;&nbsp;<\/li>\n<\/ul>\n\n\n\n<p>aktiv sein. <\/p>\n\n\n\n<p>F\u00fcr <strong>Teilnehmende ab 6 Jahren<\/strong> bietet sich die Gelegenheit, die <strong>Bedingungen des Sportabzeichens<\/strong> je nach Leistung in Bronze, Silber oder Gold abzulegen.<\/p>\n\n\n\n<p>Alle Kinder, die mindestens 6 Stationen absolviert haben, erhalten eine Medaille.<\/p>\n\n\n\n<p>Kommt einfach vorbei, meldet euch vor Ort an und macht mit!<\/p>\n\n\n\n<p>.<\/p>\n\n\n\n<h2 class=\"wp-block-heading\">Save the Date: Sommerabschlussturnen am 29.06.\/30.06.2026<\/h2>\n\n\n\n<p>Voraussichtlich am 29. Juni 2026 findet in den Gruppen &#8222;Kinderturnen&#8220; und &#8222;Jugendturnen&#8220; montags und am 30. Juni 2026 in der Gruppe &#8222;Kleinkinderturnen&#8220; dienstags unser diesj\u00e4hriges Sommerabschlussturnen f\u00fcr die Mitglieder der jeweiligen Gruppen der Abteilung Turnen des ESV Lok Berlin-Sch\u00f6neweide e.V. statt. Wir freuen uns auf euch und gehen dann in die Sommerferien!<\/p>\n\n\n\n<p>.<\/p>\n\n\n\n<h2 class=\"wp-block-heading\">Save the Date: Start der Trainings nach den Sommerferien am 24.08.\/25.08.2026<\/h2>\n\n\n\n<p>Wir starten voraussichtlich am 24. August 2026 in den Gruppen &#8222;Kinderturnen&#8220; und &#8222;Jugendturnen&#8220; montags und am 25. August 2026 in der Gruppe &#8222;Kleinkinderturnen&#8220; dienstags nach den Sommerferien f\u00fcr die Mitglieder der jeweiligen Gruppen der Abteilung Turnen des ESV Lok Berlin-Sch\u00f6neweide e.V. wieder mit den Training. Wir freuen uns auf euch!<\/p>\n\n\n\n<p>.<\/p>\n\n\n\n<h2 class=\"wp-block-heading\">&#8222;kinder Joy of Moving&#8220; &#8211; Tag des Kinderturnens am 15.11.2026<\/h2>\n\n\n\n<figure class=\"wp-block-image size-large\"><a href=\"https:\/\/esvlokschoeneweide.de\/turnen\/files\/2024\/10\/image.png\"><img loading=\"lazy\" decoding=\"async\" width=\"1024\" height=\"472\" src=\"https:\/\/esvlokschoeneweide.de\/turnen\/files\/2024\/10\/image-1024x472.png\" alt=\"\" class=\"wp-image-454\" srcset=\"https:\/\/esvlokschoeneweide.de\/turnen\/files\/2024\/10\/image-1024x472.png 1024w, https:\/\/esvlokschoeneweide.de\/turnen\/files\/2024\/10\/image-300x138.png 300w, https:\/\/esvlokschoeneweide.de\/turnen\/files\/2024\/10\/image-768x354.png 768w, https:\/\/esvlokschoeneweide.de\/turnen\/files\/2024\/10\/image-1536x707.png 1536w, https:\/\/esvlokschoeneweide.de\/turnen\/files\/2024\/10\/image-2048x943.png 2048w\" sizes=\"auto, (max-width: 1024px) 100vw, 1024px\" \/><\/a><\/figure>\n\n\n\n<p>Zum bundesweiten Tag des Kinderturnens l\u00e4dt der Deutsche Turner-Bund (DTB) in Kooperation mit der Bewegungsinitiative \u201ekinder Joy of Moving\u201c alle Kinder ein, in die Welt des Kinderturnens reinzuschnuppern.&nbsp;<strong>Am Sonntag, dem 15. November 2026&nbsp; erwartet die Familien von 10:30 Uhr &#8211; 12:30 Uhr in unserer Lok-Sporthalle \u2013 Adlergestell 143, 12439 Berlin \u2013 wieder ein erlebnisreiches Programm. <\/strong><\/p>\n\n\n\n<p>Seit gespannt auf unser diesj\u00e4hriges Motto zu dem wir f\u00fcr <strong>Kinder\u00a0zwischen ca. 3 &#8211; 8 Jahren<\/strong>\u00a0f\u00fcr euch ein abwechslungsreiches turnerisches Bewegungsangebot vorbereiten werden.<\/p>\n\n\n\n<p>Unter der Leitung der Abteilung Turnen freuen sich \u00dcbungsleiterinnen und \u00dcbungsleiter sehr auf viele bewegungsbegeisterte Familien aus allen Abteilungen unseres Vereins, unseren Kooperations-Kitas, Grundschulen, unseres Partners &#8211; der Deutschen Bahn, und dar\u00fcber hinaus!<\/p>\n\n\n\n<p>Bitte kommt in <strong>Sportkleidung\/bequemer Kleidung <\/strong>und bringt eure <strong>Hallenturnschuhe<\/strong> mit!<\/p>\n\n\n\n<p>Mit der Teilnahme stimmen die Teilnehmenden der Ver\u00f6ffentlichung von Fotos der Veranstaltung zu, auf denen auch die Teilnehmenden abgebildet sind. Die Fotos werden zur \u00d6ffentlichkeitsarbeit des Deutschen Turnerbundes und des ESV Lok Berlin-Sch\u00f6neweide e.V. verwendet.<\/p>\n\n\n\n<p>.<\/p>\n\n\n\n<h2 class=\"wp-block-heading\">Save the Date: Weihnachtsturnen am 14.12.\/15.12.2026<\/h2>\n\n\n\n<p>Voraussichtlich am 14. Dezember 2026 findet in den Gruppen &#8222;Kinderturnen&#8220; und &#8222;Jugendturnen&#8220; montags und am 15. Dezember 2026 in der Gruppe &#8222;Kleinkinderturnen&#8220; dienstags unser diesj\u00e4hriges Weihnachtsturnen f\u00fcr die Mitglieder der jeweiligen Gruppen der Abteilung Turnen des ESV Lok Berlin-Sch\u00f6neweide e.V. statt. Wir freuen uns auf euch und gehen dann in die Weihnachtsferien!<\/p>\n\n\n\n<p>.<\/p>\n","protected":false},"excerpt":{"rendered":"<p>Vereinssportfest am 27.06.2026 Am 27. Juni 2026 wird unser f\u00fcr alle offenes Vereinsportfest auf dem ESV Lok Sportplatz am Adlergestell 105 (S-Bahnhof Johannisthal) stattfinden. Von 14:00 &#8211; 17:00 Uhr k\u00f6nnen [&hellip;]<\/p>\n","protected":false},"author":1,"featured_media":0,"parent":0,"menu_order":3,"comment_status":"closed","ping_status":"closed","template":"","meta":{"inline_featured_image":false,"ngg_post_thumbnail":0,"footnotes":"","_links_to":"","_links_to_target":""},"class_list":["post-66","page","type-page","status-publish","hentry"],"_links":{"self":[{"href":"https:\/\/esvlokschoeneweide.de\/turnen\/wp-json\/wp\/v2\/pages\/66","targetHints":{"allow":["GET"]}}],"collection":[{"href":"https:\/\/esvlokschoeneweide.de\/turnen\/wp-json\/wp\/v2\/pages"}],"about":[{"href":"https:\/\/esvlokschoeneweide.de\/turnen\/wp-json\/wp\/v2\/types\/page"}],"author":[{"embeddable":true,"href":"https:\/\/esvlokschoeneweide.de\/turnen\/wp-json\/wp\/v2\/users\/1"}],"replies":[{"embeddable":true,"href":"https:\/\/esvlokschoeneweide.de\/turnen\/wp-json\/wp\/v2\/comments?post=66"}],"version-history":[{"count":49,"href":"https:\/\/esvlokschoeneweide.de\/turnen\/wp-json\/wp\/v2\/pages\/66\/revisions"}],"predecessor-version":[{"id":497,"href":"https:\/\/esvlokschoeneweide.de\/turnen\/wp-json\/wp\/v2\/pages\/66\/revisions\/497"}],"wp:attachment":[{"href":"https:\/\/esvlokschoeneweide.de\/turnen\/wp-json\/wp\/v2\/media?parent=66"}],"curies":[{"name":"wp","href":"https:\/\/api.w.org\/{rel}","templated":true}]}}