{"id":142,"date":"2014-06-25T19:36:02","date_gmt":"2014-06-25T17:36:02","guid":{"rendered":"http:\/\/esvlokschoeneweide.de\/volleyball\/?page_id=142"},"modified":"2020-09-05T15:31:46","modified_gmt":"2020-09-05T13:31:46","slug":"informationen","status":"publish","type":"page","link":"https:\/\/esvlokschoeneweide.de\/volleyball\/informationen\/","title":{"rendered":"\u00dcber uns"},"content":{"rendered":"<p>Wir suchen st\u00e4ndig neue Mitglieder. Wir nehmen regelm\u00e4\u00dfig an Turnieren teil und einige Volleyballer spielen j\u00e4hrlich bei Ran ans Netz mit. Wir suchen keine Spitzensportler aber Sportler mit Herz und Seele des weiterem sollte die Frau oder der Mann auch schon einmal Volleyball gespielt haben.<\/p>\n<p>Zum Training geh\u00f6ren:<br \/>\n\u25a0 Intensive Erw\u00e4rmung<br \/>\n\u25a0 Unteres und Oberes Zuspiel<br \/>\n\u25a0 Angriffsschl\u00e4ge<br \/>\n\u25a0 Abwehrverhalten<br \/>\n\u25a0 Aufstellung und Taktik<br \/>\n\u25a0 Viel Spa\u00df!!<\/p>\n<p>Unsere Trainingszeiten:<\/p>\n<p>Training am Montag<br \/>\n15:00 \u2013 17:00 Uhr<\/p>\n<p>Training am Donnerstag<br \/>\n19:00 \u2013 21:00 Uhr<\/p>\n<p>Trainingsort:<br \/>\n\u25a0 Sporthalle des ESV Lok Berlin-Sch\u00f6neweide \u2013 Adlergestell 143<\/p>\n<p>Ansprechpartner:<br \/>\n\u25a0 Christine K\u00fchr 0151-54203514<br \/>\n\u25a0 Peter Sch\u00f6n 0160-97429603<\/p>\n<p><a href=\"https:\/\/esvlokschoeneweide.de\/volleyball\/files\/2014\/06\/sport-908267__180.jpg\" rel=\"attachment wp-att-307\"><img loading=\"lazy\" decoding=\"async\" class=\"alignnone size-full wp-image-307\" src=\"https:\/\/esvlokschoeneweide.de\/volleyball\/files\/2014\/06\/sport-908267__180.jpg\" alt=\"sport-908267__180\" width=\"270\" height=\"180\"><\/a><\/p>\n","protected":false},"excerpt":{"rendered":"<p>Wir suchen st\u00e4ndig neue Mitglieder. Wir nehmen regelm\u00e4\u00dfig an Turnieren teil und einige Volleyballer spielen j\u00e4hrlich bei Ran ans Netz mit. Wir suchen keine Spitzensportler aber Sportler mit Herz und [&hellip;]<\/p>\n","protected":false},"author":10,"featured_media":0,"parent":0,"menu_order":0,"comment_status":"closed","ping_status":"open","template":"","meta":{"inline_featured_image":false,"ngg_post_thumbnail":0,"footnotes":"","_links_to":"","_links_to_target":""},"class_list":["post-142","page","type-page","status-publish","hentry"],"_links":{"self":[{"href":"https:\/\/esvlokschoeneweide.de\/volleyball\/wp-json\/wp\/v2\/pages\/142","targetHints":{"allow":["GET"]}}],"collection":[{"href":"https:\/\/esvlokschoeneweide.de\/volleyball\/wp-json\/wp\/v2\/pages"}],"about":[{"href":"https:\/\/esvlokschoeneweide.de\/volleyball\/wp-json\/wp\/v2\/types\/page"}],"author":[{"embeddable":true,"href":"https:\/\/esvlokschoeneweide.de\/volleyball\/wp-json\/wp\/v2\/users\/10"}],"replies":[{"embeddable":true,"href":"https:\/\/esvlokschoeneweide.de\/volleyball\/wp-json\/wp\/v2\/comments?post=142"}],"version-history":[{"count":10,"href":"https:\/\/esvlokschoeneweide.de\/volleyball\/wp-json\/wp\/v2\/pages\/142\/revisions"}],"predecessor-version":[{"id":380,"href":"https:\/\/esvlokschoeneweide.de\/volleyball\/wp-json\/wp\/v2\/pages\/142\/revisions\/380"}],"wp:attachment":[{"href":"https:\/\/esvlokschoeneweide.de\/volleyball\/wp-json\/wp\/v2\/media?parent=142"}],"curies":[{"name":"wp","href":"https:\/\/api.w.org\/{rel}","templated":true}]}}