{"id":266,"date":"2016-03-05T20:42:33","date_gmt":"2016-03-05T19:42:33","guid":{"rendered":"http:\/\/esvlokschoeneweide.de\/volleyball\/?page_id=266"},"modified":"2020-08-22T12:15:15","modified_gmt":"2020-08-22T10:15:15","slug":"mitgliedschaft","status":"publish","type":"page","link":"https:\/\/esvlokschoeneweide.de\/volleyball\/mitgliedschaft\/","title":{"rendered":"Mitgliedschaft"},"content":{"rendered":"<p style=\"line-height: 18.0pt\"><span style=\"font-family: 'Georgia','serif';color: #333333\">MITGLIEDSCHAFT:<\/span><\/p>\n<p style=\"line-height: 18.0pt\"><span style=\"font-family: 'Georgia','serif';color: #333333\"><br \/>\nAls Mitglied unserer Abteilung kannst du regul\u00e4r am Training und an Turnieren teilnehmen.<\/span><\/p>\n<p style=\"line-height: 18.0pt;text-align: start\"><span style=\"font-family: 'Georgia','serif';color: #333333\">Es fallen daf\u00fcr folgende Kosten bei j\u00e4hrlicher Zahlungsweise an:<\/span><\/p>\n<p style=\"line-height: 18.0pt;text-align: start\"><span style=\"font-family: 'Georgia','serif';color: #333333\">Erwachsene&nbsp; &nbsp; &nbsp; &nbsp; &nbsp; &nbsp; &nbsp; &nbsp; &nbsp; &nbsp; &nbsp; &nbsp; &nbsp; &nbsp; &nbsp; &nbsp; &nbsp; &nbsp; &nbsp; &nbsp; &nbsp; &nbsp; &nbsp; &nbsp; &nbsp; &nbsp; &nbsp; &nbsp; &nbsp; &nbsp; &nbsp; &nbsp;83,00 \u20ac<br \/>\nErm\u00e4\u00dfigte Erwachsene (Azubis, Studenten) &nbsp; &nbsp; 40,00 \u20ac<\/span><\/p>\n<p style=\"line-height: 18.0pt;text-align: start\"><span style=\"font-family: 'Georgia','serif';color: #333333\">Eine Aufnahmegeb\u00fchr entf\u00e4llt!<\/span><\/p>\n<p style=\"line-height: 18.0pt;text-align: start\"><span style=\"font-family: 'Georgia','serif';color: #333333\">Kontoverbindung f\u00fcr Beitr\u00e4ge und Spenden:<\/span><\/p>\n<pre style=\"line-height: 18.0pt;text-align: start\"><span style=\"font-family: Georgia, serif;color: #ff0000\">ESV Lok Sch\u00f6neweide e.V.<\/span>\n\n<span style=\"font-family: Georgia, serif;color: #ff0000\">Sparda-Bank Berlin<\/span>\n\n<span style=\"font-family: Georgia, serif;color: #ff0000\">IBAN: DE25 1209 6597 0001 3033 84<\/span>\n\n<span style=\"font-family: Georgia, serif;color: #ff0000\">BIC: GENODEF1S10<\/span><\/pre>\n<p style=\"line-height: 18.0pt;text-align: start\"><span style=\"font-family: 'Georgia','serif';color: #333333\">Verwendungszweck: Abteilung Volleyball + Name<\/span><\/p>\n<p style=\"line-height: 18.0pt;text-align: start\"><a href=\"https:\/\/esvlokschoeneweide.de\/volleyball\/files\/2014\/06\/volleyball-310281__180.png\" rel=\"attachment wp-att-311\"><img loading=\"lazy\" decoding=\"async\" class=\"alignnone size-full wp-image-311\" src=\"https:\/\/esvlokschoeneweide.de\/volleyball\/files\/2014\/06\/volleyball-310281__180.png\" alt=\"volleyball-310281__180\" width=\"259\" height=\"180\"><\/a><\/p>\n","protected":false},"excerpt":{"rendered":"<p>MITGLIEDSCHAFT: Als Mitglied unserer Abteilung kannst du regul\u00e4r am Training und an Turnieren teilnehmen. Es fallen daf\u00fcr folgende Kosten bei j\u00e4hrlicher Zahlungsweise an: Erwachsene&nbsp; &nbsp; &nbsp; &nbsp; &nbsp; &nbsp; &nbsp; [&hellip;]<\/p>\n","protected":false},"author":10,"featured_media":0,"parent":0,"menu_order":0,"comment_status":"closed","ping_status":"closed","template":"","meta":{"inline_featured_image":false,"ngg_post_thumbnail":0,"footnotes":"","_links_to":"","_links_to_target":""},"class_list":["post-266","page","type-page","status-publish","hentry"],"_links":{"self":[{"href":"https:\/\/esvlokschoeneweide.de\/volleyball\/wp-json\/wp\/v2\/pages\/266","targetHints":{"allow":["GET"]}}],"collection":[{"href":"https:\/\/esvlokschoeneweide.de\/volleyball\/wp-json\/wp\/v2\/pages"}],"about":[{"href":"https:\/\/esvlokschoeneweide.de\/volleyball\/wp-json\/wp\/v2\/types\/page"}],"author":[{"embeddable":true,"href":"https:\/\/esvlokschoeneweide.de\/volleyball\/wp-json\/wp\/v2\/users\/10"}],"replies":[{"embeddable":true,"href":"https:\/\/esvlokschoeneweide.de\/volleyball\/wp-json\/wp\/v2\/comments?post=266"}],"version-history":[{"count":7,"href":"https:\/\/esvlokschoeneweide.de\/volleyball\/wp-json\/wp\/v2\/pages\/266\/revisions"}],"predecessor-version":[{"id":377,"href":"https:\/\/esvlokschoeneweide.de\/volleyball\/wp-json\/wp\/v2\/pages\/266\/revisions\/377"}],"wp:attachment":[{"href":"https:\/\/esvlokschoeneweide.de\/volleyball\/wp-json\/wp\/v2\/media?parent=266"}],"curies":[{"name":"wp","href":"https:\/\/api.w.org\/{rel}","templated":true}]}}