{"id":146,"date":"2017-03-05T17:19:10","date_gmt":"2017-03-05T16:19:10","guid":{"rendered":"http:\/\/esvlokschoeneweide.de\/wandernbergsteigen\/?page_id=146"},"modified":"2017-03-05T19:16:27","modified_gmt":"2017-03-05T18:16:27","slug":"mitglied-werden","status":"publish","type":"page","link":"https:\/\/esvlokschoeneweide.de\/wandernbergsteigen\/mitglied-werden\/","title":{"rendered":"Mitglieder\/werden"},"content":{"rendered":"<pre><span style=\"font-size: 14pt\">Wir Bieten dir sehr gerne ein Schnupper Wochenende an, in diesem \r\nkannst du dich gerne pers\u00f6nlich von der wundersch\u00f6nen Natur \r\nund unserem sch\u00f6nen Programm \u00fcberzeugen. \r\nUm die Kosten der H\u00fctte  zu decken haben wir folgende Preise f\u00fcr\r\neine \u00dcbernachtung.\r\n<\/span><\/pre>\n<ul>\n<li>Mitglieder 4\u20ac<\/li>\n<li>Angeh\u00f6rige 5\u20ac<\/li>\n<li>ESV Mitglieder 6\u20ac<\/li>\n<li>G\u00e4ste 8,50\u20ac<\/li>\n<li>Kinder die H\u00e4lfte<\/li>\n<\/ul>\n<pre><span style=\"font-size: 14pt\">Hast du gefallen an unser H\u00fctte gefunden haben wir hier die\r\nMitgliedsbeitr\u00e4ge f\u00fcr dich.<\/span><\/pre>\n<ul>\n<li>Erwachsene 84\u20ac<\/li>\n<li>Jugend 72\u20ac<\/li>\n<li>Kinder 60\u20ac&nbsp;<\/li>\n<\/ul>\n<pre><span style=\"font-size: 14pt\">Hast&nbsp;du fragen kannst du dich gerne <a href=\"https:\/\/esvlokschoeneweide.de\/wandernbergsteigen\/kontakt\/\">HIER<\/a> Melden.<\/span><\/pre>\n","protected":false},"excerpt":{"rendered":"<p>Wir Bieten dir sehr gerne ein Schnupper Wochenende an, in diesem kannst du dich gerne pers\u00f6nlich von der wundersch\u00f6nen Natur und unserem sch\u00f6nen Programm \u00fcberzeugen. Um die Kosten der H\u00fctte [&hellip;]<\/p>\n","protected":false},"author":13,"featured_media":0,"parent":0,"menu_order":0,"comment_status":"closed","ping_status":"closed","template":"","meta":{"inline_featured_image":false,"ngg_post_thumbnail":0,"footnotes":"","_links_to":"","_links_to_target":""},"class_list":["post-146","page","type-page","status-publish","hentry"],"_links":{"self":[{"href":"https:\/\/esvlokschoeneweide.de\/wandernbergsteigen\/wp-json\/wp\/v2\/pages\/146","targetHints":{"allow":["GET"]}}],"collection":[{"href":"https:\/\/esvlokschoeneweide.de\/wandernbergsteigen\/wp-json\/wp\/v2\/pages"}],"about":[{"href":"https:\/\/esvlokschoeneweide.de\/wandernbergsteigen\/wp-json\/wp\/v2\/types\/page"}],"author":[{"embeddable":true,"href":"https:\/\/esvlokschoeneweide.de\/wandernbergsteigen\/wp-json\/wp\/v2\/users\/13"}],"replies":[{"embeddable":true,"href":"https:\/\/esvlokschoeneweide.de\/wandernbergsteigen\/wp-json\/wp\/v2\/comments?post=146"}],"version-history":[{"count":14,"href":"https:\/\/esvlokschoeneweide.de\/wandernbergsteigen\/wp-json\/wp\/v2\/pages\/146\/revisions"}],"predecessor-version":[{"id":200,"href":"https:\/\/esvlokschoeneweide.de\/wandernbergsteigen\/wp-json\/wp\/v2\/pages\/146\/revisions\/200"}],"wp:attachment":[{"href":"https:\/\/esvlokschoeneweide.de\/wandernbergsteigen\/wp-json\/wp\/v2\/media?parent=146"}],"curies":[{"name":"wp","href":"https:\/\/api.w.org\/{rel}","templated":true}]}}