{"id":82,"date":"2016-07-02T14:38:37","date_gmt":"2016-07-02T12:38:37","guid":{"rendered":"http:\/\/esvlokschoeneweide.de\/wasserball\/?page_id=82"},"modified":"2017-06-03T22:46:19","modified_gmt":"2017-06-03T20:46:19","slug":"ueber_uns","status":"publish","type":"page","link":"https:\/\/esvlokschoeneweide.de\/wasserball\/ueber_uns\/","title":{"rendered":"\u00fcber uns"},"content":{"rendered":"<p>Die Abteilung Schwimmen \/ Wasserball widmet sich dem Schwimm- und Wasserballsport.<\/p>\n<p>Gegenw\u00e4rtig sind wir 166 Mitglieder, darunter 59,02% Eisenbahner bzw. Eisenbahnerangeh\u00f6rige. Wir wollen vor allem den Eisenbahnern und ihren Partnern, Angeh\u00f6rigen und Kindern die M\u00f6glichkeiten schwimmsportlicher Bet\u00e4tigung bieten. Die Kinder sollen sich fr\u00fchzeitig an das Wasser gew\u00f6hnen und fr\u00fchestm\u00f6glich das Schwimmen zur eigenen Sicherheit und Freude erlernen.<\/p>\n<p>Die jugendlichen Schwimmer werden allm\u00e4hlich auch an interessante Wettk\u00e4mpfe herangef\u00fchrt.<\/p>\n<p>Erwachsene jeden Alters k\u00f6nnen als Breitensport mittwochs auf vier abgeteilten Bahnen schwimmen. Sie k\u00f6nnen bis zu vier mal kostenlos zur Probe schwimmen bzw. trainieren und entscheiden dann, ob sie bei uns eintreten wollen.<\/p>\n<p>Den Schwerpunkt der Vereinsarbeit bildet der Bereich Wasserball, denn die 1. Herrenmannschaft spielte viele Jahre in Berlins h\u00f6chster Klasse, der Verbandsliga. Diese Leistungsklasse erfordert st\u00e4ndigen Nachwuchs. Wir bem\u00fchen uns sehr, junge Schwimmer f\u00fcr diesen attraktiven Mannschaftssport zu gewinnen, zu begeistern und dauerhaft zu interessieren. Aber auch M\u00e4dchen und junge Frauen sind beim Wasserball willkommen. Voraussetzung ist, dass die Kinder mindestens 8 Jahre alt sind und schwimmen k\u00f6nnen.<\/p>\n<p>&nbsp;<\/p>\n<p>Da die zur Verf\u00fcgung stehenden Wasserfl\u00e4chen beschr\u00e4nkt sind, k\u00f6nnen wir zur Zeit die vereinsinterne Schwimmausbildung vorrangig nur f\u00fcr Kinder von Einsenbahnern und ihren Angeh\u00f6rigen durchf\u00fchren.<\/p>\n<p>Beim Wasserballsport freuen wir uns auf jeden Interessenten mit Schwimmkenntnissen.<\/p>\n","protected":false},"excerpt":{"rendered":"<p>Die Abteilung Schwimmen \/ Wasserball widmet sich dem Schwimm- und Wasserballsport. Gegenw\u00e4rtig sind wir 166 Mitglieder, darunter 59,02% Eisenbahner bzw. Eisenbahnerangeh\u00f6rige. Wir wollen vor allem den Eisenbahnern und ihren Partnern, [&hellip;]<\/p>\n","protected":false},"author":11,"featured_media":0,"parent":0,"menu_order":0,"comment_status":"closed","ping_status":"closed","template":"","meta":{"inline_featured_image":false,"ngg_post_thumbnail":0,"footnotes":"","_links_to":"","_links_to_target":""},"class_list":["post-82","page","type-page","status-publish","hentry"],"_links":{"self":[{"href":"https:\/\/esvlokschoeneweide.de\/wasserball\/wp-json\/wp\/v2\/pages\/82","targetHints":{"allow":["GET"]}}],"collection":[{"href":"https:\/\/esvlokschoeneweide.de\/wasserball\/wp-json\/wp\/v2\/pages"}],"about":[{"href":"https:\/\/esvlokschoeneweide.de\/wasserball\/wp-json\/wp\/v2\/types\/page"}],"author":[{"embeddable":true,"href":"https:\/\/esvlokschoeneweide.de\/wasserball\/wp-json\/wp\/v2\/users\/11"}],"replies":[{"embeddable":true,"href":"https:\/\/esvlokschoeneweide.de\/wasserball\/wp-json\/wp\/v2\/comments?post=82"}],"version-history":[{"count":11,"href":"https:\/\/esvlokschoeneweide.de\/wasserball\/wp-json\/wp\/v2\/pages\/82\/revisions"}],"predecessor-version":[{"id":144,"href":"https:\/\/esvlokschoeneweide.de\/wasserball\/wp-json\/wp\/v2\/pages\/82\/revisions\/144"}],"wp:attachment":[{"href":"https:\/\/esvlokschoeneweide.de\/wasserball\/wp-json\/wp\/v2\/media?parent=82"}],"curies":[{"name":"wp","href":"https:\/\/api.w.org\/{rel}","templated":true}]}}